{"id":7378,"date":"2025-07-14T05:09:48","date_gmt":"2025-07-14T08:09:48","guid":{"rendered":"https:\/\/ojoaosanti.com\/testes\/?page_id=7378"},"modified":"2025-07-14T06:12:11","modified_gmt":"2025-07-14T09:12:11","slug":"perguntas-frequentes","status":"publish","type":"page","link":"https:\/\/ojoaosanti.com\/testes\/perguntas-frequentes\/","title":{"rendered":"Perguntas Frequentes"},"content":{"rendered":"\t\t<div data-elementor-type=\"wp-page\" data-elementor-id=\"7378\" class=\"elementor elementor-7378\" data-elementor-post-type=\"page\">\n\t\t\t\t<div class=\"elementor-element elementor-element-93fa5fd e-flex e-con-boxed wpr-equal-height-no e-con e-parent\" data-id=\"93fa5fd\" data-element_type=\"container\" data-e-type=\"container\">\n\t\t\t\t\t<div class=\"e-con-inner\">\n\t\t\t\t<div class=\"elementor-element elementor-element-cbf3aa2 elementor-invisible elementor-widget elementor-widget-heading\" data-id=\"cbf3aa2\" data-element_type=\"widget\" data-e-type=\"widget\" data-settings=\"{&quot;_animation&quot;:&quot;fadeInUp&quot;}\" data-widget_type=\"heading.default\">\n\t\t\t\t<div class=\"elementor-widget-container\">\n\t\t\t\t\t<h2 class=\"elementor-heading-title elementor-size-default\">Tire suas D\u00favidas - Perguntas Frequentes<\/h2>\t\t\t\t<\/div>\n\t\t\t\t<\/div>\n\t\t\t\t<div class=\"elementor-element elementor-element-4d4ec9f elementor-widget elementor-widget-text-editor\" data-id=\"4d4ec9f\" data-element_type=\"widget\" data-e-type=\"widget\" data-widget_type=\"text-editor.default\">\n\t\t\t\t<div class=\"elementor-widget-container\">\n\t\t\t\t\t\t\t\t\t<p>Essa \u00e9 a p\u00e1gina de d\u00favidas frequentes, tire aqui suas d\u00favidas sobre a plataforma ClickProApp<\/p>\t\t\t\t\t\t\t\t<\/div>\n\t\t\t\t<\/div>\n\t\t<div class=\"elementor-element elementor-element-4be11e2 e-grid e-con-boxed wpr-equal-height-no e-con e-child\" data-id=\"4be11e2\" data-element_type=\"container\" data-e-type=\"container\">\n\t\t\t\t\t<div class=\"e-con-inner\">\n\t\t\t\t<div class=\"elementor-element elementor-element-3564a96 elementor-invisible elementor-widget elementor-widget-toggle\" data-id=\"3564a96\" data-element_type=\"widget\" data-e-type=\"widget\" data-settings=\"{&quot;_animation&quot;:&quot;fadeInUp&quot;}\" data-widget_type=\"toggle.default\">\n\t\t\t\t<div class=\"elementor-widget-container\">\n\t\t\t\t\t\t\t<div class=\"elementor-toggle\">\n\t\t\t\t\t\t\t<div class=\"elementor-toggle-item\">\n\t\t\t\t\t<div id=\"elementor-tab-title-5591\" class=\"elementor-tab-title\" data-tab=\"1\" role=\"button\" aria-controls=\"elementor-tab-content-5591\" aria-expanded=\"false\">\n\t\t\t\t\t\t\t\t\t\t\t\t<span class=\"elementor-toggle-icon elementor-toggle-icon-right\" aria-hidden=\"true\">\n\t\t\t\t\t\t\t\t\t\t\t\t\t\t\t<span class=\"elementor-toggle-icon-closed\"><svg class=\"e-font-icon-svg e-fas-plus\" viewBox=\"0 0 448 512\" xmlns=\"http:\/\/www.w3.org\/2000\/svg\"><path d=\"M416 208H272V64c0-17.67-14.33-32-32-32h-32c-17.67 0-32 14.33-32 32v144H32c-17.67 0-32 14.33-32 32v32c0 17.67 14.33 32 32 32h144v144c0 17.67 14.33 32 32 32h32c17.67 0 32-14.33 32-32V304h144c17.67 0 32-14.33 32-32v-32c0-17.67-14.33-32-32-32z\"><\/path><\/svg><\/span>\n\t\t\t\t\t\t\t\t<span class=\"elementor-toggle-icon-opened\"><svg class=\"elementor-toggle-icon-opened e-font-icon-svg e-fas-minus\" viewBox=\"0 0 448 512\" xmlns=\"http:\/\/www.w3.org\/2000\/svg\"><path d=\"M416 208H32c-17.67 0-32 14.33-32 32v32c0 17.67 14.33 32 32 32h384c17.67 0 32-14.33 32-32v-32c0-17.67-14.33-32-32-32z\"><\/path><\/svg><\/span>\n\t\t\t\t\t\t\t\t\t\t\t\t\t<\/span>\n\t\t\t\t\t\t\t\t\t\t\t\t<a class=\"elementor-toggle-title\" tabindex=\"0\">Como funciona o cadastro na plataforma?<\/a>\n\t\t\t\t\t<\/div>\n\n\t\t\t\t\t<div id=\"elementor-tab-content-5591\" class=\"elementor-tab-content elementor-clearfix\" data-tab=\"1\" role=\"region\" aria-labelledby=\"elementor-tab-title-5591\"><div class=\"accordion-section active\"><div class=\"accordion-content\"><p data-start=\"447\" data-end=\"747\">O cadastro \u00e9 gratuito e pode ser feito tanto por clientes quanto por profissionais. Basta escolher o tipo de conta desejado, preencher os dados b\u00e1sicos (nome, telefone, e-mail, CPF) e pronto! Profissionais poder\u00e3o criar um perfil personalizado com foto, descri\u00e7\u00e3o dos servi\u00e7os e local de atendimento.<\/p><\/div><\/div><div class=\"accordion-section\"><div class=\"accordion-header\">\u00a0<\/div><\/div><\/div>\n\t\t\t\t<\/div>\n\t\t\t\t\t\t\t<div class=\"elementor-toggle-item\">\n\t\t\t\t\t<div id=\"elementor-tab-title-5592\" class=\"elementor-tab-title\" data-tab=\"2\" role=\"button\" aria-controls=\"elementor-tab-content-5592\" aria-expanded=\"false\">\n\t\t\t\t\t\t\t\t\t\t\t\t<span class=\"elementor-toggle-icon elementor-toggle-icon-right\" aria-hidden=\"true\">\n\t\t\t\t\t\t\t\t\t\t\t\t\t\t\t<span class=\"elementor-toggle-icon-closed\"><svg class=\"e-font-icon-svg e-fas-plus\" viewBox=\"0 0 448 512\" xmlns=\"http:\/\/www.w3.org\/2000\/svg\"><path d=\"M416 208H272V64c0-17.67-14.33-32-32-32h-32c-17.67 0-32 14.33-32 32v144H32c-17.67 0-32 14.33-32 32v32c0 17.67 14.33 32 32 32h144v144c0 17.67 14.33 32 32 32h32c17.67 0 32-14.33 32-32V304h144c17.67 0 32-14.33 32-32v-32c0-17.67-14.33-32-32-32z\"><\/path><\/svg><\/span>\n\t\t\t\t\t\t\t\t<span class=\"elementor-toggle-icon-opened\"><svg class=\"elementor-toggle-icon-opened e-font-icon-svg e-fas-minus\" viewBox=\"0 0 448 512\" xmlns=\"http:\/\/www.w3.org\/2000\/svg\"><path d=\"M416 208H32c-17.67 0-32 14.33-32 32v32c0 17.67 14.33 32 32 32h384c17.67 0 32-14.33 32-32v-32c0-17.67-14.33-32-32-32z\"><\/path><\/svg><\/span>\n\t\t\t\t\t\t\t\t\t\t\t\t\t<\/span>\n\t\t\t\t\t\t\t\t\t\t\t\t<a class=\"elementor-toggle-title\" tabindex=\"0\">Preciso pagar para aparecer na vitrine?<\/a>\n\t\t\t\t\t<\/div>\n\n\t\t\t\t\t<div id=\"elementor-tab-content-5592\" class=\"elementor-tab-content elementor-clearfix\" data-tab=\"2\" role=\"region\" aria-labelledby=\"elementor-tab-title-5592\"><div dir=\"auto\" data-message-author-role=\"assistant\" data-message-id=\"87fe8b81-3dbc-44eb-b01b-87094093c273\" data-message-model-slug=\"gpt-4o\"><div class=\"accordion-section active\"><div class=\"accordion-content\"><p data-start=\"805\" data-end=\"1048\">N\u00e3o. Todos os profissionais cadastrados aparecem na vitrine de forma gratuita. Por\u00e9m, para obter mais visibilidade (como aparecer em destaque, subir no ranking ou permitir avalia\u00e7\u00f5es p\u00fablicas), voc\u00ea pode contratar um dos nossos planos premium.<\/p><\/div><\/div><div class=\"accordion-section\"><div class=\"accordion-header\">\u00a0<\/div><\/div><\/div><\/div>\n\t\t\t\t<\/div>\n\t\t\t\t\t\t\t<div class=\"elementor-toggle-item\">\n\t\t\t\t\t<div id=\"elementor-tab-title-5593\" class=\"elementor-tab-title\" data-tab=\"3\" role=\"button\" aria-controls=\"elementor-tab-content-5593\" aria-expanded=\"false\">\n\t\t\t\t\t\t\t\t\t\t\t\t<span class=\"elementor-toggle-icon elementor-toggle-icon-right\" aria-hidden=\"true\">\n\t\t\t\t\t\t\t\t\t\t\t\t\t\t\t<span class=\"elementor-toggle-icon-closed\"><svg class=\"e-font-icon-svg e-fas-plus\" viewBox=\"0 0 448 512\" xmlns=\"http:\/\/www.w3.org\/2000\/svg\"><path d=\"M416 208H272V64c0-17.67-14.33-32-32-32h-32c-17.67 0-32 14.33-32 32v144H32c-17.67 0-32 14.33-32 32v32c0 17.67 14.33 32 32 32h144v144c0 17.67 14.33 32 32 32h32c17.67 0 32-14.33 32-32V304h144c17.67 0 32-14.33 32-32v-32c0-17.67-14.33-32-32-32z\"><\/path><\/svg><\/span>\n\t\t\t\t\t\t\t\t<span class=\"elementor-toggle-icon-opened\"><svg class=\"elementor-toggle-icon-opened e-font-icon-svg e-fas-minus\" viewBox=\"0 0 448 512\" xmlns=\"http:\/\/www.w3.org\/2000\/svg\"><path d=\"M416 208H32c-17.67 0-32 14.33-32 32v32c0 17.67 14.33 32 32 32h384c17.67 0 32-14.33 32-32v-32c0-17.67-14.33-32-32-32z\"><\/path><\/svg><\/span>\n\t\t\t\t\t\t\t\t\t\t\t\t\t<\/span>\n\t\t\t\t\t\t\t\t\t\t\t\t<a class=\"elementor-toggle-title\" tabindex=\"0\">Como edito as informa\u00e7\u00f5es do meu perfil?<\/a>\n\t\t\t\t\t<\/div>\n\n\t\t\t\t\t<div id=\"elementor-tab-content-5593\" class=\"elementor-tab-content elementor-clearfix\" data-tab=\"3\" role=\"region\" aria-labelledby=\"elementor-tab-title-5593\"><div dir=\"auto\" data-message-author-role=\"assistant\" data-message-id=\"87fe8b81-3dbc-44eb-b01b-87094093c273\" data-message-model-slug=\"gpt-4o\"><div class=\"accordion-section active\"><div class=\"accordion-content\"><p data-start=\"805\" data-end=\"1048\">Entre no painel da sua conta e clique em editar perfil. L\u00e1, suas informa\u00e7\u00f5es poder\u00e3o ser editadas sem quaisquer problemas.<\/p><\/div><\/div><\/div><\/div>\n\t\t\t\t<\/div>\n\t\t\t\t\t\t\t\t<\/div>\n\t\t\t\t\t\t<\/div>\n\t\t\t\t<\/div>\n\t\t\t\t<div class=\"elementor-element elementor-element-f640c71 elementor-invisible elementor-widget elementor-widget-toggle\" data-id=\"f640c71\" data-element_type=\"widget\" data-e-type=\"widget\" data-settings=\"{&quot;_animation&quot;:&quot;fadeInUp&quot;}\" data-widget_type=\"toggle.default\">\n\t\t\t\t<div class=\"elementor-widget-container\">\n\t\t\t\t\t\t\t<div class=\"elementor-toggle\">\n\t\t\t\t\t\t\t<div class=\"elementor-toggle-item\">\n\t\t\t\t\t<div id=\"elementor-tab-title-2581\" class=\"elementor-tab-title\" data-tab=\"1\" role=\"button\" aria-controls=\"elementor-tab-content-2581\" aria-expanded=\"false\">\n\t\t\t\t\t\t\t\t\t\t\t\t<span class=\"elementor-toggle-icon elementor-toggle-icon-right\" aria-hidden=\"true\">\n\t\t\t\t\t\t\t\t\t\t\t\t\t\t\t<span class=\"elementor-toggle-icon-closed\"><svg class=\"e-font-icon-svg e-fas-plus\" viewBox=\"0 0 448 512\" xmlns=\"http:\/\/www.w3.org\/2000\/svg\"><path d=\"M416 208H272V64c0-17.67-14.33-32-32-32h-32c-17.67 0-32 14.33-32 32v144H32c-17.67 0-32 14.33-32 32v32c0 17.67 14.33 32 32 32h144v144c0 17.67 14.33 32 32 32h32c17.67 0 32-14.33 32-32V304h144c17.67 0 32-14.33 32-32v-32c0-17.67-14.33-32-32-32z\"><\/path><\/svg><\/span>\n\t\t\t\t\t\t\t\t<span class=\"elementor-toggle-icon-opened\"><svg class=\"elementor-toggle-icon-opened e-font-icon-svg e-fas-minus\" viewBox=\"0 0 448 512\" xmlns=\"http:\/\/www.w3.org\/2000\/svg\"><path d=\"M416 208H32c-17.67 0-32 14.33-32 32v32c0 17.67 14.33 32 32 32h384c17.67 0 32-14.33 32-32v-32c0-17.67-14.33-32-32-32z\"><\/path><\/svg><\/span>\n\t\t\t\t\t\t\t\t\t\t\t\t\t<\/span>\n\t\t\t\t\t\t\t\t\t\t\t\t<a class=\"elementor-toggle-title\" tabindex=\"0\">Como entro em contato com um profissional?<\/a>\n\t\t\t\t\t<\/div>\n\n\t\t\t\t\t<div id=\"elementor-tab-content-2581\" class=\"elementor-tab-content elementor-clearfix\" data-tab=\"1\" role=\"region\" aria-labelledby=\"elementor-tab-title-2581\"><div dir=\"auto\" data-message-author-role=\"assistant\" data-message-id=\"525867ef-374c-4981-bc24-2db45b91c32b\" data-message-model-slug=\"gpt-4o\"><div class=\"accordion-section active\"><div class=\"accordion-content\"><p data-start=\"1109\" data-end=\"1320\">Simples! Ao visualizar um perfil, clique no bot\u00e3o\u00a0<strong data-start=\"1159\" data-end=\"1182\">\u201cEntrar em Contato\u201d<\/strong>. Uma mensagem padr\u00e3o ser\u00e1 aberta com os dados do profissional para facilitar o in\u00edcio da conversa. O contato \u00e9 direto, sem intermedia\u00e7\u00e3o.<\/p><\/div><\/div><div class=\"accordion-section\"><div class=\"accordion-header\">\u00a0<\/div><\/div><\/div><\/div>\n\t\t\t\t<\/div>\n\t\t\t\t\t\t\t<div class=\"elementor-toggle-item\">\n\t\t\t\t\t<div id=\"elementor-tab-title-2582\" class=\"elementor-tab-title\" data-tab=\"2\" role=\"button\" aria-controls=\"elementor-tab-content-2582\" aria-expanded=\"false\">\n\t\t\t\t\t\t\t\t\t\t\t\t<span class=\"elementor-toggle-icon elementor-toggle-icon-right\" aria-hidden=\"true\">\n\t\t\t\t\t\t\t\t\t\t\t\t\t\t\t<span class=\"elementor-toggle-icon-closed\"><svg class=\"e-font-icon-svg e-fas-plus\" viewBox=\"0 0 448 512\" xmlns=\"http:\/\/www.w3.org\/2000\/svg\"><path d=\"M416 208H272V64c0-17.67-14.33-32-32-32h-32c-17.67 0-32 14.33-32 32v144H32c-17.67 0-32 14.33-32 32v32c0 17.67 14.33 32 32 32h144v144c0 17.67 14.33 32 32 32h32c17.67 0 32-14.33 32-32V304h144c17.67 0 32-14.33 32-32v-32c0-17.67-14.33-32-32-32z\"><\/path><\/svg><\/span>\n\t\t\t\t\t\t\t\t<span class=\"elementor-toggle-icon-opened\"><svg class=\"elementor-toggle-icon-opened e-font-icon-svg e-fas-minus\" viewBox=\"0 0 448 512\" xmlns=\"http:\/\/www.w3.org\/2000\/svg\"><path d=\"M416 208H32c-17.67 0-32 14.33-32 32v32c0 17.67 14.33 32 32 32h384c17.67 0 32-14.33 32-32v-32c0-17.67-14.33-32-32-32z\"><\/path><\/svg><\/span>\n\t\t\t\t\t\t\t\t\t\t\t\t\t<\/span>\n\t\t\t\t\t\t\t\t\t\t\t\t<a class=\"elementor-toggle-title\" tabindex=\"0\">As avalia\u00e7\u00f5es s\u00e3o p\u00fablicas?<\/a>\n\t\t\t\t\t<\/div>\n\n\t\t\t\t\t<div id=\"elementor-tab-content-2582\" class=\"elementor-tab-content elementor-clearfix\" data-tab=\"2\" role=\"region\" aria-labelledby=\"elementor-tab-title-2582\"><div class=\"accordion-section active\"><div class=\"accordion-content\"><p data-start=\"1366\" data-end=\"1561\">As avalia\u00e7\u00f5es existem, mas s\u00f3 ficam vis\u00edveis para usu\u00e1rios que adquirirem o plano de acesso. Isso garante mais seguran\u00e7a para quem quer contratar e mais credibilidade para quem oferece o servi\u00e7o.<\/p><\/div><\/div><div class=\"accordion-section\"><div class=\"accordion-header\">\u00a0<\/div><\/div><\/div>\n\t\t\t\t<\/div>\n\t\t\t\t\t\t\t<div class=\"elementor-toggle-item\">\n\t\t\t\t\t<div id=\"elementor-tab-title-2583\" class=\"elementor-tab-title\" data-tab=\"3\" role=\"button\" aria-controls=\"elementor-tab-content-2583\" aria-expanded=\"false\">\n\t\t\t\t\t\t\t\t\t\t\t\t<span class=\"elementor-toggle-icon elementor-toggle-icon-right\" aria-hidden=\"true\">\n\t\t\t\t\t\t\t\t\t\t\t\t\t\t\t<span class=\"elementor-toggle-icon-closed\"><svg class=\"e-font-icon-svg e-fas-plus\" viewBox=\"0 0 448 512\" xmlns=\"http:\/\/www.w3.org\/2000\/svg\"><path d=\"M416 208H272V64c0-17.67-14.33-32-32-32h-32c-17.67 0-32 14.33-32 32v144H32c-17.67 0-32 14.33-32 32v32c0 17.67 14.33 32 32 32h144v144c0 17.67 14.33 32 32 32h32c17.67 0 32-14.33 32-32V304h144c17.67 0 32-14.33 32-32v-32c0-17.67-14.33-32-32-32z\"><\/path><\/svg><\/span>\n\t\t\t\t\t\t\t\t<span class=\"elementor-toggle-icon-opened\"><svg class=\"elementor-toggle-icon-opened e-font-icon-svg e-fas-minus\" viewBox=\"0 0 448 512\" xmlns=\"http:\/\/www.w3.org\/2000\/svg\"><path d=\"M416 208H32c-17.67 0-32 14.33-32 32v32c0 17.67 14.33 32 32 32h384c17.67 0 32-14.33 32-32v-32c0-17.67-14.33-32-32-32z\"><\/path><\/svg><\/span>\n\t\t\t\t\t\t\t\t\t\t\t\t\t<\/span>\n\t\t\t\t\t\t\t\t\t\t\t\t<a class=\"elementor-toggle-title\" tabindex=\"0\">Quais tipos de profissionais podem se cadastrar?<\/a>\n\t\t\t\t\t<\/div>\n\n\t\t\t\t\t<div id=\"elementor-tab-content-2583\" class=\"elementor-tab-content elementor-clearfix\" data-tab=\"3\" role=\"region\" aria-labelledby=\"elementor-tab-title-2583\"><div class=\"accordion-section active\"><div class=\"accordion-content\"><div class=\"elementor-element elementor-element-1a1839df felan-accordion-style-02 elementor-widget__width-initial elementor-widget elementor-widget-felan-accordion\" data-id=\"1a1839df\" data-element_type=\"widget\" data-widget_type=\"felan-accordion.default\"><div class=\"elementor-widget-container\"><div class=\"felan-accordion felan-accordion-icon-right\"><div class=\"accordion-section active\"><div class=\"accordion-content\"><p data-start=\"1628\" data-end=\"1844\">Todos os tipos! De eletricistas, encanadores e diaristas at\u00e9 montadores, professores particulares e profissionais de beleza. Se voc\u00ea presta um servi\u00e7o, pode criar seu perfil no ClickProApp e come\u00e7ar a atrair clientes.<\/p><\/div><\/div><\/div><\/div><\/div><div class=\"elementor-element elementor-element-39191e8 elementor-widget elementor-widget-felan-heading\" data-id=\"39191e8\" data-element_type=\"widget\" data-widget_type=\"felan-heading.default\"><div class=\"elementor-widget-container\"><div class=\"felan-modern-heading\">\u00a0<\/div><\/div><\/div><\/div><\/div><\/div>\n\t\t\t\t<\/div>\n\t\t\t\t\t\t\t\t<\/div>\n\t\t\t\t\t\t<\/div>\n\t\t\t\t<\/div>\n\t\t\t\t\t<\/div>\n\t\t\t\t<\/div>\n\t\t\t\t\t<\/div>\n\t\t\t\t<\/div>\n\t\t\t\t<\/div>\n\t\t","protected":false},"excerpt":{"rendered":"<p>Tire suas D\u00favidas &#8211; Perguntas Frequentes Essa \u00e9 a p\u00e1gina de d\u00favidas frequentes, tire aqui suas d\u00favidas sobre a plataforma ClickProApp Como funciona o cadastro na plataforma? O cadastro \u00e9 gratuito e pode ser feito tanto por clientes quanto por profissionais. Basta escolher o tipo de conta desejado, preencher os dados b\u00e1sicos (nome, telefone, e-mail, CPF) e pronto! Profissionais poder\u00e3o criar um perfil personalizado com foto, descri\u00e7\u00e3o dos servi\u00e7os e local de atendimento. \u00a0 Preciso pagar para aparecer na vitrine? N\u00e3o. Todos os profissionais cadastrados aparecem na vitrine de forma gratuita. Por\u00e9m, para obter mais visibilidade (como aparecer em destaque, subir no ranking ou permitir avalia\u00e7\u00f5es p\u00fablicas), voc\u00ea pode contratar um dos nossos planos premium. \u00a0 Como edito as informa\u00e7\u00f5es do meu perfil? Entre no painel da sua conta e clique em editar perfil. L\u00e1, suas informa\u00e7\u00f5es poder\u00e3o ser editadas sem quaisquer problemas. Como entro em contato com um profissional? Simples! Ao visualizar um perfil, clique no bot\u00e3o\u00a0\u201cEntrar em Contato\u201d. Uma mensagem padr\u00e3o ser\u00e1 aberta com os dados do profissional para facilitar o in\u00edcio da conversa. O contato \u00e9 direto, sem intermedia\u00e7\u00e3o. \u00a0 As avalia\u00e7\u00f5es s\u00e3o p\u00fablicas? As avalia\u00e7\u00f5es existem, mas s\u00f3 ficam vis\u00edveis para usu\u00e1rios que adquirirem o plano de acesso. Isso garante mais seguran\u00e7a para quem quer contratar e mais credibilidade para quem oferece o servi\u00e7o. \u00a0 Quais tipos de profissionais podem se cadastrar? Todos os tipos! De eletricistas, encanadores e diaristas at\u00e9 montadores, professores particulares e profissionais de beleza. Se voc\u00ea presta um servi\u00e7o, pode criar seu perfil no ClickProApp e come\u00e7ar a atrair clientes. \u00a0<\/p>\n","protected":false},"author":1,"featured_media":0,"parent":0,"menu_order":0,"comment_status":"closed","ping_status":"closed","template":"elementor_header_footer","meta":{"_acf_changed":false,"footnotes":""},"class_list":["post-7378","page","type-page","status-publish","hentry"],"acf":[],"_links":{"self":[{"href":"https:\/\/ojoaosanti.com\/testes\/wp-json\/wp\/v2\/pages\/7378","targetHints":{"allow":["GET"]}}],"collection":[{"href":"https:\/\/ojoaosanti.com\/testes\/wp-json\/wp\/v2\/pages"}],"about":[{"href":"https:\/\/ojoaosanti.com\/testes\/wp-json\/wp\/v2\/types\/page"}],"author":[{"embeddable":true,"href":"https:\/\/ojoaosanti.com\/testes\/wp-json\/wp\/v2\/users\/1"}],"replies":[{"embeddable":true,"href":"https:\/\/ojoaosanti.com\/testes\/wp-json\/wp\/v2\/comments?post=7378"}],"version-history":[{"count":0,"href":"https:\/\/ojoaosanti.com\/testes\/wp-json\/wp\/v2\/pages\/7378\/revisions"}],"wp:attachment":[{"href":"https:\/\/ojoaosanti.com\/testes\/wp-json\/wp\/v2\/media?parent=7378"}],"curies":[{"name":"wp","href":"https:\/\/api.w.org\/{rel}","templated":true}]}}