{"id":51,"date":"2025-06-24T03:03:42","date_gmt":"2025-06-24T03:03:42","guid":{"rendered":"https:\/\/ojoaosanti.com\/testes\/?page_id=51"},"modified":"2025-06-25T19:14:33","modified_gmt":"2025-06-25T22:14:33","slug":"cadastro-de-profissional","status":"publish","type":"page","link":"https:\/\/ojoaosanti.com\/testes\/cadastro-de-profissional\/","title":{"rendered":"Cadastro de Profissional"},"content":{"rendered":"\t\t<div data-elementor-type=\"wp-page\" data-elementor-id=\"51\" class=\"elementor elementor-51\" data-elementor-post-type=\"page\">\n\t\t\t\t<div class=\"elementor-element elementor-element-32ccecc e-con-full e-flex wpr-equal-height-no e-con e-parent\" data-id=\"32ccecc\" data-element_type=\"container\" data-e-type=\"container\">\n\t\t<div class=\"elementor-element elementor-element-dc0eef2 e-con-full e-flex wpr-equal-height-no e-con e-child\" data-id=\"dc0eef2\" data-element_type=\"container\" data-e-type=\"container\" data-settings=\"{&quot;background_background&quot;:&quot;classic&quot;}\">\n\t\t\t\t<\/div>\n\t\t<div class=\"elementor-element elementor-element-bb087df e-con-full e-flex wpr-equal-height-no e-con e-child\" data-id=\"bb087df\" data-element_type=\"container\" data-e-type=\"container\" data-settings=\"{&quot;background_background&quot;:&quot;classic&quot;}\">\n\t\t\t\t<div class=\"elementor-element elementor-element-ba275b8 elementor-widget elementor-widget-heading\" data-id=\"ba275b8\" data-element_type=\"widget\" data-e-type=\"widget\" data-widget_type=\"heading.default\">\n\t\t\t\t<div class=\"elementor-widget-container\">\n\t\t\t\t\t<h2 class=\"elementor-heading-title elementor-size-default\">Cadastro de Profissionais<\/h2>\t\t\t\t<\/div>\n\t\t\t\t<\/div>\n\t\t\t\t<div class=\"elementor-element elementor-element-0143824 elementor-widget elementor-widget-heading\" data-id=\"0143824\" data-element_type=\"widget\" data-e-type=\"widget\" data-widget_type=\"heading.default\">\n\t\t\t\t<div class=\"elementor-widget-container\">\n\t\t\t\t\t<h2 class=\"elementor-heading-title elementor-size-default\">Preencha os campos abaixo para criar sua conta como profissional <\/h2>\t\t\t\t<\/div>\n\t\t\t\t<\/div>\n\t\t\t\t<div class=\"elementor-element elementor-element-422cf5c elementor-widget elementor-widget-jet-form-builder-form\" data-id=\"422cf5c\" data-element_type=\"widget\" data-e-type=\"widget\" data-widget_type=\"jet-form-builder-form.default\">\n\t\t\t\t<div class=\"elementor-widget-container\">\n\t\t\t\t\t<link rel='stylesheet' id='wp-block-library-css' href='https:\/\/ojoaosanti.com\/testes\/wp-includes\/css\/dist\/block-library\/style.min.css?ver=6.8.5' media='all' \/>\n<style id=\"jet-form-builder-70-inline-css\"><\/style><form  class=\"jet-form-builder layout-column submit-type-reload\" action=\"https:\/\/ojoaosanti.com\/testes\/wp-json\/wp\/v2\/pages\/51\/?KVhBRY=Gr9iCLHGE5&amp;method=reload\" method=\"POST\" data-form-id=\"70\" data-layout=\"column\" enctype=\"multipart\/form-data\" novalidate=\"null\" ssr_validation_method=\"rest\"><input type=\"hidden\" id=\"_wpnonce\" name=\"_wpnonce\" value=\"71ff615f60\" \/><input type=\"hidden\" name=\"_wp_http_referer\" value=\"\/testes\/wp-json\/wp\/v2\/pages\/51\" \/>\r\n<input type=\"hidden\" name=\"_jfb_current_render_states[]\" value=\"DEFAULT.STATE\" data-jfb-sync \/><input type=\"hidden\" class=\"jet-form-builder__field hidden-field\" name=\"_jet_engine_booking_form_id\" data-field-name=\"_jet_engine_booking_form_id\" value=\"70\">\n<input type=\"hidden\" class=\"jet-form-builder__field hidden-field\" name=\"_jet_engine_refer\" data-field-name=\"_jet_engine_refer\" value=\"https:\/\/ojoaosanti.com\/testes\/wp-json\/wp\/v2\/pages\/51\/\">\n<input type=\"hidden\" class=\"jet-form-builder__field hidden-field\" name=\"__queried_post_id\" data-field-name=\"__queried_post_id\" value=\"51\">\n<div class=\"jet-form-builder-progress-pages jfb-progress-type--default jet-form-builder-progress-pages--global\" data-type=\"default\">\t<div class=\"jet-form-builder-progress-pages__item--wrapper active-page\" data-page=\"1\">\n\t\t<div class=\"jet-form-builder-progress-pages__item\">\n\t\t\t<div class=\"jet-form-builder-progress-pages__item--circle\">1<\/div>\n\t\t\t<div class=\"jet-form-builder-progress-pages__item--label\">Dados Pessoais<\/div>\n\t\t<\/div>\n\t\t\t\t\t<div class=\"jet-form-builder-progress-pages__separator\"><\/div>\n\t\t\t<\/div>\n\t\t<div class=\"jet-form-builder-progress-pages__item--wrapper\" data-page=\"2\">\n\t\t<div class=\"jet-form-builder-progress-pages__item\">\n\t\t\t<div class=\"jet-form-builder-progress-pages__item--circle\">2<\/div>\n\t\t\t<div class=\"jet-form-builder-progress-pages__item--label\">Localiza\u00e7\u00e3o<\/div>\n\t\t<\/div>\n\t\t\t\t\t<div class=\"jet-form-builder-progress-pages__separator\"><\/div>\n\t\t\t<\/div>\n\t\t<div class=\"jet-form-builder-progress-pages__item--wrapper\" data-page=\"3\">\n\t\t<div class=\"jet-form-builder-progress-pages__item\">\n\t\t\t<div class=\"jet-form-builder-progress-pages__item--circle\">3<\/div>\n\t\t\t<div class=\"jet-form-builder-progress-pages__item--label\">Seu Perfil<\/div>\n\t\t<\/div>\n\t\t\t<\/div>\n\t<\/div><div class=\"jet-form-builder-page \" data-page=\"1\" data-page-offset=\"75\">\n\n<div  class=\"jet-form-builder-row field-type-text-field\" >\n<div class=\"jet-form-builder__label\">\r\n<div class=\"jet-form-builder__label-text\">Nome <span class=\"jet-form-builder__required\">*<\/span><\/div><\/div><div class=\"jet-form-builder__field-wrap\">\n\t\t\t\t<input placeholder=\"Seu nome aqui\" required=\"required\" name=\"nome_completo\" id=\"nome_completo\" type=\"text\" data-field-name=\"nome_completo\" class=\"jet-form-builder__field text-field\" data-jfb-sync=\"null\" autocomplete=\"off_Fz8BrZWE\">\n\t\t\t\t\t<\/div>\n<\/div>\n\n<div  class=\"jet-form-builder-row field-type-text-field\" >\n<div class=\"jet-form-builder__label\">\r\n<div class=\"jet-form-builder__label-text\">Sobrenome <span class=\"jet-form-builder__required\">*<\/span><\/div><\/div><div class=\"jet-form-builder__field-wrap\">\n\t\t\t\t<input placeholder=\"Digite seu sobrenome aqui\" required=\"required\" name=\"nome_usuario\" id=\"nome_usuario\" type=\"text\" data-field-name=\"nome_usuario\" class=\"jet-form-builder__field text-field\" data-jfb-sync=\"null\" autocomplete=\"off_fvOmx1Es\">\n\t\t\t\t\t<\/div>\n<\/div>\n\n<div  class=\"jet-form-builder-row field-type-text-field\" >\n<div class=\"jet-form-builder__label\">\r\n<div class=\"jet-form-builder__label-text\">E-mail <span class=\"jet-form-builder__required\">*<\/span><\/div><\/div><div class=\"jet-form-builder__field-wrap\">\n\t\t\t\t<input placeholder=\"seuemail@gmail.com\" required=\"required\" name=\"email_profissional\" id=\"email_profissional\" type=\"email\" data-field-name=\"email_profissional\" class=\"jet-form-builder__field text-field\" data-jfb-sync=\"null\" autocomplete=\"off_Mimf3dGB\">\n\t\t\t\t\t<\/div>\n<\/div>\n\n<div  class=\"jet-form-builder-row field-type-text-field\" >\n<div class=\"jet-form-builder__label\">\r\n<div class=\"jet-form-builder__label-text\">CPF <span class=\"jet-form-builder__required\">*<\/span><\/div><\/div><div class=\"jet-form-builder__field-wrap\">\n\t\t\t\t<input placeholder=\"Digite seu CPF aqui\" required=\"required\" name=\"cpf\" id=\"cpf\" type=\"text\" data-field-name=\"cpf\" class=\"jet-form-builder__field text-field jet-form-builder__masked-field\" data-jfb-sync=\"null\" autocomplete=\"off_kKaHzZbn\" data-inputmask=\"&#039;mask&#039;: &#039;999.999.999-99&#039;\" data-inputmask-placeholder=\"_\" data-inputmask-showmaskonhover=\"false\">\n\t\t\t\t\t<\/div>\n<\/div>\n\n<div  class=\"jet-form-builder-row field-type-text-field\" >\n<div class=\"jet-form-builder__label\">\r\n<div class=\"jet-form-builder__label-text\">Telefone \/ WhatsApp <span class=\"jet-form-builder__required\">*<\/span><\/div><\/div><div class=\"jet-form-builder__field-wrap\">\n\t\t\t\t<input placeholder=\"(00) 00000-0000\" required=\"required\" name=\"whatsapp\" id=\"whatsapp\" type=\"text\" data-field-name=\"whatsapp\" class=\"jet-form-builder__field text-field jet-form-builder__masked-field\" data-jfb-sync=\"null\" autocomplete=\"off_Z9tTsv8c\" data-clear-mask-on-submit=\"1\" data-inputmask=\"&#039;mask&#039;: &#039;(99) 99999-9999&#039;\" data-inputmask-placeholder=\"_\" data-inputmask-showmaskonhover=\"false\">\n\t\t\t\t\t<\/div>\n<\/div>\n\n<div  class=\"jet-form-builder-row field-type-text-field\" >\n<div class=\"jet-form-builder__label\">\r\n<div class=\"jet-form-builder__label-text\">Senha <span class=\"jet-form-builder__required\">*<\/span><\/div><\/div><div class=\"jet-form-builder__field-wrap has-eye-icon\">\n\t\t\t\t<input required=\"required\" name=\"senha\" id=\"senha\" type=\"password\" data-field-name=\"senha\" class=\"jet-form-builder__field text-field\" data-jfb-sync=\"null\" autocomplete=\"off_2AHsDEe0\">\n\t\t\t\t\t<span\n\t\t\t\t\tclass=\"jfb-eye-icon seen\"\n\t\t\t\t\trole=\"button\"\n\t\t\t\t\ttabindex=\"0\"\n\t\t\t\t\tstyle=\"\"\n\t\t\t>\n\t\t\t\t<svg class=\"seen-icon\" viewBox=\"0 0 24 24\" xmlns=\"http:\/\/www.w3.org\/2000\/svg\" width=\"24\" height=\"24\" aria-hidden=\"true\" focusable=\"false\" fill=\"currentColor\"><path d=\"M3.99961 13C4.67043 13.3354 4.6703 13.3357 4.67017 13.3359L4.67298 13.3305C4.67621 13.3242 4.68184 13.3135 4.68988 13.2985C4.70595 13.2686 4.7316 13.2218 4.76695 13.1608C4.8377 13.0385 4.94692 12.8592 5.09541 12.6419C5.39312 12.2062 5.84436 11.624 6.45435 11.0431C7.67308 9.88241 9.49719 8.75 11.9996 8.75C14.502 8.75 16.3261 9.88241 17.5449 11.0431C18.1549 11.624 18.6061 12.2062 18.9038 12.6419C19.0523 12.8592 19.1615 13.0385 19.2323 13.1608C19.2676 13.2218 19.2933 13.2686 19.3093 13.2985C19.3174 13.3135 19.323 13.3242 19.3262 13.3305L19.3291 13.3359C19.3289 13.3357 19.3288 13.3354 19.9996 13C20.6704 12.6646 20.6703 12.6643 20.6701 12.664L20.6697 12.6632L20.6688 12.6614L20.6662 12.6563L20.6583 12.6408C20.6517 12.6282 20.6427 12.6108 20.631 12.5892C20.6078 12.5459 20.5744 12.4852 20.5306 12.4096C20.4432 12.2584 20.3141 12.0471 20.1423 11.7956C19.7994 11.2938 19.2819 10.626 18.5794 9.9569C17.1731 8.61759 14.9972 7.25 11.9996 7.25C9.00203 7.25 6.82614 8.61759 5.41987 9.9569C4.71736 10.626 4.19984 11.2938 3.85694 11.7956C3.68511 12.0471 3.55605 12.2584 3.4686 12.4096C3.42484 12.4852 3.39142 12.5459 3.36818 12.5892C3.35656 12.6108 3.34748 12.6282 3.34092 12.6408L3.33297 12.6563L3.33041 12.6614L3.32948 12.6632L3.32911 12.664C3.32894 12.6643 3.32879 12.6646 3.99961 13ZM11.9996 16C13.9326 16 15.4996 14.433 15.4996 12.5C15.4996 10.567 13.9326 9 11.9996 9C10.0666 9 8.49961 10.567 8.49961 12.5C8.49961 14.433 10.0666 16 11.9996 16Z\"><\/path><\/svg>\t\t\t\t<svg class=\"unseen-icon\" viewBox=\"0 0 24 24\" xmlns=\"http:\/\/www.w3.org\/2000\/svg\" width=\"24\" height=\"24\" aria-hidden=\"true\" focusable=\"false\" fill=\"currentColor\"><path d=\"M4.67 10.664s-2.09 1.11-2.917 1.582l.494.87 1.608-.914.002.002c.343.502.86 1.17 1.563 1.84.348.33.742.663 1.185.976L5.57 16.744l.858.515 1.02-1.701a9.1 9.1 0 0 0 4.051 1.18V19h1v-2.263a9.1 9.1 0 0 0 4.05-1.18l1.021 1.7.858-.514-1.034-1.723c.442-.313.837-.646 1.184-.977.703-.669 1.22-1.337 1.563-1.839l.002-.003 1.61.914.493-.87c-1.75-.994-2.918-1.58-2.918-1.58l-.003.005a8.29 8.29 0 0 1-.422.689 10.097 10.097 0 0 1-1.36 1.598c-1.218 1.16-3.042 2.293-5.544 2.293-2.503 0-4.327-1.132-5.546-2.293a10.099 10.099 0 0 1-1.359-1.599 8.267 8.267 0 0 1-.422-.689l-.003-.005Z\"><\/path><\/svg>\t\t\t<\/span>\n\t\t\t\t\t<\/div>\n<\/div>\n\n<div  data-validation-type=\"advanced\" data-validation-rules=\"[{&quot;__visible&quot;:true,&quot;type&quot;:&quot;equal&quot;,&quot;field&quot;:&quot;senha&quot;,&quot;message&quot;:&quot;As senhas ainda est\u00e3o diferentes&quot;,&quot;value&quot;:&quot;&quot;}]\" data-validation-messages=\"{&quot;empty&quot;:&quot;Por favor, preencha este campo&quot;}\" class=\"jet-form-builder-row field-type-text-field\" >\n<div class=\"jet-form-builder__label\">\r\n<div class=\"jet-form-builder__label-text\">Confirmar Senha <span class=\"jet-form-builder__required\">*<\/span><\/div><\/div><div class=\"jet-form-builder__field-wrap has-eye-icon\">\n\t\t\t\t<input required=\"required\" name=\"confirmar_senha\" id=\"confirmar_senha\" type=\"password\" data-field-name=\"confirmar_senha\" class=\"jet-form-builder__field text-field\" data-jfb-sync=\"null\" autocomplete=\"off_o9mRiGUr\">\n\t\t\t\t\t<span\n\t\t\t\t\tclass=\"jfb-eye-icon seen\"\n\t\t\t\t\trole=\"button\"\n\t\t\t\t\ttabindex=\"0\"\n\t\t\t\t\tstyle=\"\"\n\t\t\t>\n\t\t\t\t<svg class=\"seen-icon\" viewBox=\"0 0 24 24\" xmlns=\"http:\/\/www.w3.org\/2000\/svg\" width=\"24\" height=\"24\" aria-hidden=\"true\" focusable=\"false\" fill=\"currentColor\"><path d=\"M3.99961 13C4.67043 13.3354 4.6703 13.3357 4.67017 13.3359L4.67298 13.3305C4.67621 13.3242 4.68184 13.3135 4.68988 13.2985C4.70595 13.2686 4.7316 13.2218 4.76695 13.1608C4.8377 13.0385 4.94692 12.8592 5.09541 12.6419C5.39312 12.2062 5.84436 11.624 6.45435 11.0431C7.67308 9.88241 9.49719 8.75 11.9996 8.75C14.502 8.75 16.3261 9.88241 17.5449 11.0431C18.1549 11.624 18.6061 12.2062 18.9038 12.6419C19.0523 12.8592 19.1615 13.0385 19.2323 13.1608C19.2676 13.2218 19.2933 13.2686 19.3093 13.2985C19.3174 13.3135 19.323 13.3242 19.3262 13.3305L19.3291 13.3359C19.3289 13.3357 19.3288 13.3354 19.9996 13C20.6704 12.6646 20.6703 12.6643 20.6701 12.664L20.6697 12.6632L20.6688 12.6614L20.6662 12.6563L20.6583 12.6408C20.6517 12.6282 20.6427 12.6108 20.631 12.5892C20.6078 12.5459 20.5744 12.4852 20.5306 12.4096C20.4432 12.2584 20.3141 12.0471 20.1423 11.7956C19.7994 11.2938 19.2819 10.626 18.5794 9.9569C17.1731 8.61759 14.9972 7.25 11.9996 7.25C9.00203 7.25 6.82614 8.61759 5.41987 9.9569C4.71736 10.626 4.19984 11.2938 3.85694 11.7956C3.68511 12.0471 3.55605 12.2584 3.4686 12.4096C3.42484 12.4852 3.39142 12.5459 3.36818 12.5892C3.35656 12.6108 3.34748 12.6282 3.34092 12.6408L3.33297 12.6563L3.33041 12.6614L3.32948 12.6632L3.32911 12.664C3.32894 12.6643 3.32879 12.6646 3.99961 13ZM11.9996 16C13.9326 16 15.4996 14.433 15.4996 12.5C15.4996 10.567 13.9326 9 11.9996 9C10.0666 9 8.49961 10.567 8.49961 12.5C8.49961 14.433 10.0666 16 11.9996 16Z\"><\/path><\/svg>\t\t\t\t<svg class=\"unseen-icon\" viewBox=\"0 0 24 24\" xmlns=\"http:\/\/www.w3.org\/2000\/svg\" width=\"24\" height=\"24\" aria-hidden=\"true\" focusable=\"false\" fill=\"currentColor\"><path d=\"M4.67 10.664s-2.09 1.11-2.917 1.582l.494.87 1.608-.914.002.002c.343.502.86 1.17 1.563 1.84.348.33.742.663 1.185.976L5.57 16.744l.858.515 1.02-1.701a9.1 9.1 0 0 0 4.051 1.18V19h1v-2.263a9.1 9.1 0 0 0 4.05-1.18l1.021 1.7.858-.514-1.034-1.723c.442-.313.837-.646 1.184-.977.703-.669 1.22-1.337 1.563-1.839l.002-.003 1.61.914.493-.87c-1.75-.994-2.918-1.58-2.918-1.58l-.003.005a8.29 8.29 0 0 1-.422.689 10.097 10.097 0 0 1-1.36 1.598c-1.218 1.16-3.042 2.293-5.544 2.293-2.503 0-4.327-1.132-5.546-2.293a10.099 10.099 0 0 1-1.359-1.599 8.267 8.267 0 0 1-.422-.689l-.003-.005Z\"><\/path><\/svg>\t\t\t<\/span>\n\t\t\t\t\t<\/div>\n<\/div>\n\n<div class=\"jet-form-builder__next-page-wrap\">\n\t\t\t\t\t<button class=\"jet-form-builder__next-page\" type=\"button\">Pr\u00f3xima<\/button>\n\t<\/div>\n<\/div>\n<div class=\"jet-form-builder-page jet-form-builder-page--hidden\" data-page=\"2\" data-page-offset=\"75\">\n\n<div  class=\"jet-form-builder-row field-type-media-field\" >\n<\/div>\n\n<div  class=\"jet-form-builder-row field-type-select-field wp-block-jet-forms-select-field\">\n<div class=\"jet-form-builder__label\">\r\n<div class=\"jet-form-builder__label-text\">Estado <span class=\"jet-form-builder__required\">*<\/span><\/div><\/div><div class=\"jet-form-builder__field-wrap\">\n\t<select class=\"jet-form-builder__field select-field estado\" required=\"required\" name=\"estado\" data-field-name=\"estado\" id=\"estado\" data-jfb-sync=\"null\">\n\t\t<option value=\"\" selected=\"selected\">Selecione<\/option><option value=\"Rio de Janeiro\" >RJ<\/option><option value=\"S\u00e3o Paulo\" >SP<\/option>\t<\/select>\n<\/div>\n<\/div>\n\n<div class=\"jet-form-builder__conditional \" data-jfb-conditional=\"[{&quot;operator&quot;:&quot;equal&quot;,&quot;value&quot;:&quot;Rio de Janeiro&quot;,&quot;field&quot;:&quot;estado&quot;,&quot;use_preset&quot;:false}]\" data-jfb-func=\"show\">\n<div  class=\"jet-form-builder-row field-type-select-field wp-block-jet-forms-select-field\">\n<div class=\"jet-form-builder__label\">\r\n<div class=\"jet-form-builder__label-text\">Cidade (RJ)<\/div><\/div><div class=\"jet-form-builder__field-wrap\">\n\t<select class=\"jet-form-builder__field select-field campo-rj\" name=\"cidade_rj\" data-field-name=\"cidade_rj\" id=\"cidade_rj\" data-jfb-sync=\"null\">\n\t\t<option value=\"\u00ad\u00ad \u00ad\u00ad\" >Selecione uma cidade<\/option><option value=\"Resende\" >Resende<\/option><option value=\"Volta Redonda\" >Volta Redonda<\/option><option value=\"Barra Mansa\" >Barra Mansa<\/option><option value=\"Quatis\" >Quatis<\/option><option value=\"Itatiaia\" >Itatiaia<\/option><option value=\"Porto Real\" >Porto Real<\/option><option value=\"Rio de Janeiro\" >Rio de Janeiro<\/option>\t<\/select>\n<\/div>\n<\/div>\n<\/div>\n\n<div class=\"jet-form-builder__conditional \" data-jfb-conditional=\"[{&quot;operator&quot;:&quot;equal&quot;,&quot;value&quot;:&quot;S\\u00e3o Paulo&quot;,&quot;field&quot;:&quot;estado&quot;,&quot;use_preset&quot;:false}]\" data-jfb-func=\"show\">\n<div  class=\"jet-form-builder-row field-type-select-field wp-block-jet-forms-select-field\">\n<div class=\"jet-form-builder__label\">\r\n<div class=\"jet-form-builder__label-text\">Cidade (SP)<\/div><\/div><div class=\"jet-form-builder__field-wrap\">\n\t<select class=\"jet-form-builder__field select-field campo-sp\" name=\"cidade_sp\" data-field-name=\"cidade_sp\" id=\"cidade_sp\" data-jfb-sync=\"null\">\n\t\t<option value=\"0\" >Selecione uma cidade<\/option><option value=\"S\u00e3o Paulo\" >S\u00e3o Paulo<\/option><option value=\"Queluz\" >Queluz<\/option><option value=\"Cruzeiro\" >Cruzeiro<\/option>\t<\/select>\n<\/div>\n<\/div>\n<\/div>\n\n<div  class=\"jet-form-builder-row field-type-text-field\" >\n<div class=\"jet-form-builder__label\">\r\n<div class=\"jet-form-builder__label-text\">Bairro <span class=\"jet-form-builder__required\">*<\/span><\/div><\/div><div class=\"jet-form-builder__field-wrap\">\n\t\t\t\t<input placeholder=\"Seu Bairro\" required=\"required\" name=\"bairro\" id=\"bairro\" type=\"text\" data-field-name=\"bairro\" class=\"jet-form-builder__field text-field\" data-jfb-sync=\"null\" autocomplete=\"off_HcMBUSRd\">\n\t\t\t\t\t<\/div>\n<\/div>\n\n<div  class=\"jet-form-builder-row field-type-text-field\" >\n<div class=\"jet-form-builder__label\">\r\n<div class=\"jet-form-builder__label-text\">CEP<\/div><\/div><div class=\"jet-form-builder__field-wrap\">\n\t\t\t\t<input placeholder=\"00000-000\" name=\"cep\" id=\"cep\" type=\"text\" data-field-name=\"cep\" class=\"jet-form-builder__field text-field jet-form-builder__masked-field\" data-jfb-sync=\"null\" autocomplete=\"off_cCFHixk8\" data-inputmask=\"&#039;mask&#039;: &#039;99999-999&#039;\" data-inputmask-placeholder=\"_\" data-inputmask-showmaskonhover=\"false\">\n\t\t\t\t\t<\/div>\n<\/div>\n\n<div class=\"jet-form-builder__next-page-wrap\">\n\t\t\t\t\t<button class=\"jet-form-builder__next-page\" type=\"button\">Pr\u00f3xima<\/button>\n\t<\/div>\n<\/div>\n<div class=\"jet-form-builder-page jet-form-builder-page--hidden\" data-page=\"3\" data-page-offset=\"75\">\n\n<div  class=\"jet-form-builder-row field-type-textarea-field\" >\n<div class=\"jet-form-builder__label\">\r\n<div class=\"jet-form-builder__label-text\">Bio \/ Apresenta\u00e7\u00e3o<\/div><\/div><div class=\"jet-form-builder__field-wrap\">\n\t\t<textarea class=\"jet-form-builder__field textarea-field\" placeholder=\"Fa\u00e7a uma r\u00e1pida apresenta\u00e7\u00e3o sobre voc\u00ea e seu trabalho aqui\" name=\"bio_profissional\" data-field-name=\"bio_profissional\" id=\"bio_profissional\" data-jfb-sync=\"null\"><\/textarea>\n\t<\/div>\n<\/div>\n\n<div  class=\"jet-form-builder-row field-type-select-field wp-block-jet-forms-select-field\">\n<div class=\"jet-form-builder__label\">\r\n<div class=\"jet-form-builder__label-text\">Categoria de Servi\u00e7o<\/div><\/div><div class=\"jet-form-builder__field-wrap\">\n\t<select class=\"jet-form-builder__field select-field\" name=\"categoria_servico\" data-field-name=\"categoria_servico\" id=\"categoria_servico\" data-jfb-sync=\"null\">\n\t\t<option value=\"Eletricista\" >Eletricista<\/option><option value=\"Encanador\" >Encanador<\/option><option value=\"Diarista\" >Diarista<\/option><option value=\"Pintor\" >Pintor<\/option><option value=\"Cabeleireira\" >Cabeleireira<\/option><option value=\"Cozinheira\" >Cozinheira<\/option><option value=\"Pedreiro\" >Pedreiro<\/option><option value=\"Artes\u00e3o\" >Artes\u00e3o<\/option><option value=\"Marceneiro\" >Marceneiro<\/option><option value=\"Costureira\" >Costureira<\/option><option value=\"Comida Artesanal\" >Comida Artesanal<\/option><option value=\"Montador de M\u00f3veis\" >Montador de M\u00f3veis<\/option><option value=\"Boleira\" >Boleira<\/option><option value=\"Aluguel de Brinquedos\" >Aluguel de Brinquedos<\/option><option value=\"Churrasqueiro\" >Churrasqueiro<\/option><option value=\"Instalador de Insul Film\" >Instalador de Insul Film<\/option><option value=\"Manuten\u00e7\u00e3o Linha Branca\" >Manuten\u00e7\u00e3o Linha Branca<\/option><option value=\"Manuten\u00e7\u00e3o de TV\" >Manuten\u00e7\u00e3o de TV<\/option><option value=\"Manuten\u00e7\u00e3o de Eletrodom\u00e9sticos\" >Manuten\u00e7\u00e3o de Eletrodom\u00e9sticos<\/option><option value=\"Doceira\" >Doceira<\/option><option value=\"Fot\u00f3grafo\" >Fot\u00f3grafo<\/option>\t<\/select>\n<\/div>\n<\/div>\n\n<div  class=\"jet-form-builder-row field-type-checkbox-field\" >\n<div class=\"jet-form-builder__label\">\r\n<div class=\"jet-form-builder__label-text\">Atende a domic\u00edlio?<\/div><\/div><div class=\"jet-form-builder__fields-group checkradio-wrap\" data-jfb-sync><div class=\"jet-form-builder__field-wrap checkboxes-wrap checkradio-wrap\"><label class=\"jet-form-builder__field-label for-checkbox\">\n\t\t\t<input type=\"checkbox\" name=\"atende_domicilio[]\" value=\"Atende a Domic\u00edlio\" data-field-name=\"atende_domicilio\"  class=\"jet-form-builder__field checkboxes-field checkradio-field\"><span>Sim<\/span><\/label><\/div><div class=\"jet-form-builder__field-wrap checkboxes-wrap checkradio-wrap\"><label class=\"jet-form-builder__field-label for-checkbox\">\n\t\t\t<input type=\"checkbox\" name=\"atende_domicilio[]\" value=\"N\u00e3o atende a Domic\u00edlio\" data-field-name=\"atende_domicilio\"  class=\"jet-form-builder__field checkboxes-field checkradio-field\"><span>N\u00e3o<\/span><\/label><\/div><\/div>\n<\/div>\n\n<div  class=\"jet-form-builder-row field-type-text-field\" >\n<div class=\"jet-form-builder__label\">\r\n<div class=\"jet-form-builder__label-text\">Quais bairros voc\u00ea atende?<\/div><\/div><div class=\"jet-form-builder__field-wrap\">\n\t\t\t\t<input name=\"bairros_atendidos\" id=\"bairros_atendidos\" type=\"text\" data-field-name=\"bairros_atendidos\" class=\"jet-form-builder__field text-field\" data-jfb-sync=\"null\" autocomplete=\"off_uip0NqUR\">\n\t\t\t\t\t<\/div>\n<\/div>\n\n<div  class=\"jet-form-builder-row field-type-select-field wp-block-jet-forms-select-field\">\n<div class=\"jet-form-builder__label\">\r\n<div class=\"jet-form-builder__label-text\">Formas de pagamento aceitas<\/div><\/div><div class=\"jet-form-builder__field-wrap\">\n\t<select class=\"jet-form-builder__field select-field\" name=\"formas_pagamento[]\" data-field-name=\"formas_pagamento\" id=\"formas_pagamento\" multiple=\"1\" size=\"4\" data-jfb-sync=\"null\">\n\t\t<option value=\"Cartao\" >Cart\u00e3o<\/option><option value=\"Dinheiro\" >Dinheiro<\/option><option value=\"Pix\" >Pix<\/option>\t<\/select>\n<\/div>\n<\/div>\n\n<div  class=\"jet-form-builder-row field-type-text-field\" >\n<div class=\"jet-form-builder__label\">\r\n<div class=\"jet-form-builder__label-text\">Hor\u00e1rio de atendimento<\/div><\/div><div class=\"jet-form-builder__field-wrap\">\n\t\t\t\t<input placeholder=\"Ex: Seg a Sex: 9 \u00e0s 18h\" name=\"horario_atendimento\" id=\"horario_atendimento\" type=\"text\" data-field-name=\"horario_atendimento\" class=\"jet-form-builder__field text-field\" data-jfb-sync=\"null\" autocomplete=\"off_WsYcvmLA\">\n\t\t\t\t\t<\/div>\n<\/div>\n\n<div  class=\"jet-form-builder-row field-type-submit-field\" >\n\t<div data-type=\"submit\" class=\"jet-form-builder__action-button-wrapper jet-form-builder__submit-wrap\">\n\t<button class=\"jet-form-builder__action-button jet-form-builder__submit submit-type-reload\" type=\"submit\">Criar Minha Conta<\/button>\n\t<\/div>\n\t\n<\/div>\n\n<\/div>\t<div class=\"jet-form-builder-messages-wrap\" data-form-id=\"70\"><\/div>\n<\/form>\n\t\t\t\t<\/div>\n\t\t\t\t<\/div>\n\t\t\t\t<\/div>\n\t\t\t\t<\/div>\n\t\t\t\t<\/div>\n\t\t","protected":false},"excerpt":{"rendered":"<p>Cadastro de Profissionais Preencha os campos abaixo para criar sua conta como profissional 1 Dados Pessoais 2 Localiza\u00e7\u00e3o 3 Seu Perfil Nome Completo * Nome de Usu\u00e1rio * E-mail * CPF * Telefone \/ WhatsApp * Senha * Confirmar Senha * Pr\u00f3xima Foto de Perfil Maximum file size: 10 MB Estado * SelecioneRJSP Cidade (RJ) ResendeVolta RedondaBarra MansaQuatisItatiaiaPorto RealRio de Janeiro Cidade (SP) S\u00e3o PauloQueluzCruzeiro Bairro * CEP Pr\u00f3xima Bio \/ Apresenta\u00e7\u00e3o Servi\u00e7os Prestados EletricistaEncanadorDiaristaPintorCabeleireiraCozinheiraPedreiroArtes\u00e3oMarceneiroCostureiraComida ArtesanalMontador de M\u00f3veisBoleiraAluguel de BrinquedosChurrasqueiroInstalador de Insul FilmManuten\u00e7\u00e3o Linha BrancaManuten\u00e7\u00e3o de TVManuten\u00e7\u00e3o de Eletrodom\u00e9sticosDoceiraFot\u00f3grafo Atende a domic\u00edlio Sim N\u00e3o Hor\u00e1rio de atendimento Criar Minha Conta<\/p>\n","protected":false},"author":1,"featured_media":0,"parent":0,"menu_order":0,"comment_status":"closed","ping_status":"closed","template":"elementor_canvas","meta":{"_acf_changed":false,"footnotes":""},"class_list":["post-51","page","type-page","status-publish","hentry"],"acf":[],"_links":{"self":[{"href":"https:\/\/ojoaosanti.com\/testes\/wp-json\/wp\/v2\/pages\/51","targetHints":{"allow":["GET"]}}],"collection":[{"href":"https:\/\/ojoaosanti.com\/testes\/wp-json\/wp\/v2\/pages"}],"about":[{"href":"https:\/\/ojoaosanti.com\/testes\/wp-json\/wp\/v2\/types\/page"}],"author":[{"embeddable":true,"href":"https:\/\/ojoaosanti.com\/testes\/wp-json\/wp\/v2\/users\/1"}],"replies":[{"embeddable":true,"href":"https:\/\/ojoaosanti.com\/testes\/wp-json\/wp\/v2\/comments?post=51"}],"version-history":[{"count":0,"href":"https:\/\/ojoaosanti.com\/testes\/wp-json\/wp\/v2\/pages\/51\/revisions"}],"wp:attachment":[{"href":"https:\/\/ojoaosanti.com\/testes\/wp-json\/wp\/v2\/media?parent=51"}],"curies":[{"name":"wp","href":"https:\/\/api.w.org\/{rel}","templated":true}]}}