{"id":119,"date":"2025-08-23T16:03:49","date_gmt":"2025-08-23T16:03:49","guid":{"rendered":"https:\/\/ojoaosanti.com\/saude\/?page_id=119"},"modified":"2025-09-10T02:33:44","modified_gmt":"2025-09-10T02:33:44","slug":"blog","status":"publish","type":"page","link":"https:\/\/ojoaosanti.com\/saude\/blog\/","title":{"rendered":"Blog"},"content":{"rendered":"\t\t<div data-elementor-type=\"wp-page\" data-elementor-id=\"119\" class=\"elementor elementor-119\" data-elementor-post-type=\"page\">\n\t\t\t\t<div class=\"elementor-element elementor-element-6c353f56 e-flex e-con-boxed e-con e-parent\" data-id=\"6c353f56\" data-element_type=\"container\" data-e-type=\"container\">\n\t\t\t\t\t<div class=\"e-con-inner\">\n\t\t\t\t<div class=\"elementor-element elementor-element-68a2f66b elementor-invisible elementor-widget elementor-widget-heading\" data-id=\"68a2f66b\" data-element_type=\"widget\" data-e-type=\"widget\" data-settings=\"{&quot;_animation&quot;:&quot;fadeInUp&quot;}\" data-widget_type=\"heading.default\">\n\t\t\t\t\t<h2 class=\"elementor-heading-title elementor-size-default\">Aprenda mais com nossos artigos<\/h2>\t\t\t\t<\/div>\n\t\t\t\t<div class=\"elementor-element elementor-element-74ff4260 elementor-widget__width-initial elementor-widget-mobile__width-inherit elementor-widget-tablet__width-inherit elementor-invisible elementor-widget elementor-widget-heading\" data-id=\"74ff4260\" data-element_type=\"widget\" data-e-type=\"widget\" data-settings=\"{&quot;_animation&quot;:&quot;fadeInUp&quot;}\" data-widget_type=\"heading.default\">\n\t\t\t\t\t<h2 class=\"elementor-heading-title elementor-size-default\">Nosso Blog\u200b<\/h2>\t\t\t\t<\/div>\n\t\t\t\t<div class=\"elementor-element elementor-element-62d82849 elementor-widget__width-initial elementor-widget-tablet__width-inherit elementor-invisible elementor-widget elementor-widget-text-editor\" data-id=\"62d82849\" data-element_type=\"widget\" data-e-type=\"widget\" data-settings=\"{&quot;_animation&quot;:&quot;fadeInUp&quot;}\" data-widget_type=\"text-editor.default\">\n\t\t\t\t\t\t\t\t\t<p>Leia artigos escritos por nutricionistas profissionais<\/p>\t\t\t\t\t\t\t\t<\/div>\n\t\t\t\t\t<\/div>\n\t\t\t\t<\/div>\n\t\t<div class=\"elementor-element elementor-element-2c26cc1 e-flex e-con-boxed e-con e-parent\" data-id=\"2c26cc1\" data-element_type=\"container\" data-e-type=\"container\">\n\t\t\t\t\t<div class=\"e-con-inner\">\n\t\t\t\t<div class=\"elementor-element elementor-element-475ba22 elementor-invisible elementor-widget elementor-widget-rkit-post-grid-post\" data-id=\"475ba22\" data-element_type=\"widget\" data-e-type=\"widget\" data-settings=\"{&quot;_animation&quot;:&quot;zoomIn&quot;}\" data-widget_type=\"rkit-post-grid-post.default\">\n\t\t\t\t<div class=\"elementor-widget-container\">\n\t\t\t\t\t        <div class=\"rkit-post-grid\">\n                            <div class=\"rkit-post-grid-card  elementor-animation-\">\n                                            <div class=\"rkit-image-container\">\n                                                        <a class=\"rkit-image-link\" style=\"overflow: hidden;\" href=\"https:\/\/ojoaosanti.com\/saude\/alimente-se-como-voce-merece-um-caminho-real-para-saude-sustentavel\/\">\n                                <img fetchpriority=\"high\" decoding=\"async\" width=\"800\" height=\"470\" src=\"https:\/\/ojoaosanti.com\/saude\/wp-content\/uploads\/2025\/08\/Como-alimentacao-sustentavel.webp\" class=\"rkit-post-grid-img wp-post-image\" alt=\"\" srcset=\"https:\/\/ojoaosanti.com\/saude\/wp-content\/uploads\/2025\/08\/Como-alimentacao-sustentavel.webp 1024w, https:\/\/ojoaosanti.com\/saude\/wp-content\/uploads\/2025\/08\/Como-alimentacao-sustentavel-300x176.webp 300w, https:\/\/ojoaosanti.com\/saude\/wp-content\/uploads\/2025\/08\/Como-alimentacao-sustentavel-768x452.webp 768w\" sizes=\"(max-width: 800px) 100vw, 800px\" \/>                            <\/a>\n                                                    <\/div>\n                                        <div class=\"rkit-post-grid-body \">\n                                                                            <div class=\"rkit-post-grid-title-container\">\n                                <a class=\"rkit-post-grid-title\" href=\"https:\/\/ojoaosanti.com\/saude\/alimente-se-como-voce-merece-um-caminho-real-para-saude-sustentavel\/\">Alimente-se Como Voc\u00ea Merece: Um Caminho Real para Sa\u00fade Sustent\u00e1vel<\/a>\n                            <\/div>\n                                                                                                    <div class=\"rkit-post-grid-content\">\n                                <p class=\"rkit-post-grid-paragraph\">Voc\u00ea j\u00e1 se sentiu perdido ao tentar comer melhor? J\u00e1 pensou que alimenta\u00e7\u00e3o saud\u00e1vel \u00e9&hellip;                                <\/p>\n                            <\/div>\n                                                                                                    <div class=\"rkit-readmore-div\">\n                                <a class=\"rkit-readmore-btn\" type=\"button\" href=\"https:\/\/ojoaosanti.com\/saude\/alimente-se-como-voce-merece-um-caminho-real-para-saude-sustentavel\/\">\n                                                                        Ler Mais                                    <i aria-hidden=\"true\" class=\"rkit-icon-readmore rtmicon rtmicon-arrow-up-right\"><\/i>                                <\/a>\n                            <\/div>\n                                            <\/div>\n                <\/div>\n                <div class=\"rkit-post-grid-card  elementor-animation-\">\n                                            <div class=\"rkit-image-container\">\n                                                        <a class=\"rkit-image-link\" style=\"overflow: hidden;\" href=\"https:\/\/ojoaosanti.com\/saude\/compulsao-alimentar-como-recuperar-o-controle-e-viver-com-mais-saude\/\">\n                                <img decoding=\"async\" width=\"800\" height=\"378\" src=\"https:\/\/ojoaosanti.com\/saude\/wp-content\/uploads\/2025\/08\/1860x880-compulsao-alimentar-o-que-e-sintomas-e-tratamentos-1024x484.webp\" class=\"rkit-post-grid-img wp-post-image\" alt=\"\" srcset=\"https:\/\/ojoaosanti.com\/saude\/wp-content\/uploads\/2025\/08\/1860x880-compulsao-alimentar-o-que-e-sintomas-e-tratamentos-1024x484.webp 1024w, https:\/\/ojoaosanti.com\/saude\/wp-content\/uploads\/2025\/08\/1860x880-compulsao-alimentar-o-que-e-sintomas-e-tratamentos-300x142.webp 300w, https:\/\/ojoaosanti.com\/saude\/wp-content\/uploads\/2025\/08\/1860x880-compulsao-alimentar-o-que-e-sintomas-e-tratamentos-768x363.webp 768w, https:\/\/ojoaosanti.com\/saude\/wp-content\/uploads\/2025\/08\/1860x880-compulsao-alimentar-o-que-e-sintomas-e-tratamentos-1536x727.webp 1536w, https:\/\/ojoaosanti.com\/saude\/wp-content\/uploads\/2025\/08\/1860x880-compulsao-alimentar-o-que-e-sintomas-e-tratamentos.webp 1860w\" sizes=\"(max-width: 800px) 100vw, 800px\" \/>                            <\/a>\n                                                    <\/div>\n                                        <div class=\"rkit-post-grid-body \">\n                                                                            <div class=\"rkit-post-grid-title-container\">\n                                <a class=\"rkit-post-grid-title\" href=\"https:\/\/ojoaosanti.com\/saude\/compulsao-alimentar-como-recuperar-o-controle-e-viver-com-mais-saude\/\">Compuls\u00e3o Alimentar: Como Recuperar o Controle e Viver com Mais Sa\u00fade<\/a>\n                            <\/div>\n                                                                                                    <div class=\"rkit-post-grid-content\">\n                                <p class=\"rkit-post-grid-paragraph\">&nbsp;Voc\u00ea n\u00e3o est\u00e1 sozinho Voc\u00ea j\u00e1 sentiu que perde o controle diante da comida? Que&hellip;                                <\/p>\n                            <\/div>\n                                                                                                    <div class=\"rkit-readmore-div\">\n                                <a class=\"rkit-readmore-btn\" type=\"button\" href=\"https:\/\/ojoaosanti.com\/saude\/compulsao-alimentar-como-recuperar-o-controle-e-viver-com-mais-saude\/\">\n                                                                        Ler Mais                                    <i aria-hidden=\"true\" class=\"rkit-icon-readmore rtmicon rtmicon-arrow-up-right\"><\/i>                                <\/a>\n                            <\/div>\n                                            <\/div>\n                <\/div>\n                <div class=\"rkit-post-grid-card  elementor-animation-\">\n                                            <div class=\"rkit-image-container\">\n                                                        <a class=\"rkit-image-link\" style=\"overflow: hidden;\" href=\"https:\/\/ojoaosanti.com\/saude\/alimentacao-saudavel-para-diabeticos-viva-melhor-com-o-que-voce-come\/\">\n                                <img decoding=\"async\" width=\"800\" height=\"534\" src=\"https:\/\/ojoaosanti.com\/saude\/wp-content\/uploads\/2025\/08\/diabete.webp\" class=\"rkit-post-grid-img wp-post-image\" alt=\"\" srcset=\"https:\/\/ojoaosanti.com\/saude\/wp-content\/uploads\/2025\/08\/diabete.webp 1000w, https:\/\/ojoaosanti.com\/saude\/wp-content\/uploads\/2025\/08\/diabete-300x200.webp 300w, https:\/\/ojoaosanti.com\/saude\/wp-content\/uploads\/2025\/08\/diabete-768x512.webp 768w\" sizes=\"(max-width: 800px) 100vw, 800px\" \/>                            <\/a>\n                                                    <\/div>\n                                        <div class=\"rkit-post-grid-body \">\n                                                                            <div class=\"rkit-post-grid-title-container\">\n                                <a class=\"rkit-post-grid-title\" href=\"https:\/\/ojoaosanti.com\/saude\/alimentacao-saudavel-para-diabeticos-viva-melhor-com-o-que-voce-come\/\">Alimenta\u00e7\u00e3o Saud\u00e1vel para Diab\u00e9ticos: Viva Melhor com o que Voc\u00ea Come<\/a>\n                            <\/div>\n                                                                                                    <div class=\"rkit-post-grid-content\">\n                                <p class=\"rkit-post-grid-paragraph\">Voc\u00ea recebeu o diagn\u00f3stico de diabetes e, de repente, tudo parece mais complicado: o que&hellip;                                <\/p>\n                            <\/div>\n                                                                                                    <div class=\"rkit-readmore-div\">\n                                <a class=\"rkit-readmore-btn\" type=\"button\" href=\"https:\/\/ojoaosanti.com\/saude\/alimentacao-saudavel-para-diabeticos-viva-melhor-com-o-que-voce-come\/\">\n                                                                        Ler Mais                                    <i aria-hidden=\"true\" class=\"rkit-icon-readmore rtmicon rtmicon-arrow-up-right\"><\/i>                                <\/a>\n                            <\/div>\n                                            <\/div>\n                <\/div>\n        <\/div>\n        \t\t\t\t<\/div>\n\t\t\t\t<\/div>\n\t\t\t\t\t<\/div>\n\t\t\t\t<\/div>\n\t\t<div class=\"elementor-element elementor-element-b687fea e-flex e-con-boxed e-con e-parent\" data-id=\"b687fea\" data-element_type=\"container\" data-e-type=\"container\">\n\t\t\t\t\t<div class=\"e-con-inner\">\n\t\t\t\t<div class=\"elementor-element elementor-element-82cbfeb elementor-widget__width-initial elementor-widget-tablet__width-inherit elementor-invisible elementor-widget elementor-widget-prime-slider-pagepiling\" data-id=\"82cbfeb\" data-element_type=\"widget\" data-e-type=\"widget\" data-settings=\"{&quot;_animation&quot;:&quot;fadeInLeft&quot;}\" data-widget_type=\"prime-slider-pagepiling.default\">\n\t\t\t\t\t\t\t<div class=\"bdt-pagepiling-slider\" data-settings=\"{&quot;scrollingSpeed&quot;:700,&quot;autoplay&quot;:false,&quot;autoplay_duration&quot;:1000,&quot;loopBottom&quot;:true,&quot;loopTop&quot;:true}\" id=\"bdt-82cbfeb\">\n\n\t\t\t\t\t\t\t\t    \n\t\t\t\t<div class=\"section elementor-repeater-item-0b4a2f4\" id=\"section-0b4a2f4\" style=\"background-image: url('');\">\n\n\t\t\t\t\t\t\t<div class=\"bdt-prime-slider-content\">\n\t\t\t<div data-bdt-slideshow-parallax=\"y: 150,0,-100; opacity: 1,1,0\">\n\t\t\t\t\t\t\t<\/div>\n\n\t\t\t\t\t\t\t<div class=\"bdt-sub-title\">\n\t\t\t\t\t<h4 class=\"bdt-sub-title-tag\" data-bdt-slideshow-parallax=\"y: 50,0,-50; opacity: 1,1,0\">\n\t\t\t\t\t\tRosa\t\t\t\t\t<\/h4>\n\t\t\t\t<\/div>\n\t\t\t\n\t\t\t\t\t\t\t<div class=\"bdt-main-title\">\n\t\t\t\t\t<h1 class=\"bdt-title-tag\"  data-bdt-slideshow-parallax=\"y: 50,0,-50; opacity: 1,1,0\">\n\t\t\t\t\t\t\t\t\t\t\t\t\t<span class=\"frist-word\">Diabetes<\/span> Controle de CHO\t\t\t\t\t\t\t\t\t\t\t\t<\/h1>\n\t\t\t\t<\/div>\n\t\t\t\n\t\t\t\t\t\t\t<div class=\"bdt-slider-excerpt\" data-bdt-slideshow-parallax=\"y: 100,0,-80; opacity: 1,1,0\">\n\t\t\t\t\t<p data-start=\"311\" data-end=\"469\"><strong>Antes<\/strong>: <em data-start=\"318\" data-end=\"377\">\u201cEu ficava perdida tentando contar carboidratos sozinha.\u201d<\/em><\/p>\n<p data-start=\"311\" data-end=\"469\"><br data-start=\"377\" data-end=\"380\" \/><strong>Depois<\/strong>: <em data-start=\"388\" data-end=\"467\">\u201cAgora a calculadora da plataforma me mostra tudo de forma simples e segura.\u201d<\/em><\/p>\t\t\t\t<\/div>\n\t\t\t\n\t\t\t<div data-bdt-slideshow-parallax=\"y: 150,0,-100; opacity: 1,1,0\">\n\t\t\t\t\n\t\t\t\t\t<\/div>\n\t\t<\/div>\n\n        \n\t\t\t\t\t<div class=\"bdt-ps-overlay\"><\/div>\n\t\t\t\t<\/div>\n\n\t\t\t\t\t\t\t\t    \n\t\t\t\t<div class=\"section elementor-repeater-item-1582a80\" id=\"section-1582a80\" style=\"background-image: url('');\">\n\n\t\t\t\t\t\t\t<div class=\"bdt-prime-slider-content\">\n\t\t\t<div data-bdt-slideshow-parallax=\"y: 150,0,-100; opacity: 1,1,0\">\n\t\t\t\t\t\t\t<\/div>\n\n\t\t\t\t\t\t\t<div class=\"bdt-sub-title\">\n\t\t\t\t\t<h4 class=\"bdt-sub-title-tag\" data-bdt-slideshow-parallax=\"y: 50,0,-50; opacity: 1,1,0\">\n\t\t\t\t\t\tNarcisa\t\t\t\t\t<\/h4>\n\t\t\t\t<\/div>\n\t\t\t\n\t\t\t\t\t\t\t<div class=\"bdt-main-title\">\n\t\t\t\t\t<h1 class=\"bdt-title-tag\"  data-bdt-slideshow-parallax=\"y: 50,0,-50; opacity: 1,1,0\">\n\t\t\t\t\t\t\t\t\t\t\t\t\t<span class=\"frist-word\">Emagrecimento<\/span> saud\u00e1vel\t\t\t\t\t\t\t\t\t\t\t\t<\/h1>\n\t\t\t\t<\/div>\n\t\t\t\n\t\t\t\t\t\t\t<div class=\"bdt-slider-excerpt\" data-bdt-slideshow-parallax=\"y: 100,0,-80; opacity: 1,1,0\">\n\t\t\t\t\t<p data-start=\"515\" data-end=\"657\"><strong>Antes<\/strong>: <em data-start=\"522\" data-end=\"571\">\u201cTentava dietas restritivas e desistia r\u00e1pido.\u201d<\/em><\/p>\n<p data-start=\"515\" data-end=\"657\"><br data-start=\"571\" data-end=\"574\" \/><strong>Depois<\/strong>: <em data-start=\"582\" data-end=\"655\">\u201cCom os card\u00e1pios da IA, consigo emagrecer sem culpa e com equil\u00edbrio.\u201d<\/em><\/p>\t\t\t\t<\/div>\n\t\t\t\n\t\t\t<div data-bdt-slideshow-parallax=\"y: 150,0,-100; opacity: 1,1,0\">\n\t\t\t\t\n\t\t\t\t\t<\/div>\n\t\t<\/div>\n\n        \n\t\t\t\t\t<div class=\"bdt-ps-overlay\"><\/div>\n\t\t\t\t<\/div>\n\n\t\t\t\t\t\t\t\t    \n\t\t\t\t<div class=\"section elementor-repeater-item-e02342f\" id=\"section-e02342f\" style=\"background-image: url('');\">\n\n\t\t\t\t\t\t\t<div class=\"bdt-prime-slider-content\">\n\t\t\t<div data-bdt-slideshow-parallax=\"y: 150,0,-100; opacity: 1,1,0\">\n\t\t\t\t\t\t\t<\/div>\n\n\t\t\t\t\t\t\t<div class=\"bdt-sub-title\">\n\t\t\t\t\t<h4 class=\"bdt-sub-title-tag\" data-bdt-slideshow-parallax=\"y: 50,0,-50; opacity: 1,1,0\">\n\t\t\t\t\t\tDaniel\t\t\t\t\t<\/h4>\n\t\t\t\t<\/div>\n\t\t\t\n\t\t\t\t\t\t\t<div class=\"bdt-main-title\">\n\t\t\t\t\t<h1 class=\"bdt-title-tag\"  data-bdt-slideshow-parallax=\"y: 50,0,-50; opacity: 1,1,0\">\n\t\t\t\t\t\t\t\t\t\t\t\t\t<span class=\"frist-word\">Rotina<\/span> corrida\t\t\t\t\t\t\t\t\t\t\t\t<\/h1>\n\t\t\t\t<\/div>\n\t\t\t\n\t\t\t\t\t\t\t<div class=\"bdt-slider-excerpt\" data-bdt-slideshow-parallax=\"y: 100,0,-80; opacity: 1,1,0\">\n\t\t\t\t\t<p data-start=\"695\" data-end=\"828\"><strong>Antes<\/strong>: <em data-start=\"702\" data-end=\"756\">\u201cEu n\u00e3o tinha tempo para planejar minhas refei\u00e7\u00f5es.\u201d<\/em><\/p>\n<p data-start=\"695\" data-end=\"828\"><br data-start=\"756\" data-end=\"759\" \/><strong>Depois<\/strong>: <em data-start=\"767\" data-end=\"826\">\u201cO gerador de card\u00e1pios resolve minha semana em minutos.\u201d<\/em><\/p>\t\t\t\t<\/div>\n\t\t\t\n\t\t\t<div data-bdt-slideshow-parallax=\"y: 150,0,-100; opacity: 1,1,0\">\n\t\t\t\t\n\t\t\t\t\t<\/div>\n\t\t<\/div>\n\n        \n\t\t\t\t\t<div class=\"bdt-ps-overlay\"><\/div>\n\t\t\t\t<\/div>\n\n\t\t\t\t\t\t\t\t    \n\t\t\t\t<div class=\"section elementor-repeater-item-5ba65b5\" id=\"section-5ba65b5\" style=\"background-image: url('');\">\n\n\t\t\t\t\t\t\t<div class=\"bdt-prime-slider-content\">\n\t\t\t<div data-bdt-slideshow-parallax=\"y: 150,0,-100; opacity: 1,1,0\">\n\t\t\t\t\t\t\t<\/div>\n\n\t\t\t\t\t\t\t<div class=\"bdt-sub-title\">\n\t\t\t\t\t<h4 class=\"bdt-sub-title-tag\" data-bdt-slideshow-parallax=\"y: 50,0,-50; opacity: 1,1,0\">\n\t\t\t\t\t\tCristina\t\t\t\t\t<\/h4>\n\t\t\t\t<\/div>\n\t\t\t\n\t\t\t\t\t\t\t<div class=\"bdt-main-title\">\n\t\t\t\t\t<h1 class=\"bdt-title-tag\"  data-bdt-slideshow-parallax=\"y: 50,0,-50; opacity: 1,1,0\">\n\t\t\t\t\t\t\t\t\t\t\t\t\t<span class=\"frist-word\">Bem-estar<\/span> geral\t\t\t\t\t\t\t\t\t\t\t\t<\/h1>\n\t\t\t\t<\/div>\n\t\t\t\n\t\t\t\t\t\t\t<div class=\"bdt-slider-excerpt\" data-bdt-slideshow-parallax=\"y: 100,0,-80; opacity: 1,1,0\">\n\t\t\t\t\t<p data-start=\"867\" data-end=\"1021\"><strong>Antes<\/strong>: <em data-start=\"874\" data-end=\"927\">\u201cSempre ficava em d\u00favida sobre o que era saud\u00e1vel.\u201d<\/em><\/p>\n<p data-start=\"867\" data-end=\"1021\"><br data-start=\"927\" data-end=\"930\" \/><strong>Depois<\/strong>: <em data-start=\"938\" data-end=\"1019\">\u201cHoje tenho orienta\u00e7\u00f5es confi\u00e1veis 24h, sem depender de consultas presenciais.\u201d<\/em><\/p>\t\t\t\t<\/div>\n\t\t\t\n\t\t\t<div data-bdt-slideshow-parallax=\"y: 150,0,-100; opacity: 1,1,0\">\n\t\t\t\t\n\t\t\t\t\t<\/div>\n\t\t<\/div>\n\n        \n\t\t\t\t\t<div class=\"bdt-ps-overlay\"><\/div>\n\t\t\t\t<\/div>\n\n\t\t\t\n\t\t\t\n\t\t<\/div>\n\t\t\t\t\t\t<\/div>\n\t\t<div class=\"elementor-element elementor-element-6a7ebc6 e-con-full e-flex e-con e-child\" data-id=\"6a7ebc6\" data-element_type=\"container\" data-e-type=\"container\">\n\t\t\t\t<div class=\"elementor-element elementor-element-52ba817 elementor-widget__width-initial elementor-widget-tablet__width-inherit elementor-invisible elementor-widget elementor-widget-heading\" data-id=\"52ba817\" data-element_type=\"widget\" data-e-type=\"widget\" data-settings=\"{&quot;_animation&quot;:&quot;fadeInRight&quot;,&quot;_animation_delay&quot;:100}\" data-widget_type=\"heading.default\">\n\t\t\t\t\t<h2 class=\"elementor-heading-title elementor-size-default\">Veja como a nutri\u00e7\u00e3o inteligente transforma vidas \u2014 uma refei\u00e7\u00e3o por vez.<\/h2>\t\t\t\t<\/div>\n\t\t\t\t<div class=\"elementor-element elementor-element-52df2ad elementor-widget__width-initial elementor-widget-tablet__width-inherit elementor-invisible elementor-widget elementor-widget-text-editor\" data-id=\"52df2ad\" data-element_type=\"widget\" data-e-type=\"widget\" data-settings=\"{&quot;_animation&quot;:&quot;fadeInRight&quot;,&quot;_animation_delay&quot;:100}\" data-widget_type=\"text-editor.default\">\n\t\t\t\t\t\t\t\t\t<p data-start=\"1190\" data-end=\"1434\">Nossos usu\u00e1rios n\u00e3o est\u00e3o apenas melhorando a alimenta\u00e7\u00e3o: est\u00e3o redescobrindo o prazer de comer bem, com apoio da IA e supervis\u00e3o profissional.<\/p>\t\t\t\t\t\t\t\t<\/div>\n\t\t\t\t<\/div>\n\t\t\t\t\t<\/div>\n\t\t\t\t<\/div>\n\t\t\t\t<\/div>\n\t\t","protected":false},"excerpt":{"rendered":"<p>Aprenda mais com nossos artigos Nosso Blog\u200b Leia artigos escritos por nutricionistas profissionais Alimente-se Como Voc\u00ea Merece: Um Caminho Real para Sa\u00fade Sustent\u00e1vel Voc\u00ea j\u00e1 se sentiu perdido ao tentar comer melhor? J\u00e1 pensou que alimenta\u00e7\u00e3o saud\u00e1vel \u00e9&hellip; Ler Mais Compuls\u00e3o Alimentar: Como Recuperar o Controle e Viver com Mais Sa\u00fade &nbsp;Voc\u00ea n\u00e3o est\u00e1 sozinho [&hellip;]<\/p>\n","protected":false},"author":1,"featured_media":0,"parent":0,"menu_order":0,"comment_status":"closed","ping_status":"closed","template":"elementor_header_footer","meta":{"footnotes":""},"class_list":["post-119","page","type-page","status-publish","hentry"],"_links":{"self":[{"href":"https:\/\/ojoaosanti.com\/saude\/wp-json\/wp\/v2\/pages\/119","targetHints":{"allow":["GET"]}}],"collection":[{"href":"https:\/\/ojoaosanti.com\/saude\/wp-json\/wp\/v2\/pages"}],"about":[{"href":"https:\/\/ojoaosanti.com\/saude\/wp-json\/wp\/v2\/types\/page"}],"author":[{"embeddable":true,"href":"https:\/\/ojoaosanti.com\/saude\/wp-json\/wp\/v2\/users\/1"}],"replies":[{"embeddable":true,"href":"https:\/\/ojoaosanti.com\/saude\/wp-json\/wp\/v2\/comments?post=119"}],"version-history":[{"count":47,"href":"https:\/\/ojoaosanti.com\/saude\/wp-json\/wp\/v2\/pages\/119\/revisions"}],"predecessor-version":[{"id":2371,"href":"https:\/\/ojoaosanti.com\/saude\/wp-json\/wp\/v2\/pages\/119\/revisions\/2371"}],"wp:attachment":[{"href":"https:\/\/ojoaosanti.com\/saude\/wp-json\/wp\/v2\/media?parent=119"}],"curies":[{"name":"wp","href":"https:\/\/api.w.org\/{rel}","templated":true}]}}