{"id":83,"date":"2025-08-23T15:31:13","date_gmt":"2025-08-23T15:31:13","guid":{"rendered":"https:\/\/ojoaosanti.com\/saude\/?page_id=83"},"modified":"2025-08-29T01:33:21","modified_gmt":"2025-08-29T01:33:21","slug":"sobre-nos","status":"publish","type":"page","link":"https:\/\/ojoaosanti.com\/saude\/en\/sobre-nos\/","title":{"rendered":"About Us"},"content":{"rendered":"<div data-elementor-type=\"wp-page\" data-elementor-id=\"83\" class=\"elementor elementor-83\" data-elementor-post-type=\"page\">\n\t\t\t\t<div class=\"elementor-element elementor-element-47edc2d e-flex e-con-boxed e-con e-parent\" data-id=\"47edc2d\" data-element_type=\"container\" data-e-type=\"container\" data-settings=\"{&quot;background_background&quot;:&quot;classic&quot;}\">\n\t\t\t\t\t<div class=\"e-con-inner\">\n\t\t\t\t<div class=\"elementor-element elementor-element-65d3f24 elementor-invisible elementor-widget elementor-widget-heading\" data-id=\"65d3f24\" data-element_type=\"widget\" data-e-type=\"widget\" data-settings=\"{&quot;_animation&quot;:&quot;fadeInUp&quot;}\" data-widget_type=\"heading.default\">\n\t\t\t\t\t<h2 class=\"elementor-heading-title elementor-size-default\">About Us<\/h2>\t\t\t\t<\/div>\n\t\t\t\t<div class=\"elementor-element elementor-element-d96e31f elementor-widget__width-initial elementor-widget-mobile__width-inherit elementor-widget-tablet__width-inherit elementor-invisible elementor-widget elementor-widget-heading\" data-id=\"d96e31f\" data-element_type=\"widget\" data-e-type=\"widget\" data-settings=\"{&quot;_animation&quot;:&quot;fadeInUp&quot;}\" data-widget_type=\"heading.default\">\n\t\t\t\t\t<h2 class=\"elementor-heading-title elementor-size-default\">Who is behind Nutri Li?<\/h2>\t\t\t\t<\/div>\n\t\t\t\t<div class=\"elementor-element elementor-element-3c45cf0 elementor-widget__width-initial elementor-widget-tablet__width-inherit elementor-invisible elementor-widget elementor-widget-text-editor\" data-id=\"3c45cf0\" data-element_type=\"widget\" data-e-type=\"widget\" data-settings=\"{&quot;_animation&quot;:&quot;fadeInUp&quot;}\" data-widget_type=\"text-editor.default\">\n\t\t\t\t\t\t\t\t\t<p>Learn more about our initiative that aims for better health for all, combining technology and accessibility for everyone.<\/p>\t\t\t\t\t\t\t\t<\/div>\n\t\t<div class=\"elementor-element elementor-element-c8b36c5 e-con-full elementor-hidden-mobile e-flex elementor-invisible e-con e-child\" data-id=\"c8b36c5\" data-element_type=\"container\" data-e-type=\"container\" data-settings=\"{&quot;animation&quot;:&quot;fadeInUp&quot;}\">\n\t\t<div class=\"elementor-element elementor-element-b9f3029 e-con-full e-flex e-con e-child\" data-id=\"b9f3029\" data-element_type=\"container\" data-e-type=\"container\">\n\t\t\t\t<div class=\"elementor-element elementor-element-4d7a5e7 elementor-widget elementor-widget-image\" data-id=\"4d7a5e7\" data-element_type=\"widget\" data-e-type=\"widget\" data-widget_type=\"image.default\">\n\t\t\t\t\t\t\t\t\t\t\t\t\t\t\t<img decoding=\"async\" src=\"https:\/\/ojoaosanti.com\/saude\/wp-content\/uploads\/elementor\/thumbs\/african-american-female-dietitian-holding-apple-an-2025-03-18-18-20-56-utc-ramvdz5xbc2pqnhnywfhk4jj42u8vdi3ms1cm0hktk.jpg\" title=\"african-american-female-dietitian-holding-apple-an-2025-03-18-18-20-56-utc.jpg\" alt=\"african-american-female-dietitian-holding-apple-an-2025-03-18-18-20-56-utc.jpg\" loading=\"lazy\" \/>\t\t\t\t\t\t\t\t\t\t\t\t\t\t\t<\/div>\n\t\t\t\t<div class=\"elementor-element elementor-element-20d393a elementor-widget elementor-widget-image\" data-id=\"20d393a\" data-element_type=\"widget\" data-e-type=\"widget\" data-widget_type=\"image.default\">\n\t\t\t\t\t\t\t\t\t\t\t\t\t\t\t<img decoding=\"async\" src=\"https:\/\/ojoaosanti.com\/saude\/wp-content\/uploads\/elementor\/thumbs\/attractive-european-nutrition-adviser-holding-oran-2025-03-18-18-13-04-utc-ramve1zfvu6kphdkifnd9ltww8gcigtan5zt1udeaw.jpg\" title=\"attractive-european-nutrition-adviser-holding-oran-2025-03-18-18-13-04-utc.jpg\" alt=\"attractive-european-nutrition-adviser-holding-oran-2025-03-18-18-13-04-utc.jpg\" loading=\"lazy\" \/>\t\t\t\t\t\t\t\t\t\t\t\t\t\t\t<\/div>\n\t\t\t\t<div class=\"elementor-element elementor-element-c52af75 elementor-widget elementor-widget-image\" data-id=\"c52af75\" data-element_type=\"widget\" data-e-type=\"widget\" data-widget_type=\"image.default\">\n\t\t\t\t\t\t\t\t\t\t\t\t\t\t\t<img decoding=\"async\" src=\"https:\/\/ojoaosanti.com\/saude\/wp-content\/uploads\/elementor\/thumbs\/beautiful-young-european-woman-dietologist-wearing-2025-03-18-16-45-30-utc-ramve3v49i95cpau7ggmelcu3072xv0rbfas0ealyg.jpg\" title=\"beautiful-young-european-woman-dietologist-wearing-2025-03-18-16-45-30-utc.jpg\" alt=\"beautiful-young-european-woman-dietologist-wearing-2025-03-18-16-45-30-utc.jpg\" loading=\"lazy\" \/>\t\t\t\t\t\t\t\t\t\t\t\t\t\t\t<\/div>\n\t\t\t\t<\/div>\n\t\t\t\t<div class=\"elementor-element elementor-element-a48e3c8 elementor-widget__width-initial elementor-widget elementor-widget-text-editor\" data-id=\"a48e3c8\" data-element_type=\"widget\" data-e-type=\"widget\" data-widget_type=\"text-editor.default\">\n\t\t\t\t\t\t\t\t\t<p>Recommended by Professionals<\/p>\t\t\t\t\t\t\t\t<\/div>\n\t\t\t\t<\/div>\n\t\t\t\t\t<\/div>\n\t\t\t\t<\/div>\n\t\t<div class=\"elementor-element elementor-element-495a888a e-flex e-con-boxed e-con e-parent\" data-id=\"495a888a\" data-element_type=\"container\" data-e-type=\"container\">\n\t\t\t\t\t<div class=\"e-con-inner\">\n\t\t<div class=\"elementor-element elementor-element-398e3bcf e-con-full e-flex elementor-invisible e-con e-child\" data-id=\"398e3bcf\" data-element_type=\"container\" data-e-type=\"container\" data-settings=\"{&quot;background_background&quot;:&quot;classic&quot;,&quot;animation&quot;:&quot;fadeInLeft&quot;}\">\n\t\t\t\t<\/div>\n\t\t<div class=\"elementor-element elementor-element-63c7b24 e-con-full e-flex e-con e-child\" data-id=\"63c7b24\" data-element_type=\"container\" data-e-type=\"container\">\n\t\t\t\t<div class=\"elementor-element elementor-element-59300286 elementor-widget__width-initial elementor-widget-tablet__width-inherit elementor-invisible elementor-widget elementor-widget-heading\" data-id=\"59300286\" data-element_type=\"widget\" data-e-type=\"widget\" data-settings=\"{&quot;_animation&quot;:&quot;fadeInRight&quot;,&quot;_animation_delay&quot;:100}\" data-widget_type=\"heading.default\">\n\t\t\t\t\t<h2 class=\"elementor-heading-title elementor-size-default\">Combining science, technology, and human care to transform your health.<\/h2>\t\t\t\t<\/div>\n\t\t\t\t<div class=\"elementor-element elementor-element-3b5b80d5 elementor-widget__width-initial elementor-widget-tablet__width-inherit elementor-invisible elementor-widget elementor-widget-text-editor\" data-id=\"3b5b80d5\" data-element_type=\"widget\" data-e-type=\"widget\" data-settings=\"{&quot;_animation&quot;:&quot;fadeInRight&quot;,&quot;_animation_delay&quot;:100}\" data-widget_type=\"text-editor.default\">\n\t\t\t\t\t\t\t\t\t<p data-start=\"469\" data-end=\"764\">At Nutri Li, we believe that every person deserves a tailor-made nutrition plan \u2014 because no two bodies are alike. Our mission is to simplify access to health and well-being, using smart technology to offer science-based guidance, but always with a human touch.<\/p><p data-start=\"766\" data-end=\"1102\">With expertise in clinical nutrition and a passion for helping people achieve more energy, balance, and quality of life, our team combines scientific knowledge with cutting-edge digital tools. The result? Personalized plans that fit your routine and help you achieve real and lasting results.<\/p>\t\t\t\t\t\t\t\t<\/div>\n\t\t\t\t<div class=\"elementor-element elementor-element-53e23f1 elementor-mobile-align-center elementor-widget elementor-widget-button\" data-id=\"53e23f1\" data-element_type=\"widget\" data-e-type=\"widget\" data-widget_type=\"button.default\">\n\t\t\t\t\t\t\t\t\t\t<a class=\"elementor-button elementor-button-link elementor-size-sm\" href=\"#\">\n\t\t\t\t\t\t<span class=\"elementor-button-content-wrapper\">\n\t\t\t\t\t\t\t\t\t<span class=\"elementor-button-text\">Subscribe Now<\/span>\n\t\t\t\t\t<\/span>\n\t\t\t\t\t<\/a>\n\t\t\t\t\t\t\t\t<\/div>\n\t\t\t\t<\/div>\n\t\t\t\t\t<\/div>\n\t\t\t\t<\/div>\n\t\t<div class=\"elementor-element elementor-element-cb52d39 e-flex e-con-boxed e-con e-parent\" data-id=\"cb52d39\" data-element_type=\"container\" data-e-type=\"container\">\n\t\t\t\t\t<div class=\"e-con-inner\">\n\t\t\t\t<div class=\"elementor-element elementor-element-f1b28d2 elementor-invisible elementor-widget elementor-widget-heading\" data-id=\"f1b28d2\" data-element_type=\"widget\" data-e-type=\"widget\" data-settings=\"{&quot;_animation&quot;:&quot;fadeInUp&quot;}\" data-widget_type=\"heading.default\">\n\t\t\t\t\t<h2 class=\"elementor-heading-title elementor-size-default\">Nutri Li AI<\/h2>\t\t\t\t<\/div>\n\t\t\t\t<div class=\"elementor-element elementor-element-d51013d elementor-widget__width-initial elementor-widget-mobile__width-inherit elementor-invisible elementor-widget elementor-widget-rkit_advanced_heading\" data-id=\"d51013d\" data-element_type=\"widget\" data-e-type=\"widget\" data-settings=\"{&quot;_animation&quot;:&quot;fadeInUp&quot;,&quot;_animation_delay&quot;:100}\" data-widget_type=\"rkit_advanced_heading.default\">\n\t\t\t\t<div class=\"elementor-widget-container\">\n\t\t\t\t\t<div class=\"rkit-advanced-heading-wrapper\" ><h1 class=\"rkit-advanced-heading\"><span class=\"text-container\"><span class=\"text\">We simplify nutrition with technology and human care. <\/span><\/span><span class=\"headline-container\"><span class=\"headline-text\"> IA e ci\u00eancia unidas para orienta\u00e7\u00f5es seguras e pr\u00e1ticas, sem restri\u00e7\u00f5es.<\/span><\/span><\/h1><\/div>\t\t\t\t<\/div>\n\t\t\t\t<\/div>\n\t\t\t\t<div class=\"elementor-element elementor-element-62b5168 elementor-widget__width-initial elementor-widget-mobile__width-inherit elementor-invisible elementor-widget elementor-widget-rkit_image_gallery\" data-id=\"62b5168\" data-element_type=\"widget\" data-e-type=\"widget\" data-settings=\"{&quot;_animation&quot;:&quot;fadeInRight&quot;,&quot;_animation_delay&quot;:200}\" data-widget_type=\"rkit_image_gallery.default\">\n\t\t\t\t<div class=\"elementor-widget-container\">\n\t\t\t\t\t\n        <div class=\"rkit-gallery-masonry-container\">\n            <div class=\"rkit-gallery-masonry grid\">\n                                    <div class=\"brick\">\n                        <div class=\"skeleton\"><\/div>\n                                                    <img decoding=\"async\" src=\"https:\/\/ojoaosanti.com\/saude\/wp-content\/uploads\/2025\/08\/LI-1.webp\"\n                                class=\"gallery_image  elementor-animation-grow\"\n                                alt=\"Gallery Image\"\n                                loading=\"lazy\"><\/img>\n                                                <\/div>\n                \n            <\/div>\n        <\/div>\n\n\t\t\t\t<\/div>\n\t\t\t\t<\/div>\n\t\t\t\t\t<\/div>\n\t\t\t\t<\/div>\n\t\t<div class=\"elementor-element elementor-element-cb2b649 e-flex e-con-boxed e-con e-parent\" data-id=\"cb2b649\" data-element_type=\"container\" data-e-type=\"container\">\n\t\t\t\t\t<div class=\"e-con-inner\">\n\t\t<div class=\"elementor-element elementor-element-4c5cefc5 e-con-full e-flex e-con e-child\" data-id=\"4c5cefc5\" data-element_type=\"container\" data-e-type=\"container\">\n\t\t\t\t<div class=\"elementor-element elementor-element-1e9dd5a8 elementor-invisible elementor-widget elementor-widget-heading\" data-id=\"1e9dd5a8\" data-element_type=\"widget\" data-e-type=\"widget\" data-settings=\"{&quot;_animation&quot;:&quot;fadeInLeft&quot;}\" data-widget_type=\"heading.default\">\n\t\t\t\t\t<h2 class=\"elementor-heading-title elementor-size-default\">Intelligent support for every goal.<\/h2>\t\t\t\t<\/div>\n\t\t\t\t<div class=\"elementor-element elementor-element-71aee2ab elementor-widget__width-initial elementor-widget-mobile__width-inherit elementor-invisible elementor-widget elementor-widget-text-editor\" data-id=\"71aee2ab\" data-element_type=\"widget\" data-e-type=\"widget\" data-settings=\"{&quot;_animation&quot;:&quot;fadeInRight&quot;,&quot;_animation_delay&quot;:100}\" data-widget_type=\"text-editor.default\">\n\t\t\t\t\t\t\t\t\t<p data-start=\"1127\" data-end=\"1246\">We create customized solutions with AI support and technical supervision.<\/p>\t\t\t\t\t\t\t\t<\/div>\n\t\t\t\t<\/div>\n\t\t<div class=\"elementor-element elementor-element-535c1b43 e-con-full e-flex e-con e-child\" data-id=\"535c1b43\" data-element_type=\"container\" data-e-type=\"container\">\n\t\t\t\t<div class=\"elementor-element elementor-element-48387c16 elementor-widget__width-initial elementor-widget-mobile__width-inherit elementor-invisible elementor-widget elementor-widget-icon-box\" data-id=\"48387c16\" data-element_type=\"widget\" data-e-type=\"widget\" data-settings=\"{&quot;_animation&quot;:&quot;fadeInRight&quot;}\" data-widget_type=\"icon-box.default\">\n\t\t\t\t\t\t\t<div class=\"elementor-icon-box-wrapper\">\n\n\t\t\t\n\t\t\t\t\t\t<div class=\"elementor-icon-box-content\">\n\n\t\t\t\t\t\t\t\t\t<h3 class=\"elementor-icon-box-title\">\n\t\t\t\t\t\t<span  >\n\t\t\t\t\t\t\tNutritional Control\t\t\t\t\t\t<\/span>\n\t\t\t\t\t<\/h3>\n\t\t\t\t\n\t\t\t\t\t\t\t\t\t<p class=\"elementor-icon-box-description\">\n\t\t\t\t\t\tTrack carbohydrates and calories accurately in just a few clicks.\t\t\t\t\t<\/p>\n\t\t\t\t\n\t\t\t<\/div>\n\t\t\t\n\t\t<\/div>\n\t\t\t\t\t\t<\/div>\n\t\t\t\t<div class=\"elementor-element elementor-element-47427577 elementor-widget__width-initial elementor-widget-mobile__width-inherit elementor-widget elementor-widget-rkit_image_gallery\" data-id=\"47427577\" data-element_type=\"widget\" data-e-type=\"widget\" data-widget_type=\"rkit_image_gallery.default\">\n\t\t\t\t<div class=\"elementor-widget-container\">\n\t\t\t\t\t\n        <div class=\"rkit-gallery-masonry-container\">\n            <div class=\"rkit-gallery-masonry grid\">\n                                    <div class=\"brick\">\n                        <div class=\"skeleton\"><\/div>\n                                                    <img decoding=\"async\" src=\"https:\/\/ojoaosanti.com\/saude\/wp-content\/uploads\/2025\/08\/hero-1-scaled.jpg\"\n                                class=\"gallery_image  elementor-animation-grow\"\n                                alt=\"Gallery Image\"\n                                loading=\"lazy\"><\/img>\n                                                <\/div>\n                \n            <\/div>\n        <\/div>\n\n\t\t\t\t<\/div>\n\t\t\t\t<\/div>\n\t\t\t\t<div class=\"elementor-element elementor-element-606934d4 elementor-widget__width-initial elementor-widget-mobile__width-inherit elementor-invisible elementor-widget elementor-widget-icon-box\" data-id=\"606934d4\" data-element_type=\"widget\" data-e-type=\"widget\" data-settings=\"{&quot;_animation&quot;:&quot;fadeInRight&quot;,&quot;_animation_delay&quot;:100}\" data-widget_type=\"icon-box.default\">\n\t\t\t\t\t\t\t<div class=\"elementor-icon-box-wrapper\">\n\n\t\t\t\n\t\t\t\t\t\t<div class=\"elementor-icon-box-content\">\n\n\t\t\t\t\t\t\t\t\t<h3 class=\"elementor-icon-box-title\">\n\t\t\t\t\t\t<span  >\n\t\t\t\t\t\t\tContinuous Support\t\t\t\t\t\t<\/span>\n\t\t\t\t\t<\/h3>\n\t\t\t\t\n\t\t\t\t\t\t\t\t\t<p class=\"elementor-icon-box-description\">\n\t\t\t\t\t\tHumanized support is always available to answer your questions.\t\t\t\t\t<\/p>\n\t\t\t\t\n\t\t\t<\/div>\n\t\t\t\n\t\t<\/div>\n\t\t\t\t\t\t<\/div>\n\t\t\t\t<div class=\"elementor-element elementor-element-26dd03a6 elementor-widget__width-initial elementor-widget-mobile__width-inherit elementor-widget elementor-widget-rkit_image_gallery\" data-id=\"26dd03a6\" data-element_type=\"widget\" data-e-type=\"widget\" data-widget_type=\"rkit_image_gallery.default\">\n\t\t\t\t<div class=\"elementor-widget-container\">\n\t\t\t\t\t\n        <div class=\"rkit-gallery-masonry-container\">\n            <div class=\"rkit-gallery-masonry grid\">\n                                    <div class=\"brick\">\n                        <div class=\"skeleton\"><\/div>\n                                                    <img decoding=\"async\" src=\"https:\/\/ojoaosanti.com\/saude\/wp-content\/uploads\/2025\/08\/hero-2.jpg\"\n                                class=\"gallery_image  elementor-animation-grow\"\n                                alt=\"Gallery Image\"\n                                loading=\"lazy\"><\/img>\n                                                <\/div>\n                \n            <\/div>\n        <\/div>\n\n\t\t\t\t<\/div>\n\t\t\t\t<\/div>\n\t\t\t\t<\/div>\n\t\t\t\t\t<\/div>\n\t\t\t\t<\/div>\n\t\t<div class=\"elementor-element elementor-element-ef232f5 e-flex e-con-boxed e-con e-parent\" data-id=\"ef232f5\" data-element_type=\"container\" data-e-type=\"container\">\n\t\t\t\t\t<div class=\"e-con-inner\">\n\t\t\t\t<div class=\"elementor-element elementor-element-2dc7774 elementor-widget__width-initial elementor-widget-tablet__width-inherit elementor-invisible elementor-widget elementor-widget-prime-slider-pagepiling\" data-id=\"2dc7774\" data-element_type=\"widget\" data-e-type=\"widget\" data-settings=\"{&quot;_animation&quot;:&quot;fadeInLeft&quot;}\" data-widget_type=\"prime-slider-pagepiling.default\">\n\t\t\t\t\t\t\t<div class=\"bdt-pagepiling-slider\" data-settings=\"{&quot;scrollingSpeed&quot;:700,&quot;autoplay&quot;:false,&quot;autoplay_duration&quot;:1000,&quot;loopBottom&quot;:true,&quot;loopTop&quot;:true}\" id=\"bdt-2dc7774\">\n\n\t\t\t\t\t\t\t\t    \n\t\t\t\t<div class=\"section elementor-repeater-item-0b4a2f4\" id=\"section-0b4a2f4\" style=\"background-image: url('');\">\n\n\t\t\t\t\t\t\t<div class=\"bdt-prime-slider-content\">\n\t\t\t<div data-bdt-slideshow-parallax=\"y: 150,0,-100; opacity: 1,1,0\">\n\t\t\t\t\t\t\t<\/div>\n\n\t\t\t\t\t\t\t<div class=\"bdt-sub-title\">\n\t\t\t\t\t<h4 class=\"bdt-sub-title-tag\" data-bdt-slideshow-parallax=\"y: 50,0,-50; opacity: 1,1,0\">\n\t\t\t\t\t\tRosa\t\t\t\t\t<\/h4>\n\t\t\t\t<\/div>\n\t\t\t\n\t\t\t\t\t\t\t<div class=\"bdt-main-title\">\n\t\t\t\t\t<h1 class=\"bdt-title-tag\"  data-bdt-slideshow-parallax=\"y: 50,0,-50; opacity: 1,1,0\">\n\t\t\t\t\t\t\t\t\t\t\t\t\t<span class=\"frist-word\">Diabetes<\/span> CHO control\t\t\t\t\t\t\t\t\t\t\t\t<\/h1>\n\t\t\t\t<\/div>\n\t\t\t\n\t\t\t\t\t\t\t<div class=\"bdt-slider-excerpt\" data-bdt-slideshow-parallax=\"y: 100,0,-80; opacity: 1,1,0\">\n\t\t\t\t\t<p data-start=\"311\" data-end=\"469\"><strong>Before<\/strong>: <em data-start=\"318\" data-end=\"377\">\"I was lost trying to count carbohydrates on my own.\"<\/em><\/p><p data-start=\"311\" data-end=\"469\"><br data-start=\"377\" data-end=\"380\" \/><strong>After<\/strong>: <em data-start=\"388\" data-end=\"467\">\"Now the platform's calculator shows me everything in a simple and secure way.\"<\/em><\/p>\t\t\t\t<\/div>\n\t\t\t\n\t\t\t<div data-bdt-slideshow-parallax=\"y: 150,0,-100; opacity: 1,1,0\">\n\t\t\t\t\n\t\t\t\t\t<\/div>\n\t\t<\/div>\n\n        \n\t\t\t\t\t<div class=\"bdt-ps-overlay\"><\/div>\n\t\t\t\t<\/div>\n\n\t\t\t\t\t\t\t\t    \n\t\t\t\t<div class=\"section elementor-repeater-item-1582a80\" id=\"section-1582a80\" style=\"background-image: url('');\">\n\n\t\t\t\t\t\t\t<div class=\"bdt-prime-slider-content\">\n\t\t\t<div data-bdt-slideshow-parallax=\"y: 150,0,-100; opacity: 1,1,0\">\n\t\t\t\t\t\t\t<\/div>\n\n\t\t\t\t\t\t\t<div class=\"bdt-sub-title\">\n\t\t\t\t\t<h4 class=\"bdt-sub-title-tag\" data-bdt-slideshow-parallax=\"y: 50,0,-50; opacity: 1,1,0\">\n\t\t\t\t\t\tdaffodil\t\t\t\t\t<\/h4>\n\t\t\t\t<\/div>\n\t\t\t\n\t\t\t\t\t\t\t<div class=\"bdt-main-title\">\n\t\t\t\t\t<h1 class=\"bdt-title-tag\"  data-bdt-slideshow-parallax=\"y: 50,0,-50; opacity: 1,1,0\">\n\t\t\t\t\t\t\t\t\t\t\t\t\t<span class=\"frist-word\">Weight loss<\/span> healthy\t\t\t\t\t\t\t\t\t\t\t\t<\/h1>\n\t\t\t\t<\/div>\n\t\t\t\n\t\t\t\t\t\t\t<div class=\"bdt-slider-excerpt\" data-bdt-slideshow-parallax=\"y: 100,0,-80; opacity: 1,1,0\">\n\t\t\t\t\t<p data-start=\"515\" data-end=\"657\"><strong>Before<\/strong>: <em data-start=\"522\" data-end=\"571\">\"I would try restrictive diets and give up quickly.\"<\/em><\/p><p data-start=\"515\" data-end=\"657\"><br data-start=\"571\" data-end=\"574\" \/><strong>After<\/strong>: <em data-start=\"582\" data-end=\"655\">\"With AI-powered meal plans, I can lose weight guilt-free and in a balanced way.\"<\/em><\/p>\t\t\t\t<\/div>\n\t\t\t\n\t\t\t<div data-bdt-slideshow-parallax=\"y: 150,0,-100; opacity: 1,1,0\">\n\t\t\t\t\n\t\t\t\t\t<\/div>\n\t\t<\/div>\n\n        \n\t\t\t\t\t<div class=\"bdt-ps-overlay\"><\/div>\n\t\t\t\t<\/div>\n\n\t\t\t\t\t\t\t\t    \n\t\t\t\t<div class=\"section elementor-repeater-item-e02342f\" id=\"section-e02342f\" style=\"background-image: url('');\">\n\n\t\t\t\t\t\t\t<div class=\"bdt-prime-slider-content\">\n\t\t\t<div data-bdt-slideshow-parallax=\"y: 150,0,-100; opacity: 1,1,0\">\n\t\t\t\t\t\t\t<\/div>\n\n\t\t\t\t\t\t\t<div class=\"bdt-sub-title\">\n\t\t\t\t\t<h4 class=\"bdt-sub-title-tag\" data-bdt-slideshow-parallax=\"y: 50,0,-50; opacity: 1,1,0\">\n\t\t\t\t\t\tDaniel\t\t\t\t\t<\/h4>\n\t\t\t\t<\/div>\n\t\t\t\n\t\t\t\t\t\t\t<div class=\"bdt-main-title\">\n\t\t\t\t\t<h1 class=\"bdt-title-tag\"  data-bdt-slideshow-parallax=\"y: 50,0,-50; opacity: 1,1,0\">\n\t\t\t\t\t\t\t\t\t\t\t\t\t<span class=\"frist-word\">Routine<\/span> race\t\t\t\t\t\t\t\t\t\t\t\t<\/h1>\n\t\t\t\t<\/div>\n\t\t\t\n\t\t\t\t\t\t\t<div class=\"bdt-slider-excerpt\" data-bdt-slideshow-parallax=\"y: 100,0,-80; opacity: 1,1,0\">\n\t\t\t\t\t<p data-start=\"695\" data-end=\"828\"><strong>Before<\/strong>: <em data-start=\"702\" data-end=\"756\">\"I didn't have time to plan my meals.\"<\/em><\/p><p data-start=\"695\" data-end=\"828\"><br data-start=\"756\" data-end=\"759\" \/><strong>After<\/strong>: <em data-start=\"767\" data-end=\"826\">\"The meal plan generator solves my weekly problems in minutes.\"<\/em><\/p>\t\t\t\t<\/div>\n\t\t\t\n\t\t\t<div data-bdt-slideshow-parallax=\"y: 150,0,-100; opacity: 1,1,0\">\n\t\t\t\t\n\t\t\t\t\t<\/div>\n\t\t<\/div>\n\n        \n\t\t\t\t\t<div class=\"bdt-ps-overlay\"><\/div>\n\t\t\t\t<\/div>\n\n\t\t\t\t\t\t\t\t    \n\t\t\t\t<div class=\"section elementor-repeater-item-5ba65b5\" id=\"section-5ba65b5\" style=\"background-image: url('');\">\n\n\t\t\t\t\t\t\t<div class=\"bdt-prime-slider-content\">\n\t\t\t<div data-bdt-slideshow-parallax=\"y: 150,0,-100; opacity: 1,1,0\">\n\t\t\t\t\t\t\t<\/div>\n\n\t\t\t\t\t\t\t<div class=\"bdt-sub-title\">\n\t\t\t\t\t<h4 class=\"bdt-sub-title-tag\" data-bdt-slideshow-parallax=\"y: 50,0,-50; opacity: 1,1,0\">\n\t\t\t\t\t\tCristina\t\t\t\t\t<\/h4>\n\t\t\t\t<\/div>\n\t\t\t\n\t\t\t\t\t\t\t<div class=\"bdt-main-title\">\n\t\t\t\t\t<h1 class=\"bdt-title-tag\"  data-bdt-slideshow-parallax=\"y: 50,0,-50; opacity: 1,1,0\">\n\t\t\t\t\t\t\t\t\t\t\t\t\t<span class=\"frist-word\">Well-being<\/span> general\t\t\t\t\t\t\t\t\t\t\t\t<\/h1>\n\t\t\t\t<\/div>\n\t\t\t\n\t\t\t\t\t\t\t<div class=\"bdt-slider-excerpt\" data-bdt-slideshow-parallax=\"y: 100,0,-80; opacity: 1,1,0\">\n\t\t\t\t\t<p data-start=\"867\" data-end=\"1021\"><strong>Before<\/strong>: <em data-start=\"874\" data-end=\"927\">\"I was always unsure about what was healthy.\"<\/em><\/p><p data-start=\"867\" data-end=\"1021\"><br data-start=\"927\" data-end=\"930\" \/><strong>After<\/strong>: <em data-start=\"938\" data-end=\"1019\">\"Today I have reliable guidance available 24\/7, without needing to rely on in-person consultations.\"<\/em><\/p>\t\t\t\t<\/div>\n\t\t\t\n\t\t\t<div data-bdt-slideshow-parallax=\"y: 150,0,-100; opacity: 1,1,0\">\n\t\t\t\t\n\t\t\t\t\t<\/div>\n\t\t<\/div>\n\n        \n\t\t\t\t\t<div class=\"bdt-ps-overlay\"><\/div>\n\t\t\t\t<\/div>\n\n\t\t\t\n\t\t\t\n\t\t<\/div>\n\t\t\t\t\t\t<\/div>\n\t\t<div class=\"elementor-element elementor-element-d3c2322 e-con-full e-flex e-con e-child\" data-id=\"d3c2322\" data-element_type=\"container\" data-e-type=\"container\">\n\t\t\t\t<div class=\"elementor-element elementor-element-96ee3ad elementor-widget__width-initial elementor-widget-tablet__width-inherit elementor-invisible elementor-widget elementor-widget-heading\" data-id=\"96ee3ad\" data-element_type=\"widget\" data-e-type=\"widget\" data-settings=\"{&quot;_animation&quot;:&quot;fadeInRight&quot;,&quot;_animation_delay&quot;:100}\" data-widget_type=\"heading.default\">\n\t\t\t\t\t<h2 class=\"elementor-heading-title elementor-size-default\">See how smart nutrition transforms lives \u2014 one meal at a time.<\/h2>\t\t\t\t<\/div>\n\t\t\t\t<div class=\"elementor-element elementor-element-2d3476d elementor-widget__width-initial elementor-widget-tablet__width-inherit elementor-invisible elementor-widget elementor-widget-text-editor\" data-id=\"2d3476d\" data-element_type=\"widget\" data-e-type=\"widget\" data-settings=\"{&quot;_animation&quot;:&quot;fadeInRight&quot;,&quot;_animation_delay&quot;:100}\" data-widget_type=\"text-editor.default\">\n\t\t\t\t\t\t\t\t\t<p data-start=\"1190\" data-end=\"1434\">Our users are not just improving their diet: they are rediscovering the pleasure of eating well, with the support of AI and professional supervision.<\/p>\t\t\t\t\t\t\t\t<\/div>\n\t\t\t\t<\/div>\n\t\t\t\t\t<\/div>\n\t\t\t\t<\/div>\n\t\t\t\t<\/div>","protected":false},"excerpt":{"rendered":"<p>Sobre N\u00f3s Quem Est\u00e1 Por Tr\u00e1s da Nutri Li\u200b Conhe\u00e7a mais sobre nossa iniciativa que visa mais sa\u00fade para todos, unindo tecnologia e acessibilidade para todos. Recomendado por Profissionais Unindo ci\u00eancia, tecnologia e cuidado humano para transformar sua sa\u00fade. Na Nutri Li, acreditamos que cada pessoa merece um plano de nutri\u00e7\u00e3o feito sob medida \u2014 [&hellip;]<\/p>","protected":false},"author":1,"featured_media":0,"parent":0,"menu_order":0,"comment_status":"closed","ping_status":"closed","template":"elementor_header_footer","meta":{"footnotes":""},"class_list":["post-83","page","type-page","status-publish","hentry"],"_links":{"self":[{"href":"https:\/\/ojoaosanti.com\/saude\/en\/wp-json\/wp\/v2\/pages\/83","targetHints":{"allow":["GET"]}}],"collection":[{"href":"https:\/\/ojoaosanti.com\/saude\/en\/wp-json\/wp\/v2\/pages"}],"about":[{"href":"https:\/\/ojoaosanti.com\/saude\/en\/wp-json\/wp\/v2\/types\/page"}],"author":[{"embeddable":true,"href":"https:\/\/ojoaosanti.com\/saude\/en\/wp-json\/wp\/v2\/users\/1"}],"replies":[{"embeddable":true,"href":"https:\/\/ojoaosanti.com\/saude\/en\/wp-json\/wp\/v2\/comments?post=83"}],"version-history":[{"count":106,"href":"https:\/\/ojoaosanti.com\/saude\/en\/wp-json\/wp\/v2\/pages\/83\/revisions"}],"predecessor-version":[{"id":1431,"href":"https:\/\/ojoaosanti.com\/saude\/en\/wp-json\/wp\/v2\/pages\/83\/revisions\/1431"}],"wp:attachment":[{"href":"https:\/\/ojoaosanti.com\/saude\/en\/wp-json\/wp\/v2\/media?parent=83"}],"curies":[{"name":"wp","href":"https:\/\/api.w.org\/{rel}","templated":true}]}}