{"id":2532,"date":"2025-04-03T06:30:01","date_gmt":"2025-04-03T06:30:01","guid":{"rendered":"https:\/\/ojoaosanti.com\/pediatria\/?page_id=2532"},"modified":"2025-04-03T06:56:26","modified_gmt":"2025-04-03T06:56:26","slug":"calculadora-de-soro-de-manutencao","status":"publish","type":"page","link":"https:\/\/ojoaosanti.com\/pediatria\/calculadora-de-soro-de-manutencao\/","title":{"rendered":"Calculadora de Soro de Manuten\u00e7\u00e3o"},"content":{"rendered":"\t\t<div data-elementor-type=\"wp-page\" data-elementor-id=\"2532\" class=\"elementor elementor-2532\" data-elementor-post-type=\"page\">\n\t\t\t\t<div class=\"elementor-element elementor-element-35cf4df e-flex e-con-boxed wpr-particle-no wpr-jarallax-no wpr-parallax-no wpr-sticky-section-no wpr-equal-height-no e-con e-parent\" data-id=\"35cf4df\" data-element_type=\"container\" data-e-type=\"container\" data-settings=\"{&quot;background_background&quot;:&quot;classic&quot;}\">\n\t\t\t\t\t<div class=\"e-con-inner\">\n\t\t\t\t<div class=\"elementor-element elementor-element-5e2bc93 elementor-widget elementor-widget-heading\" data-id=\"5e2bc93\" data-element_type=\"widget\" data-e-type=\"widget\" data-widget_type=\"heading.default\">\n\t\t\t\t<div class=\"elementor-widget-container\">\n\t\t\t\t\t<h1 class=\"elementor-heading-title elementor-size-default\">Calculadora de Soro de Manuten\u00e7\u00e3o<\/h1>\t\t\t\t<\/div>\n\t\t\t\t<\/div>\n\t\t\t\t<div class=\"elementor-element elementor-element-8a8001c elementor-align-center elementor-widget elementor-widget-button\" data-id=\"8a8001c\" data-element_type=\"widget\" data-e-type=\"widget\" data-widget_type=\"button.default\">\n\t\t\t\t<div class=\"elementor-widget-container\">\n\t\t\t\t\t\t\t\t\t<div class=\"elementor-button-wrapper\">\n\t\t\t\t\t<a class=\"elementor-button elementor-size-sm\" role=\"button\">\n\t\t\t\t\t\t<span class=\"elementor-button-content-wrapper\">\n\t\t\t\t\t\t\t\t\t<span class=\"elementor-button-text\">Regra de Holliday-Segar, isot\u00f4nica e hipot\u00f4nica. <\/span>\n\t\t\t\t\t<\/span>\n\t\t\t\t\t<\/a>\n\t\t\t\t<\/div>\n\t\t\t\t\t\t\t\t<\/div>\n\t\t\t\t<\/div>\n\t\t\t\t\t<\/div>\n\t\t\t\t<\/div>\n\t\t<div class=\"elementor-element elementor-element-9fa161e e-flex e-con-boxed wpr-particle-no wpr-jarallax-no wpr-parallax-no wpr-sticky-section-no wpr-equal-height-no e-con e-parent\" data-id=\"9fa161e\" data-element_type=\"container\" data-e-type=\"container\" data-settings=\"{&quot;background_background&quot;:&quot;classic&quot;}\">\n\t\t\t\t\t<div class=\"e-con-inner\">\n\t\t\t\t<div class=\"elementor-element elementor-element-064986f elementor-widget elementor-widget-html\" data-id=\"064986f\" data-element_type=\"widget\" data-e-type=\"widget\" data-widget_type=\"html.default\">\n\t\t\t\t<div class=\"elementor-widget-container\">\n\t\t\t\t\t<div class=\"calculadora-soro\">\r\n    <label for=\"peso\">Peso (kg):<\/label>\r\n    <input type=\"number\" id=\"peso\" placeholder=\"Digite o peso\">\r\n\r\n    <label for=\"tipoSoro\">Escolha o tipo de soro:<\/label>\r\n    <select id=\"tipoSoro\">\r\n        <option value=\"isotonico\">Soro Isot\u00f4nico<\/option>\r\n        <option value=\"hipotonico\">Soro Hipot\u00f4nico<\/option>\r\n    <\/select>\r\n\r\n    <button onclick=\"calcularSoro()\">Calcular<\/button>\r\n\r\n    <p id=\"resultado\"><\/p>\r\n<\/div>\r\n\t\t\t\t<\/div>\n\t\t\t\t<\/div>\n\t\t\t\t\t<\/div>\n\t\t\t\t<\/div>\n\t\t<div class=\"elementor-element elementor-element-0954bb2 e-flex e-con-boxed wpr-particle-no wpr-jarallax-no wpr-parallax-no wpr-sticky-section-no wpr-equal-height-no e-con e-parent\" data-id=\"0954bb2\" data-element_type=\"container\" data-e-type=\"container\">\n\t\t\t\t\t<div class=\"e-con-inner\">\n\t\t\t\t<div class=\"elementor-element elementor-element-158c778 elementor-widget elementor-widget-html\" data-id=\"158c778\" data-element_type=\"widget\" data-e-type=\"widget\" data-widget_type=\"html.default\">\n\t\t\t\t<div class=\"elementor-widget-container\">\n\t\t\t\t\t<script>\r\nfunction calcularSoro() {\r\n    let peso = document.getElementById(\"peso\").value;\r\n    let tipoSoro = document.getElementById(\"tipoSoro\").value;\r\n    \r\n    if (peso <= 0 || isNaN(peso)) {\r\n        document.getElementById(\"resultado\").innerHTML = \"Insira um peso v\u00e1lido!\";\r\n        return;\r\n    }\r\n\r\n    let volume;\r\n    \r\n    if (tipoSoro === \"isotonico\") {\r\n        volume = peso * 100;  \/\/ F\u00f3rmula para soro isot\u00f4nico\r\n    } else {\r\n        volume = peso * 80;   \/\/ F\u00f3rmula para soro hipot\u00f4nico (exemplo, ajuste conforme necess\u00e1rio)\r\n    }\r\n\r\n    document.getElementById(\"resultado\").innerHTML = \r\n        \"Volume de \" + (tipoSoro === \"isotonico\" ? \"Soro Isot\u00f4nico\" : \"Soro Hipot\u00f4nico\") +\r\n        \": \" + volume + \" ml\/dia.\";\r\n}\r\n<\/script>\r\n\t\t\t\t<\/div>\n\t\t\t\t<\/div>\n\t\t\t\t\t<\/div>\n\t\t\t\t<\/div>\n\t\t\t\t<\/div>\n\t\t","protected":false},"excerpt":{"rendered":"<p>Calculadora de Soro de Manuten\u00e7\u00e3o Regra de Holliday-Segar, isot\u00f4nica e hipot\u00f4nica. Peso (kg): Escolha o tipo de soro: Soro Isot\u00f4nicoSoro Hipot\u00f4nico Calcular<\/p>\n","protected":false},"author":1,"featured_media":0,"parent":0,"menu_order":0,"comment_status":"closed","ping_status":"closed","template":"elementor_header_footer","meta":{"footnotes":""},"class_list":["post-2532","page","type-page","status-publish","hentry"],"_links":{"self":[{"href":"https:\/\/ojoaosanti.com\/pediatria\/wp-json\/wp\/v2\/pages\/2532","targetHints":{"allow":["GET"]}}],"collection":[{"href":"https:\/\/ojoaosanti.com\/pediatria\/wp-json\/wp\/v2\/pages"}],"about":[{"href":"https:\/\/ojoaosanti.com\/pediatria\/wp-json\/wp\/v2\/types\/page"}],"author":[{"embeddable":true,"href":"https:\/\/ojoaosanti.com\/pediatria\/wp-json\/wp\/v2\/users\/1"}],"replies":[{"embeddable":true,"href":"https:\/\/ojoaosanti.com\/pediatria\/wp-json\/wp\/v2\/comments?post=2532"}],"version-history":[{"count":0,"href":"https:\/\/ojoaosanti.com\/pediatria\/wp-json\/wp\/v2\/pages\/2532\/revisions"}],"wp:attachment":[{"href":"https:\/\/ojoaosanti.com\/pediatria\/wp-json\/wp\/v2\/media?parent=2532"}],"curies":[{"name":"wp","href":"https:\/\/api.w.org\/{rel}","templated":true}]}}