{"id":4246,"date":"2025-05-11T09:20:58","date_gmt":"2025-05-11T09:20:58","guid":{"rendered":"https:\/\/ojoaosanti.com\/florescere\/?page_id=4246"},"modified":"2025-05-13T20:05:04","modified_gmt":"2025-05-13T20:05:04","slug":"ebooks","status":"publish","type":"page","link":"https:\/\/ojoaosanti.com\/florescere\/ebooks\/","title":{"rendered":"Ebooks"},"content":{"rendered":"\t\t<div data-elementor-type=\"wp-page\" data-elementor-id=\"4246\" class=\"elementor elementor-4246\" data-elementor-post-type=\"page\">\n\t\t\t\t<div class=\"elementor-element elementor-element-f4e1882 e-con-full e-flex e-con e-parent\" data-id=\"f4e1882\" data-element_type=\"container\">\n\t\t<div class=\"elementor-element elementor-element-43b95f3 e-con-full e-flex e-con e-child\" data-id=\"43b95f3\" data-element_type=\"container\" data-settings=\"{&quot;background_background&quot;:&quot;classic&quot;}\">\n\t\t<div class=\"elementor-element elementor-element-213ecb2 e-con-full e-flex e-con e-child\" data-id=\"213ecb2\" data-element_type=\"container\">\n\t\t\t\t<div class=\"elementor-element elementor-element-1b6c56f elementor-widget elementor-widget-heading\" data-id=\"1b6c56f\" data-element_type=\"widget\" data-widget_type=\"heading.default\">\n\t\t\t\t<div class=\"elementor-widget-container\">\n\t\t\t\t\t<h2 class=\"elementor-heading-title elementor-size-default\">|<\/h2>\t\t\t\t<\/div>\n\t\t\t\t<\/div>\n\t\t\t\t<div class=\"elementor-element elementor-element-2d70c22 elementor-widget elementor-widget-heading\" data-id=\"2d70c22\" data-element_type=\"widget\" data-widget_type=\"heading.default\">\n\t\t\t\t<div class=\"elementor-widget-container\">\n\t\t\t\t\t<h2 class=\"elementor-heading-title elementor-size-default\">Ebooks<\/h2>\t\t\t\t<\/div>\n\t\t\t\t<\/div>\n\t\t\t\t<\/div>\n\t\t\t\t<div class=\"elementor-element elementor-element-542690c elementor-widget__width-initial elementor-widget-mobile__width-inherit elementor-widget elementor-widget-text-editor\" data-id=\"542690c\" data-element_type=\"widget\" data-widget_type=\"text-editor.default\">\n\t\t\t\t<div class=\"elementor-widget-container\">\n\t\t\t\t\t\t\t\t\t<p>Explore a biblioteca exclusiva do Florescere Premium. Nossos eBooks foram criados para acompanhar voc\u00ea em cada passo da sua jornada de autocuidado, inspira\u00e7\u00e3o e transforma\u00e7\u00e3o pessoal.\u00a0<\/p>\t\t\t\t\t\t\t\t<\/div>\n\t\t\t\t<\/div>\n\t\t\t\t<\/div>\n\t\t\t\t<\/div>\n\t\t<div class=\"elementor-element elementor-element-6f482e0 textoanimado2 e-con-full e-flex e-con e-parent\" data-id=\"6f482e0\" data-element_type=\"container\" data-settings=\"{&quot;background_background&quot;:&quot;classic&quot;}\">\n\t\t\t\t<div class=\"elementor-element elementor-element-d05aa50 textoanimado elementor-widget elementor-widget-heading\" data-id=\"d05aa50\" data-element_type=\"widget\" data-widget_type=\"heading.default\">\n\t\t\t\t<div class=\"elementor-widget-container\">\n\t\t\t\t\t<h2 class=\"elementor-heading-title elementor-size-default\">CLIQUE PARA BAIXAR \u2022 EBOOKS \u2022 CLIQUE PARA BAIXAR \u2022 EBOOKS \u2022 CLIQUE PARA BAIXAR \u2022 EBOOKS \u2022 CLIQUE PARA BAIXAR \u2022 EBOOKS \u2022 CLIQUE PARA BAIXAR \u2022 EBOOKS \u2022 CLIQUE PARA BAIXAR \u2022 EBOOKS \u2022 CLIQUE PARA BAIXAR \u2022 EBOOKS \u2022 CLIQUE PARA BAIXAR \u2022 EBOOKS \u2022 CLIQUE PARA BAIXAR \u2022 EBOOKS \u2022 <\/h2>\t\t\t\t<\/div>\n\t\t\t\t<\/div>\n\t\t\t\t<\/div>\n\t\t<div class=\"elementor-element elementor-element-4928b15 e-con-full e-flex e-con e-parent\" data-id=\"4928b15\" data-element_type=\"container\" data-settings=\"{&quot;background_background&quot;:&quot;gradient&quot;}\">\n\t\t<div class=\"elementor-element elementor-element-9e02bad e-grid e-con-full e-con e-child\" data-id=\"9e02bad\" data-element_type=\"container\">\n\t\t<div class=\"elementor-element elementor-element-daa6dac e-flex e-con-boxed e-con e-child\" data-id=\"daa6dac\" data-element_type=\"container\" data-settings=\"{&quot;background_background&quot;:&quot;classic&quot;}\">\n\t\t\t\t\t<div class=\"e-con-inner\">\n\t\t\t\t<div class=\"elementor-element elementor-element-dff52d3 elementor-widget__width-initial elementor-widget elementor-widget-htmega-scrollimage-addons\" data-id=\"dff52d3\" data-element_type=\"widget\" data-widget_type=\"htmega-scrollimage-addons.default\">\n\t\t\t\t<div class=\"elementor-widget-container\">\n\t\t\t\t\t            <a href=\"https:\/\/ojoaosanti.com\/florescere\/mp-files\/o-poder-do-agora-eckhart-tolle.pdf\/\" >\n                <div class=\"ht-scroll-image\">\n                                        <div class=\"ht-scroll-image-wrapper\">\n                        <div class=\"thumb\" style=\"background-image: url(https:\/\/ojoaosanti.com\/florescere\/wp-content\/uploads\/2025\/05\/capa-ebook.jpg);\" >\n                                                <\/div>\n                    <\/div>\n                <\/div>                        \n            <\/a>                    \n        \t\t\t\t<\/div>\n\t\t\t\t<\/div>\n\t\t\t\t<div class=\"elementor-element elementor-element-49058e9 elementor-widget elementor-widget-heading\" data-id=\"49058e9\" data-element_type=\"widget\" data-widget_type=\"heading.default\">\n\t\t\t\t<div class=\"elementor-widget-container\">\n\t\t\t\t\t<h2 class=\"elementor-heading-title elementor-size-default\">O Poder do Agora<\/h2>\t\t\t\t<\/div>\n\t\t\t\t<\/div>\n\t\t\t\t\t<\/div>\n\t\t\t\t<\/div>\n\t\t<div class=\"elementor-element elementor-element-c615271 e-con-full e-flex e-con e-child\" data-id=\"c615271\" data-element_type=\"container\" data-settings=\"{&quot;background_background&quot;:&quot;classic&quot;}\">\n\t\t\t\t<div class=\"elementor-element elementor-element-c9a2ef9 elementor-widget__width-initial elementor-widget elementor-widget-htmega-scrollimage-addons\" data-id=\"c9a2ef9\" data-element_type=\"widget\" data-widget_type=\"htmega-scrollimage-addons.default\">\n\t\t\t\t<div class=\"elementor-widget-container\">\n\t\t\t\t\t            <a href=\"https:\/\/ojoaosanti.com\/florescere\/mp-files\/o-poder-do-agora-eckhart-tolle.pdf\/\" >\n                <div class=\"ht-scroll-image\">\n                                        <div class=\"ht-scroll-image-wrapper\">\n                        <div class=\"thumb\" style=\"background-image: url(https:\/\/ojoaosanti.com\/florescere\/wp-content\/uploads\/2025\/05\/capa-ebook.jpg);\" >\n                                                <\/div>\n                    <\/div>\n                <\/div>                        \n            <\/a>                    \n        \t\t\t\t<\/div>\n\t\t\t\t<\/div>\n\t\t\t\t<div class=\"elementor-element elementor-element-29dda04 elementor-widget elementor-widget-heading\" data-id=\"29dda04\" data-element_type=\"widget\" data-widget_type=\"heading.default\">\n\t\t\t\t<div class=\"elementor-widget-container\">\n\t\t\t\t\t<h2 class=\"elementor-heading-title elementor-size-default\">O Poder do Agora<\/h2>\t\t\t\t<\/div>\n\t\t\t\t<\/div>\n\t\t\t\t<\/div>\n\t\t<div class=\"elementor-element elementor-element-a47016d e-con-full e-flex e-con e-child\" data-id=\"a47016d\" data-element_type=\"container\" data-settings=\"{&quot;background_background&quot;:&quot;classic&quot;}\">\n\t\t\t\t<div class=\"elementor-element elementor-element-0856649 elementor-widget__width-initial elementor-widget elementor-widget-htmega-scrollimage-addons\" data-id=\"0856649\" data-element_type=\"widget\" data-widget_type=\"htmega-scrollimage-addons.default\">\n\t\t\t\t<div class=\"elementor-widget-container\">\n\t\t\t\t\t            <a href=\"https:\/\/ojoaosanti.com\/florescere\/mp-files\/o-poder-do-agora-eckhart-tolle.pdf\/\" >\n                <div class=\"ht-scroll-image\">\n                                        <div class=\"ht-scroll-image-wrapper\">\n                        <div class=\"thumb\" style=\"background-image: url(https:\/\/ojoaosanti.com\/florescere\/wp-content\/uploads\/2025\/05\/capa-ebook.jpg);\" >\n                                                <\/div>\n                    <\/div>\n                <\/div>                        \n            <\/a>                    \n        \t\t\t\t<\/div>\n\t\t\t\t<\/div>\n\t\t\t\t<div class=\"elementor-element elementor-element-840e3e5 elementor-widget elementor-widget-heading\" data-id=\"840e3e5\" data-element_type=\"widget\" data-widget_type=\"heading.default\">\n\t\t\t\t<div class=\"elementor-widget-container\">\n\t\t\t\t\t<h2 class=\"elementor-heading-title elementor-size-default\">O Poder do Agora<\/h2>\t\t\t\t<\/div>\n\t\t\t\t<\/div>\n\t\t\t\t<\/div>\n\t\t<div class=\"elementor-element elementor-element-bd49b57 e-con-full e-flex e-con e-child\" data-id=\"bd49b57\" data-element_type=\"container\" data-settings=\"{&quot;background_background&quot;:&quot;classic&quot;}\">\n\t\t\t\t<div class=\"elementor-element elementor-element-9e02894 elementor-widget__width-initial elementor-widget elementor-widget-htmega-scrollimage-addons\" data-id=\"9e02894\" data-element_type=\"widget\" data-widget_type=\"htmega-scrollimage-addons.default\">\n\t\t\t\t<div class=\"elementor-widget-container\">\n\t\t\t\t\t            <a href=\"https:\/\/ojoaosanti.com\/florescere\/mp-files\/o-poder-do-agora-eckhart-tolle.pdf\/\" >\n                <div class=\"ht-scroll-image\">\n                                        <div class=\"ht-scroll-image-wrapper\">\n                        <div class=\"thumb\" style=\"background-image: url(https:\/\/ojoaosanti.com\/florescere\/wp-content\/uploads\/2025\/05\/capa-ebook.jpg);\" >\n                                                <\/div>\n                    <\/div>\n                <\/div>                        \n            <\/a>                    \n        \t\t\t\t<\/div>\n\t\t\t\t<\/div>\n\t\t\t\t<div class=\"elementor-element elementor-element-7142faa elementor-widget elementor-widget-heading\" data-id=\"7142faa\" data-element_type=\"widget\" data-widget_type=\"heading.default\">\n\t\t\t\t<div class=\"elementor-widget-container\">\n\t\t\t\t\t<h2 class=\"elementor-heading-title elementor-size-default\">O Poder do Agora<\/h2>\t\t\t\t<\/div>\n\t\t\t\t<\/div>\n\t\t\t\t<\/div>\n\t\t<div class=\"elementor-element elementor-element-01783c3 e-con-full e-flex e-con e-child\" data-id=\"01783c3\" data-element_type=\"container\" data-settings=\"{&quot;background_background&quot;:&quot;classic&quot;}\">\n\t\t\t\t<div class=\"elementor-element elementor-element-c8da574 elementor-widget__width-initial elementor-widget elementor-widget-htmega-scrollimage-addons\" data-id=\"c8da574\" data-element_type=\"widget\" data-widget_type=\"htmega-scrollimage-addons.default\">\n\t\t\t\t<div class=\"elementor-widget-container\">\n\t\t\t\t\t            <a href=\"https:\/\/ojoaosanti.com\/florescere\/mp-files\/o-poder-do-agora-eckhart-tolle.pdf\/\" >\n                <div class=\"ht-scroll-image\">\n                                        <div class=\"ht-scroll-image-wrapper\">\n                        <div class=\"thumb\" style=\"background-image: url(https:\/\/ojoaosanti.com\/florescere\/wp-content\/uploads\/2025\/05\/capa-ebook.jpg);\" >\n                                                <\/div>\n                    <\/div>\n                <\/div>                        \n            <\/a>                    \n        \t\t\t\t<\/div>\n\t\t\t\t<\/div>\n\t\t\t\t<div class=\"elementor-element elementor-element-87bf749 elementor-widget elementor-widget-heading\" data-id=\"87bf749\" data-element_type=\"widget\" data-widget_type=\"heading.default\">\n\t\t\t\t<div class=\"elementor-widget-container\">\n\t\t\t\t\t<h2 class=\"elementor-heading-title elementor-size-default\">O Poder do Agora<\/h2>\t\t\t\t<\/div>\n\t\t\t\t<\/div>\n\t\t\t\t<\/div>\n\t\t<div class=\"elementor-element elementor-element-ddf5083 e-con-full e-flex e-con e-child\" data-id=\"ddf5083\" data-element_type=\"container\" data-settings=\"{&quot;background_background&quot;:&quot;classic&quot;}\">\n\t\t\t\t<div class=\"elementor-element elementor-element-105a6b1 elementor-widget__width-initial elementor-widget elementor-widget-htmega-scrollimage-addons\" data-id=\"105a6b1\" data-element_type=\"widget\" data-widget_type=\"htmega-scrollimage-addons.default\">\n\t\t\t\t<div class=\"elementor-widget-container\">\n\t\t\t\t\t            <a href=\"https:\/\/ojoaosanti.com\/florescere\/mp-files\/o-poder-do-agora-eckhart-tolle.pdf\/\" >\n                <div class=\"ht-scroll-image\">\n                                        <div class=\"ht-scroll-image-wrapper\">\n                        <div class=\"thumb\" style=\"background-image: url(https:\/\/ojoaosanti.com\/florescere\/wp-content\/uploads\/2025\/05\/capa-ebook.jpg);\" >\n                                                <\/div>\n                    <\/div>\n                <\/div>                        \n            <\/a>                    \n        \t\t\t\t<\/div>\n\t\t\t\t<\/div>\n\t\t\t\t<div class=\"elementor-element elementor-element-4f5cc50 elementor-widget elementor-widget-heading\" data-id=\"4f5cc50\" data-element_type=\"widget\" data-widget_type=\"heading.default\">\n\t\t\t\t<div class=\"elementor-widget-container\">\n\t\t\t\t\t<h2 class=\"elementor-heading-title elementor-size-default\">O Poder do Agora<\/h2>\t\t\t\t<\/div>\n\t\t\t\t<\/div>\n\t\t\t\t<\/div>\n\t\t\t\t<\/div>\n\t\t<div class=\"elementor-element elementor-element-8c19739 e-flex e-con-boxed e-con e-child\" data-id=\"8c19739\" data-element_type=\"container\">\n\t\t\t\t\t<div class=\"e-con-inner\">\n\t\t\t\t<div class=\"elementor-element elementor-element-e7cdb3f elementor-align-right elementor-fixed elementor-invisible elementor-widget elementor-widget-button\" data-id=\"e7cdb3f\" data-element_type=\"widget\" data-settings=\"{&quot;_position&quot;:&quot;fixed&quot;,&quot;_animation&quot;:&quot;zoomIn&quot;,&quot;_animation_delay&quot;:4000}\" data-widget_type=\"button.default\">\n\t\t\t\t<div class=\"elementor-widget-container\">\n\t\t\t\t\t\t\t\t\t<div class=\"elementor-button-wrapper\">\n\t\t\t\t\t<a class=\"elementor-button elementor-button-link elementor-size-sm\" href=\"https:\/\/ojoaosanti.com\/florescere\/area-de-assinantes\/\">\n\t\t\t\t\t\t<span class=\"elementor-button-content-wrapper\">\n\t\t\t\t\t\t<span class=\"elementor-button-icon\">\n\t\t\t\t<svg aria-hidden=\"true\" class=\"e-font-icon-svg e-fas-backward\" viewBox=\"0 0 512 512\" xmlns=\"http:\/\/www.w3.org\/2000\/svg\"><path d=\"M11.5 280.6l192 160c20.6 17.2 52.5 2.8 52.5-24.6V96c0-27.4-31.9-41.8-52.5-24.6l-192 160c-15.3 12.8-15.3 36.4 0 49.2zm256 0l192 160c20.6 17.2 52.5 2.8 52.5-24.6V96c0-27.4-31.9-41.8-52.5-24.6l-192 160c-15.3 12.8-15.3 36.4 0 49.2z\"><\/path><\/svg>\t\t\t<\/span>\n\t\t\t\t\t\t\t\t<\/span>\n\t\t\t\t\t<\/a>\n\t\t\t\t<\/div>\n\t\t\t\t\t\t\t\t<\/div>\n\t\t\t\t<\/div>\n\t\t\t\t\t<\/div>\n\t\t\t\t<\/div>\n\t\t\t\t<\/div>\n\t\t\t\t<\/div>\n\t\t","protected":false},"excerpt":{"rendered":"<p>| Ebooks Explore a biblioteca exclusiva do Florescere Premium. Nossos eBooks foram criados para acompanhar voc\u00ea em cada passo da sua jornada de autocuidado, inspira\u00e7\u00e3o e transforma\u00e7\u00e3o pessoal.\u00a0 CLIQUE PARA BAIXAR \u2022 EBOOKS \u2022 CLIQUE PARA BAIXAR \u2022 EBOOKS \u2022 CLIQUE PARA BAIXAR \u2022 EBOOKS \u2022 CLIQUE PARA BAIXAR \u2022 EBOOKS \u2022 CLIQUE PARA BAIXAR [&hellip;]<\/p>\n","protected":false},"author":1,"featured_media":0,"parent":0,"menu_order":0,"comment_status":"closed","ping_status":"closed","template":"elementor_header_footer","meta":{"footnotes":""},"class_list":["post-4246","page","type-page","status-publish","hentry"],"_links":{"self":[{"href":"https:\/\/ojoaosanti.com\/florescere\/wp-json\/wp\/v2\/pages\/4246","targetHints":{"allow":["GET"]}}],"collection":[{"href":"https:\/\/ojoaosanti.com\/florescere\/wp-json\/wp\/v2\/pages"}],"about":[{"href":"https:\/\/ojoaosanti.com\/florescere\/wp-json\/wp\/v2\/types\/page"}],"author":[{"embeddable":true,"href":"https:\/\/ojoaosanti.com\/florescere\/wp-json\/wp\/v2\/users\/1"}],"replies":[{"embeddable":true,"href":"https:\/\/ojoaosanti.com\/florescere\/wp-json\/wp\/v2\/comments?post=4246"}],"version-history":[{"count":0,"href":"https:\/\/ojoaosanti.com\/florescere\/wp-json\/wp\/v2\/pages\/4246\/revisions"}],"wp:attachment":[{"href":"https:\/\/ojoaosanti.com\/florescere\/wp-json\/wp\/v2\/media?parent=4246"}],"curies":[{"name":"wp","href":"https:\/\/api.w.org\/{rel}","templated":true}]}}