{"id":6168,"date":"2025-05-28T10:55:19","date_gmt":"2025-05-28T13:55:19","guid":{"rendered":"https:\/\/ojoaosanti.com\/?page_id=6168"},"modified":"2025-12-16T17:17:08","modified_gmt":"2025-12-16T20:17:08","slug":"form-7-2","status":"publish","type":"page","link":"https:\/\/ojoaosanti.com\/es\/form-7-2\/","title":{"rendered":"FORM #9"},"content":{"rendered":"<div data-elementor-type=\"wp-page\" data-elementor-id=\"6168\" class=\"elementor elementor-6168\" data-elementor-settings=\"{&quot;ha_cmc_init_switcher&quot;:&quot;no&quot;}\" data-elementor-post-type=\"page\">\n\t\t\t\t<div class=\"elementor-element elementor-element-ab22ee6 e-flex e-con-boxed e-con e-parent\" data-id=\"ab22ee6\" data-element_type=\"container\" data-e-type=\"container\" data-settings=\"{&quot;background_background&quot;:&quot;gradient&quot;,&quot;_ha_eqh_enable&quot;:false}\">\n\t\t\t\t\t<div class=\"e-con-inner\">\n\t\t<div class=\"elementor-element elementor-element-28b9beb e-con-full e-flex e-con e-child\" data-id=\"28b9beb\" data-element_type=\"container\" data-e-type=\"container\" data-settings=\"{&quot;_ha_eqh_enable&quot;:false}\">\n\t\t\t\t<div class=\"elementor-element elementor-element-b681a66 elementor-invisible elementor-widget elementor-widget-heading\" data-id=\"b681a66\" data-element_type=\"widget\" data-e-type=\"widget\" data-settings=\"{&quot;_animation&quot;:&quot;fadeIn&quot;}\" data-widget_type=\"heading.default\">\n\t\t\t\t<div class=\"elementor-widget-container\">\n\t\t\t\t\t<h2 class=\"elementor-heading-title elementor-size-default\">8\/13<\/h2>\t\t\t\t<\/div>\n\t\t\t\t<\/div>\n\t\t\t\t<div class=\"elementor-element elementor-element-c7e790b elementor-invisible elementor-widget elementor-widget-progress\" data-id=\"c7e790b\" data-element_type=\"widget\" data-e-type=\"widget\" data-settings=\"{&quot;_animation&quot;:&quot;fadeIn&quot;}\" data-widget_type=\"progress.default\">\n\t\t\t\t<div class=\"elementor-widget-container\">\n\t\t\t\t\t\n\t\t<div class=\"elementor-progress-wrapper\" role=\"progressbar\" aria-valuemin=\"0\" aria-valuemax=\"100\" aria-valuenow=\"55\">\n\t\t\t<div class=\"elementor-progress-bar\" data-max=\"55\">\n\t\t\t\t<span class=\"elementor-progress-text\"><\/span>\n\t\t\t\t\t\t\t<\/div>\n\t\t<\/div>\n\t\t\t\t\t\t<\/div>\n\t\t\t\t<\/div>\n\t\t\t\t<div class=\"elementor-element elementor-element-29eb5ab animated-slow titulo-cores elementor-invisible elementor-widget elementor-widget-heading\" data-id=\"29eb5ab\" data-element_type=\"widget\" data-e-type=\"widget\" data-settings=\"{&quot;_animation&quot;:&quot;fadeIn&quot;}\" data-widget_type=\"heading.default\">\n\t\t\t\t<div class=\"elementor-widget-container\">\n\t\t\t\t\t<h2 class=\"elementor-heading-title elementor-size-default\">\u00bfCu\u00e1les ser\u00e1n las p\u00e1ginas desarrolladas en este proyecto?\n<\/h2>\t\t\t\t<\/div>\n\t\t\t\t<\/div>\n\t\t\t\t<div class=\"elementor-element elementor-element-cb74064 animated-slow elementor-invisible elementor-widget elementor-widget-heading\" data-id=\"cb74064\" data-element_type=\"widget\" data-e-type=\"widget\" data-settings=\"{&quot;_animation&quot;:&quot;fadeIn&quot;}\" data-widget_type=\"heading.default\">\n\t\t\t\t<div class=\"elementor-widget-container\">\n\t\t\t\t\t<h2 class=\"elementor-heading-title elementor-size-default\"><b>Enumere abajo<\/b> las p\u00e1ginas que le gustar\u00eda que hubiera en su nuevo sitio web.<\/h2>\t\t\t\t<\/div>\n\t\t\t\t<\/div>\n\t\t\t\t<div class=\"elementor-element elementor-element-466ce34 elementor-widget__width-initial animated-slow elementor-button-align-stretch elementor-invisible elementor-widget elementor-widget-form\" data-id=\"466ce34\" data-element_type=\"widget\" data-e-type=\"widget\" data-settings=\"{&quot;step_next_label&quot;:&quot;Next&quot;,&quot;step_previous_label&quot;:&quot;Previous&quot;,&quot;step_type&quot;:&quot;none&quot;,&quot;step_icon_shape&quot;:&quot;none&quot;,&quot;_animation&quot;:&quot;fadeIn&quot;,&quot;button_width&quot;:&quot;100&quot;}\" data-widget_type=\"form.default\">\n\t\t\t\t<div class=\"elementor-widget-container\">\n\t\t\t\t\t\t\t<form class=\"elementor-form\" method=\"post\" id=\"paginas\" name=\"paginas\" aria-label=\"paginas\" action=\"\">\n\t\t\t<input type=\"hidden\" name=\"post_id\" value=\"6168\"\/>\n\t\t\t<input type=\"hidden\" name=\"form_id\" value=\"466ce34\"\/>\n\t\t\t<input type=\"hidden\" name=\"referer_title\" value=\"FORM #9 - Webdesign Site F\u00e1cil\" \/>\n\n\t\t\t\t\t\t\t<input type=\"hidden\" name=\"queried_id\" value=\"6168\"\/>\n\t\t\t\n\t\t\t<div class=\"elementor-form-fields-wrapper elementor-labels-\">\n\t\t\t\t\t\t\t\t<div class=\"elementor-field-type-textarea elementor-field-group elementor-column elementor-field-group-paginas elementor-col-100 elementor-sm-100 elementor-field-required\">\n\t\t\t\t\t<textarea class=\"elementor-field-textual elementor-field  elementor-size-sm\" name=\"form_fields[paginas]\" id=\"form-field-paginas\" rows=\"5\" placeholder=\"Ex: Inicio, Sobre Nosotros, Pol\u00edtica de Privacidad...\" required=\"required\"><\/textarea>\t\t\t\t<\/div>\n\t\t\t\t\t\t\t\t<div class=\"elementor-field-group elementor-column elementor-field-type-submit elementor-col-100 e-form__buttons\">\n\t\t\t\t\t<button class=\"elementor-button elementor-size-sm\" type=\"submit\">\n\t\t\t\t\t\t<span class=\"elementor-button-content-wrapper\">\n\t\t\t\t\t\t\t\t\t\t\t\t\t\t\t\t\t\t\t\t\t\t<span class=\"elementor-button-text\">CONTINUAR<\/span>\n\t\t\t\t\t\t\t\t\t\t\t\t\t<\/span>\n\t\t\t\t\t<\/button>\n\t\t\t\t<\/div>\n\t\t\t<\/div>\n\t\t<input type=\"hidden\" name=\"trp-form-language\" value=\"es\"\/><\/form>\n\t\t\t\t\t\t<\/div>\n\t\t\t\t<\/div>\n\t\t\t\t<div class=\"elementor-element elementor-element-68f0adc animated-slow elementor-invisible elementor-widget elementor-widget-heading\" data-id=\"68f0adc\" data-element_type=\"widget\" data-e-type=\"widget\" data-settings=\"{&quot;_animation&quot;:&quot;fadeInDown&quot;,&quot;_animation_delay&quot;:1300}\" data-widget_type=\"heading.default\">\n\t\t\t\t<div class=\"elementor-widget-container\">\n\t\t\t\t\t<h2 class=\"elementor-heading-title elementor-size-default\">Haga clic en <b>continua<\/b>.<\/h2>\t\t\t\t<\/div>\n\t\t\t\t<\/div>\n\t\t\t\t<\/div>\n\t\t\t\t\t<\/div>\n\t\t\t\t<\/div>\n\t\t<div class=\"elementor-element elementor-element-c1f0c47 e-flex e-con-boxed e-con e-parent\" data-id=\"c1f0c47\" data-element_type=\"container\" data-e-type=\"container\" data-settings=\"{&quot;_ha_eqh_enable&quot;:false}\">\n\t\t\t\t\t<div class=\"e-con-inner\">\n\t\t\t\t<div class=\"elementor-element elementor-element-f948ef5 elementor-widget elementor-widget-html\" data-id=\"f948ef5\" data-element_type=\"widget\" data-e-type=\"widget\" data-widget_type=\"html.default\">\n\t\t\t\t<div class=\"elementor-widget-container\">\n\t\t\t\t\t<script>\r\ndocument.addEventListener('DOMContentLoaded', function() {\r\n    const textareaPaginas = document.querySelector('#form-field-paginas');\r\n    \r\n    \/\/ Salva automaticamente enquanto o usu\u00e1rio digita\r\n    if (textareaPaginas) {\r\n        textareaPaginas.addEventListener('input', function() {\r\n            localStorage.setItem('quiz_paginas', this.value);\r\n            console.log('P\u00e1ginas salvas:', this.value);\r\n        });\r\n        \r\n        \/\/ Preenche com valor existente se houver\r\n        const paginasSalvas = localStorage.getItem('quiz_paginas');\r\n        if (paginasSalvas) {\r\n            textareaPaginas.value = paginasSalvas;\r\n        }\r\n    }\r\n});\r\n<\/script>\t\t\t\t<\/div>\n\t\t\t\t<\/div>\n\t\t\t\t\t<\/div>\n\t\t\t\t<\/div>\n\t\t<div class=\"elementor-element elementor-element-33a6650 textoanimado2 e-con-full e-flex e-con e-parent\" data-id=\"33a6650\" data-element_type=\"container\" data-e-type=\"container\" data-settings=\"{&quot;background_background&quot;:&quot;classic&quot;,&quot;position&quot;:&quot;fixed&quot;,&quot;_ha_eqh_enable&quot;:false}\">\n\t\t\t\t<div class=\"elementor-element elementor-element-3cb2e08 elementor-widget__width-inherit textoanimado3 elementor-widget elementor-widget-heading\" data-id=\"3cb2e08\" data-element_type=\"widget\" data-e-type=\"widget\" data-widget_type=\"heading.default\">\n\t\t\t\t<div class=\"elementor-widget-container\">\n\t\t\t\t\t<h2 class=\"elementor-heading-title elementor-size-default\"> P\u00c1GINAS \u2022 P\u00c1GINAS \u2022 P\u00c1GINAS \u2022 P\u00c1GINAS \u2022 P\u00c1GINAS \u2022 P\u00c1GINAS \u2022 P\u00c1GINAS \u2022 P\u00c1GINAS \u2022 P\u00c1GINAS \u2022 P\u00c1GINAS \u2022 P\u00c1GINAS \u2022 P\u00c1GINAS \u2022 P\u00c1GINAS \u2022 P\u00c1GINAS \u2022 P\u00c1GINAS \u2022 P\u00c1GINAS \u2022 P\u00c1GINAS \u2022 <\/h2>\t\t\t\t<\/div>\n\t\t\t\t<\/div>\n\t\t\t\t<\/div>\n\t\t\t\t<\/div>","protected":false},"excerpt":{"rendered":"<p>8\/13 Quais ser\u00e3o as p\u00e1ginas desenvolvidas nesse projeto? Liste abaixo as p\u00e1ginas que gostaria que houvessem no seu novo site. Clique em prosseguir. P\u00c1GINAS \u2022 P\u00c1GINAS \u2022 P\u00c1GINAS \u2022 P\u00c1GINAS \u2022 P\u00c1GINAS \u2022 P\u00c1GINAS \u2022 P\u00c1GINAS \u2022 P\u00c1GINAS \u2022 P\u00c1GINAS \u2022 P\u00c1GINAS \u2022 P\u00c1GINAS \u2022 P\u00c1GINAS \u2022 P\u00c1GINAS \u2022 P\u00c1GINAS \u2022 P\u00c1GINAS \u2022 P\u00c1GINAS \u2022 [&hellip;]<\/p>","protected":false},"author":2,"featured_media":0,"parent":0,"menu_order":0,"comment_status":"closed","ping_status":"closed","template":"elementor_canvas","meta":{"footnotes":""},"class_list":["post-6168","page","type-page","status-publish","hentry"],"_links":{"self":[{"href":"https:\/\/ojoaosanti.com\/es\/wp-json\/wp\/v2\/pages\/6168","targetHints":{"allow":["GET"]}}],"collection":[{"href":"https:\/\/ojoaosanti.com\/es\/wp-json\/wp\/v2\/pages"}],"about":[{"href":"https:\/\/ojoaosanti.com\/es\/wp-json\/wp\/v2\/types\/page"}],"author":[{"embeddable":true,"href":"https:\/\/ojoaosanti.com\/es\/wp-json\/wp\/v2\/users\/2"}],"replies":[{"embeddable":true,"href":"https:\/\/ojoaosanti.com\/es\/wp-json\/wp\/v2\/comments?post=6168"}],"version-history":[{"count":0,"href":"https:\/\/ojoaosanti.com\/es\/wp-json\/wp\/v2\/pages\/6168\/revisions"}],"wp:attachment":[{"href":"https:\/\/ojoaosanti.com\/es\/wp-json\/wp\/v2\/media?parent=6168"}],"curies":[{"name":"wp","href":"https:\/\/api.w.org\/{rel}","templated":true}]}}