{"id":6075,"date":"2025-05-27T15:04:09","date_gmt":"2025-05-27T18:04:09","guid":{"rendered":"https:\/\/ojoaosanti.com\/?page_id=6075"},"modified":"2025-12-16T17:19:20","modified_gmt":"2025-12-16T20:19:20","slug":"form-8","status":"publish","type":"page","link":"https:\/\/ojoaosanti.com\/es\/form-8\/","title":{"rendered":"FORM #8"},"content":{"rendered":"<div data-elementor-type=\"wp-page\" data-elementor-id=\"6075\" class=\"elementor elementor-6075\" data-elementor-settings=\"{&quot;ha_cmc_init_switcher&quot;:&quot;no&quot;}\" data-elementor-post-type=\"page\">\n\t\t\t\t<div class=\"elementor-element elementor-element-d10d20f e-flex e-con-boxed e-con e-parent\" data-id=\"d10d20f\" data-element_type=\"container\" data-e-type=\"container\" data-settings=\"{&quot;background_background&quot;:&quot;gradient&quot;,&quot;_ha_eqh_enable&quot;:false}\">\n\t\t\t\t\t<div class=\"e-con-inner\">\n\t\t<div class=\"elementor-element elementor-element-aabfffc e-con-full e-flex e-con e-child\" data-id=\"aabfffc\" data-element_type=\"container\" data-e-type=\"container\" data-settings=\"{&quot;_ha_eqh_enable&quot;:false}\">\n\t\t\t\t<div class=\"elementor-element elementor-element-47feae7 elementor-invisible elementor-widget elementor-widget-heading\" data-id=\"47feae7\" data-element_type=\"widget\" data-e-type=\"widget\" data-settings=\"{&quot;_animation&quot;:&quot;fadeIn&quot;}\" data-widget_type=\"heading.default\">\n\t\t\t\t<div class=\"elementor-widget-container\">\n\t\t\t\t\t<h2 class=\"elementor-heading-title elementor-size-default\">7\/14<\/h2>\t\t\t\t<\/div>\n\t\t\t\t<\/div>\n\t\t\t\t<div class=\"elementor-element elementor-element-f3ddf63 elementor-invisible elementor-widget elementor-widget-progress\" data-id=\"f3ddf63\" data-element_type=\"widget\" data-e-type=\"widget\" data-settings=\"{&quot;_animation&quot;:&quot;fadeIn&quot;}\" data-widget_type=\"progress.default\">\n\t\t\t\t<div class=\"elementor-widget-container\">\n\t\t\t\t\t\n\t\t<div class=\"elementor-progress-wrapper\" role=\"progressbar\" aria-valuemin=\"0\" aria-valuemax=\"100\" aria-valuenow=\"49\">\n\t\t\t<div class=\"elementor-progress-bar\" data-max=\"49\">\n\t\t\t\t<span class=\"elementor-progress-text\"><\/span>\n\t\t\t\t\t\t\t<\/div>\n\t\t<\/div>\n\t\t\t\t\t\t<\/div>\n\t\t\t\t<\/div>\n\t\t\t\t<div class=\"elementor-element elementor-element-3e757b1 animated-slow titulo-cores elementor-invisible elementor-widget elementor-widget-heading\" data-id=\"3e757b1\" data-element_type=\"widget\" data-e-type=\"widget\" data-settings=\"{&quot;_animation&quot;:&quot;fadeIn&quot;}\" data-widget_type=\"heading.default\">\n\t\t\t\t<div class=\"elementor-widget-container\">\n\t\t\t\t\t<h2 class=\"elementor-heading-title elementor-size-default\">\u00bfC\u00f3mo deber\u00eda ser el <span class=\"gradiente-amarelo\">recorrido del cliente<\/span>  en el sitio hasta alcanzar este objetivo? \n\n<\/h2>\t\t\t\t<\/div>\n\t\t\t\t<\/div>\n\t\t\t\t<div class=\"elementor-element elementor-element-ee64904 animated-slow elementor-invisible elementor-widget elementor-widget-heading\" data-id=\"ee64904\" data-element_type=\"widget\" data-e-type=\"widget\" data-settings=\"{&quot;_animation&quot;:&quot;fadeIn&quot;}\" data-widget_type=\"heading.default\">\n\t\t\t\t<div class=\"elementor-widget-container\">\n\t\t\t\t\t<h2 class=\"elementor-heading-title elementor-size-default\">Desde <b>el acceso <\/b>al sitio hasta <b>la conversi\u00f3n<\/b>\u00bfc\u00f3mo debe ser la experiencia del cliente?<\/h2>\t\t\t\t<\/div>\n\t\t\t\t<\/div>\n\t\t\t\t<div class=\"elementor-element elementor-element-0d030bb elementor-widget__width-initial animated-slow elementor-button-align-stretch elementor-invisible elementor-widget elementor-widget-form\" data-id=\"0d030bb\" data-element_type=\"widget\" data-e-type=\"widget\" data-settings=\"{&quot;step_next_label&quot;:&quot;Next&quot;,&quot;step_previous_label&quot;:&quot;Previous&quot;,&quot;step_type&quot;:&quot;none&quot;,&quot;step_icon_shape&quot;:&quot;none&quot;,&quot;_animation&quot;:&quot;fadeIn&quot;,&quot;button_width&quot;:&quot;100&quot;}\" data-widget_type=\"form.default\">\n\t\t\t\t<div class=\"elementor-widget-container\">\n\t\t\t\t\t\t\t<form class=\"elementor-form\" method=\"post\" id=\"jornada\" name=\"jornada\" aria-label=\"jornada\" action=\"\">\n\t\t\t<input type=\"hidden\" name=\"post_id\" value=\"6075\"\/>\n\t\t\t<input type=\"hidden\" name=\"form_id\" value=\"0d030bb\"\/>\n\t\t\t<input type=\"hidden\" name=\"referer_title\" value=\"FORM #8 - Webdesign Site F\u00e1cil\" \/>\n\n\t\t\t\t\t\t\t<input type=\"hidden\" name=\"queried_id\" value=\"6075\"\/>\n\t\t\t\n\t\t\t<div class=\"elementor-form-fields-wrapper elementor-labels-above\">\n\t\t\t\t\t\t\t\t<div class=\"elementor-field-type-textarea elementor-field-group elementor-column elementor-field-group-jornada elementor-col-100 elementor-sm-100 elementor-field-required\">\n\t\t\t\t\t<textarea class=\"elementor-field-textual elementor-field  elementor-size-sm\" name=\"form_fields[jornada]\" id=\"form-field-jornada\" rows=\"5\" placeholder=\"Ex: El cliente ingresa, entiende el servicio y agenda con facilidad...\" required=\"required\"><\/textarea>\t\t\t\t<\/div>\n\t\t\t\t\t\t\t\t<div class=\"elementor-field-group elementor-column elementor-field-type-submit elementor-col-100 e-form__buttons\">\n\t\t\t\t\t<button class=\"elementor-button elementor-size-sm\" type=\"submit\">\n\t\t\t\t\t\t<span class=\"elementor-button-content-wrapper\">\n\t\t\t\t\t\t\t\t\t\t\t\t\t\t\t\t\t\t\t\t\t\t<span class=\"elementor-button-text\">AVANZAR<\/span>\n\t\t\t\t\t\t\t\t\t\t\t\t\t<\/span>\n\t\t\t\t\t<\/button>\n\t\t\t\t<\/div>\n\t\t\t<\/div>\n\t\t<input type=\"hidden\" name=\"trp-form-language\" value=\"es\"\/><\/form>\n\t\t\t\t\t\t<\/div>\n\t\t\t\t<\/div>\n\t\t\t\t<div class=\"elementor-element elementor-element-6897ab1 animated-slow elementor-invisible elementor-widget elementor-widget-heading\" data-id=\"6897ab1\" data-element_type=\"widget\" data-e-type=\"widget\" data-settings=\"{&quot;_animation&quot;:&quot;fadeInDown&quot;,&quot;_animation_delay&quot;:1300}\" data-widget_type=\"heading.default\">\n\t\t\t\t<div class=\"elementor-widget-container\">\n\t\t\t\t\t<h2 class=\"elementor-heading-title elementor-size-default\">Haga clic en <b>avanzar<\/b>.<\/h2>\t\t\t\t<\/div>\n\t\t\t\t<\/div>\n\t\t\t\t<\/div>\n\t\t\t\t\t<\/div>\n\t\t\t\t<\/div>\n\t\t<div class=\"elementor-element elementor-element-bfd2069 e-flex e-con-boxed e-con e-parent\" data-id=\"bfd2069\" data-element_type=\"container\" data-e-type=\"container\" data-settings=\"{&quot;_ha_eqh_enable&quot;:false}\">\n\t\t\t\t\t<div class=\"e-con-inner\">\n\t\t\t\t<div class=\"elementor-element elementor-element-dfb023f elementor-widget elementor-widget-html\" data-id=\"dfb023f\" data-element_type=\"widget\" data-e-type=\"widget\" data-widget_type=\"html.default\">\n\t\t\t\t<div class=\"elementor-widget-container\">\n\t\t\t\t\t<script>\r\ndocument.addEventListener('DOMContentLoaded', function() {\r\n    const textareaJornada = document.querySelector('#form-field-jornada');\r\n    \r\n    \/\/ Salva automaticamente enquanto o usu\u00e1rio digita\r\n    if (textareaJornada) {\r\n        textareaJornada.addEventListener('input', function() {\r\n            localStorage.setItem('quiz_jornada', this.value);\r\n            console.log('Jornada salva:', this.value);\r\n        });\r\n        \r\n        \/\/ Preenche com valor existente se houver\r\n        const jornadaSalva = localStorage.getItem('quiz_jornada');\r\n        if (jornadaSalva) {\r\n            textareaJornada.value = jornadaSalva;\r\n        }\r\n    }\r\n});\r\n<\/script>\t\t\t\t<\/div>\n\t\t\t\t<\/div>\n\t\t\t\t\t<\/div>\n\t\t\t\t<\/div>\n\t\t<div class=\"elementor-element elementor-element-5ff145b textoanimado2 e-con-full e-flex e-con e-parent\" data-id=\"5ff145b\" data-element_type=\"container\" data-e-type=\"container\" data-settings=\"{&quot;background_background&quot;:&quot;classic&quot;,&quot;position&quot;:&quot;fixed&quot;,&quot;_ha_eqh_enable&quot;:false}\">\n\t\t\t\t<div class=\"elementor-element elementor-element-7ac254f elementor-widget__width-inherit textoanimado3 elementor-widget elementor-widget-heading\" data-id=\"7ac254f\" data-element_type=\"widget\" data-e-type=\"widget\" data-widget_type=\"heading.default\">\n\t\t\t\t<div class=\"elementor-widget-container\">\n\t\t\t\t\t<h2 class=\"elementor-heading-title elementor-size-default\"><span class=\"gradiente-amarelo\">JORNADA<\/span> \u2022  <span class=\"gradiente-amarelo\">CLIENTE<\/span> \u2022 <span class=\"gradiente-amarelo\">JORNADA<\/span> \u2022 <span class=\"gradiente-amarelo\">CLIENTE<\/span> \u2022 \n<span class=\"gradiente-amarelo\">JORNADA<\/span> \u2022 <span class=\"gradiente-amarelo\">CLIENTE<\/span> \u2022 <span class=\"gradiente-amarelo\">JORNADA<\/span> \u2022 <span class=\"gradiente-amarelo\">CLIENTE<\/span> \u2022 \n<span class=\"gradiente-amarelo\">JORNADA<\/span> \u2022 <span class=\"gradiente-amarelo\">CLIENTE<\/span> \u2022 <span class=\"gradiente-amarelo\">JORNADA<\/span> \u2022 <span class=\"gradiente-amarelo\">CLIENTE<\/span> \u2022 <\/h2>\t\t\t\t<\/div>\n\t\t\t\t<\/div>\n\t\t\t\t<\/div>\n\t\t\t\t<\/div>","protected":false},"excerpt":{"rendered":"<p>7\/14 Como deveria ser a jornada do cliente no site at\u00e9 chegar a este objetivo? Desde o acesso ao site at\u00e9 a convers\u00e3o, como deve ser a experi\u00eancia do cliente? Clique em avan\u00e7ar. JORNADA \u2022 CLIENTE \u2022 JORNADA \u2022 CLIENTE \u2022 JORNADA \u2022 CLIENTE \u2022 JORNADA \u2022 CLIENTE \u2022 JORNADA \u2022 CLIENTE \u2022 JORNADA \u2022 [&hellip;]<\/p>","protected":false},"author":2,"featured_media":0,"parent":0,"menu_order":0,"comment_status":"closed","ping_status":"closed","template":"elementor_canvas","meta":{"footnotes":""},"class_list":["post-6075","page","type-page","status-publish","hentry"],"_links":{"self":[{"href":"https:\/\/ojoaosanti.com\/es\/wp-json\/wp\/v2\/pages\/6075","targetHints":{"allow":["GET"]}}],"collection":[{"href":"https:\/\/ojoaosanti.com\/es\/wp-json\/wp\/v2\/pages"}],"about":[{"href":"https:\/\/ojoaosanti.com\/es\/wp-json\/wp\/v2\/types\/page"}],"author":[{"embeddable":true,"href":"https:\/\/ojoaosanti.com\/es\/wp-json\/wp\/v2\/users\/2"}],"replies":[{"embeddable":true,"href":"https:\/\/ojoaosanti.com\/es\/wp-json\/wp\/v2\/comments?post=6075"}],"version-history":[{"count":0,"href":"https:\/\/ojoaosanti.com\/es\/wp-json\/wp\/v2\/pages\/6075\/revisions"}],"wp:attachment":[{"href":"https:\/\/ojoaosanti.com\/es\/wp-json\/wp\/v2\/media?parent=6075"}],"curies":[{"name":"wp","href":"https:\/\/api.w.org\/{rel}","templated":true}]}}