{"id":5815,"date":"2025-05-25T18:31:35","date_gmt":"2025-05-25T21:31:35","guid":{"rendered":"https:\/\/ojoaosanti.com\/?page_id=5815"},"modified":"2025-12-16T17:10:32","modified_gmt":"2025-12-16T20:10:32","slug":"form-6","status":"publish","type":"page","link":"https:\/\/ojoaosanti.com\/es\/form-6\/","title":{"rendered":"FORM #6"},"content":{"rendered":"<div data-elementor-type=\"wp-page\" data-elementor-id=\"5815\" class=\"elementor elementor-5815\" data-elementor-settings=\"{&quot;ha_cmc_init_switcher&quot;:&quot;no&quot;}\" data-elementor-post-type=\"page\">\n\t\t\t\t<div class=\"elementor-element elementor-element-826b3ed e-flex e-con-boxed e-con e-parent\" data-id=\"826b3ed\" data-element_type=\"container\" data-e-type=\"container\" data-settings=\"{&quot;_ha_eqh_enable&quot;:false}\">\n\t\t\t\t\t<div class=\"e-con-inner\">\n\t\t<div class=\"elementor-element elementor-element-e0e1553 e-con-full e-flex e-con e-child\" data-id=\"e0e1553\" data-element_type=\"container\" data-e-type=\"container\" data-settings=\"{&quot;_ha_eqh_enable&quot;:false}\">\n\t\t\t\t<div class=\"elementor-element elementor-element-1fc932f elementor-invisible elementor-widget elementor-widget-heading\" data-id=\"1fc932f\" data-element_type=\"widget\" data-e-type=\"widget\" data-settings=\"{&quot;_animation&quot;:&quot;fadeIn&quot;}\" data-widget_type=\"heading.default\">\n\t\t\t\t<div class=\"elementor-widget-container\">\n\t\t\t\t\t<h2 class=\"elementor-heading-title elementor-size-default\">5\/13<\/h2>\t\t\t\t<\/div>\n\t\t\t\t<\/div>\n\t\t\t\t<div class=\"elementor-element elementor-element-379a379 elementor-invisible elementor-widget elementor-widget-progress\" data-id=\"379a379\" data-element_type=\"widget\" data-e-type=\"widget\" data-settings=\"{&quot;_animation&quot;:&quot;fadeIn&quot;}\" data-widget_type=\"progress.default\">\n\t\t\t\t<div class=\"elementor-widget-container\">\n\t\t\t\t\t\n\t\t<div class=\"elementor-progress-wrapper\" role=\"progressbar\" aria-valuemin=\"0\" aria-valuemax=\"100\" aria-valuenow=\"34\">\n\t\t\t<div class=\"elementor-progress-bar\" data-max=\"34\">\n\t\t\t\t<span class=\"elementor-progress-text\"><\/span>\n\t\t\t\t\t\t\t<\/div>\n\t\t<\/div>\n\t\t\t\t\t\t<\/div>\n\t\t\t\t<\/div>\n\t\t\t\t<div class=\"elementor-element elementor-element-d20183f animated-slow titulo-cores elementor-invisible elementor-widget elementor-widget-heading\" data-id=\"d20183f\" data-element_type=\"widget\" data-e-type=\"widget\" data-settings=\"{&quot;_animation&quot;:&quot;fadeIn&quot;}\" data-widget_type=\"heading.default\">\n\t\t\t\t<div class=\"elementor-widget-container\">\n\t\t\t\t\t<h2 class=\"elementor-heading-title elementor-size-default\">\u00bfQu\u00e9 tipo de sitio web ser\u00e1? <\/h2>\t\t\t\t<\/div>\n\t\t\t\t<\/div>\n\t\t\t\t<div class=\"elementor-element elementor-element-b9672cb animated-slow elementor-invisible elementor-widget elementor-widget-heading\" data-id=\"b9672cb\" data-element_type=\"widget\" data-e-type=\"widget\" data-settings=\"{&quot;_animation&quot;:&quot;fadeIn&quot;}\" data-widget_type=\"heading.default\">\n\t\t\t\t<div class=\"elementor-widget-container\">\n\t\t\t\t\t<h2 class=\"elementor-heading-title elementor-size-default\">Elija el <b>tipo de sitio web<\/b> que vamos a crear para su empresa<\/h2>\t\t\t\t<\/div>\n\t\t\t\t<\/div>\n\t\t\t\t<\/div>\n\t\t\t\t\t<\/div>\n\t\t\t\t<\/div>\n\t\t<div class=\"elementor-element elementor-element-916b007 quiz-container e-flex e-con-boxed e-con e-parent\" data-id=\"916b007\" data-element_type=\"container\" data-e-type=\"container\" data-settings=\"{&quot;_ha_eqh_enable&quot;:false}\">\n\t\t\t\t\t<div class=\"e-con-inner\">\n\t\t<div class=\"elementor-element elementor-element-50bf391 e-con-full quiz-container e-flex e-con e-child\" data-id=\"50bf391\" data-element_type=\"container\" data-e-type=\"container\" data-settings=\"{&quot;_ha_eqh_enable&quot;:false}\">\n\t\t\t\t<div class=\"elementor-element elementor-element-b14962e e-transform elementor-invisible elementor-widget elementor-widget-image\" data-id=\"b14962e\" data-element_type=\"widget\" data-e-type=\"widget\" data-settings=\"{&quot;_animation&quot;:&quot;zoomInUp&quot;,&quot;_transform_scale_effect_hover&quot;:{&quot;unit&quot;:&quot;px&quot;,&quot;size&quot;:1.1,&quot;sizes&quot;:[]},&quot;ha_floating_fx&quot;:&quot;yes&quot;,&quot;ha_floating_fx_translate_toggle&quot;:&quot;yes&quot;,&quot;ha_floating_fx_translate_x&quot;:{&quot;unit&quot;:&quot;px&quot;,&quot;size&quot;:&quot;&quot;,&quot;sizes&quot;:{&quot;from&quot;:0,&quot;to&quot;:0}},&quot;ha_floating_fx_translate_y&quot;:{&quot;unit&quot;:&quot;px&quot;,&quot;size&quot;:&quot;&quot;,&quot;sizes&quot;:{&quot;from&quot;:0,&quot;to&quot;:11}},&quot;ha_floating_fx_translate_duration&quot;:{&quot;unit&quot;:&quot;px&quot;,&quot;size&quot;:1000,&quot;sizes&quot;:[]},&quot;ha_floating_fx_translate_delay&quot;:{&quot;unit&quot;:&quot;px&quot;,&quot;size&quot;:&quot;&quot;,&quot;sizes&quot;:[]},&quot;_transform_scale_effect_hover_tablet&quot;:{&quot;unit&quot;:&quot;px&quot;,&quot;size&quot;:&quot;&quot;,&quot;sizes&quot;:[]},&quot;_transform_scale_effect_hover_mobile&quot;:{&quot;unit&quot;:&quot;px&quot;,&quot;size&quot;:&quot;&quot;,&quot;sizes&quot;:[]}}\" data-resposta=\"\" data-widget_type=\"image.default\">\n\t\t\t\t<div class=\"elementor-widget-container\">\n\t\t\t\t\t\t\t\t\t\t\t\t\t\t\t\t<a href=\"https:\/\/ojoaosanti.com\/es\/form-7\/\">\n\t\t\t\t\t\t\t<img fetchpriority=\"high\" decoding=\"async\" width=\"378\" height=\"371\" src=\"https:\/\/ojoaosanti.com\/wp-content\/smush-avif\/2025\/05\/blog.png.avif\" class=\"elementor-animation-grow attachment-full size-full wp-image-5824\" alt=\"blog\" srcset=\"https:\/\/ojoaosanti.com\/wp-content\/smush-avif\/2025\/05\/blog.png.avif 378w, https:\/\/ojoaosanti.com\/wp-content\/smush-avif\/2025\/05\/blog-300x294.png.avif 300w\" sizes=\"(max-width: 378px) 100vw, 378px\" \/>\t\t\t\t\t\t\t\t<\/a>\n\t\t\t\t\t\t\t\t\t\t\t\t\t\t\t<\/div>\n\t\t\t\t<\/div>\n\t\t\t\t<\/div>\n\t\t<div class=\"elementor-element elementor-element-db560e7 e-con-full quiz-container e-flex e-con e-child\" data-id=\"db560e7\" data-element_type=\"container\" data-e-type=\"container\" data-settings=\"{&quot;_ha_eqh_enable&quot;:false}\">\n\t\t\t\t<div class=\"elementor-element elementor-element-8a313f8 e-transform elementor-invisible elementor-widget elementor-widget-image\" data-id=\"8a313f8\" data-element_type=\"widget\" data-e-type=\"widget\" data-settings=\"{&quot;_animation&quot;:&quot;zoomInUp&quot;,&quot;_transform_scale_effect_hover&quot;:{&quot;unit&quot;:&quot;px&quot;,&quot;size&quot;:1.1,&quot;sizes&quot;:[]},&quot;ha_floating_fx&quot;:&quot;yes&quot;,&quot;ha_floating_fx_translate_toggle&quot;:&quot;yes&quot;,&quot;ha_floating_fx_translate_x&quot;:{&quot;unit&quot;:&quot;px&quot;,&quot;size&quot;:&quot;&quot;,&quot;sizes&quot;:{&quot;from&quot;:0,&quot;to&quot;:0}},&quot;ha_floating_fx_translate_y&quot;:{&quot;unit&quot;:&quot;px&quot;,&quot;size&quot;:&quot;&quot;,&quot;sizes&quot;:{&quot;from&quot;:0,&quot;to&quot;:11}},&quot;ha_floating_fx_translate_duration&quot;:{&quot;unit&quot;:&quot;px&quot;,&quot;size&quot;:1000,&quot;sizes&quot;:[]},&quot;ha_floating_fx_translate_delay&quot;:{&quot;unit&quot;:&quot;px&quot;,&quot;size&quot;:&quot;&quot;,&quot;sizes&quot;:[]},&quot;_transform_scale_effect_hover_tablet&quot;:{&quot;unit&quot;:&quot;px&quot;,&quot;size&quot;:&quot;&quot;,&quot;sizes&quot;:[]},&quot;_transform_scale_effect_hover_mobile&quot;:{&quot;unit&quot;:&quot;px&quot;,&quot;size&quot;:&quot;&quot;,&quot;sizes&quot;:[]}}\" data-resposta=\"\" data-widget_type=\"image.default\">\n\t\t\t\t<div class=\"elementor-widget-container\">\n\t\t\t\t\t\t\t\t\t\t\t\t\t\t\t\t<a href=\"https:\/\/ojoaosanti.com\/es\/form-7\/\">\n\t\t\t\t\t\t\t<img decoding=\"async\" width=\"378\" height=\"371\" data-src=\"https:\/\/ojoaosanti.com\/wp-content\/smush-avif\/2025\/05\/loja-virtual.png.avif\" class=\"elementor-animation-grow attachment-full size-full wp-image-5825 lazyload\" alt=\"loja virtual\" data-srcset=\"https:\/\/ojoaosanti.com\/wp-content\/smush-avif\/2025\/05\/loja-virtual.png.avif 378w, https:\/\/ojoaosanti.com\/wp-content\/smush-avif\/2025\/05\/loja-virtual-300x294.png.avif 300w\" data-sizes=\"(max-width: 378px) 100vw, 378px\" src=\"data:image\/gif;base64,R0lGODlhAQABAAAAACH5BAEKAAEALAAAAAABAAEAAAICTAEAOw==\" style=\"--smush-placeholder-width: 378px; --smush-placeholder-aspect-ratio: 378\/371;\" \/>\t\t\t\t\t\t\t\t<\/a>\n\t\t\t\t\t\t\t\t\t\t\t\t\t\t\t<\/div>\n\t\t\t\t<\/div>\n\t\t\t\t<\/div>\n\t\t<div class=\"elementor-element elementor-element-5147497 e-con-full quiz-container e-flex e-con e-child\" data-id=\"5147497\" data-element_type=\"container\" data-e-type=\"container\" data-settings=\"{&quot;_ha_eqh_enable&quot;:false}\">\n\t\t\t\t<div class=\"elementor-element elementor-element-b76474d e-transform elementor-invisible elementor-widget elementor-widget-image\" data-id=\"b76474d\" data-element_type=\"widget\" data-e-type=\"widget\" data-settings=\"{&quot;_animation&quot;:&quot;zoomInUp&quot;,&quot;_transform_scale_effect_hover&quot;:{&quot;unit&quot;:&quot;px&quot;,&quot;size&quot;:1.1,&quot;sizes&quot;:[]},&quot;ha_floating_fx&quot;:&quot;yes&quot;,&quot;ha_floating_fx_translate_toggle&quot;:&quot;yes&quot;,&quot;ha_floating_fx_translate_x&quot;:{&quot;unit&quot;:&quot;px&quot;,&quot;size&quot;:&quot;&quot;,&quot;sizes&quot;:{&quot;from&quot;:0,&quot;to&quot;:0}},&quot;ha_floating_fx_translate_y&quot;:{&quot;unit&quot;:&quot;px&quot;,&quot;size&quot;:&quot;&quot;,&quot;sizes&quot;:{&quot;from&quot;:0,&quot;to&quot;:11}},&quot;ha_floating_fx_translate_duration&quot;:{&quot;unit&quot;:&quot;px&quot;,&quot;size&quot;:1000,&quot;sizes&quot;:[]},&quot;ha_floating_fx_translate_delay&quot;:{&quot;unit&quot;:&quot;px&quot;,&quot;size&quot;:&quot;&quot;,&quot;sizes&quot;:[]},&quot;_transform_scale_effect_hover_tablet&quot;:{&quot;unit&quot;:&quot;px&quot;,&quot;size&quot;:&quot;&quot;,&quot;sizes&quot;:[]},&quot;_transform_scale_effect_hover_mobile&quot;:{&quot;unit&quot;:&quot;px&quot;,&quot;size&quot;:&quot;&quot;,&quot;sizes&quot;:[]}}\" data-resposta=\"\" data-widget_type=\"image.default\">\n\t\t\t\t<div class=\"elementor-widget-container\">\n\t\t\t\t\t\t\t\t\t\t\t\t\t\t\t\t<a href=\"https:\/\/ojoaosanti.com\/es\/form-7\/\">\n\t\t\t\t\t\t\t<img decoding=\"async\" width=\"378\" height=\"371\" data-src=\"https:\/\/ojoaosanti.com\/wp-content\/smush-avif\/2025\/05\/landing-page.png.avif\" class=\"elementor-animation-grow attachment-full size-full wp-image-5826 lazyload\" alt=\"landing page\" data-srcset=\"https:\/\/ojoaosanti.com\/wp-content\/smush-avif\/2025\/05\/landing-page.png.avif 378w, https:\/\/ojoaosanti.com\/wp-content\/smush-avif\/2025\/05\/landing-page-300x294.png.avif 300w\" data-sizes=\"(max-width: 378px) 100vw, 378px\" src=\"data:image\/gif;base64,R0lGODlhAQABAAAAACH5BAEKAAEALAAAAAABAAEAAAICTAEAOw==\" style=\"--smush-placeholder-width: 378px; --smush-placeholder-aspect-ratio: 378\/371;\" \/>\t\t\t\t\t\t\t\t<\/a>\n\t\t\t\t\t\t\t\t\t\t\t\t\t\t\t<\/div>\n\t\t\t\t<\/div>\n\t\t\t\t<\/div>\n\t\t<div class=\"elementor-element elementor-element-95b990e e-con-full quiz-container e-flex e-con e-child\" data-id=\"95b990e\" data-element_type=\"container\" data-e-type=\"container\" data-settings=\"{&quot;_ha_eqh_enable&quot;:false}\">\n\t\t\t\t<div class=\"elementor-element elementor-element-fc896bb e-transform elementor-invisible elementor-widget elementor-widget-image\" data-id=\"fc896bb\" data-element_type=\"widget\" data-e-type=\"widget\" data-settings=\"{&quot;_animation&quot;:&quot;zoomInUp&quot;,&quot;_transform_scale_effect_hover&quot;:{&quot;unit&quot;:&quot;px&quot;,&quot;size&quot;:1.1,&quot;sizes&quot;:[]},&quot;ha_floating_fx&quot;:&quot;yes&quot;,&quot;ha_floating_fx_translate_toggle&quot;:&quot;yes&quot;,&quot;ha_floating_fx_translate_x&quot;:{&quot;unit&quot;:&quot;px&quot;,&quot;size&quot;:&quot;&quot;,&quot;sizes&quot;:{&quot;from&quot;:0,&quot;to&quot;:0}},&quot;ha_floating_fx_translate_y&quot;:{&quot;unit&quot;:&quot;px&quot;,&quot;size&quot;:&quot;&quot;,&quot;sizes&quot;:{&quot;from&quot;:0,&quot;to&quot;:11}},&quot;ha_floating_fx_translate_duration&quot;:{&quot;unit&quot;:&quot;px&quot;,&quot;size&quot;:1000,&quot;sizes&quot;:[]},&quot;ha_floating_fx_translate_delay&quot;:{&quot;unit&quot;:&quot;px&quot;,&quot;size&quot;:&quot;&quot;,&quot;sizes&quot;:[]},&quot;_transform_scale_effect_hover_tablet&quot;:{&quot;unit&quot;:&quot;px&quot;,&quot;size&quot;:&quot;&quot;,&quot;sizes&quot;:[]},&quot;_transform_scale_effect_hover_mobile&quot;:{&quot;unit&quot;:&quot;px&quot;,&quot;size&quot;:&quot;&quot;,&quot;sizes&quot;:[]}}\" data-resposta=\"\" data-widget_type=\"image.default\">\n\t\t\t\t<div class=\"elementor-widget-container\">\n\t\t\t\t\t\t\t\t\t\t\t\t\t\t\t\t<a href=\"https:\/\/ojoaosanti.com\/es\/form-7\/\">\n\t\t\t\t\t\t\t<img decoding=\"async\" width=\"378\" height=\"371\" data-src=\"https:\/\/ojoaosanti.com\/wp-content\/smush-avif\/2025\/05\/site-institucional.png.avif\" class=\"elementor-animation-grow attachment-full size-full wp-image-5823 lazyload\" alt=\"site institucional\" data-srcset=\"https:\/\/ojoaosanti.com\/wp-content\/smush-avif\/2025\/05\/site-institucional.png.avif 378w, https:\/\/ojoaosanti.com\/wp-content\/smush-avif\/2025\/05\/site-institucional-300x294.png.avif 300w\" data-sizes=\"(max-width: 378px) 100vw, 378px\" src=\"data:image\/gif;base64,R0lGODlhAQABAAAAACH5BAEKAAEALAAAAAABAAEAAAICTAEAOw==\" style=\"--smush-placeholder-width: 378px; --smush-placeholder-aspect-ratio: 378\/371;\" \/>\t\t\t\t\t\t\t\t<\/a>\n\t\t\t\t\t\t\t\t\t\t\t\t\t\t\t<\/div>\n\t\t\t\t<\/div>\n\t\t\t\t<\/div>\n\t\t\t\t\t<\/div>\n\t\t\t\t<\/div>\n\t\t<div class=\"elementor-element elementor-element-9079a9a e-flex e-con-boxed e-con e-parent\" data-id=\"9079a9a\" data-element_type=\"container\" data-e-type=\"container\" data-settings=\"{&quot;_ha_eqh_enable&quot;:false}\">\n\t\t\t\t\t<div class=\"e-con-inner\">\n\t\t\t\t<div class=\"elementor-element elementor-element-f61915a elementor-widget elementor-widget-html\" data-id=\"f61915a\" data-element_type=\"widget\" data-e-type=\"widget\" data-widget_type=\"html.default\">\n\t\t\t\t<div class=\"elementor-widget-container\">\n\t\t\t\t\t<script>\r\nfunction salvarTipoSite(elemento) {\r\n    \/\/ Pega o valor exato do data-resposta\r\n    const resposta = elemento.getAttribute('data-resposta');\r\n    \r\n    \/\/ Armazena no localStorage\r\n    localStorage.setItem('quiz_tipo_site', resposta);\r\n    \r\n    \/\/ Feedback visual\r\n    document.querySelectorAll('.quiz-tipo-opcao').forEach(img => {\r\n        img.style.border = 'none';\r\n        img.style.opacity = '0.7';\r\n    });\r\n    elemento.style.border = '3px solid #FF0000';\r\n    elemento.style.opacity = '1';\r\n    \r\n    console.log('Resposta do tipo de site:', resposta);\r\n}\r\n\r\n\/\/ Debug\r\nconsole.log('Valor atual do tipo de site:', localStorage.getItem('quiz_tipo_site'));\r\n\r\n\/\/ Fun\u00e7\u00e3o de fallback para TODAS as op\u00e7\u00f5es\r\ndocument.addEventListener('click', function(e) {\r\n    const altText = e.target.alt ? e.target.alt.toLowerCase() : '';\r\n    \r\n    if (altText.includes('blog')) {\r\n        localStorage.setItem('quiz_tipo_site', 'Blog');\r\n        console.log('Resposta for\u00e7ada para Blog');\r\n    }\r\n    else if (altText.includes('loja') || altText.includes('virtual')) {\r\n        localStorage.setItem('quiz_tipo_site', 'Loja Virtual');\r\n        console.log('Resposta for\u00e7ada para Loja Virtual');\r\n    }\r\n    else if (altText.includes('landing')) {\r\n        localStorage.setItem('quiz_tipo_site', 'Landing Page');\r\n        console.log('Resposta for\u00e7ada para Landing Page');\r\n    }\r\n    else if (altText.includes('institucional')) {\r\n        localStorage.setItem('quiz_tipo_site', 'Site Institucional');\r\n        console.log('Resposta for\u00e7ada para Site Institucional');\r\n    }\r\n});\r\n<\/script>\r\n\r\n<style>\r\n.quiz-tipo-opcao {\r\n    cursor: pointer;\r\n    transition: all 0.3s ease;\r\n    margin: 10px;\r\n    border-radius: 8px;\r\n}\r\n.quiz-tipo-opcao:hover {\r\n    transform: scale(1.05);\r\n    box-shadow: 0 5px 15px rgba(0,0,0,0.1);\r\n}\r\n<\/style>\t\t\t\t<\/div>\n\t\t\t\t<\/div>\n\t\t\t\t\t<\/div>\n\t\t\t\t<\/div>\n\t\t<div class=\"elementor-element elementor-element-67a3354 textoanimado2 e-con-full e-flex e-con e-parent\" data-id=\"67a3354\" data-element_type=\"container\" data-e-type=\"container\" data-settings=\"{&quot;background_background&quot;:&quot;classic&quot;,&quot;position&quot;:&quot;fixed&quot;,&quot;_ha_eqh_enable&quot;:false}\">\n\t\t\t\t<div class=\"elementor-element elementor-element-f871dd5 elementor-widget__width-inherit textoanimado3 elementor-widget elementor-widget-heading\" data-id=\"f871dd5\" data-element_type=\"widget\" data-e-type=\"widget\" data-widget_type=\"heading.default\">\n\t\t\t\t<div class=\"elementor-widget-container\">\n\t\t\t\t\t<h2 class=\"elementor-heading-title elementor-size-default\">SITIO \u2022 SITIO \u2022 SITIO \u2022 SITIO \u2022 SITIO \u2022 SITIO \u2022 SITIO \u2022 SITIO \u2022 SITIO \u2022 SITIO \u2022 SITIO \u2022 SITIO \u2022 SITIO \u2022 SITIO \u2022 SITIO \u2022 SITIO \u2022 SITIO \u2022 SITIO \u2022 SITIO \u2022 SITIO \u2022 SITIO \u2022 SITIO \u2022 SITIO \u2022 SITIO \u2022 SITIO <\/h2>\t\t\t\t<\/div>\n\t\t\t\t<\/div>\n\t\t\t\t<\/div>\n\t\t\t\t<\/div>","protected":false},"excerpt":{"rendered":"<p>5\/13 Qual tipo de site ser\u00e1? Escolha o tipo de site que vamos criar para sua empresa SITE \u2022 SITE \u2022 SITE \u2022 SITE \u2022 SITE \u2022 SITE \u2022 SITE \u2022 SITE \u2022 SITE \u2022 SITE \u2022 SITE \u2022 SITE \u2022 SITE \u2022 SITE \u2022 SITE \u2022 SITE \u2022 SITE \u2022 SITE \u2022 SITE \u2022 [&hellip;]<\/p>","protected":false},"author":2,"featured_media":0,"parent":0,"menu_order":0,"comment_status":"closed","ping_status":"closed","template":"elementor_canvas","meta":{"footnotes":""},"class_list":["post-5815","page","type-page","status-publish","hentry"],"_links":{"self":[{"href":"https:\/\/ojoaosanti.com\/es\/wp-json\/wp\/v2\/pages\/5815","targetHints":{"allow":["GET"]}}],"collection":[{"href":"https:\/\/ojoaosanti.com\/es\/wp-json\/wp\/v2\/pages"}],"about":[{"href":"https:\/\/ojoaosanti.com\/es\/wp-json\/wp\/v2\/types\/page"}],"author":[{"embeddable":true,"href":"https:\/\/ojoaosanti.com\/es\/wp-json\/wp\/v2\/users\/2"}],"replies":[{"embeddable":true,"href":"https:\/\/ojoaosanti.com\/es\/wp-json\/wp\/v2\/comments?post=5815"}],"version-history":[{"count":0,"href":"https:\/\/ojoaosanti.com\/es\/wp-json\/wp\/v2\/pages\/5815\/revisions"}],"wp:attachment":[{"href":"https:\/\/ojoaosanti.com\/es\/wp-json\/wp\/v2\/media?parent=5815"}],"curies":[{"name":"wp","href":"https:\/\/api.w.org\/{rel}","templated":true}]}}