{"id":5611,"date":"2025-05-24T18:13:16","date_gmt":"2025-05-24T21:13:16","guid":{"rendered":"https:\/\/ojoaosanti.com\/?page_id=5611"},"modified":"2025-12-16T17:06:29","modified_gmt":"2025-12-16T20:06:29","slug":"form-5-2-2-2","status":"publish","type":"page","link":"https:\/\/ojoaosanti.com\/es\/form-5-2-2-2\/","title":{"rendered":"FORM #4"},"content":{"rendered":"<div data-elementor-type=\"wp-page\" data-elementor-id=\"5611\" class=\"elementor elementor-5611\" data-elementor-post-type=\"page\">\n\t\t\t\t<div class=\"elementor-element elementor-element-03023d0 e-flex e-con-boxed e-con e-parent\" data-id=\"03023d0\" data-element_type=\"container\" data-e-type=\"container\" data-settings=\"{&quot;_ha_eqh_enable&quot;:false}\">\n\t\t\t\t\t<div class=\"e-con-inner\">\n\t\t<div class=\"elementor-element elementor-element-0cae088 e-con-full e-flex e-con e-child\" data-id=\"0cae088\" data-element_type=\"container\" data-e-type=\"container\" data-settings=\"{&quot;_ha_eqh_enable&quot;:false}\">\n\t\t\t\t<div class=\"elementor-element elementor-element-6826d0c elementor-invisible elementor-widget elementor-widget-heading\" data-id=\"6826d0c\" data-element_type=\"widget\" data-e-type=\"widget\" data-settings=\"{&quot;_animation&quot;:&quot;fadeIn&quot;}\" data-widget_type=\"heading.default\">\n\t\t\t\t<div class=\"elementor-widget-container\">\n\t\t\t\t\t<h2 class=\"elementor-heading-title elementor-size-default\">3\/13<\/h2>\t\t\t\t<\/div>\n\t\t\t\t<\/div>\n\t\t\t\t<div class=\"elementor-element elementor-element-ac70419 elementor-invisible elementor-widget elementor-widget-progress\" data-id=\"ac70419\" data-element_type=\"widget\" data-e-type=\"widget\" data-settings=\"{&quot;_animation&quot;:&quot;fadeIn&quot;}\" data-widget_type=\"progress.default\">\n\t\t\t\t<div class=\"elementor-widget-container\">\n\t\t\t\t\t\n\t\t<div class=\"elementor-progress-wrapper\" role=\"progressbar\" aria-valuemin=\"0\" aria-valuemax=\"100\" aria-valuenow=\"24\">\n\t\t\t<div class=\"elementor-progress-bar\" data-max=\"24\">\n\t\t\t\t<span class=\"elementor-progress-text\"><\/span>\n\t\t\t\t\t\t\t<\/div>\n\t\t<\/div>\n\t\t\t\t\t\t<\/div>\n\t\t\t\t<\/div>\n\t\t\t\t<div class=\"elementor-element elementor-element-2e8fa5d animated-slow titulo-cores elementor-invisible elementor-widget elementor-widget-heading\" data-id=\"2e8fa5d\" data-element_type=\"widget\" data-e-type=\"widget\" data-settings=\"{&quot;_animation&quot;:&quot;fadeIn&quot;}\" data-widget_type=\"heading.default\">\n\t\t\t\t<div class=\"elementor-widget-container\">\n\t\t\t\t\t<h2 class=\"elementor-heading-title elementor-size-default\">\u00bfDesea aparecer en su sitio web?<\/h2>\t\t\t\t<\/div>\n\t\t\t\t<\/div>\n\t\t\t\t<div class=\"elementor-element elementor-element-c421608 animated-slow elementor-invisible elementor-widget elementor-widget-heading\" data-id=\"c421608\" data-element_type=\"widget\" data-e-type=\"widget\" data-settings=\"{&quot;_animation&quot;:&quot;fadeIn&quot;}\" data-widget_type=\"heading.default\">\n\t\t\t\t<div class=\"elementor-widget-container\">\n\t\t\t\t\t<h2 class=\"elementor-heading-title elementor-size-default\">D\u00edganos si desea aparecer en <b>banners<\/b>, <b>portadas <\/b>y otras <b>\u00e1reas <\/b>de su sitio web<\/h2>\t\t\t\t<\/div>\n\t\t\t\t<\/div>\n\t\t\t\t<\/div>\n\t\t\t\t\t<\/div>\n\t\t\t\t<\/div>\n\t\t<div class=\"elementor-element elementor-element-2fec1b7 e-flex e-con-boxed e-con e-parent\" data-id=\"2fec1b7\" data-element_type=\"container\" data-e-type=\"container\" data-settings=\"{&quot;_ha_eqh_enable&quot;:false}\">\n\t\t\t\t\t<div class=\"e-con-inner\">\n\t\t<div class=\"elementor-element elementor-element-341cb5e e-con-full e-flex e-con e-child\" data-id=\"341cb5e\" data-element_type=\"container\" data-e-type=\"container\" data-settings=\"{&quot;_ha_eqh_enable&quot;:false}\">\n\t\t\t\t<div class=\"elementor-element elementor-element-8cda76d e-transform quiz-banner-opcao elementor-invisible elementor-widget elementor-widget-image\" data-id=\"8cda76d\" data-element_type=\"widget\" data-e-type=\"widget\" data-settings=\"{&quot;_animation&quot;:&quot;zoomInUp&quot;,&quot;_transform_scale_effect_hover&quot;:{&quot;unit&quot;:&quot;px&quot;,&quot;size&quot;:1.1,&quot;sizes&quot;:[]},&quot;ha_floating_fx&quot;:&quot;yes&quot;,&quot;ha_floating_fx_translate_toggle&quot;:&quot;yes&quot;,&quot;ha_floating_fx_translate_x&quot;:{&quot;unit&quot;:&quot;px&quot;,&quot;size&quot;:&quot;&quot;,&quot;sizes&quot;:{&quot;from&quot;:0,&quot;to&quot;:0}},&quot;ha_floating_fx_translate_y&quot;:{&quot;unit&quot;:&quot;px&quot;,&quot;size&quot;:&quot;&quot;,&quot;sizes&quot;:{&quot;from&quot;:0,&quot;to&quot;:11}},&quot;ha_floating_fx_translate_duration&quot;:{&quot;unit&quot;:&quot;px&quot;,&quot;size&quot;:1000,&quot;sizes&quot;:[]},&quot;ha_floating_fx_translate_delay&quot;:{&quot;unit&quot;:&quot;px&quot;,&quot;size&quot;:&quot;&quot;,&quot;sizes&quot;:[]},&quot;_transform_scale_effect_hover_tablet&quot;:{&quot;unit&quot;:&quot;px&quot;,&quot;size&quot;:&quot;&quot;,&quot;sizes&quot;:[]},&quot;_transform_scale_effect_hover_mobile&quot;:{&quot;unit&quot;:&quot;px&quot;,&quot;size&quot;:&quot;&quot;,&quot;sizes&quot;:[]}}\" data-resposta=\"\" data-widget_type=\"image.default\">\n\t\t\t\t<div class=\"elementor-widget-container\">\n\t\t\t\t\t\t\t\t\t\t\t\t\t\t\t\t<a href=\"https:\/\/ojoaosanti.com\/es\/form-5\/\">\n\t\t\t\t\t\t\t<img fetchpriority=\"high\" decoding=\"async\" width=\"378\" height=\"371\" src=\"https:\/\/ojoaosanti.com\/wp-content\/smush-avif\/2025\/05\/2.png.avif\" class=\"elementor-animation-bob attachment-full size-full wp-image-5671\" alt=\"sim\" srcset=\"https:\/\/ojoaosanti.com\/wp-content\/smush-avif\/2025\/05\/2.png.avif 378w, https:\/\/ojoaosanti.com\/wp-content\/smush-avif\/2025\/05\/2-300x294.png.avif 300w\" sizes=\"(max-width: 378px) 100vw, 378px\" \/>\t\t\t\t\t\t\t\t<\/a>\n\t\t\t\t\t\t\t\t\t\t\t\t\t\t\t<\/div>\n\t\t\t\t<\/div>\n\t\t\t\t<\/div>\n\t\t<div class=\"elementor-element elementor-element-85208a7 e-con-full e-flex e-con e-child\" data-id=\"85208a7\" data-element_type=\"container\" data-e-type=\"container\" data-settings=\"{&quot;_ha_eqh_enable&quot;:false}\">\n\t\t\t\t<div class=\"elementor-element elementor-element-e9b2f9c e-transform quiz-banner-opcao elementor-invisible elementor-widget elementor-widget-image\" data-id=\"e9b2f9c\" data-element_type=\"widget\" data-e-type=\"widget\" data-settings=\"{&quot;_animation&quot;:&quot;zoomInUp&quot;,&quot;_transform_scale_effect_hover&quot;:{&quot;unit&quot;:&quot;px&quot;,&quot;size&quot;:1.1,&quot;sizes&quot;:[]},&quot;ha_floating_fx&quot;:&quot;yes&quot;,&quot;ha_floating_fx_translate_toggle&quot;:&quot;yes&quot;,&quot;ha_floating_fx_translate_x&quot;:{&quot;unit&quot;:&quot;px&quot;,&quot;size&quot;:&quot;&quot;,&quot;sizes&quot;:{&quot;from&quot;:0,&quot;to&quot;:0}},&quot;ha_floating_fx_translate_y&quot;:{&quot;unit&quot;:&quot;px&quot;,&quot;size&quot;:&quot;&quot;,&quot;sizes&quot;:{&quot;from&quot;:0,&quot;to&quot;:11}},&quot;ha_floating_fx_translate_duration&quot;:{&quot;unit&quot;:&quot;px&quot;,&quot;size&quot;:1000,&quot;sizes&quot;:[]},&quot;ha_floating_fx_translate_delay&quot;:{&quot;unit&quot;:&quot;px&quot;,&quot;size&quot;:&quot;&quot;,&quot;sizes&quot;:[]},&quot;_transform_scale_effect_hover_tablet&quot;:{&quot;unit&quot;:&quot;px&quot;,&quot;size&quot;:&quot;&quot;,&quot;sizes&quot;:[]},&quot;_transform_scale_effect_hover_mobile&quot;:{&quot;unit&quot;:&quot;px&quot;,&quot;size&quot;:&quot;&quot;,&quot;sizes&quot;:[]}}\" data-resposta=\"\" data-widget_type=\"image.default\">\n\t\t\t\t<div class=\"elementor-widget-container\">\n\t\t\t\t\t\t\t\t\t\t\t\t\t\t\t\t<a href=\"https:\/\/ojoaosanti.com\/es\/form-5\/\">\n\t\t\t\t\t\t\t<img decoding=\"async\" width=\"378\" height=\"371\" data-src=\"https:\/\/ojoaosanti.com\/wp-content\/smush-avif\/2025\/05\/1.png.avif\" class=\"elementor-animation-bob attachment-full size-full wp-image-5670 lazyload\" alt=\"nao\" data-srcset=\"https:\/\/ojoaosanti.com\/wp-content\/smush-avif\/2025\/05\/1.png.avif 378w, https:\/\/ojoaosanti.com\/wp-content\/smush-avif\/2025\/05\/1-300x294.png.avif 300w\" data-sizes=\"(max-width: 378px) 100vw, 378px\" src=\"data:image\/gif;base64,R0lGODlhAQABAAAAACH5BAEKAAEALAAAAAABAAEAAAICTAEAOw==\" style=\"--smush-placeholder-width: 378px; --smush-placeholder-aspect-ratio: 378\/371;\" \/>\t\t\t\t\t\t\t\t<\/a>\n\t\t\t\t\t\t\t\t\t\t\t\t\t\t\t<\/div>\n\t\t\t\t<\/div>\n\t\t\t\t<\/div>\n\t\t\t\t\t<\/div>\n\t\t\t\t<\/div>\n\t\t<div class=\"elementor-element elementor-element-9a198e7 e-flex e-con-boxed e-con e-parent\" data-id=\"9a198e7\" data-element_type=\"container\" data-e-type=\"container\" data-settings=\"{&quot;_ha_eqh_enable&quot;:false}\">\n\t\t\t\t\t<div class=\"e-con-inner\">\n\t\t\t\t<div class=\"elementor-element elementor-element-32f9f03 elementor-widget elementor-widget-html\" data-id=\"32f9f03\" data-element_type=\"widget\" data-e-type=\"widget\" data-widget_type=\"html.default\">\n\t\t\t\t<div class=\"elementor-widget-container\">\n\t\t\t\t\t<script>\r\nfunction salvarRespostaBanner(elemento) {\r\n    \/\/ Pega o valor exato do data-resposta\r\n    const resposta = elemento.getAttribute('data-resposta');\r\n    \r\n    \/\/ Armazena no localStorage\r\n    localStorage.setItem('quiz_banner', resposta);\r\n    \r\n    \/\/ Feedback visual\r\n    document.querySelectorAll('[data-resposta]').forEach(img => {\r\n        img.style.border = 'none';\r\n        img.style.opacity = '0.7';\r\n    });\r\n    elemento.style.border = '3px solid #FF0000';\r\n    elemento.style.opacity = '1';\r\n    \r\n    console.log('Resposta do banner:', resposta);\r\n}\r\n\r\n\/\/ Debug: Mostra o valor atual no console\r\nconsole.log('Valor atual do banner:', localStorage.getItem('quiz_banner'));\r\n\r\n\/\/ Fun\u00e7\u00e3o de fallback para ambas op\u00e7\u00f5es\r\ndocument.addEventListener('click', function(e) {\r\n    const altText = e.target.alt ? e.target.alt.toLowerCase() : '';\r\n    \r\n    if (altText === 'sim') {\r\n        localStorage.setItem('quiz_banner', 'Sim');\r\n        console.log('Resposta for\u00e7ada para Sim');\r\n    }\r\n    else if (altText === 'n\u00e3o' || altText === 'nao') {\r\n        localStorage.setItem('quiz_banner', 'N\u00e3o');\r\n        console.log('Resposta for\u00e7ada para N\u00e3o');\r\n    }\r\n});\r\n<\/script>\r\n\r\n<style>\r\n[data-resposta] {\r\n    cursor: pointer;\r\n    transition: all 0.3s ease;\r\n    margin: 10px;\r\n    border-radius: 8px;\r\n    border: 2px solid transparent;\r\n}\r\n[data-resposta]:hover {\r\n    transform: scale(1.05);\r\n    box-shadow: 0 5px 15px rgba(0,0,0,0.1);\r\n}\r\n<\/style>\t\t\t\t<\/div>\n\t\t\t\t<\/div>\n\t\t\t\t\t<\/div>\n\t\t\t\t<\/div>\n\t\t<div class=\"elementor-element elementor-element-8f73a78 textoanimado2 e-con-full e-flex e-con e-parent\" data-id=\"8f73a78\" data-element_type=\"container\" data-e-type=\"container\" data-settings=\"{&quot;background_background&quot;:&quot;classic&quot;,&quot;position&quot;:&quot;fixed&quot;,&quot;_ha_eqh_enable&quot;:false}\">\n\t\t\t\t<div class=\"elementor-element elementor-element-5bec5f5 elementor-widget__width-inherit textoanimado3 elementor-widget elementor-widget-heading\" data-id=\"5bec5f5\" data-element_type=\"widget\" data-e-type=\"widget\" data-widget_type=\"heading.default\">\n\t\t\t\t<div class=\"elementor-widget-container\">\n\t\t\t\t\t<h2 class=\"elementor-heading-title elementor-size-default\">USTED \u2022 USTED \u2022 USTED \u2022 USTED \u2022 USTED \u2022 USTED \u2022 USTED \u2022 USTED \u2022 USTED \u2022 USTED \u2022 USTED \u2022 USTED \u2022 USTED \u2022 USTED \u2022 USTED \u2022 USTED \u2022 USTED \u2022 USTED \u2022 USTED \u2022 USTED \u2022 USTED \u2022 USTED \u2022 USTED \u2022 USTED \u2022 USTED <\/h2>\t\t\t\t<\/div>\n\t\t\t\t<\/div>\n\t\t\t\t<\/div>\n\t\t\t\t<\/div>","protected":false},"excerpt":{"rendered":"<p>3\/13 Voc\u00ea deseja aparecer no seu site? Nos diga se voc\u00ea deseja aparecer em banners, capas e outras \u00e1reas do seu site VOC\u00ca \u2022 VOC\u00ca \u2022 VOC\u00ca \u2022 VOC\u00ca \u2022 VOC\u00ca \u2022 VOC\u00ca \u2022 VOC\u00ca \u2022 VOC\u00ca \u2022 VOC\u00ca \u2022 VOC\u00ca \u2022 VOC\u00ca \u2022 VOC\u00ca \u2022 VOC\u00ca \u2022 VOC\u00ca \u2022 VOC\u00ca \u2022 VOC\u00ca \u2022 VOC\u00ca [&hellip;]<\/p>","protected":false},"author":2,"featured_media":0,"parent":0,"menu_order":0,"comment_status":"closed","ping_status":"closed","template":"elementor_canvas","meta":{"footnotes":""},"class_list":["post-5611","page","type-page","status-publish","hentry"],"_links":{"self":[{"href":"https:\/\/ojoaosanti.com\/es\/wp-json\/wp\/v2\/pages\/5611","targetHints":{"allow":["GET"]}}],"collection":[{"href":"https:\/\/ojoaosanti.com\/es\/wp-json\/wp\/v2\/pages"}],"about":[{"href":"https:\/\/ojoaosanti.com\/es\/wp-json\/wp\/v2\/types\/page"}],"author":[{"embeddable":true,"href":"https:\/\/ojoaosanti.com\/es\/wp-json\/wp\/v2\/users\/2"}],"replies":[{"embeddable":true,"href":"https:\/\/ojoaosanti.com\/es\/wp-json\/wp\/v2\/comments?post=5611"}],"version-history":[{"count":0,"href":"https:\/\/ojoaosanti.com\/es\/wp-json\/wp\/v2\/pages\/5611\/revisions"}],"wp:attachment":[{"href":"https:\/\/ojoaosanti.com\/es\/wp-json\/wp\/v2\/media?parent=5611"}],"curies":[{"name":"wp","href":"https:\/\/api.w.org\/{rel}","templated":true}]}}