{"id":5482,"date":"2025-05-23T14:05:08","date_gmt":"2025-05-23T17:05:08","guid":{"rendered":"https:\/\/ojoaosanti.com\/?page_id=5482"},"modified":"2025-12-16T17:08:34","modified_gmt":"2025-12-16T20:08:34","slug":"form-3","status":"publish","type":"page","link":"https:\/\/ojoaosanti.com\/es\/form-3\/","title":{"rendered":"FORM #3"},"content":{"rendered":"<div data-elementor-type=\"wp-page\" data-elementor-id=\"5482\" class=\"elementor elementor-5482\" data-elementor-settings=\"{&quot;ha_cmc_init_switcher&quot;:&quot;no&quot;}\" data-elementor-post-type=\"page\">\n\t\t\t\t<div class=\"elementor-element elementor-element-6607a9e e-flex e-con-boxed e-con e-parent\" data-id=\"6607a9e\" data-element_type=\"container\" data-e-type=\"container\" data-settings=\"{&quot;_ha_eqh_enable&quot;:false}\">\n\t\t\t\t\t<div class=\"e-con-inner\">\n\t\t<div class=\"elementor-element elementor-element-ed721bc e-con-full e-flex e-con e-child\" data-id=\"ed721bc\" data-element_type=\"container\" data-e-type=\"container\" data-settings=\"{&quot;_ha_eqh_enable&quot;:false}\">\n\t\t\t\t<div class=\"elementor-element elementor-element-75aa1bf elementor-invisible elementor-widget elementor-widget-heading\" data-id=\"75aa1bf\" data-element_type=\"widget\" data-e-type=\"widget\" data-settings=\"{&quot;_animation&quot;:&quot;fadeIn&quot;}\" data-widget_type=\"heading.default\">\n\t\t\t\t<div class=\"elementor-widget-container\">\n\t\t\t\t\t<h2 class=\"elementor-heading-title elementor-size-default\">2\/13<\/h2>\t\t\t\t<\/div>\n\t\t\t\t<\/div>\n\t\t\t\t<div class=\"elementor-element elementor-element-0630113 elementor-invisible elementor-widget elementor-widget-progress\" data-id=\"0630113\" data-element_type=\"widget\" data-e-type=\"widget\" data-settings=\"{&quot;_animation&quot;:&quot;fadeIn&quot;}\" data-widget_type=\"progress.default\">\n\t\t\t\t<div class=\"elementor-widget-container\">\n\t\t\t\t\t\n\t\t<div class=\"elementor-progress-wrapper\" role=\"progressbar\" aria-valuemin=\"0\" aria-valuemax=\"100\" aria-valuenow=\"14\">\n\t\t\t<div class=\"elementor-progress-bar\" data-max=\"14\">\n\t\t\t\t<span class=\"elementor-progress-text\"><\/span>\n\t\t\t\t\t\t\t<\/div>\n\t\t<\/div>\n\t\t\t\t\t\t<\/div>\n\t\t\t\t<\/div>\n\t\t\t\t<div class=\"elementor-element elementor-element-ed27833 animated-slow titulo-cores elementor-invisible elementor-widget elementor-widget-heading\" data-id=\"ed27833\" data-element_type=\"widget\" data-e-type=\"widget\" data-settings=\"{&quot;_animation&quot;:&quot;fadeIn&quot;}\" data-widget_type=\"heading.default\">\n\t\t\t\t<div class=\"elementor-widget-container\">\n\t\t\t\t\t<h2 class=\"elementor-heading-title elementor-size-default\">Cu\u00e9ntenos sobre su empresa<\/h2>\t\t\t\t<\/div>\n\t\t\t\t<\/div>\n\t\t\t\t<div class=\"elementor-element elementor-element-a5ad969 animated-slow elementor-invisible elementor-widget elementor-widget-heading\" data-id=\"a5ad969\" data-element_type=\"widget\" data-e-type=\"widget\" data-settings=\"{&quot;_animation&quot;:&quot;fadeIn&quot;}\" data-widget_type=\"heading.default\">\n\t\t\t\t<div class=\"elementor-widget-container\">\n\t\t\t\t\t<h2 class=\"elementor-heading-title elementor-size-default\">D\u00e9nos m\u00e1s detalles sobre su empresa, como <b>nombre<\/b>, <b>sector de actividad<\/b>, etc.<\/h2>\t\t\t\t<\/div>\n\t\t\t\t<\/div>\n\t\t\t\t<div class=\"elementor-element elementor-element-c691311 elementor-widget__width-initial animated-slow elementor-button-align-stretch elementor-invisible elementor-widget elementor-widget-form\" data-id=\"c691311\" data-element_type=\"widget\" data-e-type=\"widget\" data-settings=\"{&quot;step_next_label&quot;:&quot;Next&quot;,&quot;step_previous_label&quot;:&quot;Previous&quot;,&quot;step_type&quot;:&quot;none&quot;,&quot;step_icon_shape&quot;:&quot;none&quot;,&quot;_animation&quot;:&quot;fadeIn&quot;,&quot;button_width&quot;:&quot;100&quot;}\" data-widget_type=\"form.default\">\n\t\t\t\t<div class=\"elementor-widget-container\">\n\t\t\t\t\t\t\t<form class=\"elementor-form\" method=\"post\" id=\"empresa\" name=\"empresa\" aria-label=\"empresa\" action=\"\">\n\t\t\t<input type=\"hidden\" name=\"post_id\" value=\"5482\"\/>\n\t\t\t<input type=\"hidden\" name=\"form_id\" value=\"c691311\"\/>\n\t\t\t<input type=\"hidden\" name=\"referer_title\" value=\"FORM #3 - Webdesign Site F\u00e1cil\" \/>\n\n\t\t\t\t\t\t\t<input type=\"hidden\" name=\"queried_id\" value=\"5482\"\/>\n\t\t\t\n\t\t\t<div class=\"elementor-form-fields-wrapper elementor-labels-above\">\n\t\t\t\t\t\t\t\t<div class=\"elementor-field-type-text elementor-field-group elementor-column elementor-field-group-empresa elementor-col-100 elementor-sm-100 elementor-field-required\">\n\t\t\t\t\t\t\t\t\t\t\t\t\t<input size=\"1\" type=\"text\" name=\"form_fields[empresa]\" id=\"form-field-empresa\" class=\"elementor-field elementor-size-md  elementor-field-textual\" placeholder=\"Mi empresa se llama...\" required=\"required\">\n\t\t\t\t\t\t\t\t\t\t\t<\/div>\n\t\t\t\t\t\t\t\t<div class=\"elementor-field-group elementor-column elementor-field-type-submit elementor-col-100 e-form__buttons\">\n\t\t\t\t\t<button class=\"elementor-button elementor-size-sm\" type=\"submit\">\n\t\t\t\t\t\t<span class=\"elementor-button-content-wrapper\">\n\t\t\t\t\t\t\t\t\t\t\t\t\t\t\t\t\t\t\t\t\t\t<span class=\"elementor-button-text\">CONTINUAR<\/span>\n\t\t\t\t\t\t\t\t\t\t\t\t\t<\/span>\n\t\t\t\t\t<\/button>\n\t\t\t\t<\/div>\n\t\t\t<\/div>\n\t\t<input type=\"hidden\" name=\"trp-form-language\" value=\"es\"\/><\/form>\n\t\t\t\t\t\t<\/div>\n\t\t\t\t<\/div>\n\t\t\t\t<div class=\"elementor-element elementor-element-bb27e45 animated-slow elementor-invisible elementor-widget elementor-widget-heading\" data-id=\"bb27e45\" data-element_type=\"widget\" data-e-type=\"widget\" data-settings=\"{&quot;_animation&quot;:&quot;fadeInDown&quot;,&quot;_animation_delay&quot;:1300}\" data-widget_type=\"heading.default\">\n\t\t\t\t<div class=\"elementor-widget-container\">\n\t\t\t\t\t<h2 class=\"elementor-heading-title elementor-size-default\">Haga clic en <b>continua <\/b>o presione <b>enter<\/b>.<\/h2>\t\t\t\t<\/div>\n\t\t\t\t<\/div>\n\t\t\t\t<\/div>\n\t\t\t\t\t<\/div>\n\t\t\t\t<\/div>\n\t\t<div class=\"elementor-element elementor-element-42b6b39 e-flex e-con-boxed e-con e-parent\" data-id=\"42b6b39\" data-element_type=\"container\" data-e-type=\"container\" data-settings=\"{&quot;_ha_eqh_enable&quot;:false}\">\n\t\t\t\t\t<div class=\"e-con-inner\">\n\t\t\t\t<div class=\"elementor-element elementor-element-766c13e elementor-widget elementor-widget-html\" data-id=\"766c13e\" data-element_type=\"widget\" data-e-type=\"widget\" data-widget_type=\"html.default\">\n\t\t\t\t<div class=\"elementor-widget-container\">\n\t\t\t\t\t<script>\r\n  document.addEventListener('DOMContentLoaded', function () {\r\n    const empresaInput = document.querySelector('#form-field-empresa');\r\n    if (empresaInput) {\r\n      empresaInput.addEventListener('input', function () {\r\n        localStorage.setItem('quiz_empresa', empresaInput.value);\r\n      });\r\n    }\r\n  });\r\n<\/script>\r\n\t\t\t\t<\/div>\n\t\t\t\t<\/div>\n\t\t\t\t\t<\/div>\n\t\t\t\t<\/div>\n\t\t<div class=\"elementor-element elementor-element-d7e45ed textoanimado2 e-con-full e-flex e-con e-parent\" data-id=\"d7e45ed\" data-element_type=\"container\" data-e-type=\"container\" data-settings=\"{&quot;background_background&quot;:&quot;classic&quot;,&quot;position&quot;:&quot;fixed&quot;,&quot;_ha_eqh_enable&quot;:false}\">\n\t\t\t\t<div class=\"elementor-element elementor-element-4e898a5 elementor-widget__width-inherit textoanimado3 elementor-widget elementor-widget-heading\" data-id=\"4e898a5\" data-element_type=\"widget\" data-e-type=\"widget\" data-widget_type=\"heading.default\">\n\t\t\t\t<div class=\"elementor-widget-container\">\n\t\t\t\t\t<h2 class=\"elementor-heading-title elementor-size-default\">EMPRESA \u2022 EMPRESA \u2022 EMPRESA \u2022 EMPRESA \u2022 EMPRESA \u2022 EMPRESA \u2022 EMPRESA \u2022 EMPRESA \u2022 EMPRESA \u2022 EMPRESA \u2022 EMPRESA \u2022 EMPRESA \u2022 EMPRESA \u2022 EMPRESA \u2022 EMPRESA \u2022 EMPRESA \u2022 EMPRESA \u2022 EMPRESA \u2022 EMPRESA \u2022 EMPRESA \u2022 EMPRESA<\/h2>\t\t\t\t<\/div>\n\t\t\t\t<\/div>\n\t\t\t\t<\/div>\n\t\t\t\t<\/div>","protected":false},"excerpt":{"rendered":"<p>2\/13 Nos conte sobre sua empresa Nos d\u00ea mais detalhes sobre sua empresa, como nome, ramo de atua\u00e7\u00e3o, etc. Clique em prosseguir ou aperte enter. EMPRESA \u2022 EMPRESA \u2022 EMPRESA \u2022 EMPRESA \u2022 EMPRESA \u2022 EMPRESA \u2022 EMPRESA \u2022 EMPRESA \u2022 EMPRESA \u2022 EMPRESA \u2022 EMPRESA \u2022 EMPRESA \u2022 EMPRESA \u2022 EMPRESA \u2022 EMPRESA \u2022 [&hellip;]<\/p>","protected":false},"author":2,"featured_media":0,"parent":0,"menu_order":0,"comment_status":"closed","ping_status":"closed","template":"elementor_canvas","meta":{"footnotes":""},"class_list":["post-5482","page","type-page","status-publish","hentry"],"_links":{"self":[{"href":"https:\/\/ojoaosanti.com\/es\/wp-json\/wp\/v2\/pages\/5482","targetHints":{"allow":["GET"]}}],"collection":[{"href":"https:\/\/ojoaosanti.com\/es\/wp-json\/wp\/v2\/pages"}],"about":[{"href":"https:\/\/ojoaosanti.com\/es\/wp-json\/wp\/v2\/types\/page"}],"author":[{"embeddable":true,"href":"https:\/\/ojoaosanti.com\/es\/wp-json\/wp\/v2\/users\/2"}],"replies":[{"embeddable":true,"href":"https:\/\/ojoaosanti.com\/es\/wp-json\/wp\/v2\/comments?post=5482"}],"version-history":[{"count":0,"href":"https:\/\/ojoaosanti.com\/es\/wp-json\/wp\/v2\/pages\/5482\/revisions"}],"wp:attachment":[{"href":"https:\/\/ojoaosanti.com\/es\/wp-json\/wp\/v2\/media?parent=5482"}],"curies":[{"name":"wp","href":"https:\/\/api.w.org\/{rel}","templated":true}]}}