{"id":6512,"date":"2025-05-29T16:05:17","date_gmt":"2025-05-29T19:05:17","guid":{"rendered":"https:\/\/ojoaosanti.com\/?page_id=6512"},"modified":"2025-12-16T17:01:08","modified_gmt":"2025-12-16T20:01:08","slug":"form-14","status":"publish","type":"page","link":"https:\/\/ojoaosanti.com\/en\/form-14\/","title":{"rendered":"FORM #14"},"content":{"rendered":"<div data-elementor-type=\"wp-page\" data-elementor-id=\"6512\" class=\"elementor elementor-6512\" data-elementor-settings=\"{&quot;ha_cmc_init_switcher&quot;:&quot;no&quot;}\" data-elementor-post-type=\"page\">\n\t\t\t\t<div class=\"elementor-element elementor-element-a343cdf e-con-full e-flex e-con e-parent\" data-id=\"a343cdf\" data-element_type=\"container\" data-e-type=\"container\" data-settings=\"{&quot;background_background&quot;:&quot;gradient&quot;,&quot;_ha_eqh_enable&quot;:false}\">\n\t\t<div class=\"elementor-element elementor-element-dc341c8 e-con-full e-flex e-con e-child\" data-id=\"dc341c8\" data-element_type=\"container\" data-e-type=\"container\" data-settings=\"{&quot;_ha_eqh_enable&quot;:false}\">\n\t\t\t\t<div class=\"elementor-element elementor-element-3ed6be8 elementor-invisible elementor-widget elementor-widget-heading\" data-id=\"3ed6be8\" data-element_type=\"widget\" data-e-type=\"widget\" data-settings=\"{&quot;_animation&quot;:&quot;fadeIn&quot;}\" data-widget_type=\"heading.default\">\n\t\t\t\t<div class=\"elementor-widget-container\">\n\t\t\t\t\t<h2 class=\"elementor-heading-title elementor-size-default\">13\/13<\/h2>\t\t\t\t<\/div>\n\t\t\t\t<\/div>\n\t\t\t\t<div class=\"elementor-element elementor-element-4808bf5 elementor-invisible elementor-widget elementor-widget-progress\" data-id=\"4808bf5\" data-element_type=\"widget\" data-e-type=\"widget\" data-settings=\"{&quot;_animation&quot;:&quot;fadeIn&quot;}\" data-widget_type=\"progress.default\">\n\t\t\t\t<div class=\"elementor-widget-container\">\n\t\t\t\t\t\n\t\t<div class=\"elementor-progress-wrapper\" role=\"progressbar\" aria-valuemin=\"0\" aria-valuemax=\"100\" aria-valuenow=\"98\">\n\t\t\t<div class=\"elementor-progress-bar\" data-max=\"98\">\n\t\t\t\t<span class=\"elementor-progress-text\"><\/span>\n\t\t\t\t\t\t\t<\/div>\n\t\t<\/div>\n\t\t\t\t\t\t<\/div>\n\t\t\t\t<\/div>\n\t\t\t\t<div class=\"elementor-element elementor-element-8c5cfbf animated-slow titulo-cores elementor-invisible elementor-widget elementor-widget-heading\" data-id=\"8c5cfbf\" data-element_type=\"widget\" data-e-type=\"widget\" data-settings=\"{&quot;_animation&quot;:&quot;fadeIn&quot;}\" data-widget_type=\"heading.default\">\n\t\t\t\t<div class=\"elementor-widget-container\">\n\t\t\t\t\t<h2 class=\"elementor-heading-title elementor-size-default\">Is there any extra information or changes you would like to include in the project?<\/h2>\t\t\t\t<\/div>\n\t\t\t\t<\/div>\n\t\t\t\t<div class=\"elementor-element elementor-element-afa03ed animated-slow elementor-invisible elementor-widget elementor-widget-heading\" data-id=\"afa03ed\" data-element_type=\"widget\" data-e-type=\"widget\" data-settings=\"{&quot;_animation&quot;:&quot;fadeIn&quot;}\" data-widget_type=\"heading.default\">\n\t\t\t\t<div class=\"elementor-widget-container\">\n\t\t\t\t\t<h2 class=\"elementor-heading-title elementor-size-default\">If any <b>important information<\/b> was not provided, please type it below<\/h2>\t\t\t\t<\/div>\n\t\t\t\t<\/div>\n\t\t\t\t<div class=\"elementor-element elementor-element-c895b7d elementor-widget__width-initial animated-slow elementor-button-align-stretch elementor-invisible elementor-widget elementor-widget-form\" data-id=\"c895b7d\" data-element_type=\"widget\" data-e-type=\"widget\" data-settings=\"{&quot;step_next_label&quot;:&quot;Next&quot;,&quot;step_previous_label&quot;:&quot;Previous&quot;,&quot;step_type&quot;:&quot;none&quot;,&quot;step_icon_shape&quot;:&quot;none&quot;,&quot;_animation&quot;:&quot;fadeIn&quot;,&quot;button_width&quot;:&quot;100&quot;}\" data-widget_type=\"form.default\">\n\t\t\t\t<div class=\"elementor-widget-container\">\n\t\t\t\t\t\t\t<form class=\"elementor-form\" method=\"post\" id=\"informacao\" name=\"informacao\" aria-label=\"informacao\" action=\"\">\n\t\t\t<input type=\"hidden\" name=\"post_id\" value=\"6512\"\/>\n\t\t\t<input type=\"hidden\" name=\"form_id\" value=\"c895b7d\"\/>\n\t\t\t<input type=\"hidden\" name=\"referer_title\" value=\"FORM #14 - Webdesign Site F\u00e1cil\" \/>\n\n\t\t\t\t\t\t\t<input type=\"hidden\" name=\"queried_id\" value=\"6512\"\/>\n\t\t\t\n\t\t\t<div class=\"elementor-form-fields-wrapper elementor-labels-\">\n\t\t\t\t\t\t\t\t<div class=\"elementor-field-type-hidden elementor-field-group elementor-column elementor-field-group-quiz_nome elementor-col-100\">\n\t\t\t\t\t\t\t\t\t\t\t\t\t<input size=\"1\" type=\"hidden\" name=\"form_fields[quiz_nome]\" id=\"form-field-quiz_nome\" class=\"elementor-field elementor-size-sm  elementor-field-textual\">\n\t\t\t\t\t\t\t\t\t\t\t<\/div>\n\t\t\t\t\t\t\t\t<div class=\"elementor-field-type-hidden elementor-field-group elementor-column elementor-field-group-quiz_empresa elementor-col-100\">\n\t\t\t\t\t\t\t\t\t\t\t\t\t<input size=\"1\" type=\"hidden\" name=\"form_fields[quiz_empresa]\" id=\"form-field-quiz_empresa\" class=\"elementor-field elementor-size-sm  elementor-field-textual\">\n\t\t\t\t\t\t\t\t\t\t\t<\/div>\n\t\t\t\t\t\t\t\t<div class=\"elementor-field-type-hidden elementor-field-group elementor-column elementor-field-group-quiz_banner elementor-col-100\">\n\t\t\t\t\t\t\t\t\t\t\t\t\t<input size=\"1\" type=\"hidden\" name=\"form_fields[quiz_banner]\" id=\"form-field-quiz_banner\" class=\"elementor-field elementor-size-sm  elementor-field-textual\">\n\t\t\t\t\t\t\t\t\t\t\t<\/div>\n\t\t\t\t\t\t\t\t<div class=\"elementor-field-type-hidden elementor-field-group elementor-column elementor-field-group-cores elementor-col-100\">\n\t\t\t\t\t\t\t\t\t\t\t\t\t<input size=\"1\" type=\"hidden\" name=\"form_fields[cores]\" id=\"form-field-cores\" class=\"elementor-field elementor-size-sm  elementor-field-textual\">\n\t\t\t\t\t\t\t\t\t\t\t<\/div>\n\t\t\t\t\t\t\t\t<div class=\"elementor-field-type-hidden elementor-field-group elementor-column elementor-field-group-tipo_site elementor-col-100\">\n\t\t\t\t\t\t\t\t\t\t\t\t\t<input size=\"1\" type=\"hidden\" name=\"form_fields[tipo_site]\" id=\"form-field-tipo_site\" class=\"elementor-field elementor-size-sm  elementor-field-textual\">\n\t\t\t\t\t\t\t\t\t\t\t<\/div>\n\t\t\t\t\t\t\t\t<div class=\"elementor-field-type-hidden elementor-field-group elementor-column elementor-field-group-objetivo_site elementor-col-100\">\n\t\t\t\t\t\t\t\t\t\t\t\t\t<input size=\"1\" type=\"hidden\" name=\"form_fields[objetivo_site]\" id=\"form-field-objetivo_site\" class=\"elementor-field elementor-size-sm  elementor-field-textual\">\n\t\t\t\t\t\t\t\t\t\t\t<\/div>\n\t\t\t\t\t\t\t\t<div class=\"elementor-field-type-hidden elementor-field-group elementor-column elementor-field-group-jornada elementor-col-100\">\n\t\t\t\t\t\t\t\t\t\t\t\t\t<input size=\"1\" type=\"hidden\" name=\"form_fields[jornada]\" id=\"form-field-jornada\" class=\"elementor-field elementor-size-sm  elementor-field-textual\">\n\t\t\t\t\t\t\t\t\t\t\t<\/div>\n\t\t\t\t\t\t\t\t<div class=\"elementor-field-type-hidden elementor-field-group elementor-column elementor-field-group-paginas elementor-col-100\">\n\t\t\t\t\t\t\t\t\t\t\t\t\t<input size=\"1\" type=\"hidden\" name=\"form_fields[paginas]\" id=\"form-field-paginas\" class=\"elementor-field elementor-size-sm  elementor-field-textual\">\n\t\t\t\t\t\t\t\t\t\t\t<\/div>\n\t\t\t\t\t\t\t\t<div class=\"elementor-field-type-hidden elementor-field-group elementor-column elementor-field-group-canais elementor-col-100\">\n\t\t\t\t\t\t\t\t\t\t\t\t\t<input size=\"1\" type=\"hidden\" name=\"form_fields[canais]\" id=\"form-field-canais\" class=\"elementor-field elementor-size-sm  elementor-field-textual\">\n\t\t\t\t\t\t\t\t\t\t\t<\/div>\n\t\t\t\t\t\t\t\t<div class=\"elementor-field-type-hidden elementor-field-group elementor-column elementor-field-group-hospedagem elementor-col-100\">\n\t\t\t\t\t\t\t\t\t\t\t\t\t<input size=\"1\" type=\"hidden\" name=\"form_fields[hospedagem]\" id=\"form-field-hospedagem\" class=\"elementor-field elementor-size-sm  elementor-field-textual\">\n\t\t\t\t\t\t\t\t\t\t\t<\/div>\n\t\t\t\t\t\t\t\t<div class=\"elementor-field-type-hidden elementor-field-group elementor-column elementor-field-group-conteudo_pronto elementor-col-100\">\n\t\t\t\t\t\t\t\t\t\t\t\t\t<input size=\"1\" type=\"hidden\" name=\"form_fields[conteudo_pronto]\" id=\"form-field-conteudo_pronto\" class=\"elementor-field elementor-size-sm  elementor-field-textual\">\n\t\t\t\t\t\t\t\t\t\t\t<\/div>\n\t\t\t\t\t\t\t\t<div class=\"elementor-field-type-hidden elementor-field-group elementor-column elementor-field-group-referencias elementor-col-100\">\n\t\t\t\t\t\t\t\t\t\t\t\t\t<input size=\"1\" type=\"hidden\" name=\"form_fields[referencias]\" id=\"form-field-referencias\" class=\"elementor-field elementor-size-sm  elementor-field-textual\" value=\"[referencias]\">\n\t\t\t\t\t\t\t\t\t\t\t<\/div>\n\t\t\t\t\t\t\t\t<div class=\"elementor-field-type-textarea elementor-field-group elementor-column elementor-field-group-infoextra elementor-col-100 elementor-sm-100 elementor-field-required\">\n\t\t\t\t\t\t\t\t\t\t\t\t<label for=\"form-field-infoextra\" class=\"elementor-field-label elementor-screen-only\">\n\t\t\t\t\t\t\t\tIs there any extra information or changes you would like to include in the project?\t\t\t\t\t\t\t<\/label>\n\t\t\t\t\t\t<textarea class=\"elementor-field-textual elementor-field  elementor-size-sm\" name=\"form_fields[infoextra]\" id=\"form-field-infoextra\" rows=\"5\" placeholder=\"It is essential to highlight that...\" required=\"required\"><\/textarea>\t\t\t\t<\/div>\n\t\t\t\t\t\t\t\t<div class=\"elementor-field-group elementor-column elementor-field-type-submit elementor-col-100 e-form__buttons\">\n\t\t\t\t\t<button class=\"elementor-button elementor-size-sm\" type=\"submit\">\n\t\t\t\t\t\t<span class=\"elementor-button-content-wrapper\">\n\t\t\t\t\t\t\t\t\t\t\t\t\t\t\t\t\t\t\t\t\t\t<span class=\"elementor-button-text\">FINISH<\/span>\n\t\t\t\t\t\t\t\t\t\t\t\t\t<\/span>\n\t\t\t\t\t<\/button>\n\t\t\t\t<\/div>\n\t\t\t<\/div>\n\t\t<input type=\"hidden\" name=\"trp-form-language\" value=\"en\"\/><\/form>\n\t\t\t\t\t\t<\/div>\n\t\t\t\t<\/div>\n\t\t\t\t<div class=\"elementor-element elementor-element-d9201d7 animated-slow elementor-invisible elementor-widget elementor-widget-heading\" data-id=\"d9201d7\" data-element_type=\"widget\" data-e-type=\"widget\" data-settings=\"{&quot;_animation&quot;:&quot;fadeInDown&quot;,&quot;_animation_delay&quot;:1300}\" data-widget_type=\"heading.default\">\n\t\t\t\t<div class=\"elementor-widget-container\">\n\t\t\t\t\t<h2 class=\"elementor-heading-title elementor-size-default\">Click on <b>finish<\/b>.<\/h2>\t\t\t\t<\/div>\n\t\t\t\t<\/div>\n\t\t\t\t<\/div>\n\t\t\t\t<\/div>\n\t\t<div class=\"elementor-element elementor-element-0aa1bb0 e-flex e-con-boxed e-con e-parent\" data-id=\"0aa1bb0\" data-element_type=\"container\" data-e-type=\"container\" data-settings=\"{&quot;_ha_eqh_enable&quot;:false}\">\n\t\t\t\t\t<div class=\"e-con-inner\">\n\t\t\t\t<div class=\"elementor-element elementor-element-974d0f9 elementor-widget elementor-widget-html\" data-id=\"974d0f9\" data-element_type=\"widget\" data-e-type=\"widget\" data-widget_type=\"html.default\">\n\t\t\t\t<div class=\"elementor-widget-container\">\n\t\t\t\t\t<script>\r\ndocument.addEventListener('DOMContentLoaded', function() {\r\n    \/\/ Preenche NOME (existente)\r\n    const nomeSalvo = localStorage.getItem('quiz_nome');\r\n    if (nomeSalvo) {\r\n        document.querySelector('#form-field-quiz_nome').value = nomeSalvo;\r\n    }\r\n\r\n    \/\/ Preenche EMPRESA (existente)\r\n    const empresaSalva = localStorage.getItem('quiz_empresa');\r\n    if (empresaSalva) {\r\n        document.querySelector('#form-field-quiz_empresa').value = empresaSalva;\r\n    }\r\n\r\n    \/\/ Preenche BANNER (existente)\r\n    const respostaBanner = localStorage.getItem('quiz_banner');\r\n    if (respostaBanner) {\r\n        const campo1 = document.querySelector('input[name=\"form_fields[quiz_banner]\"]');\r\n        const campo2 = document.querySelector('#form-field-quiz_banner');\r\n        const campo3 = document.querySelector('input[type=\"hidden\"][id*=\"banner\"]');\r\n        \r\n        if (campo1) campo1.value = respostaBanner;\r\n        if (campo2) campo2.value = respostaBanner;\r\n        if (campo3) campo3.value = respostaBanner;\r\n    }\r\n\r\n    \/\/ Preenche CORES (existente)\r\n    const coresSalvas = localStorage.getItem('quiz_cores');\r\n    if (coresSalvas) {\r\n        const campoCores1 = document.querySelector('input[name=\"form_fields[cores]\"]');\r\n        const campoCores2 = document.querySelector('#form-field-cores');\r\n        \r\n        if (campoCores1) campoCores1.value = coresSalvas;\r\n        if (campoCores2) campoCores2.value = coresSalvas;\r\n    }\r\n\r\n    \/\/ Preenche TIPO DE SITE (mesmo padr\u00e3o da pergunta 3)\r\n    const respostaTipoSite = localStorage.getItem('quiz_tipo_site');\r\n    if (respostaTipoSite) {\r\n        \/\/ Tentativa 1: Campo padr\u00e3o do Elementor\r\n        const campo1 = document.querySelector('input[name=\"form_fields[tipo_site]\"]');\r\n        \/\/ Tentativa 2: Campo por ID\r\n        const campo2 = document.querySelector('#form-field-tipo_site');\r\n        \/\/ Tentativa 3: Campo oculto gen\u00e9rico\r\n        const campo3 = document.querySelector('input[type=\"hidden\"][id*=\"tipo\"]');\r\n        \r\n        if (campo1) campo1.value = respostaTipoSite;\r\n        if (campo2) campo2.value = respostaTipoSite;\r\n        if (campo3) campo3.value = respostaTipoSite;\r\n        \r\n        console.log('Valor do tipo de site definido:', respostaTipoSite);\r\n    }\r\n    \r\n    \/\/ Preenche OBJETIVO DO SITE\r\n    const respostaObjetivo = localStorage.getItem('quiz_objetivo');\r\n    if (respostaObjetivo) {\r\n        \/\/ Tentativa 1: Campo padr\u00e3o do Elementor\r\n        const campo1 = document.querySelector('input[name=\"form_fields[objetivo_site]\"]');\r\n        \/\/ Tentativa 2: Campo por ID\r\n        const campo2 = document.querySelector('#form-field-objetivo_site');\r\n        \/\/ Tentativa 3: Campo oculto gen\u00e9rico\r\n        const campo3 = document.querySelector('input[type=\"hidden\"][id*=\"objetivo\"]');\r\n        \r\n        if (campo1) campo1.value = respostaObjetivo;\r\n        if (campo2) campo2.value = respostaObjetivo;\r\n        if (campo3) campo3.value = respostaObjetivo;\r\n        \r\n        console.log('Objetivo do site definido:', respostaObjetivo);\r\n    }\r\n    \r\n    \/\/ Preenche JORNADA (Textarea)\r\n    const respostaJornada = localStorage.getItem('quiz_jornada');\r\n    if (respostaJornada) {\r\n        \/\/ Tentativa 1: Campo padr\u00e3o\r\n        const campo1 = document.querySelector('textarea[name=\"form_fields[jornada]\"]');\r\n        \/\/ Tentativa 2: Campo por ID\r\n        const campo2 = document.querySelector('#form-field-jornada');\r\n        \r\n        if (campo1) campo1.value = respostaJornada;\r\n        if (campo2) campo2.value = respostaJornada;\r\n        \r\n        console.log('Jornada definida:', respostaJornada);\r\n    }     \r\n    \r\n    \/\/ Preenche P\u00c1GINAS (Textarea)\r\n    const respostaPaginas = localStorage.getItem('quiz_paginas');\r\n    if (respostaPaginas) {\r\n        \/\/ Tentativa 1: Campo padr\u00e3o\r\n        const campo1 = document.querySelector('textarea[name=\"form_fields[paginas]\"]');\r\n        \/\/ Tentativa 2: Campo por ID\r\n        const campo2 = document.querySelector('#form-field-paginas');\r\n        \r\n        if (campo1) campo1.value = respostaPaginas;\r\n        if (campo2) campo2.value = respostaPaginas;\r\n        \r\n        console.log('P\u00e1ginas definidas:', respostaPaginas);\r\n    }   \r\n    \r\n    \/\/ Preenche CANAIS (Textarea)\r\n    const respostaCanais = localStorage.getItem('quiz_canais');\r\n    if (respostaCanais) {\r\n        \/\/ Tentativa 1: Campo padr\u00e3o\r\n        const campo1 = document.querySelector('textarea[name=\"form_fields[canais]\"]');\r\n        \/\/ Tentativa 2: Campo por ID\r\n        const campo2 = document.querySelector('#form-field-canais');\r\n        \r\n        if (campo1) campo1.value = respostaCanais;\r\n        if (campo2) campo2.value = respostaCanais;\r\n        \r\n        console.log('Canais definidos:', respostaCanais);\r\n    }    \r\n    \r\n    \/\/ Preenche HOSPEDAGEM\r\n    const respostaHospedagem = localStorage.getItem('quiz_hospedagem');\r\n    if (respostaHospedagem) {\r\n        \/\/ Tentativa 1: Campo padr\u00e3o do Elementor\r\n        const campo1 = document.querySelector('input[name=\"form_fields[hospedagem]\"]');\r\n        \/\/ Tentativa 2: Campo por ID\r\n        const campo2 = document.querySelector('#form-field-hospedagem');\r\n        \/\/ Tentativa 3: Campo oculto gen\u00e9rico\r\n        const campo3 = document.querySelector('input[type=\"hidden\"][id*=\"hospedagem\"]');\r\n        \r\n        if (campo1) campo1.value = respostaHospedagem;\r\n        if (campo2) campo2.value = respostaHospedagem;\r\n        if (campo3) campo3.value = respostaHospedagem;\r\n        \r\n        console.log('Status da hospedagem definido:', respostaHospedagem);\r\n    }    \r\n    \r\n    \/\/ Preenche CONTE\u00daDO PRONTO\r\n    const respostaConteudo = localStorage.getItem('quiz_conteudo_pronto');\r\n    if (respostaConteudo) {\r\n        \/\/ Tentativa 1: Campo padr\u00e3o do Elementor\r\n        const campo1 = document.querySelector('input[name=\"form_fields[conteudo_pronto]\"]');\r\n        \/\/ Tentativa 2: Campo por ID\r\n        const campo2 = document.querySelector('#form-field-conteudo_pronto');\r\n        \/\/ Tentativa 3: Campo oculto gen\u00e9rico\r\n        const campo3 = document.querySelector('input[type=\"hidden\"][id*=\"conteudo\"]');\r\n        \r\n        if (campo1) campo1.value = respostaConteudo;\r\n        if (campo2) campo2.value = respostaConteudo;\r\n        if (campo3) campo3.value = respostaConteudo;\r\n        \r\n        console.log('Status do conte\u00fado definido:', respostaConteudo);\r\n    }    \r\n    \r\n    \/\/ Preenche REFER\u00caNCIAS (Textarea)\r\n    const respostaReferencias = localStorage.getItem('quiz_referencias');\r\n    if (respostaReferencias) {\r\n        \/\/ Tentativa 1: Campo padr\u00e3o\r\n        const campo1 = document.querySelector('textarea[name=\"form_fields[referencias]\"]');\r\n        \/\/ Tentativa 2: Campo por ID\r\n        const campo2 = document.querySelector('#form-field-referencias');\r\n        \r\n        if (campo1) campo1.value = respostaReferencias;\r\n        if (campo2) campo2.value = respostaReferencias;\r\n        \r\n        console.log('Refer\u00eancias definidas:', respostaReferencias);\r\n    }    \r\n\r\n    \/\/ ===== C\u00d3DIGO PARA INFO EXTRA (SIMPLIFICADO) ===== \/\/\r\n    const textareaInfoExtra = document.querySelector('#form-field-infoextra');\r\n    \r\n    if (textareaInfoExtra) {\r\n        \/\/ Preenche com valor salvo se existir\r\n        const infoExtraSalva = localStorage.getItem('quiz_infoextra');\r\n        if (infoExtraSalva) {\r\n            textareaInfoExtra.value = infoExtraSalva;\r\n        }\r\n        \r\n        \/\/ Salva automaticamente enquanto digita\r\n        textareaInfoExtra.addEventListener('input', function() {\r\n            localStorage.setItem('quiz_infoextra', this.value);\r\n        });\r\n    }\r\n});\r\n<\/script>\t\t\t\t<\/div>\n\t\t\t\t<\/div>\n\t\t\t\t\t<\/div>\n\t\t\t\t<\/div>\n\t\t<div class=\"elementor-element elementor-element-9de62c7 textoanimado2 e-con-full e-flex e-con e-parent\" data-id=\"9de62c7\" data-element_type=\"container\" data-e-type=\"container\" data-settings=\"{&quot;background_background&quot;:&quot;classic&quot;,&quot;position&quot;:&quot;fixed&quot;,&quot;_ha_eqh_enable&quot;:false}\">\n\t\t\t\t<div class=\"elementor-element elementor-element-3b7ea32 elementor-widget__width-inherit textoanimado3 elementor-widget elementor-widget-heading\" data-id=\"3b7ea32\" data-element_type=\"widget\" data-e-type=\"widget\" data-widget_type=\"heading.default\">\n\t\t\t\t<div class=\"elementor-widget-container\">\n\t\t\t\t\t<h2 class=\"elementor-heading-title elementor-size-default\">INFORMATION \u2022 INFORMATION \u2022 INFORMATION \u2022 INFORMATION \u2022 INFORMATION \u2022 INFORMATION \u2022 INFORMATION \u2022 INFORMATION \u2022 INFORMATION \u2022 INFORMATION \u2022 INFORMATION \u2022 INFORMATION \u2022 INFORMATION \u2022 INFORMATION \u2022 INFORMATION \u2022 INFORMATION \u2022 <\/h2>\t\t\t\t<\/div>\n\t\t\t\t<\/div>\n\t\t\t\t<\/div>\n\t\t\t\t<\/div>","protected":false},"excerpt":{"rendered":"<p>13\/13 H\u00e1 alguma informa\u00e7\u00e3o extra ou altera\u00e7\u00f5es que voc\u00ea deseja incluir no projeto? Se alguma informa\u00e7\u00e3o importante n\u00e3o foi informada, digite-a abaixo Clique em finalizar. INFORMA\u00c7\u00c3O \u2022 INFORMA\u00c7\u00c3O \u2022 INFORMA\u00c7\u00c3O \u2022 INFORMA\u00c7\u00c3O \u2022 INFORMA\u00c7\u00c3O \u2022 INFORMA\u00c7\u00c3O \u2022 INFORMA\u00c7\u00c3O \u2022 INFORMA\u00c7\u00c3O \u2022 INFORMA\u00c7\u00c3O \u2022 INFORMA\u00c7\u00c3O \u2022 INFORMA\u00c7\u00c3O \u2022 INFORMA\u00c7\u00c3O \u2022 INFORMA\u00c7\u00c3O \u2022 INFORMA\u00c7\u00c3O \u2022 INFORMA\u00c7\u00c3O \u2022 [&hellip;]<\/p>","protected":false},"author":2,"featured_media":0,"parent":0,"menu_order":0,"comment_status":"closed","ping_status":"closed","template":"elementor_canvas","meta":{"footnotes":""},"class_list":["post-6512","page","type-page","status-publish","hentry"],"_links":{"self":[{"href":"https:\/\/ojoaosanti.com\/en\/wp-json\/wp\/v2\/pages\/6512","targetHints":{"allow":["GET"]}}],"collection":[{"href":"https:\/\/ojoaosanti.com\/en\/wp-json\/wp\/v2\/pages"}],"about":[{"href":"https:\/\/ojoaosanti.com\/en\/wp-json\/wp\/v2\/types\/page"}],"author":[{"embeddable":true,"href":"https:\/\/ojoaosanti.com\/en\/wp-json\/wp\/v2\/users\/2"}],"replies":[{"embeddable":true,"href":"https:\/\/ojoaosanti.com\/en\/wp-json\/wp\/v2\/comments?post=6512"}],"version-history":[{"count":0,"href":"https:\/\/ojoaosanti.com\/en\/wp-json\/wp\/v2\/pages\/6512\/revisions"}],"wp:attachment":[{"href":"https:\/\/ojoaosanti.com\/en\/wp-json\/wp\/v2\/media?parent=6512"}],"curies":[{"name":"wp","href":"https:\/\/api.w.org\/{rel}","templated":true}]}}