{"id":6410,"date":"2025-05-29T15:24:06","date_gmt":"2025-05-29T18:24:06","guid":{"rendered":"https:\/\/ojoaosanti.com\/?page_id=6410"},"modified":"2025-12-16T16:59:29","modified_gmt":"2025-12-16T19:59:29","slug":"form-13","status":"publish","type":"page","link":"https:\/\/ojoaosanti.com\/en\/form-13\/","title":{"rendered":"FORM #13"},"content":{"rendered":"<div data-elementor-type=\"wp-page\" data-elementor-id=\"6410\" class=\"elementor elementor-6410\" data-elementor-settings=\"{&quot;ha_cmc_init_switcher&quot;:&quot;no&quot;}\" data-elementor-post-type=\"page\">\n\t\t\t\t<div class=\"elementor-element elementor-element-92e94bd e-flex e-con-boxed e-con e-parent\" data-id=\"92e94bd\" data-element_type=\"container\" data-e-type=\"container\" data-settings=\"{&quot;background_background&quot;:&quot;gradient&quot;,&quot;_ha_eqh_enable&quot;:false}\">\n\t\t\t\t\t<div class=\"e-con-inner\">\n\t\t<div class=\"elementor-element elementor-element-764efd0 e-con-full e-flex e-con e-child\" data-id=\"764efd0\" data-element_type=\"container\" data-e-type=\"container\" data-settings=\"{&quot;_ha_eqh_enable&quot;:false}\">\n\t\t\t\t<div class=\"elementor-element elementor-element-a6e9068 elementor-invisible elementor-widget elementor-widget-heading\" data-id=\"a6e9068\" data-element_type=\"widget\" data-e-type=\"widget\" data-settings=\"{&quot;_animation&quot;:&quot;fadeIn&quot;}\" data-widget_type=\"heading.default\">\n\t\t\t\t<div class=\"elementor-widget-container\">\n\t\t\t\t\t<h2 class=\"elementor-heading-title elementor-size-default\">12\/13<\/h2>\t\t\t\t<\/div>\n\t\t\t\t<\/div>\n\t\t\t\t<div class=\"elementor-element elementor-element-cb79903 elementor-invisible elementor-widget elementor-widget-progress\" data-id=\"cb79903\" data-element_type=\"widget\" data-e-type=\"widget\" data-settings=\"{&quot;_animation&quot;:&quot;fadeIn&quot;}\" data-widget_type=\"progress.default\">\n\t\t\t\t<div class=\"elementor-widget-container\">\n\t\t\t\t\t\n\t\t<div class=\"elementor-progress-wrapper\" role=\"progressbar\" aria-valuemin=\"0\" aria-valuemax=\"100\" aria-valuenow=\"88\">\n\t\t\t<div class=\"elementor-progress-bar\" data-max=\"88\">\n\t\t\t\t<span class=\"elementor-progress-text\"><\/span>\n\t\t\t\t\t\t\t<\/div>\n\t\t<\/div>\n\t\t\t\t\t\t<\/div>\n\t\t\t\t<\/div>\n\t\t\t\t<div class=\"elementor-element elementor-element-973ec1f animated-slow titulo-cores elementor-invisible elementor-widget elementor-widget-heading\" data-id=\"973ec1f\" data-element_type=\"widget\" data-e-type=\"widget\" data-settings=\"{&quot;_animation&quot;:&quot;fadeIn&quot;}\" data-widget_type=\"heading.default\">\n\t\t\t\t<div class=\"elementor-widget-container\">\n\t\t\t\t\t<h2 class=\"elementor-heading-title elementor-size-default\">Do you have <span class=\"gradiente-amarelo\">references  <\/span>  of websites or styles that you admire?<\/h2>\t\t\t\t<\/div>\n\t\t\t\t<\/div>\n\t\t\t\t<div class=\"elementor-element elementor-element-0eb974a animated-slow elementor-invisible elementor-widget elementor-widget-heading\" data-id=\"0eb974a\" data-element_type=\"widget\" data-e-type=\"widget\" data-settings=\"{&quot;_animation&quot;:&quot;fadeIn&quot;}\" data-widget_type=\"heading.default\">\n\t\t\t\t<div class=\"elementor-widget-container\">\n\t\t\t\t\t<h2 class=\"elementor-heading-title elementor-size-default\"><b>Send links<\/b> or <b>describe the characteristics<\/b> that please you most<\/h2>\t\t\t\t<\/div>\n\t\t\t\t<\/div>\n\t\t\t\t<div class=\"elementor-element elementor-element-6b26d9e elementor-widget__width-initial animated-slow elementor-button-align-stretch elementor-invisible elementor-widget elementor-widget-form\" data-id=\"6b26d9e\" data-element_type=\"widget\" data-e-type=\"widget\" data-settings=\"{&quot;step_next_label&quot;:&quot;Next&quot;,&quot;step_previous_label&quot;:&quot;Previous&quot;,&quot;step_type&quot;:&quot;none&quot;,&quot;step_icon_shape&quot;:&quot;none&quot;,&quot;_animation&quot;:&quot;fadeIn&quot;,&quot;button_width&quot;:&quot;100&quot;}\" data-widget_type=\"form.default\">\n\t\t\t\t<div class=\"elementor-widget-container\">\n\t\t\t\t\t\t\t<form class=\"elementor-form\" method=\"post\" id=\"referencias\" name=\"referencias\" aria-label=\"referencias\" action=\"\">\n\t\t\t<input type=\"hidden\" name=\"post_id\" value=\"6410\"\/>\n\t\t\t<input type=\"hidden\" name=\"form_id\" value=\"6b26d9e\"\/>\n\t\t\t<input type=\"hidden\" name=\"referer_title\" value=\"FORM #13 - Webdesign Site F\u00e1cil\" \/>\n\n\t\t\t\t\t\t\t<input type=\"hidden\" name=\"queried_id\" value=\"6410\"\/>\n\t\t\t\n\t\t\t<div class=\"elementor-form-fields-wrapper elementor-labels-\">\n\t\t\t\t\t\t\t\t<div class=\"elementor-field-type-textarea elementor-field-group elementor-column elementor-field-group-referencias elementor-col-100 elementor-sm-100 elementor-field-required\">\n\t\t\t\t\t<textarea class=\"elementor-field-textual elementor-field  elementor-size-sm\" name=\"form_fields[referencias]\" id=\"form-field-referencias\" rows=\"4\" placeholder=\"ex: siteone.com.br ~ I liked the style...\" required=\"required\"><\/textarea>\t\t\t\t<\/div>\n\t\t\t\t\t\t\t\t<div class=\"elementor-field-group elementor-column elementor-field-type-submit elementor-col-100 e-form__buttons\">\n\t\t\t\t\t<button class=\"elementor-button elementor-size-sm\" type=\"submit\">\n\t\t\t\t\t\t<span class=\"elementor-button-content-wrapper\">\n\t\t\t\t\t\t\t\t\t\t\t\t\t\t\t\t\t\t\t\t\t\t<span class=\"elementor-button-text\">CONTINUE<\/span>\n\t\t\t\t\t\t\t\t\t\t\t\t\t<\/span>\n\t\t\t\t\t<\/button>\n\t\t\t\t<\/div>\n\t\t\t<\/div>\n\t\t<input type=\"hidden\" name=\"trp-form-language\" value=\"en\"\/><\/form>\n\t\t\t\t\t\t<\/div>\n\t\t\t\t<\/div>\n\t\t\t\t<div class=\"elementor-element elementor-element-0c7c8ad animated-slow elementor-invisible elementor-widget elementor-widget-heading\" data-id=\"0c7c8ad\" data-element_type=\"widget\" data-e-type=\"widget\" data-settings=\"{&quot;_animation&quot;:&quot;fadeInDown&quot;,&quot;_animation_delay&quot;:1300}\" data-widget_type=\"heading.default\">\n\t\t\t\t<div class=\"elementor-widget-container\">\n\t\t\t\t\t<h2 class=\"elementor-heading-title elementor-size-default\">Click on <b>continue<\/b>.<\/h2>\t\t\t\t<\/div>\n\t\t\t\t<\/div>\n\t\t\t\t<\/div>\n\t\t\t\t\t<\/div>\n\t\t\t\t<\/div>\n\t\t<div class=\"elementor-element elementor-element-c2c2a38 e-flex e-con-boxed e-con e-parent\" data-id=\"c2c2a38\" data-element_type=\"container\" data-e-type=\"container\" data-settings=\"{&quot;_ha_eqh_enable&quot;:false}\">\n\t\t\t\t\t<div class=\"e-con-inner\">\n\t\t\t\t<div class=\"elementor-element elementor-element-0f602d8 elementor-widget elementor-widget-html\" data-id=\"0f602d8\" data-element_type=\"widget\" data-e-type=\"widget\" data-widget_type=\"html.default\">\n\t\t\t\t<div class=\"elementor-widget-container\">\n\t\t\t\t\t<script>\r\ndocument.addEventListener('DOMContentLoaded', function() {\r\n    const textareaReferencias = document.querySelector('#form-field-referencias');\r\n    \r\n    \/\/ Salva automaticamente enquanto o usu\u00e1rio digita\r\n    if (textareaReferencias) {\r\n        textareaReferencias.addEventListener('input', function() {\r\n            localStorage.setItem('quiz_referencias', this.value);\r\n            console.log('Refer\u00eancias salvas:', this.value);\r\n        });\r\n        \r\n        \/\/ Preenche com valor existente se houver\r\n        const referenciasSalvas = localStorage.getItem('quiz_referencias');\r\n        if (referenciasSalvas) {\r\n            textareaReferencias.value = referenciasSalvas;\r\n        }\r\n    }\r\n});\r\n<\/script>\t\t\t\t<\/div>\n\t\t\t\t<\/div>\n\t\t\t\t\t<\/div>\n\t\t\t\t<\/div>\n\t\t<div class=\"elementor-element elementor-element-9e22dcc textoanimado2 e-con-full e-flex e-con e-parent\" data-id=\"9e22dcc\" data-element_type=\"container\" data-e-type=\"container\" data-settings=\"{&quot;background_background&quot;:&quot;classic&quot;,&quot;position&quot;:&quot;fixed&quot;,&quot;_ha_eqh_enable&quot;:false}\">\n\t\t\t\t<div class=\"elementor-element elementor-element-6d87960 elementor-widget__width-inherit textoanimado3 elementor-widget elementor-widget-heading\" data-id=\"6d87960\" data-element_type=\"widget\" data-e-type=\"widget\" data-widget_type=\"heading.default\">\n\t\t\t\t<div class=\"elementor-widget-container\">\n\t\t\t\t\t<h2 class=\"elementor-heading-title elementor-size-default\"><span class=\"gradiente-amarelo\">REFERENCES <\/span> \u2022  <span class=\"gradiente-amarelo\">REFERENCES <\/span> \u2022 <span class=\"gradiente-amarelo\">REFERENCES <\/span> \u2022 <span class=\"gradiente-amarelo\">REFERENCES <\/span> \u2022 \n<span class=\"gradiente-amarelo\">REFERENCES <\/span> \u2022 <span class=\"gradiente-amarelo\">CUSTOMER<\/span> \u2022 <span class=\"gradiente-amarelo\">REFERENCES <\/span> \u2022 <span class=\"gradiente-amarelo\">CUSTOMER<\/span> \u2022 \n<span class=\"gradiente-amarelo\">JOURNEY<\/span> \u2022 <span class=\"gradiente-amarelo\">CUSTOMER<\/span> \u2022 <span class=\"gradiente-amarelo\">JOURNEY<\/span> \u2022 <span class=\"gradiente-amarelo\">CUSTOMER<\/span> \u2022 <\/h2>\t\t\t\t<\/div>\n\t\t\t\t<\/div>\n\t\t\t\t<\/div>\n\t\t\t\t<\/div>","protected":false},"excerpt":{"rendered":"<p>12\/13 Possui refer\u00eancias de sites ou estilos que voc\u00ea admira? Envie links ou descreva as caracter\u00edsticas que mais lhe agradam Clique em prosseguir. REFER\u00caNCIAS \u2022 REFER\u00caNCIAS \u2022 REFER\u00caNCIAS \u2022 REFER\u00caNCIAS \u2022 REFER\u00caNCIAS \u2022 CLIENTE \u2022 REFER\u00caNCIAS \u2022 CLIENTE \u2022 JORNADA \u2022 CLIENTE \u2022 JORNADA \u2022 CLIENTE \u2022<\/p>","protected":false},"author":2,"featured_media":0,"parent":0,"menu_order":0,"comment_status":"closed","ping_status":"closed","template":"elementor_canvas","meta":{"footnotes":""},"class_list":["post-6410","page","type-page","status-publish","hentry"],"_links":{"self":[{"href":"https:\/\/ojoaosanti.com\/en\/wp-json\/wp\/v2\/pages\/6410","targetHints":{"allow":["GET"]}}],"collection":[{"href":"https:\/\/ojoaosanti.com\/en\/wp-json\/wp\/v2\/pages"}],"about":[{"href":"https:\/\/ojoaosanti.com\/en\/wp-json\/wp\/v2\/types\/page"}],"author":[{"embeddable":true,"href":"https:\/\/ojoaosanti.com\/en\/wp-json\/wp\/v2\/users\/2"}],"replies":[{"embeddable":true,"href":"https:\/\/ojoaosanti.com\/en\/wp-json\/wp\/v2\/comments?post=6410"}],"version-history":[{"count":0,"href":"https:\/\/ojoaosanti.com\/en\/wp-json\/wp\/v2\/pages\/6410\/revisions"}],"wp:attachment":[{"href":"https:\/\/ojoaosanti.com\/en\/wp-json\/wp\/v2\/media?parent=6410"}],"curies":[{"name":"wp","href":"https:\/\/api.w.org\/{rel}","templated":true}]}}