{"id":6332,"date":"2025-05-29T14:47:56","date_gmt":"2025-05-29T17:47:56","guid":{"rendered":"https:\/\/ojoaosanti.com\/?page_id=6332"},"modified":"2025-12-16T16:51:26","modified_gmt":"2025-12-16T19:51:26","slug":"form-12","status":"publish","type":"page","link":"https:\/\/ojoaosanti.com\/en\/form-12\/","title":{"rendered":"FORM #12"},"content":{"rendered":"<div data-elementor-type=\"wp-page\" data-elementor-id=\"6332\" class=\"elementor elementor-6332\" data-elementor-settings=\"{&quot;ha_cmc_init_switcher&quot;:&quot;no&quot;}\" data-elementor-post-type=\"page\">\n\t\t\t\t<div class=\"elementor-element elementor-element-2452877 e-flex e-con-boxed e-con e-parent\" data-id=\"2452877\" data-element_type=\"container\" data-e-type=\"container\" data-settings=\"{&quot;_ha_eqh_enable&quot;:false}\">\n\t\t\t\t\t<div class=\"e-con-inner\">\n\t\t<div class=\"elementor-element elementor-element-04c9ba5 e-con-full e-flex e-con e-child\" data-id=\"04c9ba5\" data-element_type=\"container\" data-e-type=\"container\" data-settings=\"{&quot;_ha_eqh_enable&quot;:false}\">\n\t\t\t\t<div class=\"elementor-element elementor-element-2a91241 elementor-invisible elementor-widget elementor-widget-heading\" data-id=\"2a91241\" data-element_type=\"widget\" data-e-type=\"widget\" data-settings=\"{&quot;_animation&quot;:&quot;fadeIn&quot;}\" data-widget_type=\"heading.default\">\n\t\t\t\t<div class=\"elementor-widget-container\">\n\t\t\t\t\t<h2 class=\"elementor-heading-title elementor-size-default\">11\/13<\/h2>\t\t\t\t<\/div>\n\t\t\t\t<\/div>\n\t\t\t\t<div class=\"elementor-element elementor-element-9a7c376 elementor-invisible elementor-widget elementor-widget-progress\" data-id=\"9a7c376\" data-element_type=\"widget\" data-e-type=\"widget\" data-settings=\"{&quot;_animation&quot;:&quot;fadeIn&quot;}\" data-widget_type=\"progress.default\">\n\t\t\t\t<div class=\"elementor-widget-container\">\n\t\t\t\t\t\n\t\t<div class=\"elementor-progress-wrapper\" role=\"progressbar\" aria-valuemin=\"0\" aria-valuemax=\"100\" aria-valuenow=\"76\">\n\t\t\t<div class=\"elementor-progress-bar\" data-max=\"76\">\n\t\t\t\t<span class=\"elementor-progress-text\"><\/span>\n\t\t\t\t\t\t\t<\/div>\n\t\t<\/div>\n\t\t\t\t\t\t<\/div>\n\t\t\t\t<\/div>\n\t\t\t\t<div class=\"elementor-element elementor-element-62b471a animated-slow titulo-cores elementor-invisible elementor-widget elementor-widget-heading\" data-id=\"62b471a\" data-element_type=\"widget\" data-e-type=\"widget\" data-settings=\"{&quot;_animation&quot;:&quot;fadeIn&quot;}\" data-widget_type=\"heading.default\">\n\t\t\t\t<div class=\"elementor-widget-container\">\n\t\t\t\t\t<h2 class=\"elementor-heading-title elementor-size-default\">Do you already have texts, images, or videos ready for the website?\n\n<\/h2>\t\t\t\t<\/div>\n\t\t\t\t<\/div>\n\t\t\t\t<div class=\"elementor-element elementor-element-f34e9c1 animated-slow elementor-invisible elementor-widget elementor-widget-heading\" data-id=\"f34e9c1\" data-element_type=\"widget\" data-e-type=\"widget\" data-settings=\"{&quot;_animation&quot;:&quot;fadeIn&quot;}\" data-widget_type=\"heading.default\">\n\t\t\t\t<div class=\"elementor-widget-container\">\n\t\t\t\t\t<h2 class=\"elementor-heading-title elementor-size-default\">Select if you already <b>possess some material<\/b> or <b>or if we will start from scratch<\/b> the production<\/h2>\t\t\t\t<\/div>\n\t\t\t\t<\/div>\n\t\t\t\t<\/div>\n\t\t\t\t\t<\/div>\n\t\t\t\t<\/div>\n\t\t<div class=\"elementor-element elementor-element-354e34f e-flex e-con-boxed e-con e-parent\" data-id=\"354e34f\" data-element_type=\"container\" data-e-type=\"container\" data-settings=\"{&quot;_ha_eqh_enable&quot;:false}\">\n\t\t\t\t\t<div class=\"e-con-inner\">\n\t\t<div class=\"elementor-element elementor-element-fcc158e e-con-full e-flex e-con e-child\" data-id=\"fcc158e\" data-element_type=\"container\" data-e-type=\"container\" data-settings=\"{&quot;_ha_eqh_enable&quot;:false}\">\n\t\t\t\t<div class=\"elementor-element elementor-element-2b0cfdc e-transform elementor-invisible elementor-widget elementor-widget-image\" data-id=\"2b0cfdc\" data-element_type=\"widget\" data-e-type=\"widget\" data-settings=\"{&quot;_animation&quot;:&quot;zoomInUp&quot;,&quot;_transform_scale_effect_hover&quot;:{&quot;unit&quot;:&quot;px&quot;,&quot;size&quot;:1.1,&quot;sizes&quot;:[]},&quot;ha_floating_fx&quot;:&quot;yes&quot;,&quot;ha_floating_fx_translate_toggle&quot;:&quot;yes&quot;,&quot;ha_floating_fx_translate_x&quot;:{&quot;unit&quot;:&quot;px&quot;,&quot;size&quot;:&quot;&quot;,&quot;sizes&quot;:{&quot;from&quot;:0,&quot;to&quot;:0}},&quot;ha_floating_fx_translate_y&quot;:{&quot;unit&quot;:&quot;px&quot;,&quot;size&quot;:&quot;&quot;,&quot;sizes&quot;:{&quot;from&quot;:0,&quot;to&quot;:11}},&quot;ha_floating_fx_translate_duration&quot;:{&quot;unit&quot;:&quot;px&quot;,&quot;size&quot;:1000,&quot;sizes&quot;:[]},&quot;ha_floating_fx_translate_delay&quot;:{&quot;unit&quot;:&quot;px&quot;,&quot;size&quot;:&quot;&quot;,&quot;sizes&quot;:[]},&quot;_transform_scale_effect_hover_tablet&quot;:{&quot;unit&quot;:&quot;px&quot;,&quot;size&quot;:&quot;&quot;,&quot;sizes&quot;:[]},&quot;_transform_scale_effect_hover_mobile&quot;:{&quot;unit&quot;:&quot;px&quot;,&quot;size&quot;:&quot;&quot;,&quot;sizes&quot;:[]}}\" data-resposta=\"\" alt=\"\" data-widget_type=\"image.default\">\n\t\t\t\t<div class=\"elementor-widget-container\">\n\t\t\t\t\t\t\t\t\t\t\t\t\t\t\t\t<a href=\"https:\/\/ojoaosanti.com\/en\/form-13\/\">\n\t\t\t\t\t\t\t<img fetchpriority=\"high\" decoding=\"async\" width=\"378\" height=\"371\" src=\"https:\/\/ojoaosanti.com\/wp-content\/smush-avif\/2025\/05\/sim-1.png.avif\" class=\"elementor-animation-grow attachment-full size-full wp-image-6396\" alt=\"sim\" srcset=\"https:\/\/ojoaosanti.com\/wp-content\/smush-avif\/2025\/05\/sim-1.png.avif 378w, https:\/\/ojoaosanti.com\/wp-content\/smush-avif\/2025\/05\/sim-1-300x294.png.avif 300w\" sizes=\"(max-width: 378px) 100vw, 378px\" \/>\t\t\t\t\t\t\t\t<\/a>\n\t\t\t\t\t\t\t\t\t\t\t\t\t\t\t<\/div>\n\t\t\t\t<\/div>\n\t\t\t\t<\/div>\n\t\t<div class=\"elementor-element elementor-element-cb29ca3 e-con-full e-flex e-con e-child\" data-id=\"cb29ca3\" data-element_type=\"container\" data-e-type=\"container\" data-settings=\"{&quot;_ha_eqh_enable&quot;:false}\">\n\t\t\t\t<div class=\"elementor-element elementor-element-d011f86 e-transform elementor-invisible elementor-widget elementor-widget-image\" data-id=\"d011f86\" data-element_type=\"widget\" data-e-type=\"widget\" data-settings=\"{&quot;_animation&quot;:&quot;zoomInUp&quot;,&quot;_transform_scale_effect_hover&quot;:{&quot;unit&quot;:&quot;px&quot;,&quot;size&quot;:1.1,&quot;sizes&quot;:[]},&quot;ha_floating_fx&quot;:&quot;yes&quot;,&quot;ha_floating_fx_translate_toggle&quot;:&quot;yes&quot;,&quot;ha_floating_fx_translate_x&quot;:{&quot;unit&quot;:&quot;px&quot;,&quot;size&quot;:&quot;&quot;,&quot;sizes&quot;:{&quot;from&quot;:0,&quot;to&quot;:0}},&quot;ha_floating_fx_translate_y&quot;:{&quot;unit&quot;:&quot;px&quot;,&quot;size&quot;:&quot;&quot;,&quot;sizes&quot;:{&quot;from&quot;:0,&quot;to&quot;:11}},&quot;ha_floating_fx_translate_duration&quot;:{&quot;unit&quot;:&quot;px&quot;,&quot;size&quot;:1000,&quot;sizes&quot;:[]},&quot;ha_floating_fx_translate_delay&quot;:{&quot;unit&quot;:&quot;px&quot;,&quot;size&quot;:&quot;&quot;,&quot;sizes&quot;:[]},&quot;_transform_scale_effect_hover_tablet&quot;:{&quot;unit&quot;:&quot;px&quot;,&quot;size&quot;:&quot;&quot;,&quot;sizes&quot;:[]},&quot;_transform_scale_effect_hover_mobile&quot;:{&quot;unit&quot;:&quot;px&quot;,&quot;size&quot;:&quot;&quot;,&quot;sizes&quot;:[]}}\" data-resposta=\"\" alt=\"\" data-widget_type=\"image.default\">\n\t\t\t\t<div class=\"elementor-widget-container\">\n\t\t\t\t\t\t\t\t\t\t\t\t\t\t\t\t<a href=\"https:\/\/ojoaosanti.com\/en\/form-13\/\">\n\t\t\t\t\t\t\t<img decoding=\"async\" width=\"378\" height=\"371\" data-src=\"https:\/\/ojoaosanti.com\/wp-content\/smush-avif\/2025\/05\/nao-1.png.avif\" class=\"elementor-animation-grow attachment-full size-full wp-image-6397 lazyload\" alt=\"nao\" data-srcset=\"https:\/\/ojoaosanti.com\/wp-content\/smush-avif\/2025\/05\/nao-1.png.avif 378w, https:\/\/ojoaosanti.com\/wp-content\/smush-avif\/2025\/05\/nao-1-300x294.png.avif 300w\" data-sizes=\"(max-width: 378px) 100vw, 378px\" src=\"data:image\/gif;base64,R0lGODlhAQABAAAAACH5BAEKAAEALAAAAAABAAEAAAICTAEAOw==\" style=\"--smush-placeholder-width: 378px; --smush-placeholder-aspect-ratio: 378\/371;\" \/>\t\t\t\t\t\t\t\t<\/a>\n\t\t\t\t\t\t\t\t\t\t\t\t\t\t\t<\/div>\n\t\t\t\t<\/div>\n\t\t\t\t<\/div>\n\t\t\t\t\t<\/div>\n\t\t\t\t<\/div>\n\t\t<div class=\"elementor-element elementor-element-a101870 e-flex e-con-boxed e-con e-parent\" data-id=\"a101870\" data-element_type=\"container\" data-e-type=\"container\" data-settings=\"{&quot;_ha_eqh_enable&quot;:false}\">\n\t\t\t\t\t<div class=\"e-con-inner\">\n\t\t\t\t<div class=\"elementor-element elementor-element-5879001 elementor-widget elementor-widget-html\" data-id=\"5879001\" data-element_type=\"widget\" data-e-type=\"widget\" data-widget_type=\"html.default\">\n\t\t\t\t<div class=\"elementor-widget-container\">\n\t\t\t\t\t<script>\r\nfunction salvarConteudoPronto(elemento) {\r\n    \/\/ Pega o valor exato do data-resposta\r\n    const resposta = elemento.getAttribute('data-resposta');\r\n    \r\n    \/\/ Armazena no localStorage\r\n    localStorage.setItem('quiz_conteudo_pronto', resposta);\r\n    \r\n    \/\/ Feedback visual (mesmo padr\u00e3o das anteriores)\r\n    document.querySelectorAll('.quiz-conteudo-opcao').forEach(img => {\r\n        img.style.border = 'none';\r\n        img.style.opacity = '0.7';\r\n    });\r\n    elemento.style.border = '3px solid #FF0000';\r\n    elemento.style.opacity = '1';\r\n    \r\n    console.log('Resposta sobre conte\u00fado pronto:', resposta);\r\n}\r\n\r\n\/\/ Debug (padr\u00e3o igual \u00e0s anteriores)\r\nconsole.log('Status atual do conte\u00fado:', localStorage.getItem('quiz_conteudo_pronto'));\r\n\r\n\/\/ Fun\u00e7\u00e3o de fallback (mesma l\u00f3gica comprovada)\r\ndocument.addEventListener('click', function(e) {\r\n    const altText = e.target.alt ? e.target.alt.toLowerCase() : '';\r\n    \r\n    if (altText === 'sim') {\r\n        localStorage.setItem('quiz_conteudo_pronto', 'Sim');\r\n        console.log('Resposta for\u00e7ada para Sim (conte\u00fado)');\r\n    }\r\n    else if (altText === 'n\u00e3o' || altText === 'nao') {\r\n        localStorage.setItem('quiz_conteudo_pronto', 'N\u00e3o');\r\n        console.log('Resposta for\u00e7ada para N\u00e3o (conte\u00fado)');\r\n    }\r\n});\r\n<\/script>\r\n\r\n<style>\r\n.quiz-conteudo-opcao {\r\n    cursor: pointer;\r\n    transition: all 0.3s ease;\r\n    margin: 10px;\r\n    border-radius: 8px;\r\n    border: 2px solid transparent;\r\n}\r\n.quiz-conteudo-opcao:hover {\r\n    transform: scale(1.05);\r\n    box-shadow: 0 5px 15px rgba(0,0,0,0.1);\r\n}\r\n<\/style>\t\t\t\t<\/div>\n\t\t\t\t<\/div>\n\t\t\t\t\t<\/div>\n\t\t\t\t<\/div>\n\t\t<div class=\"elementor-element elementor-element-eb60576 textoanimado2 e-con-full e-flex e-con e-parent\" data-id=\"eb60576\" data-element_type=\"container\" data-e-type=\"container\" data-settings=\"{&quot;background_background&quot;:&quot;classic&quot;,&quot;position&quot;:&quot;fixed&quot;,&quot;_ha_eqh_enable&quot;:false}\">\n\t\t\t\t<div class=\"elementor-element elementor-element-29da0b8 elementor-widget__width-inherit textoanimado3 elementor-widget elementor-widget-heading\" data-id=\"29da0b8\" data-element_type=\"widget\" data-e-type=\"widget\" data-widget_type=\"heading.default\">\n\t\t\t\t<div class=\"elementor-widget-container\">\n\t\t\t\t\t<h2 class=\"elementor-heading-title elementor-size-default\">TEXTS \u2022 IMAGES \u2022 VIDEOS \u2022 TEXTS \u2022 IMAGES \u2022 VIDEOS \u2022 TEXTS \u2022 IMAGES \u2022 VIDEOS \u2022 TEXTS \u2022 IMAGES \u2022 VIDEOS \u2022 TEXTS \u2022 IMAGES \u2022 VIDEOS \u2022 TEXTS \u2022 IMAGES \u2022 VIDEOS \u2022 <\/h2>\t\t\t\t<\/div>\n\t\t\t\t<\/div>\n\t\t\t\t<\/div>\n\t\t\t\t<\/div>","protected":false},"excerpt":{"rendered":"<p>11\/13 Voc\u00ea j\u00e1 tem textos, imagens ou v\u00eddeos prontos para o site? Selecione se voc\u00ea j\u00e1 possui algum material ou iniciaremos do zero a produ\u00e7\u00e3o TEXTOS \u2022 IMAGENS \u2022 V\u00cdDEOS \u2022 TEXTOS \u2022 IMAGENS \u2022 V\u00cdDEOS \u2022 TEXTOS \u2022 IMAGENS \u2022 V\u00cdDEOS \u2022 TEXTOS \u2022 IMAGENS \u2022 V\u00cdDEOS \u2022 TEXTOS \u2022 IMAGENS \u2022 V\u00cdDEOS \u2022 [&hellip;]<\/p>","protected":false},"author":2,"featured_media":0,"parent":0,"menu_order":0,"comment_status":"closed","ping_status":"closed","template":"elementor_canvas","meta":{"footnotes":""},"class_list":["post-6332","page","type-page","status-publish","hentry"],"_links":{"self":[{"href":"https:\/\/ojoaosanti.com\/en\/wp-json\/wp\/v2\/pages\/6332","targetHints":{"allow":["GET"]}}],"collection":[{"href":"https:\/\/ojoaosanti.com\/en\/wp-json\/wp\/v2\/pages"}],"about":[{"href":"https:\/\/ojoaosanti.com\/en\/wp-json\/wp\/v2\/types\/page"}],"author":[{"embeddable":true,"href":"https:\/\/ojoaosanti.com\/en\/wp-json\/wp\/v2\/users\/2"}],"replies":[{"embeddable":true,"href":"https:\/\/ojoaosanti.com\/en\/wp-json\/wp\/v2\/comments?post=6332"}],"version-history":[{"count":0,"href":"https:\/\/ojoaosanti.com\/en\/wp-json\/wp\/v2\/pages\/6332\/revisions"}],"wp:attachment":[{"href":"https:\/\/ojoaosanti.com\/en\/wp-json\/wp\/v2\/media?parent=6332"}],"curies":[{"name":"wp","href":"https:\/\/api.w.org\/{rel}","templated":true}]}}