{"id":6307,"date":"2025-05-28T12:37:10","date_gmt":"2025-05-28T15:37:10","guid":{"rendered":"https:\/\/ojoaosanti.com\/?page_id=6307"},"modified":"2025-12-16T16:49:26","modified_gmt":"2025-12-16T19:49:26","slug":"form-11","status":"publish","type":"page","link":"https:\/\/ojoaosanti.com\/en\/form-11\/","title":{"rendered":"FORM #11"},"content":{"rendered":"<div data-elementor-type=\"wp-page\" data-elementor-id=\"6307\" class=\"elementor elementor-6307\" data-elementor-settings=\"{&quot;ha_cmc_init_switcher&quot;:&quot;no&quot;}\" data-elementor-post-type=\"page\">\n\t\t\t\t<div class=\"elementor-element elementor-element-ddc2b47 e-flex e-con-boxed e-con e-parent\" data-id=\"ddc2b47\" data-element_type=\"container\" data-e-type=\"container\" data-settings=\"{&quot;_ha_eqh_enable&quot;:false}\">\n\t\t\t\t\t<div class=\"e-con-inner\">\n\t\t<div class=\"elementor-element elementor-element-bb851b9 e-con-full e-flex e-con e-child\" data-id=\"bb851b9\" data-element_type=\"container\" data-e-type=\"container\" data-settings=\"{&quot;_ha_eqh_enable&quot;:false}\">\n\t\t\t\t<div class=\"elementor-element elementor-element-dee9cb7 elementor-invisible elementor-widget elementor-widget-heading\" data-id=\"dee9cb7\" data-element_type=\"widget\" data-e-type=\"widget\" data-settings=\"{&quot;_animation&quot;:&quot;fadeIn&quot;}\" data-widget_type=\"heading.default\">\n\t\t\t\t<div class=\"elementor-widget-container\">\n\t\t\t\t\t<h2 class=\"elementor-heading-title elementor-size-default\">10\/13<\/h2>\t\t\t\t<\/div>\n\t\t\t\t<\/div>\n\t\t\t\t<div class=\"elementor-element elementor-element-f13d2b2 elementor-invisible elementor-widget elementor-widget-progress\" data-id=\"f13d2b2\" data-element_type=\"widget\" data-e-type=\"widget\" data-settings=\"{&quot;_animation&quot;:&quot;fadeIn&quot;}\" data-widget_type=\"progress.default\">\n\t\t\t\t<div class=\"elementor-widget-container\">\n\t\t\t\t\t\n\t\t<div class=\"elementor-progress-wrapper\" role=\"progressbar\" aria-valuemin=\"0\" aria-valuemax=\"100\" aria-valuenow=\"69\">\n\t\t\t<div class=\"elementor-progress-bar\" data-max=\"69\">\n\t\t\t\t<span class=\"elementor-progress-text\"><\/span>\n\t\t\t\t\t\t\t<\/div>\n\t\t<\/div>\n\t\t\t\t\t\t<\/div>\n\t\t\t\t<\/div>\n\t\t\t\t<div class=\"elementor-element elementor-element-cdf42fc animated-slow titulo-cores elementor-invisible elementor-widget elementor-widget-heading\" data-id=\"cdf42fc\" data-element_type=\"widget\" data-e-type=\"widget\" data-settings=\"{&quot;_animation&quot;:&quot;fadeIn&quot;}\" data-widget_type=\"heading.default\">\n\t\t\t\t<div class=\"elementor-widget-container\">\n\t\t\t\t\t<h2 class=\"elementor-heading-title elementor-size-default\">Do you already have a hosting service? <\/h2>\t\t\t\t<\/div>\n\t\t\t\t<\/div>\n\t\t\t\t<div class=\"elementor-element elementor-element-7e4f608 animated-slow elementor-invisible elementor-widget elementor-widget-heading\" data-id=\"7e4f608\" data-element_type=\"widget\" data-e-type=\"widget\" data-settings=\"{&quot;_animation&quot;:&quot;fadeIn&quot;}\" data-widget_type=\"heading.default\">\n\t\t\t\t<div class=\"elementor-widget-container\">\n\t\t\t\t\t<h2 class=\"elementor-heading-title elementor-size-default\">Allow us <b>to know <\/b>if you already have <b>hosting<\/b><\/h2>\t\t\t\t<\/div>\n\t\t\t\t<\/div>\n\t\t\t\t<\/div>\n\t\t\t\t\t<\/div>\n\t\t\t\t<\/div>\n\t\t<div class=\"elementor-element elementor-element-2c1f11f e-flex e-con-boxed e-con e-parent\" data-id=\"2c1f11f\" data-element_type=\"container\" data-e-type=\"container\" data-settings=\"{&quot;_ha_eqh_enable&quot;:false}\">\n\t\t\t\t\t<div class=\"e-con-inner\">\n\t\t<div class=\"elementor-element elementor-element-e7c132c e-con-full e-flex e-con e-child\" data-id=\"e7c132c\" data-element_type=\"container\" data-e-type=\"container\" data-settings=\"{&quot;_ha_eqh_enable&quot;:false}\">\n\t\t\t\t<div class=\"elementor-element elementor-element-8b46628 e-transform elementor-invisible elementor-widget elementor-widget-image\" data-id=\"8b46628\" data-element_type=\"widget\" data-e-type=\"widget\" data-settings=\"{&quot;_animation&quot;:&quot;zoomInUp&quot;,&quot;_transform_scale_effect_hover&quot;:{&quot;unit&quot;:&quot;px&quot;,&quot;size&quot;:1.1,&quot;sizes&quot;:[]},&quot;ha_floating_fx&quot;:&quot;yes&quot;,&quot;ha_floating_fx_translate_toggle&quot;:&quot;yes&quot;,&quot;ha_floating_fx_translate_x&quot;:{&quot;unit&quot;:&quot;px&quot;,&quot;size&quot;:&quot;&quot;,&quot;sizes&quot;:{&quot;from&quot;:0,&quot;to&quot;:0}},&quot;ha_floating_fx_translate_y&quot;:{&quot;unit&quot;:&quot;px&quot;,&quot;size&quot;:&quot;&quot;,&quot;sizes&quot;:{&quot;from&quot;:0,&quot;to&quot;:11}},&quot;ha_floating_fx_translate_duration&quot;:{&quot;unit&quot;:&quot;px&quot;,&quot;size&quot;:1000,&quot;sizes&quot;:[]},&quot;ha_floating_fx_translate_delay&quot;:{&quot;unit&quot;:&quot;px&quot;,&quot;size&quot;:&quot;&quot;,&quot;sizes&quot;:[]},&quot;_transform_scale_effect_hover_tablet&quot;:{&quot;unit&quot;:&quot;px&quot;,&quot;size&quot;:&quot;&quot;,&quot;sizes&quot;:[]},&quot;_transform_scale_effect_hover_mobile&quot;:{&quot;unit&quot;:&quot;px&quot;,&quot;size&quot;:&quot;&quot;,&quot;sizes&quot;:[]}}\" data-resposta=\"\" alt=\"\" data-widget_type=\"image.default\">\n\t\t\t\t<div class=\"elementor-widget-container\">\n\t\t\t\t\t\t\t\t\t\t\t\t\t\t\t\t<a href=\"https:\/\/ojoaosanti.com\/en\/form-12\/\">\n\t\t\t\t\t\t\t<img fetchpriority=\"high\" decoding=\"async\" width=\"378\" height=\"371\" src=\"https:\/\/ojoaosanti.com\/wp-content\/smush-avif\/2025\/05\/sim.png.avif\" class=\"elementor-animation-grow attachment-full size-full wp-image-6327\" alt=\"sim\" srcset=\"https:\/\/ojoaosanti.com\/wp-content\/smush-avif\/2025\/05\/sim.png.avif 378w, https:\/\/ojoaosanti.com\/wp-content\/smush-avif\/2025\/05\/sim-300x294.png.avif 300w\" sizes=\"(max-width: 378px) 100vw, 378px\" \/>\t\t\t\t\t\t\t\t<\/a>\n\t\t\t\t\t\t\t\t\t\t\t\t\t\t\t<\/div>\n\t\t\t\t<\/div>\n\t\t\t\t<\/div>\n\t\t<div class=\"elementor-element elementor-element-18be9ee e-con-full e-flex e-con e-child\" data-id=\"18be9ee\" data-element_type=\"container\" data-e-type=\"container\" data-settings=\"{&quot;_ha_eqh_enable&quot;:false}\">\n\t\t\t\t<div class=\"elementor-element elementor-element-85bfde2 e-transform elementor-invisible elementor-widget elementor-widget-image\" data-id=\"85bfde2\" data-element_type=\"widget\" data-e-type=\"widget\" data-settings=\"{&quot;_animation&quot;:&quot;zoomInUp&quot;,&quot;_transform_scale_effect_hover&quot;:{&quot;unit&quot;:&quot;px&quot;,&quot;size&quot;:1.1,&quot;sizes&quot;:[]},&quot;ha_floating_fx&quot;:&quot;yes&quot;,&quot;ha_floating_fx_translate_toggle&quot;:&quot;yes&quot;,&quot;ha_floating_fx_translate_x&quot;:{&quot;unit&quot;:&quot;px&quot;,&quot;size&quot;:&quot;&quot;,&quot;sizes&quot;:{&quot;from&quot;:0,&quot;to&quot;:0}},&quot;ha_floating_fx_translate_y&quot;:{&quot;unit&quot;:&quot;px&quot;,&quot;size&quot;:&quot;&quot;,&quot;sizes&quot;:{&quot;from&quot;:0,&quot;to&quot;:11}},&quot;ha_floating_fx_translate_duration&quot;:{&quot;unit&quot;:&quot;px&quot;,&quot;size&quot;:1000,&quot;sizes&quot;:[]},&quot;ha_floating_fx_translate_delay&quot;:{&quot;unit&quot;:&quot;px&quot;,&quot;size&quot;:&quot;&quot;,&quot;sizes&quot;:[]},&quot;_transform_scale_effect_hover_tablet&quot;:{&quot;unit&quot;:&quot;px&quot;,&quot;size&quot;:&quot;&quot;,&quot;sizes&quot;:[]},&quot;_transform_scale_effect_hover_mobile&quot;:{&quot;unit&quot;:&quot;px&quot;,&quot;size&quot;:&quot;&quot;,&quot;sizes&quot;:[]}}\" data-resposta=\"\" alt=\"\" data-widget_type=\"image.default\">\n\t\t\t\t<div class=\"elementor-widget-container\">\n\t\t\t\t\t\t\t\t\t\t\t\t\t\t\t\t<a href=\"https:\/\/ojoaosanti.com\/en\/form-12\/\">\n\t\t\t\t\t\t\t<img decoding=\"async\" width=\"378\" height=\"371\" data-src=\"https:\/\/ojoaosanti.com\/wp-content\/smush-avif\/2025\/05\/nao.png.avif\" class=\"elementor-animation-grow attachment-full size-full wp-image-6328 lazyload\" alt=\"nao\" data-srcset=\"https:\/\/ojoaosanti.com\/wp-content\/smush-avif\/2025\/05\/nao.png.avif 378w, https:\/\/ojoaosanti.com\/wp-content\/smush-avif\/2025\/05\/nao-300x294.png.avif 300w\" data-sizes=\"(max-width: 378px) 100vw, 378px\" src=\"data:image\/gif;base64,R0lGODlhAQABAAAAACH5BAEKAAEALAAAAAABAAEAAAICTAEAOw==\" style=\"--smush-placeholder-width: 378px; --smush-placeholder-aspect-ratio: 378\/371;\" \/>\t\t\t\t\t\t\t\t<\/a>\n\t\t\t\t\t\t\t\t\t\t\t\t\t\t\t<\/div>\n\t\t\t\t<\/div>\n\t\t\t\t<\/div>\n\t\t\t\t\t<\/div>\n\t\t\t\t<\/div>\n\t\t<div class=\"elementor-element elementor-element-e4d5da6 e-flex e-con-boxed e-con e-parent\" data-id=\"e4d5da6\" data-element_type=\"container\" data-e-type=\"container\" data-settings=\"{&quot;_ha_eqh_enable&quot;:false}\">\n\t\t\t\t\t<div class=\"e-con-inner\">\n\t\t\t\t<div class=\"elementor-element elementor-element-0481f56 elementor-widget elementor-widget-html\" data-id=\"0481f56\" data-element_type=\"widget\" data-e-type=\"widget\" data-widget_type=\"html.default\">\n\t\t\t\t<div class=\"elementor-widget-container\">\n\t\t\t\t\t<script>\r\nfunction salvarHospedagem(elemento) {\r\n    \/\/ Pega o valor exato do data-resposta\r\n    const resposta = elemento.getAttribute('data-resposta');\r\n    \r\n    \/\/ Armazena no localStorage\r\n    localStorage.setItem('quiz_hospedagem', resposta);\r\n    \r\n    \/\/ Feedback visual\r\n    document.querySelectorAll('.quiz-hospedagem-opcao').forEach(img => {\r\n        img.style.border = 'none';\r\n        img.style.opacity = '0.7';\r\n    });\r\n    elemento.style.border = '3px solid #FF0000';\r\n    elemento.style.opacity = '1';\r\n    \r\n    console.log('Resposta sobre hospedagem:', resposta);\r\n}\r\n\r\n\/\/ Debug\r\nconsole.log('Status atual da hospedagem:', localStorage.getItem('quiz_hospedagem'));\r\n\r\n\/\/ Fun\u00e7\u00e3o de fallback (igual \u00e0s anteriores)\r\ndocument.addEventListener('click', function(e) {\r\n    const altText = e.target.alt ? e.target.alt.toLowerCase() : '';\r\n    \r\n    if (altText === 'sim') {\r\n        localStorage.setItem('quiz_hospedagem', 'Sim');\r\n        console.log('Resposta for\u00e7ada para Sim');\r\n    }\r\n    else if (altText === 'n\u00e3o' || altText === 'nao') {\r\n        localStorage.setItem('quiz_hospedagem', 'N\u00e3o');\r\n        console.log('Resposta for\u00e7ada para N\u00e3o');\r\n    }\r\n});\r\n<\/script>\r\n\r\n<style>\r\n.quiz-hospedagem-opcao {\r\n    cursor: pointer;\r\n    transition: all 0.3s ease;\r\n    margin: 10px;\r\n    border-radius: 8px;\r\n    border: 2px solid transparent;\r\n}\r\n.quiz-hospedagem-opcao:hover {\r\n    transform: scale(1.05);\r\n    box-shadow: 0 5px 15px rgba(0,0,0,0.1);\r\n}\r\n<\/style>\t\t\t\t<\/div>\n\t\t\t\t<\/div>\n\t\t\t\t\t<\/div>\n\t\t\t\t<\/div>\n\t\t<div class=\"elementor-element elementor-element-cbcfda5 textoanimado2 e-con-full e-flex e-con e-parent\" data-id=\"cbcfda5\" data-element_type=\"container\" data-e-type=\"container\" data-settings=\"{&quot;background_background&quot;:&quot;classic&quot;,&quot;position&quot;:&quot;fixed&quot;,&quot;_ha_eqh_enable&quot;:false}\">\n\t\t\t\t<div class=\"elementor-element elementor-element-4eb5ccc elementor-widget__width-inherit textoanimado3 elementor-widget elementor-widget-heading\" data-id=\"4eb5ccc\" data-element_type=\"widget\" data-e-type=\"widget\" data-widget_type=\"heading.default\">\n\t\t\t\t<div class=\"elementor-widget-container\">\n\t\t\t\t\t<h2 class=\"elementor-heading-title elementor-size-default\">HOSTING \u2022 HOSTING \u2022 HOSTING \u2022 HOSTING \u2022 HOSTING \u2022 HOSTING \u2022 HOSTING \u2022 HOSTING \u2022 HOSTING \u2022 HOSTING \u2022 HOSTING \u2022 HOSTING \u2022 <\/h2>\t\t\t\t<\/div>\n\t\t\t\t<\/div>\n\t\t\t\t<\/div>\n\t\t\t\t<\/div>","protected":false},"excerpt":{"rendered":"<p>10\/13 Voc\u00ea j\u00e1 possui um servi\u00e7o de hospedagem? Permita-nos saber se voc\u00ea j\u00e1 possui hospedagem HOSPEDAGEM \u2022 HOSPEDAGEM \u2022 HOSPEDAGEM \u2022 HOSPEDAGEM \u2022 HOSPEDAGEM \u2022 HOSPEDAGEM \u2022 HOSPEDAGEM \u2022 HOSPEDAGEM \u2022 HOSPEDAGEM \u2022 HOSPEDAGEM \u2022 HOSPEDAGEM \u2022 HOSPEDAGEM<\/p>","protected":false},"author":2,"featured_media":0,"parent":0,"menu_order":0,"comment_status":"closed","ping_status":"closed","template":"elementor_canvas","meta":{"footnotes":""},"class_list":["post-6307","page","type-page","status-publish","hentry"],"_links":{"self":[{"href":"https:\/\/ojoaosanti.com\/en\/wp-json\/wp\/v2\/pages\/6307","targetHints":{"allow":["GET"]}}],"collection":[{"href":"https:\/\/ojoaosanti.com\/en\/wp-json\/wp\/v2\/pages"}],"about":[{"href":"https:\/\/ojoaosanti.com\/en\/wp-json\/wp\/v2\/types\/page"}],"author":[{"embeddable":true,"href":"https:\/\/ojoaosanti.com\/en\/wp-json\/wp\/v2\/users\/2"}],"replies":[{"embeddable":true,"href":"https:\/\/ojoaosanti.com\/en\/wp-json\/wp\/v2\/comments?post=6307"}],"version-history":[{"count":0,"href":"https:\/\/ojoaosanti.com\/en\/wp-json\/wp\/v2\/pages\/6307\/revisions"}],"wp:attachment":[{"href":"https:\/\/ojoaosanti.com\/en\/wp-json\/wp\/v2\/media?parent=6307"}],"curies":[{"name":"wp","href":"https:\/\/api.w.org\/{rel}","templated":true}]}}