{"id":5678,"date":"2025-05-25T16:52:09","date_gmt":"2025-05-25T19:52:09","guid":{"rendered":"https:\/\/ojoaosanti.com\/?page_id=5678"},"modified":"2025-12-16T17:14:49","modified_gmt":"2025-12-16T20:14:49","slug":"form-5-2-2","status":"publish","type":"page","link":"https:\/\/ojoaosanti.com\/en\/form-5-2-2\/","title":{"rendered":"FORM #5"},"content":{"rendered":"<div data-elementor-type=\"wp-page\" data-elementor-id=\"5678\" class=\"elementor elementor-5678\" data-elementor-settings=\"{&quot;ha_cmc_init_switcher&quot;:&quot;no&quot;}\" data-elementor-post-type=\"page\">\n\t\t\t\t<div class=\"elementor-element elementor-element-90657eb e-flex e-con-boxed e-con e-parent\" data-id=\"90657eb\" data-element_type=\"container\" data-e-type=\"container\" data-settings=\"{&quot;background_background&quot;:&quot;gradient&quot;,&quot;_ha_eqh_enable&quot;:false}\">\n\t\t\t\t\t<div class=\"e-con-inner\">\n\t\t<div class=\"elementor-element elementor-element-d11e80d e-con-full e-flex e-con e-child\" data-id=\"d11e80d\" data-element_type=\"container\" data-e-type=\"container\" data-settings=\"{&quot;_ha_eqh_enable&quot;:false}\">\n\t\t\t\t<div class=\"elementor-element elementor-element-bbe1e1f elementor-invisible elementor-widget elementor-widget-heading\" data-id=\"bbe1e1f\" data-element_type=\"widget\" data-e-type=\"widget\" data-settings=\"{&quot;_animation&quot;:&quot;fadeIn&quot;}\" data-widget_type=\"heading.default\">\n\t\t\t\t<div class=\"elementor-widget-container\">\n\t\t\t\t\t<h2 class=\"elementor-heading-title elementor-size-default\">4\/13<\/h2>\t\t\t\t<\/div>\n\t\t\t\t<\/div>\n\t\t\t\t<div class=\"elementor-element elementor-element-0ec140c elementor-invisible elementor-widget elementor-widget-progress\" data-id=\"0ec140c\" data-element_type=\"widget\" data-e-type=\"widget\" data-settings=\"{&quot;_animation&quot;:&quot;fadeIn&quot;}\" data-widget_type=\"progress.default\">\n\t\t\t\t<div class=\"elementor-widget-container\">\n\t\t\t\t\t\n\t\t<div class=\"elementor-progress-wrapper\" role=\"progressbar\" aria-valuemin=\"0\" aria-valuemax=\"100\" aria-valuenow=\"29\">\n\t\t\t<div class=\"elementor-progress-bar\" data-max=\"29\">\n\t\t\t\t<span class=\"elementor-progress-text\"><\/span>\n\t\t\t\t\t\t\t<\/div>\n\t\t<\/div>\n\t\t\t\t\t\t<\/div>\n\t\t\t\t<\/div>\n\t\t\t\t<div class=\"elementor-element elementor-element-6aead3b animated-slow titulo-cores elementor-invisible elementor-widget elementor-widget-heading\" data-id=\"6aead3b\" data-element_type=\"widget\" data-e-type=\"widget\" id=\"titulo-cores\" data-settings=\"{&quot;_animation&quot;:&quot;fadeIn&quot;}\" data-widget_type=\"heading.default\">\n\t\t\t\t<div class=\"elementor-widget-container\">\n\t\t\t\t\t<h2 class=\"elementor-heading-title elementor-size-default\">What are the <span class=\"gradiente-amarelo\">colors<\/span> that represent your brand?<\/h2>\t\t\t\t<\/div>\n\t\t\t\t<\/div>\n\t\t\t\t<div class=\"elementor-element elementor-element-a1fb198 animated-slow elementor-invisible elementor-widget elementor-widget-heading\" data-id=\"a1fb198\" data-element_type=\"widget\" data-e-type=\"widget\" data-settings=\"{&quot;_animation&quot;:&quot;fadeIn&quot;}\" data-widget_type=\"heading.default\">\n\t\t\t\t<div class=\"elementor-widget-container\">\n\t\t\t\t\t<h2 class=\"elementor-heading-title elementor-size-default\">What are <b>the colors<\/b><\/span> of your brand's visual identity?<\/h2>\t\t\t\t<\/div>\n\t\t\t\t<\/div>\n\t\t\t\t<div class=\"elementor-element elementor-element-7b79796 elementor-widget__width-initial animated-slow elementor-button-align-stretch elementor-invisible elementor-widget elementor-widget-form\" data-id=\"7b79796\" data-element_type=\"widget\" data-e-type=\"widget\" data-settings=\"{&quot;step_next_label&quot;:&quot;Next&quot;,&quot;step_previous_label&quot;:&quot;Previous&quot;,&quot;step_type&quot;:&quot;none&quot;,&quot;step_icon_shape&quot;:&quot;none&quot;,&quot;_animation&quot;:&quot;fadeIn&quot;,&quot;button_width&quot;:&quot;100&quot;}\" data-widget_type=\"form.default\">\n\t\t\t\t<div class=\"elementor-widget-container\">\n\t\t\t\t\t\t\t<form class=\"elementor-form\" method=\"post\" id=\"cores\" name=\"cores\" aria-label=\"colors\" action=\"\">\n\t\t\t<input type=\"hidden\" name=\"post_id\" value=\"5678\"\/>\n\t\t\t<input type=\"hidden\" name=\"form_id\" value=\"7b79796\"\/>\n\t\t\t<input type=\"hidden\" name=\"referer_title\" value=\"\" \/>\n\n\t\t\t\n\t\t\t<div class=\"elementor-form-fields-wrapper elementor-labels-above\">\n\t\t\t\t\t\t\t\t<div class=\"elementor-field-type-text elementor-field-group elementor-column elementor-field-group-cores elementor-col-100 elementor-sm-100 elementor-field-required\">\n\t\t\t\t\t\t\t\t\t\t\t\t\t<input size=\"1\" type=\"text\" name=\"form_fields[cores]\" id=\"form-field-cores\" class=\"elementor-field elementor-size-sm  elementor-field-textual\" placeholder=\"Our colors are...\" required=\"required\">\n\t\t\t\t\t\t\t\t\t\t\t<\/div>\n\t\t\t\t\t\t\t\t<div class=\"elementor-field-group elementor-column elementor-field-type-submit elementor-col-100 e-form__buttons\">\n\t\t\t\t\t<button class=\"elementor-button elementor-size-sm\" type=\"submit\">\n\t\t\t\t\t\t<span class=\"elementor-button-content-wrapper\">\n\t\t\t\t\t\t\t\t\t\t\t\t\t\t\t\t\t\t\t\t\t\t<span class=\"elementor-button-text\">NEXT<\/span>\n\t\t\t\t\t\t\t\t\t\t\t\t\t<\/span>\n\t\t\t\t\t<\/button>\n\t\t\t\t<\/div>\n\t\t\t<\/div>\n\t\t<input type=\"hidden\" name=\"trp-form-language\" value=\"en\"\/><\/form>\n\t\t\t\t\t\t<\/div>\n\t\t\t\t<\/div>\n\t\t\t\t<div class=\"elementor-element elementor-element-006761b animated-slow elementor-invisible elementor-widget elementor-widget-heading\" data-id=\"006761b\" data-element_type=\"widget\" data-e-type=\"widget\" data-settings=\"{&quot;_animation&quot;:&quot;fadeInDown&quot;,&quot;_animation_delay&quot;:1300}\" data-widget_type=\"heading.default\">\n\t\t\t\t<div class=\"elementor-widget-container\">\n\t\t\t\t\t<h2 class=\"elementor-heading-title elementor-size-default\">Click on <b>next <\/b>or press <b>enter<\/b>.<\/h2>\t\t\t\t<\/div>\n\t\t\t\t<\/div>\n\t\t\t\t<\/div>\n\t\t\t\t\t<\/div>\n\t\t\t\t<\/div>\n\t\t<div class=\"elementor-element elementor-element-a79ce4a e-flex e-con-boxed e-con e-parent\" data-id=\"a79ce4a\" data-element_type=\"container\" data-e-type=\"container\" data-settings=\"{&quot;_ha_eqh_enable&quot;:false}\">\n\t\t\t\t\t<div class=\"e-con-inner\">\n\t\t\t\t<div class=\"elementor-element elementor-element-0e8c42b elementor-widget elementor-widget-html\" data-id=\"0e8c42b\" data-element_type=\"widget\" data-e-type=\"widget\" data-widget_type=\"html.default\">\n\t\t\t\t<div class=\"elementor-widget-container\">\n\t\t\t\t\t<script>\r\ndocument.addEventListener('DOMContentLoaded', function() {\r\n    const campoCores = document.querySelector('#form-field-cores');\r\n    \r\n    \/\/ Salva automaticamente quando o usu\u00e1rio digita\r\n    if (campoCores) {\r\n        campoCores.addEventListener('input', function() {\r\n            localStorage.setItem('quiz_cores', this.value);\r\n            console.log('Cores salvas:', this.value);\r\n        });\r\n        \r\n        \/\/ Preenche com valor salvo se existir\r\n        const coresSalvas = localStorage.getItem('quiz_cores');\r\n        if (coresSalvas) {\r\n            campoCores.value = coresSalvas;\r\n        }\r\n    }\r\n});\r\n<\/script>\t\t\t\t<\/div>\n\t\t\t\t<\/div>\n\t\t\t\t\t<\/div>\n\t\t\t\t<\/div>\n\t\t<div class=\"elementor-element elementor-element-871805e textoanimado2 e-con-full e-flex e-con e-parent\" data-id=\"871805e\" data-element_type=\"container\" data-e-type=\"container\" data-settings=\"{&quot;background_background&quot;:&quot;classic&quot;,&quot;position&quot;:&quot;fixed&quot;,&quot;_ha_eqh_enable&quot;:false}\">\n\t\t\t\t<div class=\"elementor-element elementor-element-51bb715 elementor-widget__width-inherit textoanimado3 elementor-widget elementor-widget-heading\" data-id=\"51bb715\" data-element_type=\"widget\" data-e-type=\"widget\" id=\"titulo-cores\" data-widget_type=\"heading.default\">\n\t\t\t\t<div class=\"elementor-widget-container\">\n\t\t\t\t\t<h2 class=\"elementor-heading-title elementor-size-default\"><span class=\"gradiente-amarelo\">COLORS<\/span> \u2022 <span class=\"gradiente-amarelo\">COLORS<\/span> \u2022 <span class=\"gradiente-amarelo\">COLORS<\/span> \u2022 <span class=\"gradiente-amarelo\">COLORS<\/span> \u2022 \n<span class=\"gradiente-amarelo\">COLORS<\/span> \u2022 <span class=\"gradiente-amarelo\">COLORS<\/span> \u2022 <span class=\"gradiente-amarelo\">COLORS<\/span> \u2022 <span class=\"gradiente-amarelo\">COLORS<\/span> \u2022 \n<span class=\"gradiente-amarelo\">COLORS<\/span> \u2022 <span class=\"gradiente-amarelo\">COLORS<\/span> \u2022 <span class=\"gradiente-amarelo\">COLORS<\/span> \u2022 <span class=\"gradiente-amarelo\">COLORS<\/span> \u2022 <\/h2>\t\t\t\t<\/div>\n\t\t\t\t<\/div>\n\t\t\t\t<\/div>\n\t\t\t\t<\/div>","protected":false},"excerpt":{"rendered":"<p>4\/13 Quais s\u00e3o as cores que representam sua marca? Quais s\u00e3o as cores da identidade visual da sua marca? Clique em pr\u00f3ximo ou aperte enter. CORES \u2022 CORES \u2022 CORES \u2022 CORES \u2022 CORES \u2022 CORES \u2022 CORES \u2022 CORES \u2022 CORES \u2022 CORES \u2022 CORES \u2022 CORES \u2022<\/p>","protected":false},"author":2,"featured_media":0,"parent":0,"menu_order":0,"comment_status":"closed","ping_status":"closed","template":"elementor_canvas","meta":{"footnotes":""},"class_list":["post-5678","page","type-page","status-publish","hentry"],"_links":{"self":[{"href":"https:\/\/ojoaosanti.com\/en\/wp-json\/wp\/v2\/pages\/5678","targetHints":{"allow":["GET"]}}],"collection":[{"href":"https:\/\/ojoaosanti.com\/en\/wp-json\/wp\/v2\/pages"}],"about":[{"href":"https:\/\/ojoaosanti.com\/en\/wp-json\/wp\/v2\/types\/page"}],"author":[{"embeddable":true,"href":"https:\/\/ojoaosanti.com\/en\/wp-json\/wp\/v2\/users\/2"}],"replies":[{"embeddable":true,"href":"https:\/\/ojoaosanti.com\/en\/wp-json\/wp\/v2\/comments?post=5678"}],"version-history":[{"count":0,"href":"https:\/\/ojoaosanti.com\/en\/wp-json\/wp\/v2\/pages\/5678\/revisions"}],"wp:attachment":[{"href":"https:\/\/ojoaosanti.com\/en\/wp-json\/wp\/v2\/media?parent=5678"}],"curies":[{"name":"wp","href":"https:\/\/api.w.org\/{rel}","templated":true}]}}