{"id":962,"date":"2025-01-24T13:25:19","date_gmt":"2025-01-24T13:25:19","guid":{"rendered":"https:\/\/ojoaosanti.com\/ecommerce\/?post_type=product&#038;p=962"},"modified":"2025-02-07T14:50:51","modified_gmt":"2025-02-07T14:50:51","slug":"denario-da-republica-romana-ano-88-ac-cornelia","status":"publish","type":"product","link":"https:\/\/ojoaosanti.com\/ecommerce\/produto\/denario-da-republica-romana-ano-88-ac-cornelia\/","title":{"rendered":"Den\u00e1rio da Rep\u00fablica Romana &#8211; Ano: 88 AC &#8211; Cornelia"},"content":{"rendered":"<div class=\"row-fluid\">\n<div class=\"span12\">\n<div class=\"abas-custom\">\n<div class=\"tab-content\">\n<div id=\"descricao\" class=\"tab-pane active\">\n<p><strong>Lote:<\/strong>\u00a0766 &#8211;\u00a0<strong>Refer\u00eancia:<\/strong>\u00a0RRC#\u202f345\/1,\u00a0CRR#\u202f702,\u00a0RSC#\u202f50,\u00a0RCV I#\u202f254<\/p>\n<p><strong>DENOMINA\u00c7\u00c3O\/VALOR FACIAL:<\/strong>\u00a0Den\u00e1rio de 16 Asses (<em>141 \u2013 27 BC<\/em>)<br \/>\n<strong>ANO:<\/strong>\u00a088 AC &#8211;\u00a0Roma (antiga), It\u00e1lia (?-476)<br \/>\n<strong>SOBERANO\/PER\u00cdODO:\u00a0<\/strong>\u00a0Cornelia: Gnaeus Cornelius Lentulus Clodianus |\u00a0Rep\u00fablica Romana (509 A.C &#8211; 27 A.C)\u00a0<img decoding=\"async\" title=\"Rep\u00fablica Romana\" src=\"https:\/\/pt.numista.com\/design\/pays\/rome_section.gif\" alt=\"\" width=\"16\" height=\"16\" \/><\/p>\n<p><strong>PESO:<\/strong>\u00a03,59 Gramas<br \/>\n<strong>COMPOSI\u00c7\u00c3O:<\/strong>\u00a0Prata 950<br \/>\n<strong>DI\u00c2METRO:<\/strong>\u00a018 mm<br \/>\n<strong>ESPESSURA:<\/strong>\u00a01,3 mm<\/p>\n<p><strong>ANVERSO:\u00a0<\/strong>Busto de Marte com capacete cor\u00edntio, visto de tr\u00e1s com a cabe\u00e7a virada para a direita, lan\u00e7a sobre o ombro esquerdo e paraz\u00f3nio sobre o ombro direito; marca de denomina\u00e7\u00e3o por baixo do queixo. Anepigr\u00e1fico.<\/p>\n<p><strong>REVERSO:\u00a0<\/strong>Vit\u00f3ria alada em biga \u00e0 direita, segurando as r\u00e9deas na m\u00e3o esquerda e uma coroa de flores na m\u00e3o direita.<br \/>\nMarca de banco no ex\u00e9rcicio.<\/p>\n<p><span id=\"reverse_lettering\">CN\u2022LENTVL<\/span>\u00a0&#8211;\u00a0<strong>Legenda :<\/strong>\u00a0Cn\u00e6us Lentulus<\/p>\n<p>****************************************************************************************************************************************<\/p>\n<p>A\u00a0<strong>gens Cornelia<\/strong>\u00a0foi uma das mais ilustres gentes romanas, tendo produzido um maior n\u00famero de homens ilustres do que qualquer outra casa de Roma. Servius Cornelius Cossus Maluginensis foi o primeiro a alcan\u00e7ar o cargo de c\u00f4nsul, em 485 a.C. A gens foi um dos principais contribuintes para os mais altos cargos da Rep\u00fablica, tendo disputado os cargos de c\u00f4nsul com os Fabii e os Valerii a partir do s\u00e9culo III a.C. Mais de trinta por cento de todos os cargos de c\u00f4nsul foram ocupados por homens dos Cornelii; v\u00e1rios grandes comandantes tamb\u00e9m provinham desta fam\u00edlia.<\/p>\n<p>Entre as numerosas figuras destacadas da gens Cornelia, o den\u00e1rio cunhado por\u00a0<strong>Cn. Lentulus<\/strong>, em 88 a.C., oferece um vislumbre fascinante do poder e da influ\u00eancia da fam\u00edlia. No anverso do den\u00e1rio, encontramos o busto de\u00a0<strong>Marte<\/strong>, o deus romano da guerra, adornado com um capacete cor\u00edntio. Marte simboliza a for\u00e7a militar e a coragem, atributos fundamentais para a nobreza romana e especialmente para uma fam\u00edlia t\u00e3o proeminente quanto os Cornelii.<\/p>\n<p>No reverso do den\u00e1rio, encontramos a imagem de uma\u00a0<strong>biga<\/strong>, uma carruagem de duas rodas puxada por dois cavalos, com a inscri\u00e7\u00e3o\u00a0<strong>&#8220;CN\u2022LENTVL&#8221;<\/strong>. A biga era um s\u00edmbolo comum de vit\u00f3ria militar e prest\u00edgio, frequentemente associada a desfiles triunfais. A representa\u00e7\u00e3o de uma biga na moeda n\u00e3o s\u00f3 exalta a gl\u00f3ria militar dos Cornelii, mas tamb\u00e9m refor\u00e7a a import\u00e2ncia da tradi\u00e7\u00e3o e do prest\u00edgio na sociedade romana.<\/p>\n<p>O contexto hist\u00f3rico dessa cunhagem \u00e9 igualmente interessante. O per\u00edodo foi marcado por conflitos internos, como a Guerra Social (91-88 a.C.), onde aliados italianos lutaram por cidadania romana, levando a reformas significativas na estrutura pol\u00edtica de Roma. A escolha de Marte e da biga na moeda pode ser vista como um reflexo dos tempos de mudan\u00e7a e transforma\u00e7\u00e3o na Rep\u00fablica Romana, simbolizando tanto a for\u00e7a militar quanto a aspira\u00e7\u00e3o por honra e vit\u00f3ria.<\/p>\n<p>Esses den\u00e1rios n\u00e3o s\u00e3o apenas pe\u00e7as de valor monet\u00e1rio; s\u00e3o testemunhos da rica tape\u00e7aria de poder, cultura e hist\u00f3ria que definiram uma das fam\u00edlias mais importantes de Roma. A presen\u00e7a dessas imagens no den\u00e1rio exalta a gl\u00f3ria e o poder da gens Cornelia, servindo como um lembrete da turbul\u00eancia e das aspira\u00e7\u00f5es do per\u00edodo.<\/p>\n<\/div>\n<\/div>\n<\/div>\n<\/div>\n<\/div>\n","protected":false},"excerpt":{"rendered":"<p>Lote:\u00a0766 &#8211;\u00a0Refer\u00eancia:\u00a0RRC#\u202f345\/1,\u00a0CRR#\u202f702,\u00a0RSC#\u202f50,\u00a0RCV I#\u202f254 DENOMINA\u00c7\u00c3O\/VALOR FACIAL:\u00a0Den\u00e1rio de 16 Asses (141 \u2013 27 BC) ANO:\u00a088 AC &#8211;\u00a0Roma (antiga), It\u00e1lia (?-476) SOBERANO\/PER\u00cdODO:\u00a0\u00a0Cornelia: Gnaeus Cornelius Lentulus Clodianus |\u00a0Rep\u00fablica Romana (509 A.C &#8211; 27 A.C)\u00a0 PESO:\u00a03,59 Gramas COMPOSI\u00c7\u00c3O:\u00a0Prata 950 DI\u00c2METRO:\u00a018 mm ESPESSURA:\u00a01,3 mm ANVERSO:\u00a0Busto de Marte com capacete cor\u00edntio, visto de tr\u00e1s com a cabe\u00e7a virada para a direita, lan\u00e7a sobre o ombro esquerdo e paraz\u00f3nio sobre o ombro direito; marca de denomina\u00e7\u00e3o por baixo do queixo. Anepigr\u00e1fico. REVERSO:\u00a0Vit\u00f3ria alada em biga \u00e0 direita, segurando as r\u00e9deas na m\u00e3o esquerda e uma coroa de flores na m\u00e3o direita. Marca de banco no ex\u00e9rcicio. CN\u2022LENTVL\u00a0&#8211;\u00a0Legenda :\u00a0Cn\u00e6us Lentulus **************************************************************************************************************************************** A\u00a0gens Cornelia\u00a0foi uma das mais ilustres gentes romanas, tendo produzido um maior n\u00famero de homens ilustres do que qualquer outra casa de Roma. Servius Cornelius Cossus Maluginensis foi o primeiro a alcan\u00e7ar o cargo de c\u00f4nsul, em 485 a.C. A gens foi um dos principais contribuintes para os mais altos cargos da Rep\u00fablica, tendo disputado os cargos de c\u00f4nsul com os Fabii e os Valerii a partir do s\u00e9culo III a.C. Mais de trinta por cento de todos os cargos de c\u00f4nsul foram ocupados por homens dos Cornelii; v\u00e1rios grandes comandantes tamb\u00e9m provinham desta fam\u00edlia. Entre as numerosas figuras destacadas da gens Cornelia, o den\u00e1rio cunhado por\u00a0Cn. Lentulus, em 88 a.C., oferece um vislumbre fascinante do poder e da influ\u00eancia da fam\u00edlia. No anverso do den\u00e1rio, encontramos o busto de\u00a0Marte, o deus romano da guerra, adornado com um capacete cor\u00edntio. Marte simboliza a for\u00e7a militar e a coragem, atributos fundamentais para a nobreza romana e especialmente para uma fam\u00edlia t\u00e3o proeminente quanto os Cornelii. No reverso do den\u00e1rio, encontramos a imagem de uma\u00a0biga, uma carruagem de duas rodas puxada por dois cavalos, com a inscri\u00e7\u00e3o\u00a0&#8220;CN\u2022LENTVL&#8221;. A biga era um s\u00edmbolo comum de vit\u00f3ria militar e prest\u00edgio, frequentemente associada a desfiles triunfais. A representa\u00e7\u00e3o de uma biga na moeda n\u00e3o s\u00f3 exalta a gl\u00f3ria militar dos Cornelii, mas tamb\u00e9m refor\u00e7a a import\u00e2ncia da tradi\u00e7\u00e3o e do prest\u00edgio na sociedade romana. O contexto hist\u00f3rico dessa cunhagem \u00e9 igualmente interessante. O per\u00edodo foi marcado por conflitos internos, como a Guerra Social (91-88 a.C.), onde aliados italianos lutaram por cidadania romana, levando a reformas significativas na estrutura pol\u00edtica de Roma. A escolha de Marte e da biga na moeda pode ser vista como um reflexo dos tempos de mudan\u00e7a e transforma\u00e7\u00e3o na Rep\u00fablica Romana, simbolizando tanto a for\u00e7a militar quanto a aspira\u00e7\u00e3o por honra e vit\u00f3ria. Esses den\u00e1rios n\u00e3o s\u00e3o apenas pe\u00e7as de valor monet\u00e1rio; s\u00e3o testemunhos da rica tape\u00e7aria de poder, cultura e hist\u00f3ria que definiram uma das fam\u00edlias mais importantes de Roma. A presen\u00e7a dessas imagens no den\u00e1rio exalta a gl\u00f3ria e o poder da gens Cornelia, servindo como um lembrete da turbul\u00eancia e das aspira\u00e7\u00f5es do per\u00edodo.<\/p>\n","protected":false},"featured_media":963,"comment_status":"open","ping_status":"closed","template":"","meta":[],"product_brand":[],"product_cat":[16],"product_tag":[],"class_list":{"0":"post-962","1":"product","2":"type-product","3":"status-publish","4":"has-post-thumbnail","6":"product_cat-sem-categoria","8":"first","9":"instock","10":"sale","11":"shipping-taxable","12":"purchasable","13":"product-type-simple"},"_links":{"self":[{"href":"https:\/\/ojoaosanti.com\/ecommerce\/wp-json\/wp\/v2\/product\/962","targetHints":{"allow":["GET"]}}],"collection":[{"href":"https:\/\/ojoaosanti.com\/ecommerce\/wp-json\/wp\/v2\/product"}],"about":[{"href":"https:\/\/ojoaosanti.com\/ecommerce\/wp-json\/wp\/v2\/types\/product"}],"replies":[{"embeddable":true,"href":"https:\/\/ojoaosanti.com\/ecommerce\/wp-json\/wp\/v2\/comments?post=962"}],"wp:featuredmedia":[{"embeddable":true,"href":"https:\/\/ojoaosanti.com\/ecommerce\/wp-json\/wp\/v2\/media\/963"}],"wp:attachment":[{"href":"https:\/\/ojoaosanti.com\/ecommerce\/wp-json\/wp\/v2\/media?parent=962"}],"wp:term":[{"taxonomy":"product_brand","embeddable":true,"href":"https:\/\/ojoaosanti.com\/ecommerce\/wp-json\/wp\/v2\/product_brand?post=962"},{"taxonomy":"product_cat","embeddable":true,"href":"https:\/\/ojoaosanti.com\/ecommerce\/wp-json\/wp\/v2\/product_cat?post=962"},{"taxonomy":"product_tag","embeddable":true,"href":"https:\/\/ojoaosanti.com\/ecommerce\/wp-json\/wp\/v2\/product_tag?post=962"}],"curies":[{"name":"wp","href":"https:\/\/api.w.org\/{rel}","templated":true}]}}