{"id":955,"date":"2025-01-24T13:20:35","date_gmt":"2025-01-24T13:20:35","guid":{"rendered":"https:\/\/ojoaosanti.com\/ecommerce\/?post_type=product&#038;p=955"},"modified":"2025-01-25T23:22:38","modified_gmt":"2025-01-25T23:22:38","slug":"moeda-de-prata-de-1-dolar-encarte-eua-ano-2012-p-hino-dos-eua-presidente-barack-obama","status":"publish","type":"product","link":"https:\/\/ojoaosanti.com\/ecommerce\/produto\/moeda-de-prata-de-1-dolar-encarte-eua-ano-2012-p-hino-dos-eua-presidente-barack-obama\/","title":{"rendered":"Moeda de Prata de 1 D\u00f3lar (Encarte) &#8211; EUA &#8211; Ano: 2012 P &#8211; Hino dos EUA &#8211; Presidente Barack Obama"},"content":{"rendered":"<div class=\"row-fluid\">\n<div class=\"span12\">\n<div class=\"abas-custom\">\n<div class=\"tab-content\">\n<div id=\"descricao\" class=\"tab-pane active\">\n<p>Lote 644 &#8211; KM# 530 &#8211; Tiragem: Proof + pe\u00e7as<\/p>\n<p>Acompanha encarte com uma reprodu\u00e7\u00e3o em miniatura do manuscrito do poema original &#8220;The Star-Spangled Banner&#8221; de Francis Scoot Key.<\/p>\n<p><strong>DENOMINA\u00c7\u00c3O\/VALOR FACIAL:<\/strong>\u00a01 D\u00f3lar<br \/>\n<strong>ANO:<\/strong>\u00a02012 &#8211; EUA, Filad\u00e9lfia &#8220;P&#8221;<br \/>\n<strong>SOBERANO\/PER\u00cdODO:<\/strong>\u00a0Estados Unidos da Am\u00e9rica (1981 &#8211; 2023) \/ 200\u00ba Anivers\u00e1rio do hino dos EUA<\/p>\n<p><strong>PESO:<\/strong>\u00a027,16 Gramas<br \/>\n<strong>COMPOSI\u00c7\u00c3O:<\/strong>\u00a0Prata 0,900<br \/>\n<strong>DI\u00c2METRO:<\/strong>\u00a038,1 mm<br \/>\n<strong>ESPESSURA:<\/strong>\u00a02,7 mm<br \/>\n<strong>ESPESSURA:<\/strong>\u00a0Serrilhado<\/p>\n<p><strong>ANVERSO:<\/strong>Bandeira e Liberdade<br \/>\nCriador: Joel Iskowitz (JI), Phebe Hemphill (PH)<br \/>\n2012<br \/>\nIN GOD WE TRUST<br \/>\nLIBERTY<br \/>\nP<\/p>\n<p><strong>REVERSO:\u00a0<\/strong>Bandeira<br \/>\nCriador: Don Everhart (DE), William C. Burgard<br \/>\nE PLURIBUS UNUM<br \/>\nONE DOLLAR<br \/>\nUNITED STATES OF AMERICA<\/p>\n<\/div>\n<\/div>\n<\/div>\n<\/div>\n<\/div>\n<div id=\"comentarios-container\" class=\"row-fluid hide\">\n<div class=\"span12\">\n<div id=\"smarthint-product-position2\"><\/div>\n<div id=\"blank-product-position2\"><\/div>\n<div class=\"abas-custom\">\n<div class=\"tab-content\">\n<div id=\"comentarios\" class=\"tab-pane active\"><\/div>\n<\/div>\n<\/div>\n<\/div>\n<\/div>\n","protected":false},"excerpt":{"rendered":"<p>Lote 644 &#8211; KM# 530 &#8211; Tiragem: Proof + pe\u00e7as Acompanha encarte com uma reprodu\u00e7\u00e3o em miniatura do manuscrito do poema original &#8220;The Star-Spangled Banner&#8221; de Francis Scoot Key. DENOMINA\u00c7\u00c3O\/VALOR FACIAL:\u00a01 D\u00f3lar ANO:\u00a02012 &#8211; EUA, Filad\u00e9lfia &#8220;P&#8221; SOBERANO\/PER\u00cdODO:\u00a0Estados Unidos da Am\u00e9rica (1981 &#8211; 2023) \/ 200\u00ba Anivers\u00e1rio do hino dos EUA PESO:\u00a027,16 Gramas COMPOSI\u00c7\u00c3O:\u00a0Prata 0,900 DI\u00c2METRO:\u00a038,1 mm ESPESSURA:\u00a02,7 mm ESPESSURA:\u00a0Serrilhado ANVERSO:Bandeira e Liberdade Criador: Joel Iskowitz (JI), Phebe Hemphill (PH) 2012 IN GOD WE TRUST LIBERTY P REVERSO:\u00a0Bandeira Criador: Don Everhart (DE), William C. Burgard E PLURIBUS UNUM ONE DOLLAR UNITED STATES OF AMERICA<\/p>\n","protected":false},"featured_media":956,"comment_status":"open","ping_status":"closed","template":"","meta":[],"product_brand":[],"product_cat":[16],"product_tag":[],"class_list":{"0":"post-955","1":"product","2":"type-product","3":"status-publish","4":"has-post-thumbnail","6":"product_cat-sem-categoria","8":"first","9":"instock","10":"shipping-taxable","11":"purchasable","12":"product-type-simple"},"_links":{"self":[{"href":"https:\/\/ojoaosanti.com\/ecommerce\/wp-json\/wp\/v2\/product\/955","targetHints":{"allow":["GET"]}}],"collection":[{"href":"https:\/\/ojoaosanti.com\/ecommerce\/wp-json\/wp\/v2\/product"}],"about":[{"href":"https:\/\/ojoaosanti.com\/ecommerce\/wp-json\/wp\/v2\/types\/product"}],"replies":[{"embeddable":true,"href":"https:\/\/ojoaosanti.com\/ecommerce\/wp-json\/wp\/v2\/comments?post=955"}],"wp:featuredmedia":[{"embeddable":true,"href":"https:\/\/ojoaosanti.com\/ecommerce\/wp-json\/wp\/v2\/media\/956"}],"wp:attachment":[{"href":"https:\/\/ojoaosanti.com\/ecommerce\/wp-json\/wp\/v2\/media?parent=955"}],"wp:term":[{"taxonomy":"product_brand","embeddable":true,"href":"https:\/\/ojoaosanti.com\/ecommerce\/wp-json\/wp\/v2\/product_brand?post=955"},{"taxonomy":"product_cat","embeddable":true,"href":"https:\/\/ojoaosanti.com\/ecommerce\/wp-json\/wp\/v2\/product_cat?post=955"},{"taxonomy":"product_tag","embeddable":true,"href":"https:\/\/ojoaosanti.com\/ecommerce\/wp-json\/wp\/v2\/product_tag?post=955"}],"curies":[{"name":"wp","href":"https:\/\/api.w.org\/{rel}","templated":true}]}}