{"id":950,"date":"2025-01-24T13:17:07","date_gmt":"2025-01-24T13:17:07","guid":{"rendered":"https:\/\/ojoaosanti.com\/ecommerce\/?post_type=product&#038;p=950"},"modified":"2025-01-28T11:11:45","modified_gmt":"2025-01-28T11:11:45","slug":"moeda-ae-1-2-falus-quadrado-india-ano-1521-1522-mahmud-shah-ii","status":"publish","type":"product","link":"https:\/\/ojoaosanti.com\/ecommerce\/produto\/moeda-ae-1-2-falus-quadrado-india-ano-1521-1522-mahmud-shah-ii\/","title":{"rendered":"Moeda 1\/2 Falus quadrado, \u00cdndia &#8211; Ano: 1521-1522 &#8211; Mahmud Shah II"},"content":{"rendered":"<div class=\"row-fluid\">\n<div class=\"span12\">\n<div class=\"abas-custom\">\n<div class=\"tab-content\">\n<div id=\"descricao\" class=\"tab-pane active\">\n<p>Lote 669<br \/>\n<strong>Ref.:\u00a0<\/strong><a href=\"https:\/\/en.numista.com\/catalogue\/catalogue.php?id=42\">DR# 3159<\/a><\/p>\n<p><strong>DENOMINA\u00c7\u00c3O\/VALOR FACIAL:<\/strong>\u00a01\/2 Folus Quadrado &#8211; Tanka (1401-1562)<br \/>\n<strong>ANO:<\/strong>\u00a01521-22 (AH 928) &#8211; Malwa, \u00cdndia<br \/>\n<strong>SOBERANO\/PER\u00cdODO:<\/strong>\u00a0Mahmud Shah II (1510-1531), last members of the Khilji Dynasty (1468\/1498) &#8211; Malwa Sultanate (1401-1531)<\/p>\n<p><strong>PESO:\u00a0<\/strong>3,88 Gramas<br \/>\n<strong>COMPOSI\u00c7\u00c3O:\u00a0<\/strong>\u00c6 (AE), abrevia\u00e7\u00e3o de Aes =&gt; Tradu\u00e7\u00e3o do latim: cobre.<br \/>\n<strong>DI\u00c2METRO:\u00a0<\/strong>12 mm<br \/>\n<strong>ESPESSURA:\u00a0<\/strong>3 mm<br \/>\n<strong>TIPO DE BORDO:\u00a0<\/strong>Liso<\/p>\n<p><strong>ANVERSO:\u00a0<\/strong>\u0669\u0662\u0668<br \/>\nMahmud [Shah] al khalji\/bin Nasir Shah &#8211; AH date 928 (= 1520-21 CE)<\/p>\n<p><strong>REVERSO: (<\/strong>Swastika Cross) Al-sultan\/bin\/al-sultan<\/p>\n<p>*********************************************************************************************************************************************************<\/p>\n<p>Mahmud Shah II foi o governante da Dinastia Muzaffarid em Malwa, que reinou de 1510 a 1531 dC. Ele pertencia \u00e0 dinastia Khilji de Malwa e foi considerado o \u00faltimo governante Khilji de Malwa. Ele se rendeu a Bahadur Shah, o sult\u00e3o de Gujarat, quando perdeu o forte de Mandu em 1531 dC e depois disso tamb\u00e9m perdeu seu reino. Neste artigo, discutiremos o importante governante da dinastia Muzaffarid em Malwa Mahmud Shah \u2161 (1510 \u2013 1531 dC), que ser\u00e1 \u00fatil na prepara\u00e7\u00e3o para o exame UPSC.<\/p>\n<\/div>\n<\/div>\n<\/div>\n<\/div>\n<\/div>\n<div id=\"comentarios-container\" class=\"row-fluid hide\">\n<div class=\"span12\">\n<div id=\"smarthint-product-position2\"><\/div>\n<div id=\"blank-product-position2\"><\/div>\n<div class=\"abas-custom\">\n<div class=\"tab-content\">\n<div id=\"comentarios\" class=\"tab-pane active\"><\/div>\n<\/div>\n<\/div>\n<\/div>\n<\/div>\n","protected":false},"excerpt":{"rendered":"<p>Lote 669 Ref.:\u00a0DR# 3159 DENOMINA\u00c7\u00c3O\/VALOR FACIAL:\u00a01\/2 Folus Quadrado &#8211; Tanka (1401-1562) ANO:\u00a01521-22 (AH 928) &#8211; Malwa, \u00cdndia SOBERANO\/PER\u00cdODO:\u00a0Mahmud Shah II (1510-1531), last members of the Khilji Dynasty (1468\/1498) &#8211; Malwa Sultanate (1401-1531) PESO:\u00a03,88 Gramas COMPOSI\u00c7\u00c3O:\u00a0\u00c6 (AE), abrevia\u00e7\u00e3o de Aes =&gt; Tradu\u00e7\u00e3o do latim: cobre. DI\u00c2METRO:\u00a012 mm ESPESSURA:\u00a03 mm TIPO DE BORDO:\u00a0Liso ANVERSO:\u00a0\u0669\u0662\u0668 Mahmud [Shah] al khalji\/bin Nasir Shah &#8211; AH date 928 (= 1520-21 CE) REVERSO: (Swastika Cross) Al-sultan\/bin\/al-sultan ********************************************************************************************************************************************************* Mahmud Shah II foi o governante da Dinastia Muzaffarid em Malwa, que reinou de 1510 a 1531 dC. Ele pertencia \u00e0 dinastia Khilji de Malwa e foi considerado o \u00faltimo governante Khilji de Malwa. Ele se rendeu a Bahadur Shah, o sult\u00e3o de Gujarat, quando perdeu o forte de Mandu em 1531 dC e depois disso tamb\u00e9m perdeu seu reino. Neste artigo, discutiremos o importante governante da dinastia Muzaffarid em Malwa Mahmud Shah \u2161 (1510 \u2013 1531 dC), que ser\u00e1 \u00fatil na prepara\u00e7\u00e3o para o exame UPSC.<\/p>\n","protected":false},"featured_media":951,"comment_status":"open","ping_status":"closed","template":"","meta":[],"product_brand":[],"product_cat":[16],"product_tag":[],"class_list":{"0":"post-950","1":"product","2":"type-product","3":"status-publish","4":"has-post-thumbnail","6":"product_cat-sem-categoria","8":"first","9":"instock","10":"sale","11":"shipping-taxable","12":"purchasable","13":"product-type-simple"},"_links":{"self":[{"href":"https:\/\/ojoaosanti.com\/ecommerce\/wp-json\/wp\/v2\/product\/950","targetHints":{"allow":["GET"]}}],"collection":[{"href":"https:\/\/ojoaosanti.com\/ecommerce\/wp-json\/wp\/v2\/product"}],"about":[{"href":"https:\/\/ojoaosanti.com\/ecommerce\/wp-json\/wp\/v2\/types\/product"}],"replies":[{"embeddable":true,"href":"https:\/\/ojoaosanti.com\/ecommerce\/wp-json\/wp\/v2\/comments?post=950"}],"wp:featuredmedia":[{"embeddable":true,"href":"https:\/\/ojoaosanti.com\/ecommerce\/wp-json\/wp\/v2\/media\/951"}],"wp:attachment":[{"href":"https:\/\/ojoaosanti.com\/ecommerce\/wp-json\/wp\/v2\/media?parent=950"}],"wp:term":[{"taxonomy":"product_brand","embeddable":true,"href":"https:\/\/ojoaosanti.com\/ecommerce\/wp-json\/wp\/v2\/product_brand?post=950"},{"taxonomy":"product_cat","embeddable":true,"href":"https:\/\/ojoaosanti.com\/ecommerce\/wp-json\/wp\/v2\/product_cat?post=950"},{"taxonomy":"product_tag","embeddable":true,"href":"https:\/\/ojoaosanti.com\/ecommerce\/wp-json\/wp\/v2\/product_tag?post=950"}],"curies":[{"name":"wp","href":"https:\/\/api.w.org\/{rel}","templated":true}]}}