{"id":947,"date":"2025-01-24T12:02:15","date_gmt":"2025-01-24T12:02:15","guid":{"rendered":"https:\/\/ojoaosanti.com\/ecommerce\/?post_type=product&#038;p=947"},"modified":"2025-01-24T13:18:37","modified_gmt":"2025-01-24T13:18:37","slug":"moeda-de-cobre-1-4-anna-gwalior-ano-1896-madho-rao","status":"publish","type":"product","link":"https:\/\/ojoaosanti.com\/ecommerce\/produto\/moeda-de-cobre-1-4-anna-gwalior-ano-1896-madho-rao\/","title":{"rendered":"Moeda de Cobre, 1\/4 Anna, Gwalior &#8211; Ano: 1896 &#8211; Madho Rao"},"content":{"rendered":"<div class=\"row-fluid\">\n<div class=\"span12\">\n<div class=\"abas-custom\">\n<div class=\"tab-content\">\n<div id=\"descricao\" class=\"tab-pane active\">\n<p><strong>Ref.:<\/strong>\u00a0KM#\u00a0169<\/p>\n<p><strong>DENOMINA\u00c7\u00c3O\/VALOR FACIAL:<\/strong>\u00a0\u00bc Anna (1\u204464 de R\u00fapia)<br \/>\n<strong>ANO:<\/strong>\u00a01896 (1953 do Calendar Vikram Samvat) &#8211; Gwalior<br \/>\n<strong>SOBERANO\/PER\u00cdODO:<\/strong>\u00a0Madho Rao &#8211; Estados principescos de Gwalior da \u00cdndia<\/p>\n<p><strong>PESO:\u00a0<\/strong>7,5 Gramas<br \/>\n<strong>COMPOSI\u00c7\u00c3O:\u00a0<\/strong>Cobre<br \/>\n<strong>DI\u00c2METRO:\u00a0<\/strong>22 mm<br \/>\n<strong>ESPESSURA:\u00a0<\/strong>2,6 mm<br \/>\n<strong>TIPO DE BORDO:\u00a0<\/strong>Liso<\/p>\n<p><strong>ANVERSO:\u00a0<\/strong>\u0936\u094d\u0930\u0940. \u092e\u093e\u0927\u0935\u0930\u093e\u0935 \u092e\u093e . \u0938\u093f\u0902\u0926\u0947<br \/>\n\u0906\u0932\u0940\u091c\u093e \u092c\u093e\u0939\u093e\u0926\u0930<br \/>\n(Shree Madhavrao Shinde Alija Bahadur)<\/p>\n<p>Emblema real de Gwalior; cobra estilizada acima de lan\u00e7a e tridente cruzados, dentro de um c\u00edrculo de contas<br \/>\nLenda nos arredores de Devan\u00e1gari<\/p>\n<p><strong>REVERSO:\u00a0<\/strong>\u00a0\u0917\u0935\u093e\u0932\u0940\u092f\u0930.<br \/>\n\u092a\u093e\u0935 \u0906\u0923\u093e<br \/>\n\u0938\u0902\u092e\u0924<br \/>\n\u0967\u096f\u096b\u0969<br \/>\n(Gwalior, 1\/4 anna, VS year 1953)<\/p>\n<p>Lenda em Devan\u00e1gari &#8220;Gwalior Pav Aana samvat&#8221;, dentro de um c\u00edrculo de contas<br \/>\nCercadura da guirlanda e data do VS abaixo<\/p>\n<p>*********************************************************************************************************************************************************<\/p>\n<p>Maraja Senhor Madho Rao Scindia de Gwalior (20 de outubro de 1876 &#8211; 5 de junho de 1925), foi o 5\u00ba Maraja de Gwalior pertencente \u00e0 dinastia Scindian dos Marathas.<\/p>\n<p>Madho Rao subiu ao trono em 1886 e governou at\u00e9 sua morte em 1925. Ele foi considerado pelo governo brit\u00e2nico como um governante progressista de um estado principesco. Ele foi casado duas vezes, mas s\u00f3 teve filhos com sua segunda esposa em 1913, um filho e uma filha, dos quais o rei George V e a rainha Mary eram patrocinadores. Ele foi sucedido por seu filho, Maharajdhiraja Maraja Senhor George Jivaji Rao Scindia, 6\u00ba Maraja Scindia de Gwalior. Sua filha se casou, mas morreu sem filhos em 1934.<\/p>\n<\/div>\n<\/div>\n<\/div>\n<\/div>\n<\/div>\n<div id=\"comentarios-container\" class=\"row-fluid hide\">\n<div class=\"span12\">\n<div id=\"smarthint-product-position2\"><\/div>\n<div id=\"blank-product-position2\"><\/div>\n<div class=\"abas-custom\">\n<div class=\"tab-content\">\n<div id=\"comentarios\" class=\"tab-pane active\"><\/div>\n<\/div>\n<\/div>\n<\/div>\n<\/div>\n","protected":false},"excerpt":{"rendered":"<p>Ref.:\u00a0KM#\u00a0169 DENOMINA\u00c7\u00c3O\/VALOR FACIAL:\u00a0\u00bc Anna (1\u204464 de R\u00fapia) ANO:\u00a01896 (1953 do Calendar Vikram Samvat) &#8211; Gwalior SOBERANO\/PER\u00cdODO:\u00a0Madho Rao &#8211; Estados principescos de Gwalior da \u00cdndia PESO:\u00a07,5 Gramas COMPOSI\u00c7\u00c3O:\u00a0Cobre DI\u00c2METRO:\u00a022 mm ESPESSURA:\u00a02,6 mm TIPO DE BORDO:\u00a0Liso ANVERSO:\u00a0\u0936\u094d\u0930\u0940. \u092e\u093e\u0927\u0935\u0930\u093e\u0935 \u092e\u093e . \u0938\u093f\u0902\u0926\u0947 \u0906\u0932\u0940\u091c\u093e \u092c\u093e\u0939\u093e\u0926\u0930 (Shree Madhavrao Shinde Alija Bahadur) Emblema real de Gwalior; cobra estilizada acima de lan\u00e7a e tridente cruzados, dentro de um c\u00edrculo de contas Lenda nos arredores de Devan\u00e1gari REVERSO:\u00a0\u00a0\u0917\u0935\u093e\u0932\u0940\u092f\u0930. \u092a\u093e\u0935 \u0906\u0923\u093e \u0938\u0902\u092e\u0924 \u0967\u096f\u096b\u0969 (Gwalior, 1\/4 anna, VS year 1953) Lenda em Devan\u00e1gari &#8220;Gwalior Pav Aana samvat&#8221;, dentro de um c\u00edrculo de contas Cercadura da guirlanda e data do VS abaixo ********************************************************************************************************************************************************* Maraja Senhor Madho Rao Scindia de Gwalior (20 de outubro de 1876 &#8211; 5 de junho de 1925), foi o 5\u00ba Maraja de Gwalior pertencente \u00e0 dinastia Scindian dos Marathas. Madho Rao subiu ao trono em 1886 e governou at\u00e9 sua morte em 1925. Ele foi considerado pelo governo brit\u00e2nico como um governante progressista de um estado principesco. Ele foi casado duas vezes, mas s\u00f3 teve filhos com sua segunda esposa em 1913, um filho e uma filha, dos quais o rei George V e a rainha Mary eram patrocinadores. Ele foi sucedido por seu filho, Maharajdhiraja Maraja Senhor George Jivaji Rao Scindia, 6\u00ba Maraja Scindia de Gwalior. Sua filha se casou, mas morreu sem filhos em 1934.<\/p>\n","protected":false},"featured_media":948,"comment_status":"open","ping_status":"closed","template":"","meta":[],"product_brand":[],"product_cat":[16],"product_tag":[],"class_list":{"0":"post-947","1":"product","2":"type-product","3":"status-publish","4":"has-post-thumbnail","6":"product_cat-sem-categoria","8":"first","9":"instock","10":"shipping-taxable","11":"purchasable","12":"product-type-simple"},"_links":{"self":[{"href":"https:\/\/ojoaosanti.com\/ecommerce\/wp-json\/wp\/v2\/product\/947","targetHints":{"allow":["GET"]}}],"collection":[{"href":"https:\/\/ojoaosanti.com\/ecommerce\/wp-json\/wp\/v2\/product"}],"about":[{"href":"https:\/\/ojoaosanti.com\/ecommerce\/wp-json\/wp\/v2\/types\/product"}],"replies":[{"embeddable":true,"href":"https:\/\/ojoaosanti.com\/ecommerce\/wp-json\/wp\/v2\/comments?post=947"}],"wp:featuredmedia":[{"embeddable":true,"href":"https:\/\/ojoaosanti.com\/ecommerce\/wp-json\/wp\/v2\/media\/948"}],"wp:attachment":[{"href":"https:\/\/ojoaosanti.com\/ecommerce\/wp-json\/wp\/v2\/media?parent=947"}],"wp:term":[{"taxonomy":"product_brand","embeddable":true,"href":"https:\/\/ojoaosanti.com\/ecommerce\/wp-json\/wp\/v2\/product_brand?post=947"},{"taxonomy":"product_cat","embeddable":true,"href":"https:\/\/ojoaosanti.com\/ecommerce\/wp-json\/wp\/v2\/product_cat?post=947"},{"taxonomy":"product_tag","embeddable":true,"href":"https:\/\/ojoaosanti.com\/ecommerce\/wp-json\/wp\/v2\/product_tag?post=947"}],"curies":[{"name":"wp","href":"https:\/\/api.w.org\/{rel}","templated":true}]}}