{"id":944,"date":"2025-01-24T11:59:40","date_gmt":"2025-01-24T11:59:40","guid":{"rendered":"https:\/\/ojoaosanti.com\/ecommerce\/?post_type=product&#038;p=944"},"modified":"2025-01-24T13:18:50","modified_gmt":"2025-01-24T13:18:50","slug":"moeda-de-prata-bilhao-1-tangka-tibete-ano-1912-18-reino-do-tibete","status":"publish","type":"product","link":"https:\/\/ojoaosanti.com\/ecommerce\/produto\/moeda-de-prata-bilhao-1-tangka-tibete-ano-1912-18-reino-do-tibete\/","title":{"rendered":"Moeda de Prata\/Bilh\u00e3o, 1 Tangka, Tibete &#8211; Ano: 1912-18 &#8211; Reino do Tibete"},"content":{"rendered":"<div class=\"row-fluid\">\n<div class=\"span12\">\n<div class=\"abas-custom\">\n<div class=\"tab-content\">\n<div id=\"descricao\" class=\"tab-pane active\">\n<p>Lote 655<br \/>\n<strong>Ref.:<\/strong>\u00a0Y# F13.4 |\u00a0L&amp;M# 628 | Rhodes-B(viii)<br \/>\n<strong>Obs.:<\/strong>\u00a0PCGS graded AU50\u00a0150801.50\/44100475\u00a0(Todos os dados abaixo est\u00e3o conforme cat\u00e1logo, pois a moeda est\u00e1 encapsulada)<br \/>\nTipo F do Yeoman =&gt; ponto \u00e0 direita e \u00e0 esquerda do l\u00f3tus; dois peixes com pintas (NE); tr\u00eas pontos<\/p>\n<p><strong>DENOMINA\u00c7\u00c3O\/VALOR FACIAL:<\/strong>\u00a01 Tangka (Ga-den Tangka)<br \/>\n<strong>ANO:<\/strong>\u00a0ND (1912-18)<br \/>\n<strong>SOBERANO\/PER\u00cdODO:<\/strong><br \/>\nGanden Phodrang (1642-1959)<br \/>\nTIBET: Reino do Tibete (1912 &#8211; 1951)<br \/>\nAR Ga-Den Tangka (1640-1959)<br \/>\nND (1912-18)<\/p>\n<p><strong>PESO:\u00a0<\/strong>4,6 Gramas<br \/>\n<strong>COMPOSI\u00c7\u00c3O:\u00a0<\/strong>Bilh\u00e3o (Liga de prata e cobre)<br \/>\n<strong>DI\u00c2METRO:\u00a0<\/strong>27 mm<br \/>\n<strong>ESPESSURA:\u00a0<\/strong>1 mm<br \/>\n<strong>TIPO DE BORDO:\u00a0<\/strong>Liso<\/p>\n<p><strong>ANVERSO:\u00a0<\/strong><span id=\"obverse_lettering\">\u0f51\u0f42\u0f60\u0f0b\u0f63\u0fa1\u0f53\u0f0b\u0f55\u0f7c\u0f0b\u0f56\u0fb2\u0f44\u0f0b \u0f55\u0fb1\u0f7c\u0f0b \u0f63\u0f66\u0f0b\u0f62\u0fa3\u0f58\u0f0b \u0f62\u0fa3\u0f58\u0f0b\u0f62\u0f92\u0fb1\u0f63\u0f0d<\/span><br \/>\n(dga&#8217; ldan pho brang phyo(gs) las rnam rgyal)<br \/>\nTraduzido do tibetano: O pal\u00e1cio Ganden, vitorioso em todas as dire\u00e7\u00f5es<\/p>\n<p>Roda de oito raios cercada por caracteres tibetanos dentro das p\u00e9talas de um l\u00f3tus de oito p\u00e9talas.<\/p>\n<p>&nbsp;<\/p>\n<p><strong>REVERSO:\u00a0<\/strong><\/p>\n<p>Desenho de l\u00f3tus ornamentado cercado pelos oito s\u00edmbolos auspiciosos budistas (uma sombrinha branca, uma concha, um vaso de tesouro, uma bandeira da vit\u00f3ria, uma roda do dharma, um par de peixes dourados, um n\u00f3 sem fim e uma flor de l\u00f3tus) dentro das p\u00e9talas de um l\u00f3tus de oito p\u00e9talas.<\/p>\n<p>*********************************************************************************************************************************************************<\/p>\n<p>Reino do Tibete (1912 &#8211; 1951) foi marcado pela independ\u00eancia &#8220;<em>de facto<\/em>&#8221; do Tibete em 1912, mas j\u00e1 era uma autoridade desde meados 1907, com a queda da dinastia Qing. Estabeleceu-se at\u00e9 1951, ap\u00f3s a invas\u00e3o da Rep\u00fablica Popular da China em 1950 que resultou em sua anexa\u00e7\u00e3o e cria\u00e7\u00e3o da Regi\u00e3o Aut\u00f4noma do Tibete dentro da China em 1951.<\/p>\n<p>Templo Songzanlin ou o Mosteiro de Ganden Sumtsseling, tamb\u00e9m conhecido como o pequeno Pal\u00e1cio Potala em Lhasa, \u00e9 um mosteiro budista tibetano localizado na cidade de Zhongdian ( Shangri-La ) Yunnan, China<\/p>\n<p><b>Guelupa<\/b>\u00a0(<i>Gelu(g)pa<\/i>),\u00a0<b>Gelug<\/b>\u00a0(em tibetano, transl. Wylie: dGe-Lugs, significando &#8220;virtuoso&#8221;) ou\u00a0<b>Gedanpa<\/b>, tamb\u00e9m conhecida como Seita do Chap\u00e9u Amarelo (<i>Sha-Serva<\/i>,<sup>\u00a0<\/sup>em tibetano\u00a0<i>zha ser<\/i>\u00a0significa &#8220;chap\u00e9u amarelo&#8221;) ou Escola Guelupa do Chap\u00e9u Amarelo (em tibetano, transl. Wylie:\u00a0<i>Zha gser dge lugs pa<\/i>), \u00e9 uma das linhagens do Budismo tibetano, fundada por Tsongkhapa. O l\u00edder da Escola Guelupa \u00e9 conhecido como Ganden Tripa e \u00e9 tamb\u00e9m o abade do Mosteiro Ganden, fundado por Je Tsongkhapa, e Ganden (<i>dga&#8217; idan<\/i>) \u00e9 a &#8220;seita espiritual&#8221; da Guelupa<sup>.<\/sup><\/p>\n<p>Os guelupas s\u00e3o tamb\u00e9m conhecidos como\u00a0<i>chap\u00e9us amarelos<\/i>\u00a0por causa desse adere\u00e7o usado pelos monges dessa linhagem, um uso que deriva desde a ordem Kadam e adotado por Tsongkhapa. Os seguidores inicialmente se chamaram de novos kadampas pela influ\u00eancia que Tsongkhapa dava aos ensinamentos de Atisha (do qual ele era visto como a reencarna\u00e7\u00e3o), mas depois a ordem foi renomeada para Guelupa pelo fundador.<\/p>\n<p>Ref.: https:\/\/pt.wikipedia.org\/wiki\/Guelupa<\/p>\n<\/div>\n<\/div>\n<\/div>\n<\/div>\n<\/div>\n<div id=\"comentarios-container\" class=\"row-fluid hide\">\n<div class=\"span12\">\n<div id=\"smarthint-product-position2\"><\/div>\n<div id=\"blank-product-position2\"><\/div>\n<div class=\"abas-custom\">\n<div class=\"tab-content\">\n<div id=\"comentarios\" class=\"tab-pane active\"><\/div>\n<\/div>\n<\/div>\n<\/div>\n<\/div>\n","protected":false},"excerpt":{"rendered":"<p>Lote 655 Ref.:\u00a0Y# F13.4 |\u00a0L&amp;M# 628 | Rhodes-B(viii) Obs.:\u00a0PCGS graded AU50\u00a0150801.50\/44100475\u00a0(Todos os dados abaixo est\u00e3o conforme cat\u00e1logo, pois a moeda est\u00e1 encapsulada) Tipo F do Yeoman =&gt; ponto \u00e0 direita e \u00e0 esquerda do l\u00f3tus; dois peixes com pintas (NE); tr\u00eas pontos DENOMINA\u00c7\u00c3O\/VALOR FACIAL:\u00a01 Tangka (Ga-den Tangka) ANO:\u00a0ND (1912-18) SOBERANO\/PER\u00cdODO: Ganden Phodrang (1642-1959) TIBET: Reino do Tibete (1912 &#8211; 1951) AR Ga-Den Tangka (1640-1959) ND (1912-18) PESO:\u00a04,6 Gramas COMPOSI\u00c7\u00c3O:\u00a0Bilh\u00e3o (Liga de prata e cobre) DI\u00c2METRO:\u00a027 mm ESPESSURA:\u00a01 mm TIPO DE BORDO:\u00a0Liso ANVERSO:\u00a0\u0f51\u0f42\u0f60\u0f0b\u0f63\u0fa1\u0f53\u0f0b\u0f55\u0f7c\u0f0b\u0f56\u0fb2\u0f44\u0f0b \u0f55\u0fb1\u0f7c\u0f0b \u0f63\u0f66\u0f0b\u0f62\u0fa3\u0f58\u0f0b \u0f62\u0fa3\u0f58\u0f0b\u0f62\u0f92\u0fb1\u0f63\u0f0d (dga&#8217; ldan pho brang phyo(gs) las rnam rgyal) Traduzido do tibetano: O pal\u00e1cio Ganden, vitorioso em todas as dire\u00e7\u00f5es Roda de oito raios cercada por caracteres tibetanos dentro das p\u00e9talas de um l\u00f3tus de oito p\u00e9talas. &nbsp; REVERSO:\u00a0 Desenho de l\u00f3tus ornamentado cercado pelos oito s\u00edmbolos auspiciosos budistas (uma sombrinha branca, uma concha, um vaso de tesouro, uma bandeira da vit\u00f3ria, uma roda do dharma, um par de peixes dourados, um n\u00f3 sem fim e uma flor de l\u00f3tus) dentro das p\u00e9talas de um l\u00f3tus de oito p\u00e9talas. ********************************************************************************************************************************************************* Reino do Tibete (1912 &#8211; 1951) foi marcado pela independ\u00eancia &#8220;de facto&#8221; do Tibete em 1912, mas j\u00e1 era uma autoridade desde meados 1907, com a queda da dinastia Qing. Estabeleceu-se at\u00e9 1951, ap\u00f3s a invas\u00e3o da Rep\u00fablica Popular da China em 1950 que resultou em sua anexa\u00e7\u00e3o e cria\u00e7\u00e3o da Regi\u00e3o Aut\u00f4noma do Tibete dentro da China em 1951. Templo Songzanlin ou o Mosteiro de Ganden Sumtsseling, tamb\u00e9m conhecido como o pequeno Pal\u00e1cio Potala em Lhasa, \u00e9 um mosteiro budista tibetano localizado na cidade de Zhongdian ( Shangri-La ) Yunnan, China Guelupa\u00a0(Gelu(g)pa),\u00a0Gelug\u00a0(em tibetano, transl. Wylie: dGe-Lugs, significando &#8220;virtuoso&#8221;) ou\u00a0Gedanpa, tamb\u00e9m conhecida como Seita do Chap\u00e9u Amarelo (Sha-Serva,\u00a0em tibetano\u00a0zha ser\u00a0significa &#8220;chap\u00e9u amarelo&#8221;) ou Escola Guelupa do Chap\u00e9u Amarelo (em tibetano, transl. Wylie:\u00a0Zha gser dge lugs pa), \u00e9 uma das linhagens do Budismo tibetano, fundada por Tsongkhapa. O l\u00edder da Escola Guelupa \u00e9 conhecido como Ganden Tripa e \u00e9 tamb\u00e9m o abade do Mosteiro Ganden, fundado por Je Tsongkhapa, e Ganden (dga&#8217; idan) \u00e9 a &#8220;seita espiritual&#8221; da Guelupa. Os guelupas s\u00e3o tamb\u00e9m conhecidos como\u00a0chap\u00e9us amarelos\u00a0por causa desse adere\u00e7o usado pelos monges dessa linhagem, um uso que deriva desde a ordem Kadam e adotado por Tsongkhapa. Os seguidores inicialmente se chamaram de novos kadampas pela influ\u00eancia que Tsongkhapa dava aos ensinamentos de Atisha (do qual ele era visto como a reencarna\u00e7\u00e3o), mas depois a ordem foi renomeada para Guelupa pelo fundador. Ref.: https:\/\/pt.wikipedia.org\/wiki\/Guelupa<\/p>\n","protected":false},"featured_media":945,"comment_status":"open","ping_status":"closed","template":"","meta":[],"product_brand":[],"product_cat":[16],"product_tag":[],"class_list":{"0":"post-944","1":"product","2":"type-product","3":"status-publish","4":"has-post-thumbnail","6":"product_cat-sem-categoria","8":"first","9":"instock","10":"shipping-taxable","11":"purchasable","12":"product-type-simple"},"_links":{"self":[{"href":"https:\/\/ojoaosanti.com\/ecommerce\/wp-json\/wp\/v2\/product\/944","targetHints":{"allow":["GET"]}}],"collection":[{"href":"https:\/\/ojoaosanti.com\/ecommerce\/wp-json\/wp\/v2\/product"}],"about":[{"href":"https:\/\/ojoaosanti.com\/ecommerce\/wp-json\/wp\/v2\/types\/product"}],"replies":[{"embeddable":true,"href":"https:\/\/ojoaosanti.com\/ecommerce\/wp-json\/wp\/v2\/comments?post=944"}],"wp:featuredmedia":[{"embeddable":true,"href":"https:\/\/ojoaosanti.com\/ecommerce\/wp-json\/wp\/v2\/media\/945"}],"wp:attachment":[{"href":"https:\/\/ojoaosanti.com\/ecommerce\/wp-json\/wp\/v2\/media?parent=944"}],"wp:term":[{"taxonomy":"product_brand","embeddable":true,"href":"https:\/\/ojoaosanti.com\/ecommerce\/wp-json\/wp\/v2\/product_brand?post=944"},{"taxonomy":"product_cat","embeddable":true,"href":"https:\/\/ojoaosanti.com\/ecommerce\/wp-json\/wp\/v2\/product_cat?post=944"},{"taxonomy":"product_tag","embeddable":true,"href":"https:\/\/ojoaosanti.com\/ecommerce\/wp-json\/wp\/v2\/product_tag?post=944"}],"curies":[{"name":"wp","href":"https:\/\/api.w.org\/{rel}","templated":true}]}}