{"id":938,"date":"2025-01-24T11:50:24","date_gmt":"2025-01-24T11:50:24","guid":{"rendered":"https:\/\/ojoaosanti.com\/ecommerce\/?post_type=product&#038;p=938"},"modified":"2025-01-24T16:45:49","modified_gmt":"2025-01-24T16:45:49","slug":"moeda-de-ouro-de-12-800-reis-brasil-colonia-ano-1732-m-imperador-joao-v","status":"publish","type":"product","link":"https:\/\/ojoaosanti.com\/ecommerce\/produto\/moeda-de-ouro-de-12-800-reis-brasil-colonia-ano-1732-m-imperador-joao-v\/","title":{"rendered":"Moeda de Ouro de 12.800 R\u00e9is, Brasil Col\u00f4nia &#8211; Ano: 1732 M &#8211; Imperador Jo\u00e3o V"},"content":{"rendered":"<div class=\"row-fluid\">\n<div class=\"span12\">\n<div class=\"abas-custom\">\n<div class=\"tab-content\">\n<div id=\"descricao\" class=\"tab-pane active\">\n<p><strong>Lote:<\/strong>\u00a061 &#8211;\u00a0<strong>Refer\u00eancia:\u00a0<\/strong>KM#\u202f139,\u00a0Bentes#\u202f105.13\u00a0 &#8211;\u00a0<strong>Tiragem:<\/strong>\u00a0Desconhecida<\/p>\n<p><strong>DENOMINA\u00c7\u00c3O\/VALOR FACIAL:<\/strong>\u00a012.800 R\u00c9IS (Dobra de 8 Escudos)<br \/>\n<strong>ANO:<\/strong>\u00a01732 &#8220;.M.&#8221; &#8211;\u00a0Vila Rica, atual Ouro Preto, Minas Gerais, Brasil (1724-1735, 1818-1828)<br \/>\n<strong>SOBERANO\/PER\u00cdODO:<\/strong>\u00a0Jo\u00e3o V, o Magn\u00e2nimo\u00a0<span dir=\"ltr\">(<em>1706-1750<\/em>)<\/span>\u00a0|\u00a0Brasil\u00a0<img decoding=\"async\" title=\"Brasil\" src=\"https:\/\/pt.numista.com\/design\/pays\/bresil.gif\" alt=\"\" width=\"16\" height=\"16\" \/><\/p>\n<p><strong>PESO:<\/strong>\u00a028,26 GRAMAS<br \/>\n<strong>COMPOSI\u00c7\u00c3O:<\/strong>\u00a0Ouro 0,917<br \/>\n<strong>DI\u00c2METRO:<\/strong>\u00a037 mm<br \/>\n<strong>TIPO DE BORDO:<\/strong>\u00a0Serrilha tipo flor de lis<\/p>\n<p><strong>ANVERSO:<\/strong>\u00a0Busto do Imperador Jo\u00e3o V do Brasil virado para a direita, com cabelo comprido e uma coroa de flores.<br \/>\n<span id=\"obverse_lettering\">IOANNES . V . D . G . PORT . ET . ALG . REX<br \/>\n\u00b7 M \u00b7<br \/>\n\u00b7 1732 \u00b7<\/span><\/p>\n<p><strong>REVERSO:<\/strong>\u00a0Bras\u00e3o de armas do Imperador D. Jo\u00e3o V do Brasil sobre cartela ornamentada com volutas e fitas, encimada por coroa real.<\/p>\n<\/div>\n<\/div>\n<\/div>\n<\/div>\n<\/div>\n<div id=\"comentarios-container\" class=\"row-fluid hide\">\n<div class=\"span12\">\n<div id=\"smarthint-product-position2\"><\/div>\n<div id=\"blank-product-position2\"><\/div>\n<div class=\"abas-custom\">\n<div class=\"tab-content\">\n<div id=\"comentarios\" class=\"tab-pane active\"><\/div>\n<\/div>\n<\/div>\n<\/div>\n<\/div>\n","protected":false},"excerpt":{"rendered":"<p>Lote:\u00a061 &#8211;\u00a0Refer\u00eancia:\u00a0KM#\u202f139,\u00a0Bentes#\u202f105.13\u00a0 &#8211;\u00a0Tiragem:\u00a0Desconhecida DENOMINA\u00c7\u00c3O\/VALOR FACIAL:\u00a012.800 R\u00c9IS (Dobra de 8 Escudos) ANO:\u00a01732 &#8220;.M.&#8221; &#8211;\u00a0Vila Rica, atual Ouro Preto, Minas Gerais, Brasil (1724-1735, 1818-1828) SOBERANO\/PER\u00cdODO:\u00a0Jo\u00e3o V, o Magn\u00e2nimo\u00a0(1706-1750)\u00a0|\u00a0Brasil\u00a0 PESO:\u00a028,26 GRAMAS COMPOSI\u00c7\u00c3O:\u00a0Ouro 0,917 DI\u00c2METRO:\u00a037 mm TIPO DE BORDO:\u00a0Serrilha tipo flor de lis ANVERSO:\u00a0Busto do Imperador Jo\u00e3o V do Brasil virado para a direita, com cabelo comprido e uma coroa de flores. IOANNES . V . D . G . PORT . ET . ALG . REX \u00b7 M \u00b7 \u00b7 1732 \u00b7 REVERSO:\u00a0Bras\u00e3o de armas do Imperador D. Jo\u00e3o V do Brasil sobre cartela ornamentada com volutas e fitas, encimada por coroa real.<\/p>\n","protected":false},"featured_media":939,"comment_status":"open","ping_status":"closed","template":"","meta":[],"product_brand":[],"product_cat":[16],"product_tag":[],"class_list":{"0":"post-938","1":"product","2":"type-product","3":"status-publish","4":"has-post-thumbnail","6":"product_cat-sem-categoria","8":"first","9":"instock","10":"sale","11":"shipping-taxable","12":"purchasable","13":"product-type-simple"},"_links":{"self":[{"href":"https:\/\/ojoaosanti.com\/ecommerce\/wp-json\/wp\/v2\/product\/938","targetHints":{"allow":["GET"]}}],"collection":[{"href":"https:\/\/ojoaosanti.com\/ecommerce\/wp-json\/wp\/v2\/product"}],"about":[{"href":"https:\/\/ojoaosanti.com\/ecommerce\/wp-json\/wp\/v2\/types\/product"}],"replies":[{"embeddable":true,"href":"https:\/\/ojoaosanti.com\/ecommerce\/wp-json\/wp\/v2\/comments?post=938"}],"wp:featuredmedia":[{"embeddable":true,"href":"https:\/\/ojoaosanti.com\/ecommerce\/wp-json\/wp\/v2\/media\/939"}],"wp:attachment":[{"href":"https:\/\/ojoaosanti.com\/ecommerce\/wp-json\/wp\/v2\/media?parent=938"}],"wp:term":[{"taxonomy":"product_brand","embeddable":true,"href":"https:\/\/ojoaosanti.com\/ecommerce\/wp-json\/wp\/v2\/product_brand?post=938"},{"taxonomy":"product_cat","embeddable":true,"href":"https:\/\/ojoaosanti.com\/ecommerce\/wp-json\/wp\/v2\/product_cat?post=938"},{"taxonomy":"product_tag","embeddable":true,"href":"https:\/\/ojoaosanti.com\/ecommerce\/wp-json\/wp\/v2\/product_tag?post=938"}],"curies":[{"name":"wp","href":"https:\/\/api.w.org\/{rel}","templated":true}]}}