{"id":934,"date":"2025-01-24T11:47:05","date_gmt":"2025-01-24T11:47:05","guid":{"rendered":"https:\/\/ojoaosanti.com\/ecommerce\/?post_type=product&#038;p=934"},"modified":"2025-01-24T11:47:21","modified_gmt":"2025-01-24T11:47:21","slug":"moeda-de-prata-de-960-reis-patacao-brasil-colonia-ano-1818-r-rei-joao-vi","status":"publish","type":"product","link":"https:\/\/ojoaosanti.com\/ecommerce\/produto\/moeda-de-prata-de-960-reis-patacao-brasil-colonia-ano-1818-r-rei-joao-vi\/","title":{"rendered":"Moeda de Prata de 960 R\u00e9is (Patac\u00e3o), Brasil Col\u00f4nia &#8211; Ano: 1818 R &#8211; Rei Jo\u00e3o VI"},"content":{"rendered":"<div class=\"row-fluid\">\n<div class=\"span12\">\n<div class=\"abas-custom\">\n<div class=\"tab-content\">\n<div id=\"descricao\" class=\"tab-pane active\">\n<p>Lote: 602 &#8211; KM# 307 &#8211; Tiragem: Unc 1.895.290 pe\u00e7as<\/p>\n<p>Obs: Recunho sob 8R Carlos IIII M\u00e9xico TH &#8211; Var.19A (P\u00earolas 6.6-3.3-6.6-2 2c<\/p>\n<p><strong>DENOMINA\u00c7\u00c3O\/VALOR FACIAL:<\/strong>\u00a0960 R\u00e9is<br \/>\n<strong>ANO:<\/strong>\u00a01818 &#8211; Brasil, Rio de Janeiro &#8220;R&#8221;<br \/>\n<strong>SOBERANO\/PER\u00cdODO:<\/strong>\u00a0Rei Jo\u00e3o VI (1802 &#8211; 1822)<\/p>\n<p><strong>PESO:<\/strong>\u00a026,59 Gramas<br \/>\n<strong>COMPOSI\u00c7\u00c3O:<\/strong>\u00a0Prata 0,917<br \/>\n<strong>DI\u00c2METRO:<\/strong>\u00a040,5 mm<br \/>\n<strong>ESPESSURA:<\/strong>\u00a01,8 mm<br \/>\n<strong>TIPO DE BORDO:<\/strong>\u00a0Serrilhada<\/p>\n<p><strong>ANVERSO:<\/strong>\u00a0Bras\u00e3o Coroas<br \/>\n960<br \/>\nJOANNES D G PORT P REGENS ET BRAS D<\/p>\n<p><strong>REVERSO:<\/strong><br \/>\nSUBQ SIGN. NATA STAB.<\/p>\n<\/div>\n<\/div>\n<\/div>\n<\/div>\n<\/div>\n<div id=\"comentarios-container\" class=\"row-fluid hide\">\n<div class=\"span12\">\n<div id=\"smarthint-product-position2\"><\/div>\n<div id=\"blank-product-position2\"><\/div>\n<div class=\"abas-custom\">\n<div class=\"tab-content\">\n<div id=\"comentarios\" class=\"tab-pane active\"><\/div>\n<\/div>\n<\/div>\n<\/div>\n<\/div>\n","protected":false},"excerpt":{"rendered":"<p>Lote: 602 &#8211; KM# 307 &#8211; Tiragem: Unc 1.895.290 pe\u00e7as Obs: Recunho sob 8R Carlos IIII M\u00e9xico TH &#8211; Var.19A (P\u00earolas 6.6-3.3-6.6-2 2c DENOMINA\u00c7\u00c3O\/VALOR FACIAL:\u00a0960 R\u00e9is ANO:\u00a01818 &#8211; Brasil, Rio de Janeiro &#8220;R&#8221; SOBERANO\/PER\u00cdODO:\u00a0Rei Jo\u00e3o VI (1802 &#8211; 1822) PESO:\u00a026,59 Gramas COMPOSI\u00c7\u00c3O:\u00a0Prata 0,917 DI\u00c2METRO:\u00a040,5 mm ESPESSURA:\u00a01,8 mm TIPO DE BORDO:\u00a0Serrilhada ANVERSO:\u00a0Bras\u00e3o Coroas 960 JOANNES D G PORT P REGENS ET BRAS D REVERSO: SUBQ SIGN. NATA STAB.<\/p>\n","protected":false},"featured_media":935,"comment_status":"open","ping_status":"closed","template":"","meta":[],"product_brand":[],"product_cat":[16],"product_tag":[],"class_list":{"0":"post-934","1":"product","2":"type-product","3":"status-publish","4":"has-post-thumbnail","6":"product_cat-sem-categoria","8":"first","9":"instock","10":"sale","11":"shipping-taxable","12":"purchasable","13":"product-type-simple"},"_links":{"self":[{"href":"https:\/\/ojoaosanti.com\/ecommerce\/wp-json\/wp\/v2\/product\/934","targetHints":{"allow":["GET"]}}],"collection":[{"href":"https:\/\/ojoaosanti.com\/ecommerce\/wp-json\/wp\/v2\/product"}],"about":[{"href":"https:\/\/ojoaosanti.com\/ecommerce\/wp-json\/wp\/v2\/types\/product"}],"replies":[{"embeddable":true,"href":"https:\/\/ojoaosanti.com\/ecommerce\/wp-json\/wp\/v2\/comments?post=934"}],"wp:featuredmedia":[{"embeddable":true,"href":"https:\/\/ojoaosanti.com\/ecommerce\/wp-json\/wp\/v2\/media\/935"}],"wp:attachment":[{"href":"https:\/\/ojoaosanti.com\/ecommerce\/wp-json\/wp\/v2\/media?parent=934"}],"wp:term":[{"taxonomy":"product_brand","embeddable":true,"href":"https:\/\/ojoaosanti.com\/ecommerce\/wp-json\/wp\/v2\/product_brand?post=934"},{"taxonomy":"product_cat","embeddable":true,"href":"https:\/\/ojoaosanti.com\/ecommerce\/wp-json\/wp\/v2\/product_cat?post=934"},{"taxonomy":"product_tag","embeddable":true,"href":"https:\/\/ojoaosanti.com\/ecommerce\/wp-json\/wp\/v2\/product_tag?post=934"}],"curies":[{"name":"wp","href":"https:\/\/api.w.org\/{rel}","templated":true}]}}