{"id":3444,"date":"2025-02-10T14:33:10","date_gmt":"2025-02-10T14:33:10","guid":{"rendered":"https:\/\/ojoaosanti.com\/ecommerce\/?post_type=product&#038;p=3444"},"modified":"2025-02-10T14:33:15","modified_gmt":"2025-02-10T14:33:15","slug":"moeda-4-ducados-austria-ano-1876-1882-banhada-a-ouro","status":"publish","type":"product","link":"https:\/\/ojoaosanti.com\/ecommerce\/produto\/moeda-4-ducados-austria-ano-1876-1882-banhada-a-ouro\/","title":{"rendered":"Moeda 4 Ducados \u00c1ustria Ano 1876- 1882 Banhada \u00c0 Ouro"},"content":{"rendered":"<p>#A moeda austr\u00edaca de 4 Ducados \u00e9 um item de colecionador verdadeiramente \u00fanico, tem valor hist\u00f3rico sentimental. As moedas de 4 ducados foram produzidas pela Casa da Moeda austr\u00edaca como moeda comemorativa, como uma dedicat\u00f3ria ao Imperador Franz Joseph I. A moeda de 4 ducados \u00e9 de interesse de colecionadores por sua grande import\u00e2ncia hist\u00f3rica.<\/p>\n","protected":false},"excerpt":{"rendered":"<p>#A moeda austr\u00edaca de 4 Ducados \u00e9 um item de colecionador verdadeiramente \u00fanico, tem valor hist\u00f3rico sentimental. As moedas de 4 ducados foram produzidas pela Casa da Moeda austr\u00edaca como moeda comemorativa, como uma dedicat\u00f3ria ao Imperador Franz Joseph I. A moeda de 4 ducados \u00e9 de interesse de colecionadores por sua grande import\u00e2ncia hist\u00f3rica.<\/p>\n","protected":false},"featured_media":3445,"comment_status":"open","ping_status":"closed","template":"","meta":[],"product_brand":[],"product_cat":[32],"product_tag":[],"class_list":{"0":"post-3444","1":"product","2":"type-product","3":"status-publish","4":"has-post-thumbnail","6":"product_cat-moedas-de-ouro","8":"first","9":"instock","10":"shipping-taxable","11":"purchasable","12":"product-type-simple"},"_links":{"self":[{"href":"https:\/\/ojoaosanti.com\/ecommerce\/wp-json\/wp\/v2\/product\/3444","targetHints":{"allow":["GET"]}}],"collection":[{"href":"https:\/\/ojoaosanti.com\/ecommerce\/wp-json\/wp\/v2\/product"}],"about":[{"href":"https:\/\/ojoaosanti.com\/ecommerce\/wp-json\/wp\/v2\/types\/product"}],"replies":[{"embeddable":true,"href":"https:\/\/ojoaosanti.com\/ecommerce\/wp-json\/wp\/v2\/comments?post=3444"}],"wp:featuredmedia":[{"embeddable":true,"href":"https:\/\/ojoaosanti.com\/ecommerce\/wp-json\/wp\/v2\/media\/3445"}],"wp:attachment":[{"href":"https:\/\/ojoaosanti.com\/ecommerce\/wp-json\/wp\/v2\/media?parent=3444"}],"wp:term":[{"taxonomy":"product_brand","embeddable":true,"href":"https:\/\/ojoaosanti.com\/ecommerce\/wp-json\/wp\/v2\/product_brand?post=3444"},{"taxonomy":"product_cat","embeddable":true,"href":"https:\/\/ojoaosanti.com\/ecommerce\/wp-json\/wp\/v2\/product_cat?post=3444"},{"taxonomy":"product_tag","embeddable":true,"href":"https:\/\/ojoaosanti.com\/ecommerce\/wp-json\/wp\/v2\/product_tag?post=3444"}],"curies":[{"name":"wp","href":"https:\/\/api.w.org\/{rel}","templated":true}]}}