{"id":2611,"date":"2025-02-03T07:30:56","date_gmt":"2025-02-03T07:30:56","guid":{"rendered":"https:\/\/ojoaosanti.com\/ecommerce\/?page_id=2611"},"modified":"2025-02-03T07:45:29","modified_gmt":"2025-02-03T07:45:29","slug":"assinar","status":"publish","type":"page","link":"https:\/\/ojoaosanti.com\/ecommerce\/assinar\/","title":{"rendered":"Assinar"},"content":{"rendered":"\t\t<div data-elementor-type=\"wp-page\" data-elementor-id=\"2611\" class=\"elementor elementor-2611\" data-elementor-settings=\"{&quot;ha_cmc_init_switcher&quot;:&quot;no&quot;}\" data-elementor-post-type=\"page\">\n\t\t\t\t<div class=\"elementor-element elementor-element-c340216 e-flex e-con-boxed wpr-particle-no wpr-jarallax-no wpr-parallax-no wpr-sticky-section-no wpr-equal-height-no e-con e-parent\" data-id=\"c340216\" data-element_type=\"container\" data-e-type=\"container\" data-settings=\"{&quot;_ha_eqh_enable&quot;:false}\">\n\t\t\t\t\t<div class=\"e-con-inner\">\n\t\t\t\t<div class=\"elementor-element elementor-element-4fb631c elementor-widget elementor-widget-heading\" data-id=\"4fb631c\" data-element_type=\"widget\" data-e-type=\"widget\" data-widget_type=\"heading.default\">\n\t\t\t\t<div class=\"elementor-widget-container\">\n\t\t\t\t\t<h2 class=\"elementor-heading-title elementor-size-default\">Assinar<\/h2>\t\t\t\t<\/div>\n\t\t\t\t<\/div>\n\t\t\t\t<div class=\"elementor-element elementor-element-488c583 elementor-widget elementor-widget-heading\" data-id=\"488c583\" data-element_type=\"widget\" data-e-type=\"widget\" data-widget_type=\"heading.default\">\n\t\t\t\t<div class=\"elementor-widget-container\">\n\t\t\t\t\t<h2 class=\"elementor-heading-title elementor-size-default\">Confira abaixo se o plano escolhido est\u00e1 correto, depois preencha os dados e clique em inscreva-se para prosseguir com a contrata\u00e7\u00e3o.<\/h2>\t\t\t\t<\/div>\n\t\t\t\t<\/div>\n\t\t\t\t<div class=\"elementor-element elementor-element-b2005d2 elementor-widget elementor-widget-pms-register\" data-id=\"b2005d2\" data-element_type=\"widget\" data-e-type=\"widget\" data-widget_type=\"pms-register.default\">\n\t\t\t\t<div class=\"elementor-widget-container\">\n\t\t\t\t\t\n<form id=\"pms_register-form\" class=\"pms-form \" method=\"POST\">\n\n    \n    <input type=\"hidden\" id=\"pmstkn\" name=\"pmstkn\" value=\"00b33b659a\" \/><input type=\"hidden\" name=\"_wp_http_referer\" value=\"\/ecommerce\/wp-json\/wp\/v2\/pages\/2611\" \/>\n    <ul class=\"pms-form-fields-wrapper\">\n\n        \n        \n        <div class=\"pms-account-section-wrapper\">\n            \n                        <li class=\"pms-field pms-user-login-field \">\n                <label for=\"pms_user_login\">Usu\u00e1rio *<\/label>\n                <input id=\"pms_user_login\" name=\"user_login\" type=\"text\" value=\"\" \/>\n\n                            <\/li>\n\n                        <li class=\"pms-field pms-user-email-field \">\n                <label for=\"pms_user_email\">E-mail *<\/label>\n                <input id=\"pms_user_email\" name=\"user_email\" type=\"text\" value=\"\" \/>\n\n                            <\/li>\n\n                        <li class=\"pms-field pms-first-name-field \">\n                <label for=\"pms_first_name\">Primeiro Nome<\/label>\n                <input id=\"pms_first_name\" name=\"first_name\" type=\"text\" value=\"\" \/>\n\n                            <\/li>\n\n                        <li class=\"pms-field pms-last-name-field \">\n                <label for=\"pms_last_name\">\u00daltimo nome<\/label>\n                <input id=\"pms_last_name\" name=\"last_name\" type=\"text\" value=\"\" \/>\n\n                            <\/li>\n\n                        <li class=\"pms-field pms-pass1-field \">\n                <label for=\"pms_pass1\">Senha *<\/label>\n                <input id=\"pms_pass1\" name=\"pass1\" type=\"password\" \/>\n\n                \n                            <\/li>\n\n                        <li class=\"pms-field pms-pass2-field \">\n                <label for=\"pms_pass2\">Repetir Senha *<\/label>\n                <input id=\"pms_pass2\" name=\"pass2\" type=\"password\" \/>\n\n                            <\/li>\n\n                    <\/div>\n\n        \n        <li class=\"pms-field pms-field-subscriptions \"><div class=\"pms-subscription-plan pms-subscription-plan-2463\"><label><input type=\"radio\" name=\"subscription_plans\" data-price=\"19.9\" data-duration=\"1\" data-fixed_membership=\"\" data-allow_renew=\"\" data-sign_up_fee=\"0\" data-trial=\"0\" data-recurring=\"0\"  value=\"2463\"  checked='checked'data-default-selected=\"true\" \/><span class=\"pms-subscription-plan-name\">Diamond<\/span><span class=\"pms-subscription-plan-price\"><span class=\"pms-divider\"> - <\/span><span class=\"pms-subscription-plan-currency\">&#82;&#36;<\/span><span class=\"pms-subscription-plan-price-value\">19,90<\/span><span class=\"pms-divider pms-duration-divider\"> \/ <\/span><span class=\"pms-subscription-plan-duration\">1 M\u00eas<\/span><\/span><span class=\"pms-subscription-plan-trial\"><\/span><span class=\"pms-subscription-plan-sign-up-fee\"><\/span><\/label><div class=\"pms-subscription-plan-description\">O plano Diamond te d\u00e1 acesso a conte\u00fados \u00fanicos dentro da nossa plataforma.<\/div><\/div><div class=\"pms-subscription-plan pms-subscription-plan-2462\"><label><input type=\"radio\" name=\"subscription_plans\" data-price=\"14.9\" data-duration=\"1\" data-fixed_membership=\"\" data-allow_renew=\"\" data-sign_up_fee=\"0\" data-trial=\"0\" data-recurring=\"0\"  value=\"2462\" data-default-checked=\"false\" \/><span class=\"pms-subscription-plan-name\">Gold<\/span><span class=\"pms-subscription-plan-price\"><span class=\"pms-divider\"> - <\/span><span class=\"pms-subscription-plan-currency\">&#82;&#36;<\/span><span class=\"pms-subscription-plan-price-value\">14,90<\/span><span class=\"pms-divider pms-duration-divider\"> \/ <\/span><span class=\"pms-subscription-plan-duration\">1 M\u00eas<\/span><\/span><span class=\"pms-subscription-plan-trial\"><\/span><span class=\"pms-subscription-plan-sign-up-fee\"><\/span><\/label><div class=\"pms-subscription-plan-description\">O plano Gold te d\u00e1 acesso a conte\u00fados \u00fanicos dentro da nossa plataforma.<\/div><\/div><div class=\"pms-subscription-plan pms-subscription-plan-2461\"><label><input type=\"radio\" name=\"subscription_plans\" data-price=\"9.9\" data-duration=\"1\" data-fixed_membership=\"\" data-allow_renew=\"\" data-sign_up_fee=\"0\" data-trial=\"0\" data-recurring=\"0\"  value=\"2461\" data-default-checked=\"false\" \/><span class=\"pms-subscription-plan-name\">Silver<\/span><span class=\"pms-subscription-plan-price\"><span class=\"pms-divider\"> - <\/span><span class=\"pms-subscription-plan-currency\">&#82;&#36;<\/span><span class=\"pms-subscription-plan-price-value\">9,90<\/span><span class=\"pms-divider pms-duration-divider\"> \/ <\/span><span class=\"pms-subscription-plan-duration\">1 M\u00eas<\/span><\/span><span class=\"pms-subscription-plan-trial\"><\/span><span class=\"pms-subscription-plan-sign-up-fee\"><\/span><\/label><div class=\"pms-subscription-plan-description\">O plano Silver te d\u00e1 acesso a conte\u00fados \u00fanicos dentro da nossa plataforma.<\/div><\/div><div class=\"pms-subscription-plan pms-subscription-plan-2460\"><label><input type=\"radio\" name=\"subscription_plans\" data-price=\"0\" data-duration=\"0\" data-fixed_membership=\"\" data-allow_renew=\"\" data-sign_up_fee=\"0\" data-trial=\"0\" data-recurring=\"0\"  value=\"2460\" data-default-checked=\"false\" \/><span class=\"pms-subscription-plan-name\">Free<\/span><span class=\"pms-subscription-plan-price\"><span class=\"pms-divider\"> - <\/span><span class=\"pms-subscription-plan-price-value\">Gr\u00e1tis<\/span><\/span><span class=\"pms-subscription-plan-trial\"><\/span><span class=\"pms-subscription-plan-sign-up-fee\"><\/span><\/label><div class=\"pms-subscription-plan-description\">Tenha acesso a conte\u00fados exclusivos<\/div><\/div><input type=\"hidden\" name=\"pms_default_recurring\" value=\"2\" \/><\/li>\n    <\/ul>\n\n    <span id=\"pms-submit-button-loading-placeholder-text\" style=\"display: none;\">Processing. Please wait...<\/span><div class=\"pms-paygates-holder\"><div id=\"pms-paygates-wrapper\"><input type=\"hidden\" class=\"pms_pay_gate\" name=\"pay_gate\" value=\"paypal_standard\" data-sign_up_fee=\"1\" data-trial=\"1\" data-recurring=\"1\"  \/><\/div><\/div>\n            <input class=\"pms-form-submit\" name=\"pms_register\" type=\"submit\" value=\"Registrar\" \/>\n    \n<\/form>\n\t\t\t\t<\/div>\n\t\t\t\t<\/div>\n\t\t\t\t\t<\/div>\n\t\t\t\t<\/div>\n\t\t\t\t<\/div>\n\t\t","protected":false},"excerpt":{"rendered":"<p>Assinar Confira abaixo se o plano escolhido est\u00e1 correto, depois preencha os dados e clique em inscreva-se para prosseguir com a contrata\u00e7\u00e3o. Diamond &#8211; &#82;&#36;19,90 \/ 1 M\u00easO plano Diamond te d\u00e1 acesso a conte\u00fados \u00fanicos dentro da nossa plataforma.Gold &#8211; &#82;&#36;14,90 \/ 1 M\u00easO plano Gold te d\u00e1 acesso a conte\u00fados \u00fanicos dentro da nossa plataforma.Silver &#8211; &#82;&#36;9,90 \/ 1 M\u00easO plano Silver te d\u00e1 acesso a conte\u00fados \u00fanicos dentro da nossa plataforma.Free &#8211; Gr\u00e1tisTenha acesso a conte\u00fados exclusivos Processing. Please wait&#8230;<\/p>\n","protected":false},"author":1,"featured_media":0,"parent":0,"menu_order":0,"comment_status":"closed","ping_status":"closed","template":"elementor_header_footer","meta":{"footnotes":""},"class_list":["post-2611","page","type-page","status-publish","hentry"],"_links":{"self":[{"href":"https:\/\/ojoaosanti.com\/ecommerce\/wp-json\/wp\/v2\/pages\/2611","targetHints":{"allow":["GET"]}}],"collection":[{"href":"https:\/\/ojoaosanti.com\/ecommerce\/wp-json\/wp\/v2\/pages"}],"about":[{"href":"https:\/\/ojoaosanti.com\/ecommerce\/wp-json\/wp\/v2\/types\/page"}],"author":[{"embeddable":true,"href":"https:\/\/ojoaosanti.com\/ecommerce\/wp-json\/wp\/v2\/users\/1"}],"replies":[{"embeddable":true,"href":"https:\/\/ojoaosanti.com\/ecommerce\/wp-json\/wp\/v2\/comments?post=2611"}],"version-history":[{"count":0,"href":"https:\/\/ojoaosanti.com\/ecommerce\/wp-json\/wp\/v2\/pages\/2611\/revisions"}],"wp:attachment":[{"href":"https:\/\/ojoaosanti.com\/ecommerce\/wp-json\/wp\/v2\/media?parent=2611"}],"curies":[{"name":"wp","href":"https:\/\/api.w.org\/{rel}","templated":true}]}}