{"id":2467,"date":"2025-01-31T19:03:48","date_gmt":"2025-01-31T19:03:48","guid":{"rendered":"https:\/\/ojoaosanti.com\/ecommerce\/?page_id=2467"},"modified":"2025-02-05T19:51:35","modified_gmt":"2025-02-05T19:51:35","slug":"conteudo-restrito","status":"publish","type":"page","link":"https:\/\/ojoaosanti.com\/ecommerce\/conteudo-restrito\/","title":{"rendered":"Conte\u00fado Restrito"},"content":{"rendered":"\t\t<div data-elementor-type=\"wp-page\" data-elementor-id=\"2467\" class=\"elementor elementor-2467\" data-elementor-settings=\"{&quot;ha_cmc_init_switcher&quot;:&quot;no&quot;}\" data-elementor-post-type=\"page\">\n\t\t\t\t<div class=\"dce-visibility-event elementor-element elementor-element-39066e9 e-flex e-con-boxed wpr-particle-no wpr-jarallax-no wpr-parallax-no wpr-sticky-section-no wpr-equal-height-no e-con e-parent\" data-id=\"39066e9\" data-element_type=\"container\" data-e-type=\"container\" data-settings=\"{&quot;background_background&quot;:&quot;classic&quot;,&quot;enabled_visibility&quot;:&quot;yes&quot;,&quot;_ha_eqh_enable&quot;:false,&quot;dce_visibility_selected&quot;:&quot;yes&quot;}\">\n\t\t\t\t\t<div class=\"e-con-inner\">\n\t\t\t\t<div class=\"elementor-element elementor-element-53ad65f elementor-widget elementor-widget-image\" data-id=\"53ad65f\" data-element_type=\"widget\" data-e-type=\"widget\" data-widget_type=\"image.default\">\n\t\t\t\t<div class=\"elementor-widget-container\">\n\t\t\t\t\t\t\t\t\t\t\t\t\t\t\t<img fetchpriority=\"high\" decoding=\"async\" width=\"800\" height=\"800\" src=\"https:\/\/ojoaosanti.com\/ecommerce\/wp-content\/uploads\/2025\/01\/info-filled.svg\" class=\"attachment-full size-full wp-image-2479\" alt=\"\" \/>\t\t\t\t\t\t\t\t\t\t\t\t\t\t\t<\/div>\n\t\t\t\t<\/div>\n\t\t\t\t<div class=\"elementor-element elementor-element-0e235cf elementor-widget elementor-widget-heading\" data-id=\"0e235cf\" data-element_type=\"widget\" data-e-type=\"widget\" data-widget_type=\"heading.default\">\n\t\t\t\t<div class=\"elementor-widget-container\">\n\t\t\t\t\t<h2 class=\"elementor-heading-title elementor-size-default\">Este conte\u00fado est\u00e1 dispon\u00edvel apenas para assinantes.<\/h2>\t\t\t\t<\/div>\n\t\t\t\t<\/div>\n\t\t\t\t<div class=\"elementor-element elementor-element-0808351 elementor-widget elementor-widget-heading\" data-id=\"0808351\" data-element_type=\"widget\" data-e-type=\"widget\" data-widget_type=\"heading.default\">\n\t\t\t\t<div class=\"elementor-widget-container\">\n\t\t\t\t\t<h2 class=\"elementor-heading-title elementor-size-default\">Voc\u00ea precisa estar logado para ter acesso a esse conte\u00fado.<\/h2>\t\t\t\t<\/div>\n\t\t\t\t<\/div>\n\t\t\t\t\t<\/div>\n\t\t\t\t<\/div>\n\t\t<div class=\"dce-visibility-event elementor-element elementor-element-3ba12a2 e-flex e-con-boxed wpr-particle-no wpr-jarallax-no wpr-parallax-no wpr-sticky-section-no wpr-equal-height-no e-con e-parent\" data-id=\"3ba12a2\" data-element_type=\"container\" data-e-type=\"container\" data-settings=\"{&quot;enabled_visibility&quot;:&quot;yes&quot;,&quot;_ha_eqh_enable&quot;:false,&quot;dce_visibility_selected&quot;:&quot;yes&quot;}\">\n\t\t\t\t\t<div class=\"e-con-inner\">\n\t\t<div class=\"elementor-element elementor-element-765bdd7 e-con-full e-flex wpr-particle-no wpr-jarallax-no wpr-parallax-no wpr-sticky-section-no wpr-equal-height-no e-con e-child\" data-id=\"765bdd7\" data-element_type=\"container\" data-e-type=\"container\" data-settings=\"{&quot;_ha_eqh_enable&quot;:false}\">\n\t\t\t\t<div class=\"elementor-element elementor-element-b5d397f elementor-widget elementor-widget-heading\" data-id=\"b5d397f\" data-element_type=\"widget\" data-e-type=\"widget\" data-widget_type=\"heading.default\">\n\t\t\t\t<div class=\"elementor-widget-container\">\n\t\t\t\t\t<h2 class=\"elementor-heading-title elementor-size-default\">J\u00e1 \u00e9 assinante?<\/h2>\t\t\t\t<\/div>\n\t\t\t\t<\/div>\n\t\t\t\t<div class=\"elementor-element elementor-element-0823579 elementor-align-right elementor-widget elementor-widget-button\" data-id=\"0823579\" data-element_type=\"widget\" data-e-type=\"widget\" data-widget_type=\"button.default\">\n\t\t\t\t<div class=\"elementor-widget-container\">\n\t\t\t\t\t\t\t\t\t<div class=\"elementor-button-wrapper\">\n\t\t\t\t\t<a class=\"elementor-button elementor-button-link elementor-size-sm\" href=\"https:\/\/ojoaosanti.com\/ecommerce\/wp-admin\">\n\t\t\t\t\t\t<span class=\"elementor-button-content-wrapper\">\n\t\t\t\t\t\t\t\t\t<span class=\"elementor-button-text\">Fazer Login<\/span>\n\t\t\t\t\t<\/span>\n\t\t\t\t\t<\/a>\n\t\t\t\t<\/div>\n\t\t\t\t\t\t\t\t<\/div>\n\t\t\t\t<\/div>\n\t\t\t\t<\/div>\n\t\t<div class=\"elementor-element elementor-element-7b52698 e-con-full e-flex wpr-particle-no wpr-jarallax-no wpr-parallax-no wpr-sticky-section-no wpr-equal-height-no e-con e-child\" data-id=\"7b52698\" data-element_type=\"container\" data-e-type=\"container\" data-settings=\"{&quot;_ha_eqh_enable&quot;:false}\">\n\t\t\t\t<div class=\"elementor-element elementor-element-4b112e7 elementor-widget elementor-widget-heading\" data-id=\"4b112e7\" data-element_type=\"widget\" data-e-type=\"widget\" data-widget_type=\"heading.default\">\n\t\t\t\t<div class=\"elementor-widget-container\">\n\t\t\t\t\t<h2 class=\"elementor-heading-title elementor-size-default\"> Ou Cadastre-se<\/h2>\t\t\t\t<\/div>\n\t\t\t\t<\/div>\n\t\t\t\t<div class=\"elementor-element elementor-element-83bb576 elementor-align-right elementor-widget elementor-widget-button\" data-id=\"83bb576\" data-element_type=\"widget\" data-e-type=\"widget\" data-widget_type=\"button.default\">\n\t\t\t\t<div class=\"elementor-widget-container\">\n\t\t\t\t\t\t\t\t\t<div class=\"elementor-button-wrapper\">\n\t\t\t\t\t<a class=\"elementor-button elementor-button-link elementor-size-sm\" href=\"https:\/\/ojoaosanti.com\/ecommerce\/assinar\">\n\t\t\t\t\t\t<span class=\"elementor-button-content-wrapper\">\n\t\t\t\t\t\t\t\t\t<span class=\"elementor-button-text\">Assinar um Plano<\/span>\n\t\t\t\t\t<\/span>\n\t\t\t\t\t<\/a>\n\t\t\t\t<\/div>\n\t\t\t\t\t\t\t\t<\/div>\n\t\t\t\t<\/div>\n\t\t\t\t<\/div>\n\t\t\t\t\t<\/div>\n\t\t\t\t<\/div>\n\t\t<div class=\"dce-visibility-event elementor-element elementor-element-fbe9028 e-flex e-con-boxed wpr-particle-no wpr-jarallax-no wpr-parallax-no wpr-sticky-section-no wpr-equal-height-no e-con e-parent\" data-id=\"fbe9028\" data-element_type=\"container\" data-e-type=\"container\" data-settings=\"{&quot;enabled_visibility&quot;:&quot;yes&quot;,&quot;_ha_eqh_enable&quot;:false,&quot;dce_visibility_selected&quot;:&quot;yes&quot;}\">\n\t\t\t\t\t<div class=\"e-con-inner\">\n\t\t<div class=\"elementor-element elementor-element-137a973 e-con-full e-flex wpr-particle-no wpr-jarallax-no wpr-parallax-no wpr-sticky-section-no wpr-equal-height-no e-con e-child\" data-id=\"137a973\" data-element_type=\"container\" data-e-type=\"container\" data-settings=\"{&quot;_ha_eqh_enable&quot;:false}\">\n\t\t\t\t<div class=\"elementor-element elementor-element-d9197e6 elementor-widget elementor-widget-heading\" data-id=\"d9197e6\" data-element_type=\"widget\" data-e-type=\"widget\" data-widget_type=\"heading.default\">\n\t\t\t\t<div class=\"elementor-widget-container\">\n\t\t\t\t\t<h2 class=\"elementor-heading-title elementor-size-default\"><a href=\"https:\/\/ojoaosanti.com\/ecommerce\/\">Voltar para o AureaNumis<\/a><\/h2>\t\t\t\t<\/div>\n\t\t\t\t<\/div>\n\t\t\t\t<\/div>\n\t\t\t\t\t<\/div>\n\t\t\t\t<\/div>\n\t\t<!-- dce invisible element 3089f0a --><!-- dce invisible element 86b092c --><!-- dce invisible element a24ff06 --><!-- dce invisible element ea9d4f1 --><!-- dce invisible element f6d6367 --><!-- dce invisible element a9dd735 --><!-- dce invisible element 51c63c2 --><!-- dce invisible element 279d75d --><!-- dce invisible element a6d7712 -->\t\t<\/div>\n\t\t","protected":false},"excerpt":{"rendered":"<p>Este conte\u00fado est\u00e1 dispon\u00edvel apenas para assinantes. Voc\u00ea precisa estar logado para ter acesso a esse conte\u00fado. J\u00e1 \u00e9 assinante? Fazer Login Ou Cadastre-se Assinar um Plano Voltar para o AureaNumis Este conte\u00fado est\u00e1 dispon\u00edvel apenas para assinantes do plano Silver Renove sua assinatura ou fa\u00e7a um upgrade do seu plano para ter acesso a este conte\u00fado. J\u00e1 \u00e9 assinante? Renovar a Assinatura Ou Cadastre-se Fazer Upgrade Voltar para o AureaNumis Este conte\u00fado est\u00e1 dispon\u00edvel apenas para assinantes do plano Gold Renove sua assinatura ou fa\u00e7a um upgrade do seu plano para ter acesso a este conte\u00fado. J\u00e1 \u00e9 assinante? Renovar a Assinatura Ou Cadastre-se Fazer Upgrade Voltar para o AureaNumis Este conte\u00fado est\u00e1 dispon\u00edvel apenas para assinantes do plano Diamond Renove sua assinatura ou fa\u00e7a um upgrade do seu plano para ter acesso a este conte\u00fado. J\u00e1 \u00e9 assinante? Renovar a Assinatura Ou Cadastre-se Fazer Upgrade Voltar para o AureaNumis<\/p>\n","protected":false},"author":1,"featured_media":0,"parent":0,"menu_order":0,"comment_status":"closed","ping_status":"closed","template":"elementor_header_footer","meta":{"footnotes":""},"class_list":["post-2467","page","type-page","status-publish","hentry"],"_links":{"self":[{"href":"https:\/\/ojoaosanti.com\/ecommerce\/wp-json\/wp\/v2\/pages\/2467","targetHints":{"allow":["GET"]}}],"collection":[{"href":"https:\/\/ojoaosanti.com\/ecommerce\/wp-json\/wp\/v2\/pages"}],"about":[{"href":"https:\/\/ojoaosanti.com\/ecommerce\/wp-json\/wp\/v2\/types\/page"}],"author":[{"embeddable":true,"href":"https:\/\/ojoaosanti.com\/ecommerce\/wp-json\/wp\/v2\/users\/1"}],"replies":[{"embeddable":true,"href":"https:\/\/ojoaosanti.com\/ecommerce\/wp-json\/wp\/v2\/comments?post=2467"}],"version-history":[{"count":0,"href":"https:\/\/ojoaosanti.com\/ecommerce\/wp-json\/wp\/v2\/pages\/2467\/revisions"}],"wp:attachment":[{"href":"https:\/\/ojoaosanti.com\/ecommerce\/wp-json\/wp\/v2\/media?parent=2467"}],"curies":[{"name":"wp","href":"https:\/\/api.w.org\/{rel}","templated":true}]}}