{"id":25,"date":"2025-12-20T22:32:46","date_gmt":"2025-12-20T22:32:46","guid":{"rendered":"https:\/\/ojoaosanti.com\/bnuts\/?page_id=25"},"modified":"2026-01-16T19:40:24","modified_gmt":"2026-01-16T19:40:24","slug":"saiba-mais","status":"publish","type":"page","link":"https:\/\/ojoaosanti.com\/bnuts\/saiba-mais\/","title":{"rendered":"Saiba Mais"},"content":{"rendered":"\t\t<div data-elementor-type=\"wp-page\" data-elementor-id=\"25\" class=\"elementor elementor-25\" data-elementor-post-type=\"page\">\n\t\t\t\t<div class=\"elementor-element elementor-element-57f73aa e-con-full e-flex e-con e-parent\" data-id=\"57f73aa\" data-element_type=\"container\" data-e-type=\"container\" data-settings=\"{&quot;background_background&quot;:&quot;classic&quot;,&quot;motion_fx_motion_fx_mouse&quot;:&quot;yes&quot;}\">\n\t\t<div class=\"elementor-element elementor-element-e1d25c5 e-con-full e-flex e-con e-child\" data-id=\"e1d25c5\" data-element_type=\"container\" data-e-type=\"container\">\n\t\t\t\t<div class=\"elementor-element elementor-element-d3d94ec elementor-widget elementor-widget-heading\" data-id=\"d3d94ec\" data-element_type=\"widget\" data-e-type=\"widget\" data-widget_type=\"heading.default\">\n\t\t\t\t\t<h2 class=\"elementor-heading-title elementor-size-default\">|<\/h2>\t\t\t\t<\/div>\n\t\t\t\t<div class=\"elementor-element elementor-element-a8f9bb3 elementor-widget elementor-widget-heading\" data-id=\"a8f9bb3\" data-element_type=\"widget\" data-e-type=\"widget\" data-widget_type=\"heading.default\">\n\t\t\t\t\t<h2 class=\"elementor-heading-title elementor-size-default\">Saiba Mais<\/h2>\t\t\t\t<\/div>\n\t\t\t\t<\/div>\n\t\t\t\t<div class=\"elementor-element elementor-element-a287adb elementor-widget__width-initial elementor-widget-mobile__width-inherit elementor-widget elementor-widget-text-editor\" data-id=\"a287adb\" data-element_type=\"widget\" data-e-type=\"widget\" data-widget_type=\"text-editor.default\">\n\t\t\t\t\t\t\t\t\t<div class=\"p-4 space-y-6 max-h-80 overflow-y-auto\"><div class=\"flex items-start gap-2\"><div class=\"flex-1 space-y-2\"><div class=\"space-y-2\"><div class=\"prose prose-sm max-w-none dark:prose-invert text-sm [&amp;&gt;p]:whitespace-pre-wrap [&amp;&gt;p&gt;a]:text-primary [&amp;&gt;p&gt;a]:no-underline [&amp;&gt;p&gt;a]:hover:underline [&amp;&gt;p&gt;a]:break-all text-left [&amp;&gt;p&gt;span]:font-medium [&amp;&gt;p&gt;span]:text-primary px-0\"><p>Conhe\u00e7a um pouco mais sobre os nossos produtos, suas origens, hist\u00f3ria e curiosidades.<\/p><\/div><div class=\"flex flex-wrap self-start gap-2\">\u00a0<\/div><\/div><\/div><\/div><\/div><div class=\"flex items-start gap-2 p-4 pt-0\"><div class=\"flex items-center gap-2\">\u00a0<\/div><\/div>\t\t\t\t\t\t\t\t<\/div>\n\t\t\t\t<\/div>\n\t\t<div class=\"elementor-element elementor-element-be4fcb2 e-flex e-con-boxed e-con e-parent\" data-id=\"be4fcb2\" data-element_type=\"container\" data-e-type=\"container\" data-settings=\"{&quot;background_background&quot;:&quot;classic&quot;}\">\n\t\t\t\t\t<div class=\"e-con-inner\">\n\t\t\t\t\t<\/div>\n\t\t\t\t<\/div>\n\t\t<div class=\"elementor-element elementor-element-3615053d e-flex e-con-boxed e-con e-parent\" data-id=\"3615053d\" data-element_type=\"container\" data-e-type=\"container\" data-settings=\"{&quot;background_background&quot;:&quot;classic&quot;}\">\n\t\t\t\t\t<div class=\"e-con-inner\">\n\t\t\t\t<div class=\"elementor-element elementor-element-4b935f6f titulo-hero-custom elementor-widget elementor-widget-heading\" data-id=\"4b935f6f\" data-element_type=\"widget\" data-e-type=\"widget\" data-widget_type=\"heading.default\">\n\t\t\t\t\t<h2 class=\"elementor-heading-title elementor-size-default\">Castanha do Brasil<\/h2>\t\t\t\t<\/div>\n\t\t<div class=\"elementor-element elementor-element-51872dfc e-con-full e-flex e-con e-child\" data-id=\"51872dfc\" data-element_type=\"container\" data-e-type=\"container\">\n\t\t<div class=\"elementor-element elementor-element-24c39d36 e-con-full e-flex e-con e-child\" data-id=\"24c39d36\" data-element_type=\"container\" data-e-type=\"container\">\n\t\t<div class=\"elementor-element elementor-element-c569552 e-con-full e-flex e-con e-child\" data-id=\"c569552\" data-element_type=\"container\" data-e-type=\"container\">\n\t\t\t\t<div class=\"elementor-element elementor-element-2b1ac3b3 titulo-hero-custom elementor-widget elementor-widget-heading\" data-id=\"2b1ac3b3\" data-element_type=\"widget\" data-e-type=\"widget\" data-widget_type=\"heading.default\">\n\t\t\t\t\t<h2 class=\"elementor-heading-title elementor-size-default\">Origem<\/h2>\t\t\t\t<\/div>\n\t\t\t\t<\/div>\n\t\t\t\t<div class=\"elementor-element elementor-element-107ba66c elementor-widget-divider--view-line elementor-widget elementor-widget-divider\" data-id=\"107ba66c\" data-element_type=\"widget\" data-e-type=\"widget\" data-widget_type=\"divider.default\">\n\t\t\t\t\t\t\t<div class=\"elementor-divider\">\n\t\t\t<span class=\"elementor-divider-separator\">\n\t\t\t\t\t\t<\/span>\n\t\t<\/div>\n\t\t\t\t\t\t<\/div>\n\t\t\t\t<div class=\"elementor-element elementor-element-35b6f494 elementor-widget__width-inherit elementor-widget elementor-widget-text-editor\" data-id=\"35b6f494\" data-element_type=\"widget\" data-e-type=\"widget\" data-widget_type=\"text-editor.default\">\n\t\t\t\t\t\t\t\t\t<div data-id=\"198bfc9\" data-element_type=\"widget\" data-widget_type=\"text-editor.default\"><div data-id=\"786033c\" data-element_type=\"widget\" data-widget_type=\"text-editor.default\"><div class=\"p-4 space-y-6 max-h-80 overflow-y-auto\"><div class=\"flex items-start gap-2\"><div class=\"flex-1 space-y-2\"><div class=\"space-y-2\"><div class=\"prose prose-sm max-w-none dark:prose-invert text-sm [&amp;&gt;p]:whitespace-pre-wrap [&amp;&gt;p&gt;a]:text-primary [&amp;&gt;p&gt;a]:no-underline [&amp;&gt;p&gt;a]:hover:underline [&amp;&gt;p&gt;a]:break-all text-left [&amp;&gt;p&gt;span]:font-medium [&amp;&gt;p&gt;span]:text-primary px-0\"><p>A castanha vem da <strong>Bertholletia excelsa<\/strong>, uma das \u00e1rvores mais altas e longevas da Floresta Amaz\u00f4nica, podendo atingir at\u00e9 50 metros de altura e viver por mais de 500 anos. Ela \u00e9 nativa de regi\u00f5es de floresta virgem na Am\u00e9rica do Sul.<\/p><p>A produ\u00e7\u00e3o \u00e9 quase inteiramente extrativista. Isso significa que ela depende da floresta preservada para existir, j\u00e1 que a poliniza\u00e7\u00e3o da \u00e1rvore \u00e9 feita por abelhas espec\u00edficas que s\u00f3 vivem em ecossistemas equilibrados.<\/p><p><strong>Curiosidades<\/strong>:<br \/>\u2022 <strong>O &#8220;Ouri\u00e7o&#8221;<\/strong>: As castanhas n\u00e3o nascem soltas. Elas ficam dentro de um &#8220;ouri\u00e7o&#8221;, uma c\u00e1psula lenhosa extremamente dura que pesa cerca de 2 kg. Para abri-lo na mata, \u00e9 preciso um fac\u00e3o ou a for\u00e7a das mand\u00edbulas de uma cutia (o \u00fanico animal capaz de roer o ouri\u00e7o naturalmente).<\/p><p>\u2022 <strong>Super Alimento<\/strong>: Ela \u00e9 a maior fonte natural de sel\u00eanio do mundo. Apenas uma ou duas unidades por dia j\u00e1 suprem a necessidade di\u00e1ria desse mineral essencial para o sistema imunol\u00f3gico e a tireoide.<\/p><\/div><\/div><\/div><\/div><\/div><\/div><\/div>\t\t\t\t\t\t\t\t<\/div>\n\t\t\t\t<\/div>\n\t\t<div class=\"elementor-element elementor-element-49d78d84 e-con-full e-flex elementor-invisible e-con e-child\" data-id=\"49d78d84\" data-element_type=\"container\" data-e-type=\"container\" data-settings=\"{&quot;background_background&quot;:&quot;classic&quot;,&quot;shape_divider_top&quot;:&quot;opacity-tilt&quot;,&quot;animation&quot;:&quot;fadeIn&quot;}\">\n\t\t\t\t<div class=\"elementor-shape elementor-shape-top\" aria-hidden=\"true\" data-negative=\"false\">\n\t\t\t<svg xmlns=\"http:\/\/www.w3.org\/2000\/svg\" viewBox=\"0 0 2600 131.1\" preserveAspectRatio=\"none\">\n\t<path class=\"elementor-shape-fill\" d=\"M0 0L2600 0 2600 69.1 0 0z\"\/>\n\t<path class=\"elementor-shape-fill\" style=\"opacity:0.5\" d=\"M0 0L2600 0 2600 69.1 0 69.1z\"\/>\n\t<path class=\"elementor-shape-fill\" style=\"opacity:0.25\" d=\"M2600 0L0 0 0 130.1 2600 69.1z\"\/>\n<\/svg>\t\t<\/div>\n\t\t\t\t<\/div>\n\t\t\t\t<\/div>\n\t\t\t\t<div class=\"elementor-element elementor-element-10985e1f elementor-hidden-mobile elementor-widget-divider--view-line elementor-widget elementor-widget-divider\" data-id=\"10985e1f\" data-element_type=\"widget\" data-e-type=\"widget\" data-widget_type=\"divider.default\">\n\t\t\t\t\t\t\t<div class=\"elementor-divider\">\n\t\t\t<span class=\"elementor-divider-separator\">\n\t\t\t\t\t\t<\/span>\n\t\t<\/div>\n\t\t\t\t\t\t<\/div>\n\t\t\t\t<div class=\"elementor-element elementor-element-2d7fd30 titulo-hero-custom elementor-widget elementor-widget-heading\" data-id=\"2d7fd30\" data-element_type=\"widget\" data-e-type=\"widget\" data-widget_type=\"heading.default\">\n\t\t\t\t\t<h2 class=\"elementor-heading-title elementor-size-default\">Noz Macad\u00e2mia\n<\/h2>\t\t\t\t<\/div>\n\t\t<div class=\"elementor-element elementor-element-e2177f e-con-full e-flex e-con e-child\" data-id=\"e2177f\" data-element_type=\"container\" data-e-type=\"container\">\n\t\t<div class=\"elementor-element elementor-element-7e94e2ed e-con-full e-flex elementor-invisible e-con e-child\" data-id=\"7e94e2ed\" data-element_type=\"container\" data-e-type=\"container\" data-settings=\"{&quot;background_background&quot;:&quot;classic&quot;,&quot;shape_divider_top&quot;:&quot;opacity-tilt&quot;,&quot;animation&quot;:&quot;fadeIn&quot;}\">\n\t\t\t\t<div class=\"elementor-shape elementor-shape-top\" aria-hidden=\"true\" data-negative=\"false\">\n\t\t\t<svg xmlns=\"http:\/\/www.w3.org\/2000\/svg\" viewBox=\"0 0 2600 131.1\" preserveAspectRatio=\"none\">\n\t<path class=\"elementor-shape-fill\" d=\"M0 0L2600 0 2600 69.1 0 0z\"\/>\n\t<path class=\"elementor-shape-fill\" style=\"opacity:0.5\" d=\"M0 0L2600 0 2600 69.1 0 69.1z\"\/>\n\t<path class=\"elementor-shape-fill\" style=\"opacity:0.25\" d=\"M2600 0L0 0 0 130.1 2600 69.1z\"\/>\n<\/svg>\t\t<\/div>\n\t\t\t\t<\/div>\n\t\t<div class=\"elementor-element elementor-element-6c908ab6 e-con-full e-flex e-con e-child\" data-id=\"6c908ab6\" data-element_type=\"container\" data-e-type=\"container\">\n\t\t<div class=\"elementor-element elementor-element-fe83cd9 e-con-full e-flex e-con e-child\" data-id=\"fe83cd9\" data-element_type=\"container\" data-e-type=\"container\">\n\t\t\t\t<div class=\"elementor-element elementor-element-b3b638e titulo-hero-custom elementor-widget elementor-widget-heading\" data-id=\"b3b638e\" data-element_type=\"widget\" data-e-type=\"widget\" data-widget_type=\"heading.default\">\n\t\t\t\t\t<h2 class=\"elementor-heading-title elementor-size-default\">Origem<\/h2>\t\t\t\t<\/div>\n\t\t\t\t<\/div>\n\t\t\t\t<div class=\"elementor-element elementor-element-148cd1f elementor-widget-divider--view-line elementor-widget elementor-widget-divider\" data-id=\"148cd1f\" data-element_type=\"widget\" data-e-type=\"widget\" data-widget_type=\"divider.default\">\n\t\t\t\t\t\t\t<div class=\"elementor-divider\">\n\t\t\t<span class=\"elementor-divider-separator\">\n\t\t\t\t\t\t<\/span>\n\t\t<\/div>\n\t\t\t\t\t\t<\/div>\n\t\t\t\t<div class=\"elementor-element elementor-element-16275eeb elementor-widget__width-inherit elementor-widget elementor-widget-text-editor\" data-id=\"16275eeb\" data-element_type=\"widget\" data-e-type=\"widget\" data-widget_type=\"text-editor.default\">\n\t\t\t\t\t\t\t\t\t<div data-id=\"198bfc9\" data-element_type=\"widget\" data-widget_type=\"text-editor.default\"><div data-id=\"786033c\" data-element_type=\"widget\" data-widget_type=\"text-editor.default\"><div class=\"p-4 space-y-6 max-h-80 overflow-y-auto\"><div class=\"flex items-start gap-2\"><div class=\"flex-1 space-y-2\"><div class=\"space-y-2\"><div class=\"prose prose-sm max-w-none dark:prose-invert text-sm [&amp;&gt;p]:whitespace-pre-wrap [&amp;&gt;p&gt;a]:text-primary [&amp;&gt;p&gt;a]:no-underline [&amp;&gt;p&gt;a]:hover:underline [&amp;&gt;p&gt;a]:break-all text-left [&amp;&gt;p&gt;span]:font-medium [&amp;&gt;p&gt;span]:text-primary px-0\"><p>A Noz Macad\u00e2mia \u00e9 frequentemente chamada de &#8220;<strong>rainha das nozes<\/strong>&#8220;, e n\u00e3o \u00e9 por acaso. Com sua textura amanteigada e sabor delicado, ela \u00e9 considerada por muitos como a noz \u201cmais saborosa\u201d.<\/p><p>Ela \u00e9 origin\u00e1ria das florestas tropicais da Austr\u00e1lia Oriental (Queensland e Nova Gales do Sul). Os povos nativos locais j\u00e1 consumiam essa noz h\u00e1 mil\u00eanios Foi apenas no s\u00e9culo XIX que bot\u00e2nicos europeus a &#8220;descobriram&#8221; e a batizaram em homenagem ao cientista John Macadam. Somente no final de 1800 \u00e9 que a produ\u00e7\u00e3o comercial realmente ganhou escala global.<\/p><p><strong>Curiosidades<\/strong>:<br \/>\u2022 <strong>A Casca Mais Dura do Mundo<\/strong>: A casca da macad\u00e2mia \u00e9 incrivelmente resistente. Para quebr\u00e1-la sem esmagar o fruto, \u00e9 necess\u00e1ria uma press\u00e3o de cerca de 300 libras por polegada quadrada (psi).<\/p><p>\u2022 <strong>Ouro Branco<\/strong>: Devido ao longo tempo que a \u00e1rvore leva para produzir (de 7 a 10 anos) e \u00e0 complexidade da colheita, ela \u00e9 considerada uma das nozes mais nobres e caras do mercado.<\/p><p>\u2022 <strong>Pura Sa\u00fade<\/strong>: Ela \u00e9 riqu\u00edssima em gorduras monoinsaturadas (as &#8220;gorduras boas&#8221;), que auxiliam na sa\u00fade do cora\u00e7\u00e3o, al\u00e9m de ser uma excelente fonte de flavonoides, que combatem o envelhecimento celular.<\/p><\/div><\/div><\/div><\/div><\/div><\/div><\/div>\t\t\t\t\t\t\t\t<\/div>\n\t\t\t\t<\/div>\n\t\t\t\t<\/div>\n\t\t\t\t<div class=\"elementor-element elementor-element-7f5d7a31 elementor-hidden-mobile elementor-widget-divider--view-line elementor-widget elementor-widget-divider\" data-id=\"7f5d7a31\" data-element_type=\"widget\" data-e-type=\"widget\" data-widget_type=\"divider.default\">\n\t\t\t\t\t\t\t<div class=\"elementor-divider\">\n\t\t\t<span class=\"elementor-divider-separator\">\n\t\t\t\t\t\t<\/span>\n\t\t<\/div>\n\t\t\t\t\t\t<\/div>\n\t\t\t\t<div class=\"elementor-element elementor-element-378e228 titulo-hero-custom elementor-widget elementor-widget-heading\" data-id=\"378e228\" data-element_type=\"widget\" data-e-type=\"widget\" data-widget_type=\"heading.default\">\n\t\t\t\t\t<h2 class=\"elementor-heading-title elementor-size-default\">Castanha de Baru<\/h2>\t\t\t\t<\/div>\n\t\t<div class=\"elementor-element elementor-element-b8c8d38 e-con-full e-flex e-con e-child\" data-id=\"b8c8d38\" data-element_type=\"container\" data-e-type=\"container\">\n\t\t<div class=\"elementor-element elementor-element-e665b83 e-con-full e-flex e-con e-child\" data-id=\"e665b83\" data-element_type=\"container\" data-e-type=\"container\">\n\t\t<div class=\"elementor-element elementor-element-7550305 e-con-full e-flex e-con e-child\" data-id=\"7550305\" data-element_type=\"container\" data-e-type=\"container\">\n\t\t\t\t<div class=\"elementor-element elementor-element-8013c64 titulo-hero-custom elementor-widget elementor-widget-heading\" data-id=\"8013c64\" data-element_type=\"widget\" data-e-type=\"widget\" data-widget_type=\"heading.default\">\n\t\t\t\t\t<h2 class=\"elementor-heading-title elementor-size-default\">Origem<\/h2>\t\t\t\t<\/div>\n\t\t\t\t<\/div>\n\t\t\t\t<div class=\"elementor-element elementor-element-7dc2c6c elementor-widget-divider--view-line elementor-widget elementor-widget-divider\" data-id=\"7dc2c6c\" data-element_type=\"widget\" data-e-type=\"widget\" data-widget_type=\"divider.default\">\n\t\t\t\t\t\t\t<div class=\"elementor-divider\">\n\t\t\t<span class=\"elementor-divider-separator\">\n\t\t\t\t\t\t<\/span>\n\t\t<\/div>\n\t\t\t\t\t\t<\/div>\n\t\t\t\t<div class=\"elementor-element elementor-element-a945095 elementor-widget__width-inherit elementor-widget elementor-widget-text-editor\" data-id=\"a945095\" data-element_type=\"widget\" data-e-type=\"widget\" data-widget_type=\"text-editor.default\">\n\t\t\t\t\t\t\t\t\t<div data-id=\"198bfc9\" data-element_type=\"widget\" data-widget_type=\"text-editor.default\"><div data-id=\"786033c\" data-element_type=\"widget\" data-widget_type=\"text-editor.default\"><div class=\"p-4 space-y-6 max-h-80 overflow-y-auto\"><div class=\"flex items-start gap-2\"><div class=\"flex-1 space-y-2\"><div class=\"space-y-2\"><div class=\"prose prose-sm max-w-none dark:prose-invert text-sm [&amp;&gt;p]:whitespace-pre-wrap [&amp;&gt;p&gt;a]:text-primary [&amp;&gt;p&gt;a]:no-underline [&amp;&gt;p&gt;a]:hover:underline [&amp;&gt;p&gt;a]:break-all text-left [&amp;&gt;p&gt;span]:font-medium [&amp;&gt;p&gt;span]:text-primary px-0\"><p>A Castanha de Baru \u00e9 a joia do <strong>cerrado brasileiro<\/strong>. Enquanto a Castanha-do-Brasil vem da Floresta Amaz\u00f4nia, o Baru \u00e9 o representante leg\u00edtimo do cora\u00e7\u00e3o do Brasil, ganhando cada vez mais destaque na gastronomia funcional.<\/p><p>O Baru (Dipteryx alata) \u00e9 o fruto do Barueiro, uma \u00e1rvore majestosa nativa das vastid\u00f5es do Cerrado, especialmente nos estados brasileiros de Goi\u00e1s, Mato Grosso, Mato Grosso do Sul e Minas Gerais. \u00c9 o Tesouro do Cerrado Brasileiro.<br \/>Sua colheita \u00e9 um exemplo perfeito de sustentabilidade: os frutos caem no ch\u00e3o quando est\u00e3o maduros e s\u00e3o coletados por comunidades locais, ajudando na preserva\u00e7\u00e3o do bioma e gerando renda para fam\u00edlias de extrativistas.<\/p><p><strong>Curiosidades<\/strong>:<br \/>\u2022 <strong>Afrodis\u00edaco<\/strong>: Devido ao seu alto teor de zinco e \u00e0s propriedades energ\u00e9ticas, a castanha de baru ganhou a fama popular de ser um potente afrodis\u00edaco.<\/p><p>\u2022 <strong>Super Proteica<\/strong>: Ela possui um teor de prote\u00edna superior a todas as outras nozes e castanhas, chegando a cerca de 26% de sua composi\u00e7\u00e3o, sendo muito buscada por atletas e vegetarianos.<\/p><p>\u2022 <strong>Sabor Surpreendente<\/strong>: O sabor da castanha de baru torrada \u00e9 uma mistura fascinante que que mescla notas de amendoim e chocolate, aliando uma croc\u00e2ncia perfeita a um dos maiores teores de prote\u00edna e zinco do reino vegetal.<\/p><\/div><\/div><\/div><\/div><\/div><\/div><\/div>\t\t\t\t\t\t\t\t<\/div>\n\t\t\t\t<\/div>\n\t\t<div class=\"elementor-element elementor-element-c6f6833 e-con-full e-flex elementor-invisible e-con e-child\" data-id=\"c6f6833\" data-element_type=\"container\" data-e-type=\"container\" data-settings=\"{&quot;background_background&quot;:&quot;classic&quot;,&quot;shape_divider_top&quot;:&quot;opacity-tilt&quot;,&quot;animation&quot;:&quot;fadeIn&quot;}\">\n\t\t\t\t<div class=\"elementor-shape elementor-shape-top\" aria-hidden=\"true\" data-negative=\"false\">\n\t\t\t<svg xmlns=\"http:\/\/www.w3.org\/2000\/svg\" viewBox=\"0 0 2600 131.1\" preserveAspectRatio=\"none\">\n\t<path class=\"elementor-shape-fill\" d=\"M0 0L2600 0 2600 69.1 0 0z\"\/>\n\t<path class=\"elementor-shape-fill\" style=\"opacity:0.5\" d=\"M0 0L2600 0 2600 69.1 0 69.1z\"\/>\n\t<path class=\"elementor-shape-fill\" style=\"opacity:0.25\" d=\"M2600 0L0 0 0 130.1 2600 69.1z\"\/>\n<\/svg>\t\t<\/div>\n\t\t\t\t<\/div>\n\t\t\t\t<\/div>\n\t\t\t\t\t<\/div>\n\t\t\t\t<\/div>\n\t\t\t\t<\/div>\n\t\t","protected":false},"excerpt":{"rendered":"<p>| Saiba Mais Conhe\u00e7a um pouco mais sobre os nossos produtos, suas origens, hist\u00f3ria e curiosidades. \u00a0\u00a0 Castanha do Brasil Origem A castanha vem da Bertholletia excelsa, uma das \u00e1rvores mais altas e longevas da Floresta Amaz\u00f4nica, podendo atingir at\u00e9 50 metros de altura e viver por mais de 500 anos. Ela \u00e9 nativa de [&hellip;]<\/p>\n","protected":false},"author":1,"featured_media":0,"parent":0,"menu_order":0,"comment_status":"closed","ping_status":"closed","template":"elementor_header_footer","meta":{"footnotes":""},"class_list":["post-25","page","type-page","status-publish","hentry"],"_links":{"self":[{"href":"https:\/\/ojoaosanti.com\/bnuts\/wp-json\/wp\/v2\/pages\/25","targetHints":{"allow":["GET"]}}],"collection":[{"href":"https:\/\/ojoaosanti.com\/bnuts\/wp-json\/wp\/v2\/pages"}],"about":[{"href":"https:\/\/ojoaosanti.com\/bnuts\/wp-json\/wp\/v2\/types\/page"}],"author":[{"embeddable":true,"href":"https:\/\/ojoaosanti.com\/bnuts\/wp-json\/wp\/v2\/users\/1"}],"replies":[{"embeddable":true,"href":"https:\/\/ojoaosanti.com\/bnuts\/wp-json\/wp\/v2\/comments?post=25"}],"version-history":[{"count":0,"href":"https:\/\/ojoaosanti.com\/bnuts\/wp-json\/wp\/v2\/pages\/25\/revisions"}],"wp:attachment":[{"href":"https:\/\/ojoaosanti.com\/bnuts\/wp-json\/wp\/v2\/media?parent=25"}],"curies":[{"name":"wp","href":"https:\/\/api.w.org\/{rel}","templated":true}]}}