{"id":976,"date":"2024-12-16T04:35:14","date_gmt":"2024-12-16T04:35:14","guid":{"rendered":"https:\/\/ojoaosanti.com\/bloghistoria\/?page_id=976"},"modified":"2024-12-18T13:10:24","modified_gmt":"2024-12-18T13:10:24","slug":"noticias","status":"publish","type":"page","link":"https:\/\/ojoaosanti.com\/bloghistoria\/noticias\/","title":{"rendered":"Not\u00edcias"},"content":{"rendered":"\t\t<div data-elementor-type=\"wp-page\" data-elementor-id=\"976\" class=\"elementor elementor-976\" data-elementor-post-type=\"page\">\n\t\t\t\t<div class=\"elementor-element elementor-element-7111f3d e-flex e-con-boxed wpr-particle-no wpr-jarallax-no wpr-parallax-no wpr-sticky-section-no wpr-equal-height-no e-con e-parent\" data-id=\"7111f3d\" data-element_type=\"container\" data-e-type=\"container\">\n\t\t\t\t\t<div class=\"e-con-inner\">\n\t\t\t\t<div class=\"elementor-element elementor-element-1e77390 wpr-grid-columns-3 wpr-grid-columns--laptop3 wpr-grid-columns--tablet2 wpr-grid-columns--mobile1 wpr-grid-pagination-center wpr-item-styles-inner elementor-widget elementor-widget-wpr-grid\" data-id=\"1e77390\" data-element_type=\"widget\" data-e-type=\"widget\" data-widget_type=\"wpr-grid.default\">\n\t\t\t\t<div class=\"elementor-widget-container\">\n\t\t\t\t\t<ul class=\"wpr-grid-filters elementor-clearfix wpr-grid-filters-sep-right\"><li class=\" wpr-pointer-none wpr-pointer-line-fx wpr-pointer-fx-none\"><span  data-filter=\"*\" class=\"wpr-grid-filters-item wpr-active-filter \">All Posts<\/span><em class=\"wpr-grid-filters-sep\"><\/em><\/li><li class=\" wpr-pointer-none wpr-pointer-line-fx wpr-pointer-fx-none\"><span   data-ajax-filter=[\"category\",\"noticias\"]  data-filter=\".category-noticias\">Noticias<\/span><em class=\"wpr-grid-filters-sep\"><\/em><\/li><\/ul><section class=\"wpr-grid elementor-clearfix\" data-settings=\"{&quot;layout&quot;:&quot;fitRows&quot;,&quot;stick_last_element_to_bottom&quot;:&quot;&quot;,&quot;columns_desktop&quot;:3,&quot;gutter_hr&quot;:15,&quot;gutter_hr_mobile&quot;:15,&quot;gutter_hr_mobile_extra&quot;:15,&quot;gutter_hr_tablet&quot;:15,&quot;gutter_hr_tablet_extra&quot;:15,&quot;gutter_hr_laptop&quot;:15,&quot;gutter_hr_widescreen&quot;:15,&quot;gutter_vr&quot;:15,&quot;gutter_vr_mobile&quot;:15,&quot;gutter_vr_mobile_extra&quot;:15,&quot;gutter_vr_tablet&quot;:15,&quot;gutter_vr_tablet_extra&quot;:15,&quot;gutter_vr_laptop&quot;:15,&quot;gutter_vr_widescreen&quot;:15,&quot;animation&quot;:&quot;default&quot;,&quot;animation_duration&quot;:0.3,&quot;animation_delay&quot;:0.1,&quot;deeplinking&quot;:&quot;&quot;,&quot;filters_linkable&quot;:&quot;no&quot;,&quot;filters_default_filter&quot;:&quot;&quot;,&quot;filters_count&quot;:&quot;&quot;,&quot;filters_hide_empty&quot;:&quot;no&quot;,&quot;filters_animation&quot;:&quot;default&quot;,&quot;filters_animation_duration&quot;:0.3,&quot;filters_animation_delay&quot;:0.1,&quot;pagination_type&quot;:&quot;load-more&quot;,&quot;pagination_max_pages&quot;:2,&quot;lightbox&quot;:{&quot;selector&quot;:&quot;.wpr-grid-image-wrap&quot;,&quot;iframeMaxWidth&quot;:&quot;60%&quot;,&quot;hash&quot;:false,&quot;autoplay&quot;:&quot;true&quot;,&quot;pause&quot;:5000,&quot;progressBar&quot;:&quot;true&quot;,&quot;counter&quot;:&quot;true&quot;,&quot;controls&quot;:&quot;true&quot;,&quot;getCaptionFromTitleOrAlt&quot;:&quot;true&quot;,&quot;thumbnail&quot;:&quot;&quot;,&quot;showThumbByDefault&quot;:&quot;&quot;,&quot;share&quot;:&quot;&quot;,&quot;zoom&quot;:&quot;true&quot;,&quot;fullScreen&quot;:&quot;true&quot;,&quot;download&quot;:&quot;true&quot;}}\" data-advanced-filters=\"no\"><article class=\"wpr-grid-item elementor-clearfix post-2358 post type-post status-publish format-standard has-post-thumbnail hentry category-noticias category-historia-antiga\"><div class=\"wpr-grid-item-inner\"><div class=\"wpr-grid-media-wrap wpr-effect-size-medium \" data-overlay-link=\"yes\"><div class=\"wpr-grid-image-wrap\" data-src=\"https:\/\/ojoaosanti.com\/bloghistoria\/wp-content\/uploads\/2025\/01\/exposicao-tutankamon-realidade-virtual-inedita-em-bh.jpg\" data-img-on-hover=\"\"  data-src-secondary=\"\"><img decoding=\"async\" data-no-lazy=\"1\" src=\"https:\/\/ojoaosanti.com\/bloghistoria\/wp-content\/uploads\/2025\/01\/exposicao-tutankamon-realidade-virtual-inedita-em-bh.jpg\" alt=\"Exposi\u00e7\u00e3o Tutankamon: Realidade Virtual In\u00e9dita em BH\" class=\"wpr-anim-timing-ease-default\"><\/div><div class=\"wpr-grid-media-hover wpr-animation-wrap\"><div class=\"wpr-grid-media-hover-bg  wpr-overlay-fade-in wpr-anim-size-large wpr-anim-timing-ease-default wpr-anim-transparency\" data-url=\"https:\/\/ojoaosanti.com\/bloghistoria\/exposicao-tutankamon\/\"><\/div><\/div><\/div><div class=\"wpr-grid-item-below-content elementor-clearfix\"><h2 class=\"wpr-grid-item-title elementor-repeater-item-126eb9a wpr-grid-item-display-block wpr-grid-item-align-left wpr-pointer-none wpr-pointer-line-fx wpr-pointer-fx-fade\"><div class=\"inner-block\"><a target=\"_self\"  href=\"https:\/\/ojoaosanti.com\/bloghistoria\/exposicao-tutankamon\/\">Exposi\u00e7\u00e3o Tutankamon: Realidade Virtual In\u00e9dita em BH<\/a><\/div><\/h2><div class=\"wpr-grid-item-date elementor-repeater-item-5138742 wpr-grid-item-display-inline wpr-grid-item-align-left\"><div class=\"inner-block\"><span>29\/01\/2025<span class=\"wpr-grid-extra-text-right\">\/<\/span><\/span><\/div><\/div><div class=\"wpr-grid-item-comments elementor-repeater-item-80aa558 wpr-grid-item-display-inline wpr-grid-item-align-left\"><div class=\"inner-block\"><a href=\"https:\/\/ojoaosanti.com\/bloghistoria\/exposicao-tutankamon\/#respond\"><span>Sem Coment\u00e1rios<\/span><\/a><\/div><\/div><div class=\"wpr-grid-item-excerpt elementor-repeater-item-b71e5ec wpr-grid-item-display-block wpr-grid-item-align-left\"><div class=\"inner-block\"><p>A exposi\u00e7\u00e3o Tutankamon em BH oferece uma experi\u00eancia imersiva com realidade virtual e mist\u00e9rios do Egito Antigo.<\/p><\/div><\/div><div class=\"wpr-grid-item-read-more elementor-repeater-item-38845a1 wpr-grid-item-display-block wpr-grid-item-align-left\"><div class=\"inner-block\"><a target=\"_self\" href=\"https:\/\/ojoaosanti.com\/bloghistoria\/exposicao-tutankamon\/\" class=\"wpr-button-effect wpr-button-none\"><span>Ler Mais<\/span><\/a><\/div><\/div><\/div><\/div><\/article><article class=\"wpr-grid-item elementor-clearfix post-2348 post type-post status-publish format-standard has-post-thumbnail hentry category-noticias\"><div class=\"wpr-grid-item-inner\"><div class=\"wpr-grid-media-wrap wpr-effect-size-medium \" data-overlay-link=\"yes\"><div class=\"wpr-grid-image-wrap\" data-src=\"https:\/\/ojoaosanti.com\/bloghistoria\/wp-content\/uploads\/2025\/01\/revolucao-na-cartografia-o-mapa-mundi-mais-fiel-da-historia.jpg\" data-img-on-hover=\"\"  data-src-secondary=\"\"><img decoding=\"async\" data-no-lazy=\"1\" src=\"https:\/\/ojoaosanti.com\/bloghistoria\/wp-content\/uploads\/2025\/01\/revolucao-na-cartografia-o-mapa-mundi-mais-fiel-da-historia.jpg\" alt=\"Revolu\u00e7\u00e3o na Cartografia: O Mapa-M\u00fandi Mais Fiel da Hist\u00f3ria\" class=\"wpr-anim-timing-ease-default\"><\/div><div class=\"wpr-grid-media-hover wpr-animation-wrap\"><div class=\"wpr-grid-media-hover-bg  wpr-overlay-fade-in wpr-anim-size-large wpr-anim-timing-ease-default wpr-anim-transparency\" data-url=\"https:\/\/ojoaosanti.com\/bloghistoria\/cartografia-mapa-mundi\/\"><\/div><\/div><\/div><div class=\"wpr-grid-item-below-content elementor-clearfix\"><h2 class=\"wpr-grid-item-title elementor-repeater-item-126eb9a wpr-grid-item-display-block wpr-grid-item-align-left wpr-pointer-none wpr-pointer-line-fx wpr-pointer-fx-fade\"><div class=\"inner-block\"><a target=\"_self\"  href=\"https:\/\/ojoaosanti.com\/bloghistoria\/cartografia-mapa-mundi\/\">Revolu\u00e7\u00e3o na Cartografia: O Mapa-M\u00fandi Mais Fiel da Hist\u00f3ria<\/a><\/div><\/h2><div class=\"wpr-grid-item-date elementor-repeater-item-5138742 wpr-grid-item-display-inline wpr-grid-item-align-left\"><div class=\"inner-block\"><span>26\/01\/2025<span class=\"wpr-grid-extra-text-right\">\/<\/span><\/span><\/div><\/div><div class=\"wpr-grid-item-comments elementor-repeater-item-80aa558 wpr-grid-item-display-inline wpr-grid-item-align-left\"><div class=\"inner-block\"><a href=\"https:\/\/ojoaosanti.com\/bloghistoria\/cartografia-mapa-mundi\/#respond\"><span>Sem Coment\u00e1rios<\/span><\/a><\/div><\/div><div class=\"wpr-grid-item-excerpt elementor-repeater-item-b71e5ec wpr-grid-item-display-block wpr-grid-item-align-left\"><div class=\"inner-block\"><p>Descubra como o novo mapa-m\u00fandi Equal Earth corrige distor\u00e7\u00f5es e oferece uma representa\u00e7\u00e3o mais precisa do nosso planeta.<\/p><\/div><\/div><div class=\"wpr-grid-item-read-more elementor-repeater-item-38845a1 wpr-grid-item-display-block wpr-grid-item-align-left\"><div class=\"inner-block\"><a target=\"_self\" href=\"https:\/\/ojoaosanti.com\/bloghistoria\/cartografia-mapa-mundi\/\" class=\"wpr-button-effect wpr-button-none\"><span>Ler Mais<\/span><\/a><\/div><\/div><\/div><\/div><\/article><article class=\"wpr-grid-item elementor-clearfix post-2341 post type-post status-publish format-standard has-post-thumbnail hentry category-noticias\"><div class=\"wpr-grid-item-inner\"><div class=\"wpr-grid-media-wrap wpr-effect-size-medium \" data-overlay-link=\"yes\"><div class=\"wpr-grid-image-wrap\" data-src=\"https:\/\/ojoaosanti.com\/bloghistoria\/wp-content\/uploads\/2025\/01\/descoberta-da-tumba-de-4100-anos-do-medico-do-farao.jpg\" data-img-on-hover=\"\"  data-src-secondary=\"\"><img decoding=\"async\" data-no-lazy=\"1\" src=\"https:\/\/ojoaosanti.com\/bloghistoria\/wp-content\/uploads\/2025\/01\/descoberta-da-tumba-de-4100-anos-do-medico-do-farao.jpg\" alt=\"Descoberta da Tumba de 4.100 Anos do M\u00e9dico do Fara\u00f3\" class=\"wpr-anim-timing-ease-default\"><\/div><div class=\"wpr-grid-media-hover wpr-animation-wrap\"><div class=\"wpr-grid-media-hover-bg  wpr-overlay-fade-in wpr-anim-size-large wpr-anim-timing-ease-default wpr-anim-transparency\" data-url=\"https:\/\/ojoaosanti.com\/bloghistoria\/tumba-egipcia\/\"><\/div><\/div><\/div><div class=\"wpr-grid-item-below-content elementor-clearfix\"><h2 class=\"wpr-grid-item-title elementor-repeater-item-126eb9a wpr-grid-item-display-block wpr-grid-item-align-left wpr-pointer-none wpr-pointer-line-fx wpr-pointer-fx-fade\"><div class=\"inner-block\"><a target=\"_self\"  href=\"https:\/\/ojoaosanti.com\/bloghistoria\/tumba-egipcia\/\">Descoberta da Tumba de 4.100 Anos do M\u00e9dico do Fara\u00f3<\/a><\/div><\/h2><div class=\"wpr-grid-item-date elementor-repeater-item-5138742 wpr-grid-item-display-inline wpr-grid-item-align-left\"><div class=\"inner-block\"><span>26\/01\/2025<span class=\"wpr-grid-extra-text-right\">\/<\/span><\/span><\/div><\/div><div class=\"wpr-grid-item-comments elementor-repeater-item-80aa558 wpr-grid-item-display-inline wpr-grid-item-align-left\"><div class=\"inner-block\"><a href=\"https:\/\/ojoaosanti.com\/bloghistoria\/tumba-egipcia\/#respond\"><span>Sem Coment\u00e1rios<\/span><\/a><\/div><\/div><div class=\"wpr-grid-item-excerpt elementor-repeater-item-b71e5ec wpr-grid-item-display-block wpr-grid-item-align-left\"><div class=\"inner-block\"><p>Arque\u00f3logos descobrem a tumba de Tetinebefou, m\u00e9dico real do Egito Antigo, com 4.100 anos em Saqqara.<\/p><\/div><\/div><div class=\"wpr-grid-item-read-more elementor-repeater-item-38845a1 wpr-grid-item-display-block wpr-grid-item-align-left\"><div class=\"inner-block\"><a target=\"_self\" href=\"https:\/\/ojoaosanti.com\/bloghistoria\/tumba-egipcia\/\" class=\"wpr-button-effect wpr-button-none\"><span>Ler Mais<\/span><\/a><\/div><\/div><\/div><\/div><\/article><article class=\"wpr-grid-item elementor-clearfix post-2362 post type-post status-publish format-standard has-post-thumbnail hentry category-noticias\"><div class=\"wpr-grid-item-inner\"><div class=\"wpr-grid-media-wrap wpr-effect-size-medium \" data-overlay-link=\"yes\"><div class=\"wpr-grid-image-wrap\" data-src=\"https:\/\/ojoaosanti.com\/bloghistoria\/wp-content\/uploads\/2025\/01\/DALL\u00b7E-2025-01-23-18.24.png\" data-img-on-hover=\"\"  data-src-secondary=\"\"><img decoding=\"async\" data-no-lazy=\"1\" src=\"https:\/\/ojoaosanti.com\/bloghistoria\/wp-content\/uploads\/2025\/01\/DALL\u00b7E-2025-01-23-18.24.png\" alt=\"Resultado Fuvest 2025: Lista de Aprovados e Vagas\" class=\"wpr-anim-timing-ease-default\"><\/div><div class=\"wpr-grid-media-hover wpr-animation-wrap\"><div class=\"wpr-grid-media-hover-bg  wpr-overlay-fade-in wpr-anim-size-large wpr-anim-timing-ease-default wpr-anim-transparency\" data-url=\"https:\/\/ojoaosanti.com\/bloghistoria\/resultado-fuvest-2025\/\"><\/div><\/div><\/div><div class=\"wpr-grid-item-below-content elementor-clearfix\"><h2 class=\"wpr-grid-item-title elementor-repeater-item-126eb9a wpr-grid-item-display-block wpr-grid-item-align-left wpr-pointer-none wpr-pointer-line-fx wpr-pointer-fx-fade\"><div class=\"inner-block\"><a target=\"_self\"  href=\"https:\/\/ojoaosanti.com\/bloghistoria\/resultado-fuvest-2025\/\">Resultado Fuvest 2025: Lista de Aprovados e Vagas<\/a><\/div><\/h2><div class=\"wpr-grid-item-date elementor-repeater-item-5138742 wpr-grid-item-display-inline wpr-grid-item-align-left\"><div class=\"inner-block\"><span>23\/01\/2025<span class=\"wpr-grid-extra-text-right\">\/<\/span><\/span><\/div><\/div><div class=\"wpr-grid-item-comments elementor-repeater-item-80aa558 wpr-grid-item-display-inline wpr-grid-item-align-left\"><div class=\"inner-block\"><a href=\"https:\/\/ojoaosanti.com\/bloghistoria\/resultado-fuvest-2025\/#respond\"><span>Sem Coment\u00e1rios<\/span><\/a><\/div><\/div><div class=\"wpr-grid-item-excerpt elementor-repeater-item-b71e5ec wpr-grid-item-display-block wpr-grid-item-align-left\"><div class=\"inner-block\"><p>Confira o resultado da Fuvest 2025 e a lista de aprovados no vestibular da USP. Veja detalhes sobre as vagas...<\/p><\/div><\/div><div class=\"wpr-grid-item-read-more elementor-repeater-item-38845a1 wpr-grid-item-display-block wpr-grid-item-align-left\"><div class=\"inner-block\"><a target=\"_self\" href=\"https:\/\/ojoaosanti.com\/bloghistoria\/resultado-fuvest-2025\/\" class=\"wpr-button-effect wpr-button-none\"><span>Ler Mais<\/span><\/a><\/div><\/div><\/div><\/div><\/article><article class=\"wpr-grid-item elementor-clearfix post-2337 post type-post status-publish format-standard has-post-thumbnail hentry category-noticias\"><div class=\"wpr-grid-item-inner\"><div class=\"wpr-grid-media-wrap wpr-effect-size-medium \" data-overlay-link=\"yes\"><div class=\"wpr-grid-image-wrap\" data-src=\"https:\/\/ojoaosanti.com\/bloghistoria\/wp-content\/uploads\/2025\/01\/descobertas-incriveis-moedas-com-rosto-de-imperador-no-egito.jpg\" data-img-on-hover=\"\"  data-src-secondary=\"\"><img decoding=\"async\" data-no-lazy=\"1\" src=\"https:\/\/ojoaosanti.com\/bloghistoria\/wp-content\/uploads\/2025\/01\/descobertas-incriveis-moedas-com-rosto-de-imperador-no-egito.jpg\" alt=\"Descobertas Incr\u00edveis: Moedas com Rosto de Imperador no Egito\" class=\"wpr-anim-timing-ease-default\"><\/div><div class=\"wpr-grid-media-hover wpr-animation-wrap\"><div class=\"wpr-grid-media-hover-bg  wpr-overlay-fade-in wpr-anim-size-large wpr-anim-timing-ease-default wpr-anim-transparency\" data-url=\"https:\/\/ojoaosanti.com\/bloghistoria\/moedas-antigas\/\"><\/div><\/div><\/div><div class=\"wpr-grid-item-below-content elementor-clearfix\"><h2 class=\"wpr-grid-item-title elementor-repeater-item-126eb9a wpr-grid-item-display-block wpr-grid-item-align-left wpr-pointer-none wpr-pointer-line-fx wpr-pointer-fx-fade\"><div class=\"inner-block\"><a target=\"_self\"  href=\"https:\/\/ojoaosanti.com\/bloghistoria\/moedas-antigas\/\">Descobertas Incr\u00edveis: Moedas com Rosto de Imperador no Egito<\/a><\/div><\/h2><div class=\"wpr-grid-item-date elementor-repeater-item-5138742 wpr-grid-item-display-inline wpr-grid-item-align-left\"><div class=\"inner-block\"><span>23\/01\/2025<span class=\"wpr-grid-extra-text-right\">\/<\/span><\/span><\/div><\/div><div class=\"wpr-grid-item-comments elementor-repeater-item-80aa558 wpr-grid-item-display-inline wpr-grid-item-align-left\"><div class=\"inner-block\"><a href=\"https:\/\/ojoaosanti.com\/bloghistoria\/moedas-antigas\/#respond\"><span>Sem Coment\u00e1rios<\/span><\/a><\/div><\/div><div class=\"wpr-grid-item-excerpt elementor-repeater-item-b71e5ec wpr-grid-item-display-block wpr-grid-item-align-left\"><div class=\"inner-block\"><p>Arque\u00f3logos encontram moedas antigas com o rosto de imperador no Egito, revelando segredos da hist\u00f3ria.<\/p><\/div><\/div><div class=\"wpr-grid-item-read-more elementor-repeater-item-38845a1 wpr-grid-item-display-block wpr-grid-item-align-left\"><div class=\"inner-block\"><a target=\"_self\" href=\"https:\/\/ojoaosanti.com\/bloghistoria\/moedas-antigas\/\" class=\"wpr-button-effect wpr-button-none\"><span>Ler Mais<\/span><\/a><\/div><\/div><\/div><\/div><\/article><article class=\"wpr-grid-item elementor-clearfix post-2221 post type-post status-publish format-standard has-post-thumbnail hentry category-noticias category-filmes\"><div class=\"wpr-grid-item-inner\"><div class=\"wpr-grid-media-wrap wpr-effect-size-medium \" data-overlay-link=\"yes\"><div class=\"wpr-grid-image-wrap\" data-src=\"https:\/\/ojoaosanti.com\/bloghistoria\/wp-content\/uploads\/2025\/01\/1736138407677b5ea766068_1736138407_3x2_md-e1736157111469.webp\" data-img-on-hover=\"\"  data-src-secondary=\"\"><img decoding=\"async\" data-no-lazy=\"1\" src=\"https:\/\/ojoaosanti.com\/bloghistoria\/wp-content\/uploads\/2025\/01\/1736138407677b5ea766068_1736138407_3x2_md-e1736157111469.webp\" alt=\"Fernanda Torres - Globo de ouro\" class=\"wpr-anim-timing-ease-default\"><\/div><div class=\"wpr-grid-media-hover wpr-animation-wrap\"><div class=\"wpr-grid-media-hover-bg  wpr-overlay-fade-in wpr-anim-size-large wpr-anim-timing-ease-default wpr-anim-transparency\" data-url=\"https:\/\/ojoaosanti.com\/bloghistoria\/fernanda-torres-globo-de-ouro\/\"><\/div><\/div><\/div><div class=\"wpr-grid-item-below-content elementor-clearfix\"><h2 class=\"wpr-grid-item-title elementor-repeater-item-126eb9a wpr-grid-item-display-block wpr-grid-item-align-left wpr-pointer-none wpr-pointer-line-fx wpr-pointer-fx-fade\"><div class=\"inner-block\"><a target=\"_self\"  href=\"https:\/\/ojoaosanti.com\/bloghistoria\/fernanda-torres-globo-de-ouro\/\">Fernanda Torres Conquista o Globo de Ouro 2025 de Melhor Atriz de Drama: Uma Vit\u00f3ria Merecida<\/a><\/div><\/h2><div class=\"wpr-grid-item-date elementor-repeater-item-5138742 wpr-grid-item-display-inline wpr-grid-item-align-left\"><div class=\"inner-block\"><span>06\/01\/2025<span class=\"wpr-grid-extra-text-right\">\/<\/span><\/span><\/div><\/div><div class=\"wpr-grid-item-comments elementor-repeater-item-80aa558 wpr-grid-item-display-inline wpr-grid-item-align-left\"><div class=\"inner-block\"><a href=\"https:\/\/ojoaosanti.com\/bloghistoria\/fernanda-torres-globo-de-ouro\/#respond\"><span>Sem Coment\u00e1rios<\/span><\/a><\/div><\/div><div class=\"wpr-grid-item-excerpt elementor-repeater-item-b71e5ec wpr-grid-item-display-block wpr-grid-item-align-left\"><div class=\"inner-block\"><p>Em uma noite de grandes emo\u00e7\u00f5es e reconhecimento, Fernanda Torres se destacou ao conquistar o pr\u00eamio de Melhor Atriz de...<\/p><\/div><\/div><div class=\"wpr-grid-item-read-more elementor-repeater-item-38845a1 wpr-grid-item-display-block wpr-grid-item-align-left\"><div class=\"inner-block\"><a target=\"_self\" href=\"https:\/\/ojoaosanti.com\/bloghistoria\/fernanda-torres-globo-de-ouro\/\" class=\"wpr-button-effect wpr-button-none\"><span>Ler Mais<\/span><\/a><\/div><\/div><\/div><\/div><\/article><article class=\"wpr-grid-item elementor-clearfix post-2036 post type-post status-publish format-standard hentry category-noticias category-historia-agrafa-pre-historia\"><div class=\"wpr-grid-item-inner\"><div class=\"wpr-grid-item-below-content elementor-clearfix\"><h2 class=\"wpr-grid-item-title elementor-repeater-item-126eb9a wpr-grid-item-display-block wpr-grid-item-align-left wpr-pointer-none wpr-pointer-line-fx wpr-pointer-fx-fade\"><div class=\"inner-block\"><a target=\"_self\"  href=\"https:\/\/ojoaosanti.com\/bloghistoria\/arte-rupestre-amazonia\/\">Arte Rupestre: Arque\u00f3logos Revelam Segredos na Amaz\u00f4nia<\/a><\/div><\/h2><div class=\"wpr-grid-item-date elementor-repeater-item-5138742 wpr-grid-item-display-inline wpr-grid-item-align-left\"><div class=\"inner-block\"><span>29\/12\/2024<span class=\"wpr-grid-extra-text-right\">\/<\/span><\/span><\/div><\/div><div class=\"wpr-grid-item-comments elementor-repeater-item-80aa558 wpr-grid-item-display-inline wpr-grid-item-align-left\"><div class=\"inner-block\"><a href=\"https:\/\/ojoaosanti.com\/bloghistoria\/arte-rupestre-amazonia\/#respond\"><span>Sem Coment\u00e1rios<\/span><\/a><\/div><\/div><div class=\"wpr-grid-item-excerpt elementor-repeater-item-b71e5ec wpr-grid-item-display-block wpr-grid-item-align-left\"><div class=\"inner-block\"><p>Descubra como arque\u00f3logos decifraram a arte rupestre na Amaz\u00f4nia e o que isso revela sobre a cultura ind\u00edgena.<\/p><\/div><\/div><div class=\"wpr-grid-item-read-more elementor-repeater-item-38845a1 wpr-grid-item-display-block wpr-grid-item-align-left\"><div class=\"inner-block\"><a target=\"_self\" href=\"https:\/\/ojoaosanti.com\/bloghistoria\/arte-rupestre-amazonia\/\" class=\"wpr-button-effect wpr-button-none\"><span>Ler Mais<\/span><\/a><\/div><\/div><\/div><\/div><\/article><article class=\"wpr-grid-item elementor-clearfix post-2034 post type-post status-publish format-standard hentry category-noticias category-atualidades\"><div class=\"wpr-grid-item-inner\"><div class=\"wpr-grid-item-below-content elementor-clearfix\"><h2 class=\"wpr-grid-item-title elementor-repeater-item-126eb9a wpr-grid-item-display-block wpr-grid-item-align-left wpr-pointer-none wpr-pointer-line-fx wpr-pointer-fx-fade\"><div class=\"inner-block\"><a target=\"_self\"  href=\"https:\/\/ojoaosanti.com\/bloghistoria\/russia-vazamento-de-petroleo\/\">R\u00fassia: Emerg\u00eancia Federal Ap\u00f3s Vazamento de \u00d3leo no Mar Negro<\/a><\/div><\/h2><div class=\"wpr-grid-item-date elementor-repeater-item-5138742 wpr-grid-item-display-inline wpr-grid-item-align-left\"><div class=\"inner-block\"><span>29\/12\/2024<span class=\"wpr-grid-extra-text-right\">\/<\/span><\/span><\/div><\/div><div class=\"wpr-grid-item-comments elementor-repeater-item-80aa558 wpr-grid-item-display-inline wpr-grid-item-align-left\"><div class=\"inner-block\"><a href=\"https:\/\/ojoaosanti.com\/bloghistoria\/russia-vazamento-de-petroleo\/#respond\"><span>Sem Coment\u00e1rios<\/span><\/a><\/div><\/div><div class=\"wpr-grid-item-excerpt elementor-repeater-item-b71e5ec wpr-grid-item-display-block wpr-grid-item-align-left\"><div class=\"inner-block\"><p>A R\u00fassia declarou emerg\u00eancia federal devido a um vazamento de \u00f3leo no Mar Negro, afetando a vida selvagem e as...<\/p><\/div><\/div><div class=\"wpr-grid-item-read-more elementor-repeater-item-38845a1 wpr-grid-item-display-block wpr-grid-item-align-left\"><div class=\"inner-block\"><a target=\"_self\" href=\"https:\/\/ojoaosanti.com\/bloghistoria\/russia-vazamento-de-petroleo\/\" class=\"wpr-button-effect wpr-button-none\"><span>Ler Mais<\/span><\/a><\/div><\/div><\/div><\/div><\/article><article class=\"wpr-grid-item elementor-clearfix post-2027 post type-post status-publish format-standard hentry category-noticias category-arqueologia\"><div class=\"wpr-grid-item-inner\"><div class=\"wpr-grid-item-below-content elementor-clearfix\"><h2 class=\"wpr-grid-item-title elementor-repeater-item-126eb9a wpr-grid-item-display-block wpr-grid-item-align-left wpr-pointer-none wpr-pointer-line-fx wpr-pointer-fx-fade\"><div class=\"inner-block\"><a target=\"_self\"  href=\"https:\/\/ojoaosanti.com\/bloghistoria\/ladroes-de-artefatos-egipcios\/\">Ladr\u00f5es s\u00e3o presos ap\u00f3s roubo de 448 artefatos no Egito<\/a><\/div><\/h2><div class=\"wpr-grid-item-date elementor-repeater-item-5138742 wpr-grid-item-display-inline wpr-grid-item-align-left\"><div class=\"inner-block\"><span>29\/12\/2024<span class=\"wpr-grid-extra-text-right\">\/<\/span><\/span><\/div><\/div><div class=\"wpr-grid-item-comments elementor-repeater-item-80aa558 wpr-grid-item-display-inline wpr-grid-item-align-left\"><div class=\"inner-block\"><a href=\"https:\/\/ojoaosanti.com\/bloghistoria\/ladroes-de-artefatos-egipcios\/#respond\"><span>Sem Coment\u00e1rios<\/span><\/a><\/div><\/div><div class=\"wpr-grid-item-excerpt elementor-repeater-item-b71e5ec wpr-grid-item-display-block wpr-grid-item-align-left\"><div class=\"inner-block\"><p>Ladr\u00f5es foram presos ap\u00f3s roubar 448 artefatos do fundo do mar no Egito, incluindo moedas e est\u00e1tuas valiosas.<\/p><\/div><\/div><div class=\"wpr-grid-item-read-more elementor-repeater-item-38845a1 wpr-grid-item-display-block wpr-grid-item-align-left\"><div class=\"inner-block\"><a target=\"_self\" href=\"https:\/\/ojoaosanti.com\/bloghistoria\/ladroes-de-artefatos-egipcios\/\" class=\"wpr-button-effect wpr-button-none\"><span>Ler Mais<\/span><\/a><\/div><\/div><\/div><\/div><\/article><\/section><div class=\"wpr-grid-pagination elementor-clearfix wpr-grid-pagination-load-more\" data-pages=\"2\"><a href=\"https:\/\/ojoaosanti.com\/bloghistoria\/wp-json\/wp\/v2\/pages\/976\/page\/2\/\" class=\"wpr-load-more-btn\" data-e-disable-page-transition >Carregar Mais<\/a><div class=\"wpr-pagination-loading\"><div class=\"wpr-double-bounce\"><div class=\"wpr-child wpr-double-bounce1\"><\/div><div class=\"wpr-child wpr-double-bounce2\"><\/div><\/div><\/div><p class=\"wpr-pagination-finish\">End of Content.<\/p><\/div>\t\t\t\t<\/div>\n\t\t\t\t<\/div>\n\t\t\t\t\t<\/div>\n\t\t\t\t<\/div>\n\t\t\t\t<\/div>\n\t\t","protected":false},"excerpt":{"rendered":"<p>All Posts Noticias Professora de Hist\u00f3ria desenvolve jogos sobre feministas brasileiras para uso em sala de aula dezembro 16, 2024\/Sem Coment\u00e1rios Lorem Ipsum &#8220;Neque porro quisquam est qui dolorem ipsum quia dolor sit amet, consectetur, adipisci velit&#8230;&#8221; &#8220;There is no one&hellip; Ler Mais<\/p>\n","protected":false},"author":9,"featured_media":0,"parent":0,"menu_order":0,"comment_status":"closed","ping_status":"closed","template":"elementor_canvas","meta":{"footnotes":""},"class_list":["post-976","page","type-page","status-publish","hentry"],"_links":{"self":[{"href":"https:\/\/ojoaosanti.com\/bloghistoria\/wp-json\/wp\/v2\/pages\/976","targetHints":{"allow":["GET"]}}],"collection":[{"href":"https:\/\/ojoaosanti.com\/bloghistoria\/wp-json\/wp\/v2\/pages"}],"about":[{"href":"https:\/\/ojoaosanti.com\/bloghistoria\/wp-json\/wp\/v2\/types\/page"}],"author":[{"embeddable":true,"href":"https:\/\/ojoaosanti.com\/bloghistoria\/wp-json\/wp\/v2\/users\/9"}],"replies":[{"embeddable":true,"href":"https:\/\/ojoaosanti.com\/bloghistoria\/wp-json\/wp\/v2\/comments?post=976"}],"version-history":[{"count":0,"href":"https:\/\/ojoaosanti.com\/bloghistoria\/wp-json\/wp\/v2\/pages\/976\/revisions"}],"wp:attachment":[{"href":"https:\/\/ojoaosanti.com\/bloghistoria\/wp-json\/wp\/v2\/media?parent=976"}],"curies":[{"name":"wp","href":"https:\/\/api.w.org\/{rel}","templated":true}]}}