{"id":974,"date":"2024-12-16T04:34:57","date_gmt":"2024-12-16T04:34:57","guid":{"rendered":"https:\/\/ojoaosanti.com\/bloghistoria\/?page_id=974"},"modified":"2024-12-18T13:08:48","modified_gmt":"2024-12-18T13:08:48","slug":"artigos","status":"publish","type":"page","link":"https:\/\/ojoaosanti.com\/bloghistoria\/artigos\/","title":{"rendered":"Artigos"},"content":{"rendered":"\t\t<div data-elementor-type=\"wp-page\" data-elementor-id=\"974\" class=\"elementor elementor-974\" data-elementor-post-type=\"page\">\n\t\t\t\t<div class=\"elementor-element elementor-element-f5c1995 e-flex e-con-boxed wpr-particle-no wpr-jarallax-no wpr-parallax-no wpr-sticky-section-no wpr-equal-height-no e-con e-parent\" data-id=\"f5c1995\" data-element_type=\"container\" data-e-type=\"container\">\n\t\t\t\t\t<div class=\"e-con-inner\">\n\t\t\t\t<div class=\"elementor-element elementor-element-56fc1a2 wpr-grid-columns-3 wpr-grid-columns--laptop3 wpr-grid-columns--tablet2 wpr-grid-columns--mobile1 wpr-grid-pagination-center wpr-item-styles-inner elementor-widget elementor-widget-wpr-grid\" data-id=\"56fc1a2\" data-element_type=\"widget\" data-e-type=\"widget\" data-widget_type=\"wpr-grid.default\">\n\t\t\t\t<div class=\"elementor-widget-container\">\n\t\t\t\t\t<ul class=\"wpr-grid-filters elementor-clearfix wpr-grid-filters-sep-right\"><li class=\" wpr-pointer-none wpr-pointer-line-fx wpr-pointer-fx-none\"><span  data-filter=\"*\" class=\"wpr-grid-filters-item wpr-active-filter \">All Posts<\/span><em class=\"wpr-grid-filters-sep\"><\/em><\/li><li class=\" wpr-pointer-none wpr-pointer-line-fx wpr-pointer-fx-none\"><span   data-ajax-filter=[\"category\",\"artigos\"]  data-filter=\".category-artigos\">Artigos<\/span><em class=\"wpr-grid-filters-sep\"><\/em><\/li><\/ul><section class=\"wpr-grid elementor-clearfix\" data-settings=\"{&quot;layout&quot;:&quot;fitRows&quot;,&quot;stick_last_element_to_bottom&quot;:&quot;&quot;,&quot;columns_desktop&quot;:3,&quot;gutter_hr&quot;:15,&quot;gutter_hr_mobile&quot;:15,&quot;gutter_hr_mobile_extra&quot;:15,&quot;gutter_hr_tablet&quot;:15,&quot;gutter_hr_tablet_extra&quot;:15,&quot;gutter_hr_laptop&quot;:15,&quot;gutter_hr_widescreen&quot;:15,&quot;gutter_vr&quot;:15,&quot;gutter_vr_mobile&quot;:15,&quot;gutter_vr_mobile_extra&quot;:15,&quot;gutter_vr_tablet&quot;:15,&quot;gutter_vr_tablet_extra&quot;:15,&quot;gutter_vr_laptop&quot;:15,&quot;gutter_vr_widescreen&quot;:15,&quot;animation&quot;:&quot;default&quot;,&quot;animation_duration&quot;:0.3,&quot;animation_delay&quot;:0.1,&quot;deeplinking&quot;:&quot;&quot;,&quot;filters_linkable&quot;:&quot;no&quot;,&quot;filters_default_filter&quot;:&quot;&quot;,&quot;filters_count&quot;:&quot;&quot;,&quot;filters_hide_empty&quot;:&quot;no&quot;,&quot;filters_animation&quot;:&quot;default&quot;,&quot;filters_animation_duration&quot;:0.3,&quot;filters_animation_delay&quot;:0.1,&quot;pagination_type&quot;:&quot;load-more&quot;,&quot;pagination_max_pages&quot;:1,&quot;lightbox&quot;:{&quot;selector&quot;:&quot;.wpr-grid-image-wrap&quot;,&quot;iframeMaxWidth&quot;:&quot;60%&quot;,&quot;hash&quot;:false,&quot;autoplay&quot;:&quot;true&quot;,&quot;pause&quot;:5000,&quot;progressBar&quot;:&quot;true&quot;,&quot;counter&quot;:&quot;true&quot;,&quot;controls&quot;:&quot;true&quot;,&quot;getCaptionFromTitleOrAlt&quot;:&quot;true&quot;,&quot;thumbnail&quot;:&quot;&quot;,&quot;showThumbByDefault&quot;:&quot;&quot;,&quot;share&quot;:&quot;&quot;,&quot;zoom&quot;:&quot;true&quot;,&quot;fullScreen&quot;:&quot;true&quot;,&quot;download&quot;:&quot;true&quot;}}\" data-advanced-filters=\"no\"><article class=\"wpr-grid-item elementor-clearfix post-2417 post type-post status-publish format-standard has-post-thumbnail hentry category-artigos category-historia-da-asia\"><div class=\"wpr-grid-item-inner\"><div class=\"wpr-grid-media-wrap wpr-effect-size-medium \" data-overlay-link=\"yes\"><div class=\"wpr-grid-image-wrap\" data-src=\"https:\/\/ojoaosanti.com\/bloghistoria\/wp-content\/uploads\/2025\/01\/DALL\u00b7E-2025-01-29-11.15.28-A-photographic-image-depicting-a-celebration-of-the-Chinese-New-Year-focusing-on-the-Year-of-the-Snake.-The-subject-is-a-vibrant-and-elegant-serpen.webp\" data-img-on-hover=\"\"  data-src-secondary=\"\"><img decoding=\"async\" data-no-lazy=\"1\" src=\"https:\/\/ojoaosanti.com\/bloghistoria\/wp-content\/uploads\/2025\/01\/DALL\u00b7E-2025-01-29-11.15.28-A-photographic-image-depicting-a-celebration-of-the-Chinese-New-Year-focusing-on-the-Year-of-the-Snake.-The-subject-is-a-vibrant-and-elegant-serpen.webp\" alt=\"Ano Novo Chin\u00eas\" class=\"wpr-anim-timing-ease-default\"><\/div><div class=\"wpr-grid-media-hover wpr-animation-wrap\"><div class=\"wpr-grid-media-hover-bg  wpr-overlay-fade-in wpr-anim-size-large wpr-anim-timing-ease-default wpr-anim-transparency\" data-url=\"https:\/\/ojoaosanti.com\/bloghistoria\/ano-novo-chines\/\"><\/div><\/div><\/div><div class=\"wpr-grid-item-below-content elementor-clearfix\"><h2 class=\"wpr-grid-item-title elementor-repeater-item-126eb9a wpr-grid-item-display-block wpr-grid-item-align-left wpr-pointer-none wpr-pointer-line-fx wpr-pointer-fx-fade\"><div class=\"inner-block\"><a target=\"_self\" href=\"https:\/\/ojoaosanti.com\/bloghistoria\/ano-novo-chines\/\">Descubra o Fascinante Ano Novo Chin\u00eas: Tradi\u00e7\u00f5es, Simbolismos e o Impacto Global da Celebra\u00e7\u00e3o Lunar<\/a><\/div><\/h2><div class=\"wpr-grid-item-date elementor-repeater-item-5138742 wpr-grid-item-display-inline wpr-grid-item-align-left\"><div class=\"inner-block\"><span>29\/01\/2025<span class=\"wpr-grid-extra-text-right\">\/<\/span><\/span><\/div><\/div><div class=\"wpr-grid-item-comments elementor-repeater-item-80aa558 wpr-grid-item-display-inline wpr-grid-item-align-left\"><div class=\"inner-block\"><a href=\"https:\/\/ojoaosanti.com\/bloghistoria\/ano-novo-chines\/#respond\"><span>Sem Coment\u00e1rios<\/span><\/a><\/div><\/div><div class=\"wpr-grid-item-excerpt elementor-repeater-item-b71e5ec wpr-grid-item-display-block wpr-grid-item-align-left\"><div class=\"inner-block\"><p>O Ano Novo Lunar, mais conhecido como Ano Novo Chin\u00eas, \u00e9 uma das celebra\u00e7\u00f5es mais importantes e aguardadas em v\u00e1rias...<\/p><\/div><\/div><div class=\"wpr-grid-item-read-more elementor-repeater-item-38845a1 wpr-grid-item-display-block wpr-grid-item-align-left\"><div class=\"inner-block\"><a target=\"_self\" href=\"https:\/\/ojoaosanti.com\/bloghistoria\/ano-novo-chines\/\" class=\"wpr-button-effect wpr-button-none\"><span>Ler Mais<\/span><\/a><\/div><\/div><\/div><\/div><\/article><article class=\"wpr-grid-item elementor-clearfix post-2396 post type-post status-publish format-standard has-post-thumbnail hentry category-artigos category-educacao\"><div class=\"wpr-grid-item-inner\"><div class=\"wpr-grid-media-wrap wpr-effect-size-medium \" data-overlay-link=\"yes\"><div class=\"wpr-grid-image-wrap\" data-src=\"https:\/\/ojoaosanti.com\/bloghistoria\/wp-content\/uploads\/2025\/01\/Dia-da-educacao.png\" data-img-on-hover=\"\"  data-src-secondary=\"\"><img decoding=\"async\" data-no-lazy=\"1\" src=\"https:\/\/ojoaosanti.com\/bloghistoria\/wp-content\/uploads\/2025\/01\/Dia-da-educacao.png\" alt=\"Educa\u00e7\u00e3o\" class=\"wpr-anim-timing-ease-default\"><\/div><div class=\"wpr-grid-media-hover wpr-animation-wrap\"><div class=\"wpr-grid-media-hover-bg  wpr-overlay-fade-in wpr-anim-size-large wpr-anim-timing-ease-default wpr-anim-transparency\" data-url=\"https:\/\/ojoaosanti.com\/bloghistoria\/dia-da-educacao\/\"><\/div><\/div><\/div><div class=\"wpr-grid-item-below-content elementor-clearfix\"><h2 class=\"wpr-grid-item-title elementor-repeater-item-126eb9a wpr-grid-item-display-block wpr-grid-item-align-left wpr-pointer-none wpr-pointer-line-fx wpr-pointer-fx-fade\"><div class=\"inner-block\"><a target=\"_self\" href=\"https:\/\/ojoaosanti.com\/bloghistoria\/dia-da-educacao\/\">Educa\u00e7\u00e3o e Sustentabilidade: Como o Dia Internacional da Educa\u00e7\u00e3o Promove Mudan\u00e7as Sociais e Ambientais<\/a><\/div><\/h2><div class=\"wpr-grid-item-date elementor-repeater-item-5138742 wpr-grid-item-display-inline wpr-grid-item-align-left\"><div class=\"inner-block\"><span>24\/01\/2025<span class=\"wpr-grid-extra-text-right\">\/<\/span><\/span><\/div><\/div><div class=\"wpr-grid-item-comments elementor-repeater-item-80aa558 wpr-grid-item-display-inline wpr-grid-item-align-left\"><div class=\"inner-block\"><a href=\"https:\/\/ojoaosanti.com\/bloghistoria\/dia-da-educacao\/#respond\"><span>Sem Coment\u00e1rios<\/span><\/a><\/div><\/div><div class=\"wpr-grid-item-excerpt elementor-repeater-item-b71e5ec wpr-grid-item-display-block wpr-grid-item-align-left\"><div class=\"inner-block\"><p>O Dia Internacional da Educa\u00e7\u00e3o, celebrado anualmente em 24 de janeiro, \u00e9 um marco que nos incentiva a refletir sobre...<\/p><\/div><\/div><div class=\"wpr-grid-item-read-more elementor-repeater-item-38845a1 wpr-grid-item-display-block wpr-grid-item-align-left\"><div class=\"inner-block\"><a target=\"_self\" href=\"https:\/\/ojoaosanti.com\/bloghistoria\/dia-da-educacao\/\" class=\"wpr-button-effect wpr-button-none\"><span>Ler Mais<\/span><\/a><\/div><\/div><\/div><\/div><\/article><article class=\"wpr-grid-item elementor-clearfix post-2369 post type-post status-publish format-standard has-post-thumbnail hentry category-assinante-premium category-artigos\"><div class=\"wpr-grid-item-inner\"><div class=\"wpr-grid-media-wrap wpr-effect-size-medium \" data-overlay-link=\"yes\"><div class=\"wpr-grid-image-wrap\" data-src=\"https:\/\/ojoaosanti.com\/bloghistoria\/wp-content\/uploads\/2025\/01\/A-Fundacao-do-Rio-de-Janeiro-Conheca-os-Eventos-e-Personagens-que-Moldaram-a-Cidade-e1737663173883.png\" data-img-on-hover=\"\"  data-src-secondary=\"\"><img decoding=\"async\" data-no-lazy=\"1\" src=\"https:\/\/ojoaosanti.com\/bloghistoria\/wp-content\/uploads\/2025\/01\/A-Fundacao-do-Rio-de-Janeiro-Conheca-os-Eventos-e-Personagens-que-Moldaram-a-Cidade-e1737663173883.png\" alt=\"Rio de Janeiro: Conhe\u00e7a os Eventos e Personagens que Moldaram a Cidade\" class=\"wpr-anim-timing-ease-default\"><\/div><div class=\"wpr-grid-media-hover wpr-animation-wrap\"><div class=\"wpr-grid-media-hover-bg  wpr-overlay-fade-in wpr-anim-size-large wpr-anim-timing-ease-default wpr-anim-transparency\" data-url=\"https:\/\/ojoaosanti.com\/bloghistoria\/personagens-rio-de-janeiro\/\"><\/div><\/div><\/div><div class=\"wpr-grid-item-below-content elementor-clearfix\"><h2 class=\"wpr-grid-item-title elementor-repeater-item-126eb9a wpr-grid-item-display-block wpr-grid-item-align-left wpr-pointer-none wpr-pointer-line-fx wpr-pointer-fx-fade\"><div class=\"inner-block\"><a target=\"_self\" href=\"https:\/\/ojoaosanti.com\/bloghistoria\/personagens-rio-de-janeiro\/\">Rio de Janeiro: Conhe\u00e7a os Eventos e Personagens que Moldaram a Cidade<\/a><\/div><\/h2><div class=\"wpr-grid-item-date elementor-repeater-item-5138742 wpr-grid-item-display-inline wpr-grid-item-align-left\"><div class=\"inner-block\"><span>23\/01\/2025<span class=\"wpr-grid-extra-text-right\">\/<\/span><\/span><\/div><\/div><div class=\"wpr-grid-item-comments elementor-repeater-item-80aa558 wpr-grid-item-display-inline wpr-grid-item-align-left\"><div class=\"inner-block\"><a href=\"https:\/\/ojoaosanti.com\/bloghistoria\/personagens-rio-de-janeiro\/#respond\"><span>Sem Coment\u00e1rios<\/span><\/a><\/div><\/div><div class=\"wpr-grid-item-excerpt elementor-repeater-item-b71e5ec wpr-grid-item-display-block wpr-grid-item-align-left\"><div class=\"inner-block\"><p>A hist\u00f3ria do Rio de Janeiro \u00e9 uma tape\u00e7aria rica e vibrante, entrela\u00e7ada por eventos significativos e personagens influentes que...<\/p><\/div><\/div><div class=\"wpr-grid-item-read-more elementor-repeater-item-38845a1 wpr-grid-item-display-block wpr-grid-item-align-left\"><div class=\"inner-block\"><a target=\"_self\" href=\"https:\/\/ojoaosanti.com\/bloghistoria\/personagens-rio-de-janeiro\/\" class=\"wpr-button-effect wpr-button-none\"><span>Ler Mais<\/span><\/a><\/div><\/div><\/div><\/div><\/article><article class=\"wpr-grid-item elementor-clearfix post-2364 post type-post status-publish format-standard has-post-thumbnail hentry category-artigos category-historia-do-brasil\"><div class=\"wpr-grid-item-inner\"><div class=\"wpr-grid-media-wrap wpr-effect-size-medium \" data-overlay-link=\"yes\"><div class=\"wpr-grid-image-wrap\" data-src=\"https:\/\/ojoaosanti.com\/bloghistoria\/wp-content\/uploads\/2025\/01\/Fundacao-do-Rio-de-Janeiro-Narrativas-da-Invasao-Francesa-e-o-Surgimento-de-um-Centro-Urbano-Vibrante-e1737661086350.png\" data-img-on-hover=\"\"  data-src-secondary=\"\"><img decoding=\"async\" data-no-lazy=\"1\" src=\"https:\/\/ojoaosanti.com\/bloghistoria\/wp-content\/uploads\/2025\/01\/Fundacao-do-Rio-de-Janeiro-Narrativas-da-Invasao-Francesa-e-o-Surgimento-de-um-Centro-Urbano-Vibrante-e1737661086350.png\" alt=\"Funda\u00e7\u00e3o do Rio de Janeiro\" class=\"wpr-anim-timing-ease-default\"><\/div><div class=\"wpr-grid-media-hover wpr-animation-wrap\"><div class=\"wpr-grid-media-hover-bg  wpr-overlay-fade-in wpr-anim-size-large wpr-anim-timing-ease-default wpr-anim-transparency\" data-url=\"https:\/\/ojoaosanti.com\/bloghistoria\/fundacao-do-rio-de-janeiro\/\"><\/div><\/div><\/div><div class=\"wpr-grid-item-below-content elementor-clearfix\"><h2 class=\"wpr-grid-item-title elementor-repeater-item-126eb9a wpr-grid-item-display-block wpr-grid-item-align-left wpr-pointer-none wpr-pointer-line-fx wpr-pointer-fx-fade\"><div class=\"inner-block\"><a target=\"_self\" href=\"https:\/\/ojoaosanti.com\/bloghistoria\/fundacao-do-rio-de-janeiro\/\">Funda\u00e7\u00e3o do Rio de Janeiro: Narrativas da Invas\u00e3o Francesa e o Surgimento de um Centro Urbano Vibrante<\/a><\/div><\/h2><div class=\"wpr-grid-item-date elementor-repeater-item-5138742 wpr-grid-item-display-inline wpr-grid-item-align-left\"><div class=\"inner-block\"><span>23\/01\/2025<span class=\"wpr-grid-extra-text-right\">\/<\/span><\/span><\/div><\/div><div class=\"wpr-grid-item-comments elementor-repeater-item-80aa558 wpr-grid-item-display-inline wpr-grid-item-align-left\"><div class=\"inner-block\"><a href=\"https:\/\/ojoaosanti.com\/bloghistoria\/fundacao-do-rio-de-janeiro\/#respond\"><span>Sem Coment\u00e1rios<\/span><\/a><\/div><\/div><div class=\"wpr-grid-item-excerpt elementor-repeater-item-b71e5ec wpr-grid-item-display-block wpr-grid-item-align-left\"><div class=\"inner-block\"><p>A hist\u00f3ria do Rio de Janeiro \u00e9 marcada por eventos significativos que moldaram n\u00e3o apenas a cidade, mas tamb\u00e9m a...<\/p><\/div><\/div><div class=\"wpr-grid-item-read-more elementor-repeater-item-38845a1 wpr-grid-item-display-block wpr-grid-item-align-left\"><div class=\"inner-block\"><a target=\"_self\" href=\"https:\/\/ojoaosanti.com\/bloghistoria\/fundacao-do-rio-de-janeiro\/\" class=\"wpr-button-effect wpr-button-none\"><span>Ler Mais<\/span><\/a><\/div><\/div><\/div><\/div><\/article><article class=\"wpr-grid-item elementor-clearfix post-2210 post type-post status-publish format-standard hentry category-blog category-artigos category-series-e-filmes\"><div class=\"wpr-grid-item-inner\"><div class=\"wpr-grid-item-below-content elementor-clearfix\"><h2 class=\"wpr-grid-item-title elementor-repeater-item-126eb9a wpr-grid-item-display-block wpr-grid-item-align-left wpr-pointer-none wpr-pointer-line-fx wpr-pointer-fx-fade\"><div class=\"inner-block\"><a target=\"_self\" href=\"https:\/\/ojoaosanti.com\/bloghistoria\/globo-de-ouro-polemicas\/\">Globo de Ouro e Suas Pol\u00eamicas: Uma An\u00e1lise das Controv\u00e9rsias ao Longo dos Anos<\/a><\/div><\/h2><div class=\"wpr-grid-item-date elementor-repeater-item-5138742 wpr-grid-item-display-inline wpr-grid-item-align-left\"><div class=\"inner-block\"><span>06\/01\/2025<span class=\"wpr-grid-extra-text-right\">\/<\/span><\/span><\/div><\/div><div class=\"wpr-grid-item-comments elementor-repeater-item-80aa558 wpr-grid-item-display-inline wpr-grid-item-align-left\"><div class=\"inner-block\"><a href=\"https:\/\/ojoaosanti.com\/bloghistoria\/globo-de-ouro-polemicas\/#respond\"><span>Sem Coment\u00e1rios<\/span><\/a><\/div><\/div><div class=\"wpr-grid-item-excerpt elementor-repeater-item-b71e5ec wpr-grid-item-display-block wpr-grid-item-align-left\"><div class=\"inner-block\"><p>O Globo de Ouro, uma das cerim\u00f4nias de premia\u00e7\u00e3o mais prestigiadas do mundo do entretenimento, sempre foi um palco n\u00e3o...<\/p><\/div><\/div><div class=\"wpr-grid-item-read-more elementor-repeater-item-38845a1 wpr-grid-item-display-block wpr-grid-item-align-left\"><div class=\"inner-block\"><a target=\"_self\" href=\"https:\/\/ojoaosanti.com\/bloghistoria\/globo-de-ouro-polemicas\/\" class=\"wpr-button-effect wpr-button-none\"><span>Ler Mais<\/span><\/a><\/div><\/div><\/div><\/div><\/article><article class=\"wpr-grid-item elementor-clearfix post-2208 post type-post status-publish format-standard has-post-thumbnail hentry category-artigos category-series-e-filmes\"><div class=\"wpr-grid-item-inner\"><div class=\"wpr-grid-media-wrap wpr-effect-size-medium \" data-overlay-link=\"yes\"><div class=\"wpr-grid-image-wrap\" data-src=\"https:\/\/ojoaosanti.com\/bloghistoria\/wp-content\/uploads\/2025\/01\/DALL\u00b7E-2025-01-06-07.12.45-An-elegant-and-glamorous-scene-from-the-Golden-Globe-Awards-ceremony-showcasing-a-lavish-red-carpet-event.-Celebrities-in-stunning-evening-gowns-and--e1736158400766.webp\" data-img-on-hover=\"\"  data-src-secondary=\"\"><img decoding=\"async\" data-no-lazy=\"1\" src=\"https:\/\/ojoaosanti.com\/bloghistoria\/wp-content\/uploads\/2025\/01\/DALL\u00b7E-2025-01-06-07.12.45-An-elegant-and-glamorous-scene-from-the-Golden-Globe-Awards-ceremony-showcasing-a-lavish-red-carpet-event.-Celebrities-in-stunning-evening-gowns-and--e1736158400766.webp\" alt=\"Globo de ouro - Vencedores\" class=\"wpr-anim-timing-ease-default\"><\/div><div class=\"wpr-grid-media-hover wpr-animation-wrap\"><div class=\"wpr-grid-media-hover-bg  wpr-overlay-fade-in wpr-anim-size-large wpr-anim-timing-ease-default wpr-anim-transparency\" data-url=\"https:\/\/ojoaosanti.com\/bloghistoria\/vencedores-globo-de-ouro\/\"><\/div><\/div><\/div><div class=\"wpr-grid-item-below-content elementor-clearfix\"><h2 class=\"wpr-grid-item-title elementor-repeater-item-126eb9a wpr-grid-item-display-block wpr-grid-item-align-left wpr-pointer-none wpr-pointer-line-fx wpr-pointer-fx-fade\"><div class=\"inner-block\"><a target=\"_self\" href=\"https:\/\/ojoaosanti.com\/bloghistoria\/vencedores-globo-de-ouro\/\">Os Vencedores Que Fizeram Hist\u00f3ria: Como o Globo de Ouro Define Carreiras e Tend\u00eancias<\/a><\/div><\/h2><div class=\"wpr-grid-item-date elementor-repeater-item-5138742 wpr-grid-item-display-inline wpr-grid-item-align-left\"><div class=\"inner-block\"><span>06\/01\/2025<span class=\"wpr-grid-extra-text-right\">\/<\/span><\/span><\/div><\/div><div class=\"wpr-grid-item-comments elementor-repeater-item-80aa558 wpr-grid-item-display-inline wpr-grid-item-align-left\"><div class=\"inner-block\"><a href=\"https:\/\/ojoaosanti.com\/bloghistoria\/vencedores-globo-de-ouro\/#respond\"><span>Sem Coment\u00e1rios<\/span><\/a><\/div><\/div><div class=\"wpr-grid-item-excerpt elementor-repeater-item-b71e5ec wpr-grid-item-display-block wpr-grid-item-align-left\"><div class=\"inner-block\"><p>O Globo de Ouro \u00e9 mais do que uma simples premia\u00e7\u00e3o; \u00e9 um marco que influencia a trajet\u00f3ria de muitos...<\/p><\/div><\/div><div class=\"wpr-grid-item-read-more elementor-repeater-item-38845a1 wpr-grid-item-display-block wpr-grid-item-align-left\"><div class=\"inner-block\"><a target=\"_self\" href=\"https:\/\/ojoaosanti.com\/bloghistoria\/vencedores-globo-de-ouro\/\" class=\"wpr-button-effect wpr-button-none\"><span>Ler Mais<\/span><\/a><\/div><\/div><\/div><\/div><\/article><article class=\"wpr-grid-item elementor-clearfix post-2214 post type-post status-publish format-standard has-post-thumbnail hentry category-blog category-artigos category-filmes category-historia-do-brasil\"><div class=\"wpr-grid-item-inner\"><div class=\"wpr-grid-media-wrap wpr-effect-size-medium \" data-overlay-link=\"yes\"><div class=\"wpr-grid-image-wrap\" data-src=\"https:\/\/ojoaosanti.com\/bloghistoria\/wp-content\/uploads\/2025\/01\/2b65309dbdc883b5b3f21686b160eb8e-e1736156569657.webp\" data-img-on-hover=\"\"  data-src-secondary=\"\"><img decoding=\"async\" data-no-lazy=\"1\" src=\"https:\/\/ojoaosanti.com\/bloghistoria\/wp-content\/uploads\/2025\/01\/2b65309dbdc883b5b3f21686b160eb8e-e1736156569657.webp\" alt=\"Ainda estou aqui - Fernanda Torres\" class=\"wpr-anim-timing-ease-default\"><\/div><div class=\"wpr-grid-media-hover wpr-animation-wrap\"><div class=\"wpr-grid-media-hover-bg  wpr-overlay-fade-in wpr-anim-size-large wpr-anim-timing-ease-default wpr-anim-transparency\" data-url=\"https:\/\/ojoaosanti.com\/bloghistoria\/ainda-estou-aqui\/\"><\/div><\/div><\/div><div class=\"wpr-grid-item-below-content elementor-clearfix\"><h2 class=\"wpr-grid-item-title elementor-repeater-item-126eb9a wpr-grid-item-display-block wpr-grid-item-align-left wpr-pointer-none wpr-pointer-line-fx wpr-pointer-fx-fade\"><div class=\"inner-block\"><a target=\"_self\" href=\"https:\/\/ojoaosanti.com\/bloghistoria\/ainda-estou-aqui\/\">Ainda Estou Aqui: Reflex\u00f5es sobre a Ditadura Militar no Brasil<\/a><\/div><\/h2><div class=\"wpr-grid-item-date elementor-repeater-item-5138742 wpr-grid-item-display-inline wpr-grid-item-align-left\"><div class=\"inner-block\"><span>06\/01\/2025<span class=\"wpr-grid-extra-text-right\">\/<\/span><\/span><\/div><\/div><div class=\"wpr-grid-item-comments elementor-repeater-item-80aa558 wpr-grid-item-display-inline wpr-grid-item-align-left\"><div class=\"inner-block\"><a href=\"https:\/\/ojoaosanti.com\/bloghistoria\/ainda-estou-aqui\/#respond\"><span>Sem Coment\u00e1rios<\/span><\/a><\/div><\/div><div class=\"wpr-grid-item-excerpt elementor-repeater-item-b71e5ec wpr-grid-item-display-block wpr-grid-item-align-left\"><div class=\"inner-block\"><p>O filme &#8220;Ainda Estou Aqui&#8221; \u00e9 uma obra cinematogr\u00e1fica brasileira que se destaca pela abordagem sens\u00edvel e intensa dos tempos...<\/p><\/div><\/div><div class=\"wpr-grid-item-read-more elementor-repeater-item-38845a1 wpr-grid-item-display-block wpr-grid-item-align-left\"><div class=\"inner-block\"><a target=\"_self\" href=\"https:\/\/ojoaosanti.com\/bloghistoria\/ainda-estou-aqui\/\" class=\"wpr-button-effect wpr-button-none\"><span>Ler Mais<\/span><\/a><\/div><\/div><\/div><\/div><\/article><article class=\"wpr-grid-item elementor-clearfix post-2047 post type-post status-publish format-standard hentry category-artigos category-assinante-premium\"><div class=\"wpr-grid-item-inner\"><div class=\"wpr-grid-item-below-content elementor-clearfix\"><h2 class=\"wpr-grid-item-title elementor-repeater-item-126eb9a wpr-grid-item-display-block wpr-grid-item-align-left wpr-pointer-none wpr-pointer-line-fx wpr-pointer-fx-fade\"><div class=\"inner-block\"><a target=\"_self\" href=\"https:\/\/ojoaosanti.com\/bloghistoria\/reveillon-ao-redor-do-mundo\/\">R\u00e9veillon ao Redor do Mundo: Tradi\u00e7\u00f5es Fascinantes e Seus Significados<\/a><\/div><\/h2><div class=\"wpr-grid-item-date elementor-repeater-item-5138742 wpr-grid-item-display-inline wpr-grid-item-align-left\"><div class=\"inner-block\"><span>31\/12\/2024<span class=\"wpr-grid-extra-text-right\">\/<\/span><\/span><\/div><\/div><div class=\"wpr-grid-item-comments elementor-repeater-item-80aa558 wpr-grid-item-display-inline wpr-grid-item-align-left\"><div class=\"inner-block\"><a href=\"https:\/\/ojoaosanti.com\/bloghistoria\/reveillon-ao-redor-do-mundo\/#respond\"><span>Sem Coment\u00e1rios<\/span><\/a><\/div><\/div><div class=\"wpr-grid-item-excerpt elementor-repeater-item-b71e5ec wpr-grid-item-display-block wpr-grid-item-align-left\"><div class=\"inner-block\"><p>O R\u00e9veillon \u00e9 uma celebra\u00e7\u00e3o universal que marca a passagem de um ano para outro, envolvendo tradi\u00e7\u00f5es e costumes que...<\/p><\/div><\/div><div class=\"wpr-grid-item-read-more elementor-repeater-item-38845a1 wpr-grid-item-display-block wpr-grid-item-align-left\"><div class=\"inner-block\"><a target=\"_self\" href=\"https:\/\/ojoaosanti.com\/bloghistoria\/reveillon-ao-redor-do-mundo\/\" class=\"wpr-button-effect wpr-button-none\"><span>Ler Mais<\/span><\/a><\/div><\/div><\/div><\/div><\/article><article class=\"wpr-grid-item elementor-clearfix post-2045 post type-post status-publish format-standard hentry category-artigos category-blog\"><div class=\"wpr-grid-item-inner\"><div class=\"wpr-grid-item-below-content elementor-clearfix\"><h2 class=\"wpr-grid-item-title elementor-repeater-item-126eb9a wpr-grid-item-display-block wpr-grid-item-align-left wpr-pointer-none wpr-pointer-line-fx wpr-pointer-fx-fade\"><div class=\"inner-block\"><a target=\"_self\" href=\"https:\/\/ojoaosanti.com\/bloghistoria\/reveillon-diferentes-culturas-celeb\/\">R\u00e9veillon: Como Diferentes Culturas Celebram a Chegada do Novo Ano<\/a><\/div><\/h2><div class=\"wpr-grid-item-date elementor-repeater-item-5138742 wpr-grid-item-display-inline wpr-grid-item-align-left\"><div class=\"inner-block\"><span>31\/12\/2024<span class=\"wpr-grid-extra-text-right\">\/<\/span><\/span><\/div><\/div><div class=\"wpr-grid-item-comments elementor-repeater-item-80aa558 wpr-grid-item-display-inline wpr-grid-item-align-left\"><div class=\"inner-block\"><a href=\"https:\/\/ojoaosanti.com\/bloghistoria\/reveillon-diferentes-culturas-celeb\/#respond\"><span>Sem Coment\u00e1rios<\/span><\/a><\/div><\/div><div class=\"wpr-grid-item-excerpt elementor-repeater-item-b71e5ec wpr-grid-item-display-block wpr-grid-item-align-left\"><div class=\"inner-block\"><p>A passagem de ano \u00e9 uma data comemorativa universal, celebrada de v\u00e1rias maneiras ao redor do mundo. O R\u00e9veillon n\u00e3o...<\/p><\/div><\/div><div class=\"wpr-grid-item-read-more elementor-repeater-item-38845a1 wpr-grid-item-display-block wpr-grid-item-align-left\"><div class=\"inner-block\"><a target=\"_self\" href=\"https:\/\/ojoaosanti.com\/bloghistoria\/reveillon-diferentes-culturas-celeb\/\" class=\"wpr-button-effect wpr-button-none\"><span>Ler Mais<\/span><\/a><\/div><\/div><\/div><\/div><\/article><\/section>\t\t\t\t<\/div>\n\t\t\t\t<\/div>\n\t\t\t\t\t<\/div>\n\t\t\t\t<\/div>\n\t\t\t\t<\/div>\n\t\t","protected":false},"excerpt":{"rendered":"<p>All Posts Artigos Professora de Hist\u00f3ria desenvolve jogos sobre feministas brasileiras para uso em sala de aula dezembro 16, 2024\/Sem Coment\u00e1rios Lorem Ipsum &#8220;Neque porro quisquam est qui dolorem ipsum quia dolor sit amet, consectetur, adipisci velit&#8230;&#8221; &#8220;There is no one&hellip; Ler Mais<\/p>\n","protected":false},"author":9,"featured_media":0,"parent":0,"menu_order":0,"comment_status":"closed","ping_status":"closed","template":"elementor_canvas","meta":{"footnotes":""},"class_list":["post-974","page","type-page","status-publish","hentry"],"_links":{"self":[{"href":"https:\/\/ojoaosanti.com\/bloghistoria\/wp-json\/wp\/v2\/pages\/974","targetHints":{"allow":["GET"]}}],"collection":[{"href":"https:\/\/ojoaosanti.com\/bloghistoria\/wp-json\/wp\/v2\/pages"}],"about":[{"href":"https:\/\/ojoaosanti.com\/bloghistoria\/wp-json\/wp\/v2\/types\/page"}],"author":[{"embeddable":true,"href":"https:\/\/ojoaosanti.com\/bloghistoria\/wp-json\/wp\/v2\/users\/9"}],"replies":[{"embeddable":true,"href":"https:\/\/ojoaosanti.com\/bloghistoria\/wp-json\/wp\/v2\/comments?post=974"}],"version-history":[{"count":0,"href":"https:\/\/ojoaosanti.com\/bloghistoria\/wp-json\/wp\/v2\/pages\/974\/revisions"}],"wp:attachment":[{"href":"https:\/\/ojoaosanti.com\/bloghistoria\/wp-json\/wp\/v2\/media?parent=974"}],"curies":[{"name":"wp","href":"https:\/\/api.w.org\/{rel}","templated":true}]}}