{"id":972,"date":"2024-12-16T04:34:37","date_gmt":"2024-12-16T04:34:37","guid":{"rendered":"https:\/\/ojoaosanti.com\/bloghistoria\/?page_id=972"},"modified":"2024-12-18T13:12:06","modified_gmt":"2024-12-18T13:12:06","slug":"resenhas","status":"publish","type":"page","link":"https:\/\/ojoaosanti.com\/bloghistoria\/resenhas\/","title":{"rendered":"Resenhas"},"content":{"rendered":"\t\t<div data-elementor-type=\"wp-page\" data-elementor-id=\"972\" class=\"elementor elementor-972\" data-elementor-post-type=\"page\">\n\t\t\t\t<div class=\"elementor-element elementor-element-7cd7674 e-flex e-con-boxed wpr-particle-no wpr-jarallax-no wpr-parallax-no wpr-sticky-section-no wpr-equal-height-no e-con e-parent\" data-id=\"7cd7674\" data-element_type=\"container\" data-e-type=\"container\">\n\t\t\t\t\t<div class=\"e-con-inner\">\n\t\t\t\t<div class=\"elementor-element elementor-element-9bb5e81 wpr-grid-columns-3 wpr-grid-columns--laptop3 wpr-grid-columns--tablet2 wpr-grid-columns--mobile1 wpr-grid-pagination-center wpr-item-styles-inner elementor-widget elementor-widget-wpr-grid\" data-id=\"9bb5e81\" data-element_type=\"widget\" data-e-type=\"widget\" data-widget_type=\"wpr-grid.default\">\n\t\t\t\t<div class=\"elementor-widget-container\">\n\t\t\t\t\t<ul class=\"wpr-grid-filters elementor-clearfix wpr-grid-filters-sep-right\"><li class=\" wpr-pointer-none wpr-pointer-line-fx wpr-pointer-fx-none\"><span  data-filter=\"*\" class=\"wpr-grid-filters-item wpr-active-filter \">All Posts<\/span><em class=\"wpr-grid-filters-sep\"><\/em><\/li><li class=\" wpr-pointer-none wpr-pointer-line-fx wpr-pointer-fx-none\"><span   data-ajax-filter=[\"category\",\"resenhas\"]  data-filter=\".category-resenhas\">Resenhas<\/span><em class=\"wpr-grid-filters-sep\"><\/em><\/li><\/ul><section class=\"wpr-grid elementor-clearfix\" data-settings=\"{&quot;layout&quot;:&quot;fitRows&quot;,&quot;stick_last_element_to_bottom&quot;:&quot;&quot;,&quot;columns_desktop&quot;:3,&quot;gutter_hr&quot;:15,&quot;gutter_hr_mobile&quot;:15,&quot;gutter_hr_mobile_extra&quot;:15,&quot;gutter_hr_tablet&quot;:15,&quot;gutter_hr_tablet_extra&quot;:15,&quot;gutter_hr_laptop&quot;:15,&quot;gutter_hr_widescreen&quot;:15,&quot;gutter_vr&quot;:15,&quot;gutter_vr_mobile&quot;:15,&quot;gutter_vr_mobile_extra&quot;:15,&quot;gutter_vr_tablet&quot;:15,&quot;gutter_vr_tablet_extra&quot;:15,&quot;gutter_vr_laptop&quot;:15,&quot;gutter_vr_widescreen&quot;:15,&quot;animation&quot;:&quot;default&quot;,&quot;animation_duration&quot;:0.3,&quot;animation_delay&quot;:0.1,&quot;deeplinking&quot;:&quot;&quot;,&quot;filters_linkable&quot;:&quot;no&quot;,&quot;filters_default_filter&quot;:&quot;&quot;,&quot;filters_count&quot;:&quot;&quot;,&quot;filters_hide_empty&quot;:&quot;no&quot;,&quot;filters_animation&quot;:&quot;default&quot;,&quot;filters_animation_duration&quot;:0.3,&quot;filters_animation_delay&quot;:0.1,&quot;pagination_type&quot;:&quot;load-more&quot;,&quot;pagination_max_pages&quot;:1,&quot;lightbox&quot;:{&quot;selector&quot;:&quot;.wpr-grid-image-wrap&quot;,&quot;iframeMaxWidth&quot;:&quot;60%&quot;,&quot;hash&quot;:false,&quot;autoplay&quot;:&quot;true&quot;,&quot;pause&quot;:5000,&quot;progressBar&quot;:&quot;true&quot;,&quot;counter&quot;:&quot;true&quot;,&quot;controls&quot;:&quot;true&quot;,&quot;getCaptionFromTitleOrAlt&quot;:&quot;true&quot;,&quot;thumbnail&quot;:&quot;&quot;,&quot;showThumbByDefault&quot;:&quot;&quot;,&quot;share&quot;:&quot;&quot;,&quot;zoom&quot;:&quot;true&quot;,&quot;fullScreen&quot;:&quot;true&quot;,&quot;download&quot;:&quot;true&quot;}}\" data-advanced-filters=\"no\"><article class=\"wpr-grid-item elementor-clearfix post-2271 post type-post status-publish format-standard has-post-thumbnail hentry category-resenhas\"><div class=\"wpr-grid-item-inner\"><div class=\"wpr-grid-media-wrap wpr-effect-size-medium \" data-overlay-link=\"yes\"><div class=\"wpr-grid-image-wrap\" data-src=\"https:\/\/ojoaosanti.com\/bloghistoria\/wp-content\/uploads\/2025\/01\/DALL\u00b7E-2025-01-12-14.20.41-A-realistic-and-detailed-image-of-rain-clouds-forming-over-the-Amazon-rainforest.-The-scene-features-a-vast-expanse-of-dense-lush-green-forest-with-t.webp\" data-img-on-hover=\"\"  data-src-secondary=\"\"><img decoding=\"async\" data-no-lazy=\"1\" src=\"https:\/\/ojoaosanti.com\/bloghistoria\/wp-content\/uploads\/2025\/01\/DALL\u00b7E-2025-01-12-14.20.41-A-realistic-and-detailed-image-of-rain-clouds-forming-over-the-Amazon-rainforest.-The-scene-features-a-vast-expanse-of-dense-lush-green-forest-with-t.webp\" alt=\"Os Rios Voadores: O Impacto dos Fluxos de \u00c1gua no Clima e nas Chuvas no Brasil\" class=\"wpr-anim-timing-ease-default\"><\/div><div class=\"wpr-grid-media-hover wpr-animation-wrap\"><div class=\"wpr-grid-media-hover-bg  wpr-overlay-fade-in wpr-anim-size-large wpr-anim-timing-ease-default wpr-anim-transparency\" data-url=\"https:\/\/ojoaosanti.com\/bloghistoria\/rios-voadores\/\"><\/div><\/div><\/div><div class=\"wpr-grid-item-below-content elementor-clearfix\"><h2 class=\"wpr-grid-item-title elementor-repeater-item-126eb9a wpr-grid-item-display-block wpr-grid-item-align-left wpr-pointer-none wpr-pointer-line-fx wpr-pointer-fx-fade\"><div class=\"inner-block\"><a target=\"_self\"  href=\"https:\/\/ojoaosanti.com\/bloghistoria\/rios-voadores\/\">Os Rios Voadores: O Impacto dos Fluxos de \u00c1gua no Clima e nas Chuvas no Brasil<\/a><\/div><\/h2><div class=\"wpr-grid-item-date elementor-repeater-item-5138742 wpr-grid-item-display-inline wpr-grid-item-align-left\"><div class=\"inner-block\"><span>12\/01\/2025<span class=\"wpr-grid-extra-text-right\">\/<\/span><\/span><\/div><\/div><div class=\"wpr-grid-item-comments elementor-repeater-item-80aa558 wpr-grid-item-display-inline wpr-grid-item-align-left\"><div class=\"inner-block\"><a href=\"https:\/\/ojoaosanti.com\/bloghistoria\/rios-voadores\/#respond\"><span>Sem Coment\u00e1rios<\/span><\/a><\/div><\/div><div class=\"wpr-grid-item-excerpt elementor-repeater-item-b71e5ec wpr-grid-item-display-block wpr-grid-item-align-left\"><div class=\"inner-block\"><p>Atualiza\u00e7\u00e3o do texto originalmente publicado em 14 de Maio de 2019 por Jason Guedes Os &#8220;Rios Voadores&#8221; s\u00e3o um conceito...<\/p><\/div><\/div><div class=\"wpr-grid-item-read-more elementor-repeater-item-38845a1 wpr-grid-item-display-block wpr-grid-item-align-left\"><div class=\"inner-block\"><a target=\"_self\" href=\"https:\/\/ojoaosanti.com\/bloghistoria\/rios-voadores\/\" class=\"wpr-button-effect wpr-button-none\"><span>Ler Mais<\/span><\/a><\/div><\/div><\/div><\/div><\/article><article class=\"wpr-grid-item elementor-clearfix post-2200 post type-post status-publish format-standard hentry category-resenhas category-historia-da-america category-historia-do-brasil\"><div class=\"wpr-grid-item-inner\"><div class=\"wpr-grid-item-below-content elementor-clearfix\"><h2 class=\"wpr-grid-item-title elementor-repeater-item-126eb9a wpr-grid-item-display-block wpr-grid-item-align-left wpr-pointer-none wpr-pointer-line-fx wpr-pointer-fx-fade\"><div class=\"inner-block\"><a target=\"_self\"  href=\"https:\/\/ojoaosanti.com\/bloghistoria\/colonizacao-americana\/\">A Coloniza\u00e7\u00e3o Americana: Como europeus redesenharam o Novo Mundo<\/a><\/div><\/h2><div class=\"wpr-grid-item-date elementor-repeater-item-5138742 wpr-grid-item-display-inline wpr-grid-item-align-left\"><div class=\"inner-block\"><span>07\/01\/2025<span class=\"wpr-grid-extra-text-right\">\/<\/span><\/span><\/div><\/div><div class=\"wpr-grid-item-comments elementor-repeater-item-80aa558 wpr-grid-item-display-inline wpr-grid-item-align-left\"><div class=\"inner-block\"><a href=\"https:\/\/ojoaosanti.com\/bloghistoria\/colonizacao-americana\/#respond\"><span>Sem Coment\u00e1rios<\/span><\/a><\/div><\/div><div class=\"wpr-grid-item-excerpt elementor-repeater-item-b71e5ec wpr-grid-item-display-block wpr-grid-item-align-left\"><div class=\"inner-block\"><p>Atualiza\u00e7\u00e3o do texto originalmente publicado em 05 de Outubro de 2018 por Jason Guedes Formas de Coloniza\u00e7\u00e3o As col\u00f4nias de...<\/p><\/div><\/div><div class=\"wpr-grid-item-read-more elementor-repeater-item-38845a1 wpr-grid-item-display-block wpr-grid-item-align-left\"><div class=\"inner-block\"><a target=\"_self\" href=\"https:\/\/ojoaosanti.com\/bloghistoria\/colonizacao-americana\/\" class=\"wpr-button-effect wpr-button-none\"><span>Ler Mais<\/span><\/a><\/div><\/div><\/div><\/div><\/article><article class=\"wpr-grid-item elementor-clearfix post-2192 post type-post status-publish format-standard hentry category-resenhas\"><div class=\"wpr-grid-item-inner\"><div class=\"wpr-grid-item-below-content elementor-clearfix\"><h2 class=\"wpr-grid-item-title elementor-repeater-item-126eb9a wpr-grid-item-display-block wpr-grid-item-align-left wpr-pointer-none wpr-pointer-line-fx wpr-pointer-fx-fade\"><div class=\"inner-block\"><a target=\"_self\"  href=\"https:\/\/ojoaosanti.com\/bloghistoria\/ascensao-e-queda-de-napoleao\/\">A Ascens\u00e3o e Queda de Napole\u00e3o Bonaparte: Um Estudo do Imp\u00e9rio Napole\u00f4nico<\/a><\/div><\/h2><div class=\"wpr-grid-item-date elementor-repeater-item-5138742 wpr-grid-item-display-inline wpr-grid-item-align-left\"><div class=\"inner-block\"><span>05\/01\/2025<span class=\"wpr-grid-extra-text-right\">\/<\/span><\/span><\/div><\/div><div class=\"wpr-grid-item-comments elementor-repeater-item-80aa558 wpr-grid-item-display-inline wpr-grid-item-align-left\"><div class=\"inner-block\"><a href=\"https:\/\/ojoaosanti.com\/bloghistoria\/ascensao-e-queda-de-napoleao\/#respond\"><span>Sem Coment\u00e1rios<\/span><\/a><\/div><\/div><div class=\"wpr-grid-item-excerpt elementor-repeater-item-b71e5ec wpr-grid-item-display-block wpr-grid-item-align-left\"><div class=\"inner-block\"><p>Atualiza\u00e7\u00e3o do texto originalmente publicado em 26 de Novembro de 2019 por Jason Guedes O Golpe de 18 de Brum\u00e1rio...<\/p><\/div><\/div><div class=\"wpr-grid-item-read-more elementor-repeater-item-38845a1 wpr-grid-item-display-block wpr-grid-item-align-left\"><div class=\"inner-block\"><a target=\"_self\" href=\"https:\/\/ojoaosanti.com\/bloghistoria\/ascensao-e-queda-de-napoleao\/\" class=\"wpr-button-effect wpr-button-none\"><span>Ler Mais<\/span><\/a><\/div><\/div><\/div><\/div><\/article><article class=\"wpr-grid-item elementor-clearfix post-2183 post type-post status-publish format-standard hentry category-resenhas category-historia-do-brasil\"><div class=\"wpr-grid-item-inner\"><div class=\"wpr-grid-item-below-content elementor-clearfix\"><h2 class=\"wpr-grid-item-title elementor-repeater-item-126eb9a wpr-grid-item-display-block wpr-grid-item-align-left wpr-pointer-none wpr-pointer-line-fx wpr-pointer-fx-fade\"><div class=\"inner-block\"><a target=\"_self\"  href=\"https:\/\/ojoaosanti.com\/bloghistoria\/descobrimento-do-ouro-no-brasil\/\">O Descobrimento do Ouro no Brasil: Transforma\u00e7\u00f5es e Impactos<\/a><\/div><\/h2><div class=\"wpr-grid-item-date elementor-repeater-item-5138742 wpr-grid-item-display-inline wpr-grid-item-align-left\"><div class=\"inner-block\"><span>04\/01\/2025<span class=\"wpr-grid-extra-text-right\">\/<\/span><\/span><\/div><\/div><div class=\"wpr-grid-item-comments elementor-repeater-item-80aa558 wpr-grid-item-display-inline wpr-grid-item-align-left\"><div class=\"inner-block\"><a href=\"https:\/\/ojoaosanti.com\/bloghistoria\/descobrimento-do-ouro-no-brasil\/#respond\"><span>Sem Coment\u00e1rios<\/span><\/a><\/div><\/div><div class=\"wpr-grid-item-excerpt elementor-repeater-item-b71e5ec wpr-grid-item-display-block wpr-grid-item-align-left\"><div class=\"inner-block\"><p>Atualiza\u00e7\u00e3o do texto originalmente publicado em 04 de Outubro de 2019 por Jason Guedes O ouro foi encontrado no Brasil...<\/p><\/div><\/div><div class=\"wpr-grid-item-read-more elementor-repeater-item-38845a1 wpr-grid-item-display-block wpr-grid-item-align-left\"><div class=\"inner-block\"><a target=\"_self\" href=\"https:\/\/ojoaosanti.com\/bloghistoria\/descobrimento-do-ouro-no-brasil\/\" class=\"wpr-button-effect wpr-button-none\"><span>Ler Mais<\/span><\/a><\/div><\/div><\/div><\/div><\/article><article class=\"wpr-grid-item elementor-clearfix post-2147 post type-post status-publish format-standard hentry category-resenhas\"><div class=\"wpr-grid-item-inner\"><div class=\"wpr-grid-item-below-content elementor-clearfix\"><h2 class=\"wpr-grid-item-title elementor-repeater-item-126eb9a wpr-grid-item-display-block wpr-grid-item-align-left wpr-pointer-none wpr-pointer-line-fx wpr-pointer-fx-fade\"><div class=\"inner-block\"><a target=\"_self\"  href=\"https:\/\/ojoaosanti.com\/bloghistoria\/povos-pre-colombianos\/\">Povos Pr\u00e9-Colombianos: breve resenha sobre os imp\u00e9rios nativos da Am\u00e9rica<\/a><\/div><\/h2><div class=\"wpr-grid-item-date elementor-repeater-item-5138742 wpr-grid-item-display-inline wpr-grid-item-align-left\"><div class=\"inner-block\"><span>03\/01\/2025<span class=\"wpr-grid-extra-text-right\">\/<\/span><\/span><\/div><\/div><div class=\"wpr-grid-item-comments elementor-repeater-item-80aa558 wpr-grid-item-display-inline wpr-grid-item-align-left\"><div class=\"inner-block\"><a href=\"https:\/\/ojoaosanti.com\/bloghistoria\/povos-pre-colombianos\/#respond\"><span>Sem Coment\u00e1rios<\/span><\/a><\/div><\/div><div class=\"wpr-grid-item-excerpt elementor-repeater-item-b71e5ec wpr-grid-item-display-block wpr-grid-item-align-left\"><div class=\"inner-block\"><p>Antes da chegada dos europeus \u00e0s Am\u00e9ricas, o continente j\u00e1 abrigava grandes civiliza\u00e7\u00f5es com um n\u00edvel impressionante de desenvolvimento cultural,...<\/p><\/div><\/div><div class=\"wpr-grid-item-read-more elementor-repeater-item-38845a1 wpr-grid-item-display-block wpr-grid-item-align-left\"><div class=\"inner-block\"><a target=\"_self\" href=\"https:\/\/ojoaosanti.com\/bloghistoria\/povos-pre-colombianos\/\" class=\"wpr-button-effect wpr-button-none\"><span>Ler Mais<\/span><\/a><\/div><\/div><\/div><\/div><\/article><article class=\"wpr-grid-item elementor-clearfix post-2099 post type-post status-publish format-standard hentry category-historia-do-brasil category-resenhas\"><div class=\"wpr-grid-item-inner\"><div class=\"wpr-grid-item-below-content elementor-clearfix\"><h2 class=\"wpr-grid-item-title elementor-repeater-item-126eb9a wpr-grid-item-display-block wpr-grid-item-align-left wpr-pointer-none wpr-pointer-line-fx wpr-pointer-fx-fade\"><div class=\"inner-block\"><a target=\"_self\"  href=\"https:\/\/ojoaosanti.com\/bloghistoria\/revoltas-nativistas\/\">Resenha: Revoltas Nativistas e Conjura\u00e7\u00f5es do Brasil Colonial<\/a><\/div><\/h2><div class=\"wpr-grid-item-date elementor-repeater-item-5138742 wpr-grid-item-display-inline wpr-grid-item-align-left\"><div class=\"inner-block\"><span>02\/01\/2025<span class=\"wpr-grid-extra-text-right\">\/<\/span><\/span><\/div><\/div><div class=\"wpr-grid-item-comments elementor-repeater-item-80aa558 wpr-grid-item-display-inline wpr-grid-item-align-left\"><div class=\"inner-block\"><a href=\"https:\/\/ojoaosanti.com\/bloghistoria\/revoltas-nativistas\/#respond\"><span>Sem Coment\u00e1rios<\/span><\/a><\/div><\/div><div class=\"wpr-grid-item-excerpt elementor-repeater-item-b71e5ec wpr-grid-item-display-block wpr-grid-item-align-left\"><div class=\"inner-block\"><p>Durante os s\u00e9culos XVII e XVIII, o Brasil foi palco de diversas revoltas coloniais contra o modelo imposto pela metr\u00f3pole...<\/p><\/div><\/div><div class=\"wpr-grid-item-read-more elementor-repeater-item-38845a1 wpr-grid-item-display-block wpr-grid-item-align-left\"><div class=\"inner-block\"><a target=\"_self\" href=\"https:\/\/ojoaosanti.com\/bloghistoria\/revoltas-nativistas\/\" class=\"wpr-button-effect wpr-button-none\"><span>Ler Mais<\/span><\/a><\/div><\/div><\/div><\/div><\/article><\/section>\t\t\t\t<\/div>\n\t\t\t\t<\/div>\n\t\t\t\t\t<\/div>\n\t\t\t\t<\/div>\n\t\t\t\t<\/div>\n\t\t","protected":false},"excerpt":{"rendered":"<p>All Posts Resenhas Antonio Gramsci: uma bibliografia comentada dezembro 16, 2024\/Sem Coment\u00e1rios Lorem Ipsum &#8220;Neque porro quisquam est qui dolorem ipsum quia dolor sit amet, consectetur, adipisci velit&#8230;&#8221; &#8220;There is no one&hellip; Ler Mais<\/p>\n","protected":false},"author":9,"featured_media":0,"parent":0,"menu_order":0,"comment_status":"closed","ping_status":"closed","template":"elementor_canvas","meta":{"footnotes":""},"class_list":["post-972","page","type-page","status-publish","hentry"],"_links":{"self":[{"href":"https:\/\/ojoaosanti.com\/bloghistoria\/wp-json\/wp\/v2\/pages\/972","targetHints":{"allow":["GET"]}}],"collection":[{"href":"https:\/\/ojoaosanti.com\/bloghistoria\/wp-json\/wp\/v2\/pages"}],"about":[{"href":"https:\/\/ojoaosanti.com\/bloghistoria\/wp-json\/wp\/v2\/types\/page"}],"author":[{"embeddable":true,"href":"https:\/\/ojoaosanti.com\/bloghistoria\/wp-json\/wp\/v2\/users\/9"}],"replies":[{"embeddable":true,"href":"https:\/\/ojoaosanti.com\/bloghistoria\/wp-json\/wp\/v2\/comments?post=972"}],"version-history":[{"count":0,"href":"https:\/\/ojoaosanti.com\/bloghistoria\/wp-json\/wp\/v2\/pages\/972\/revisions"}],"wp:attachment":[{"href":"https:\/\/ojoaosanti.com\/bloghistoria\/wp-json\/wp\/v2\/media?parent=972"}],"curies":[{"name":"wp","href":"https:\/\/api.w.org\/{rel}","templated":true}]}}