{"id":86,"date":"2025-10-17T04:18:02","date_gmt":"2025-10-17T04:18:02","guid":{"rendered":"https:\/\/ojoaosanti.com\/beerbike\/?page_id=86"},"modified":"2025-10-22T01:07:09","modified_gmt":"2025-10-22T01:07:09","slug":"politica-de-cancelamento","status":"publish","type":"page","link":"https:\/\/ojoaosanti.com\/beerbike\/en\/politica-de-cancelamento\/","title":{"rendered":"Cancellation Policy"},"content":{"rendered":"<div data-elementor-type=\"wp-page\" data-elementor-id=\"86\" class=\"elementor elementor-86\" data-elementor-post-type=\"page\">\n\t\t\t\t<div class=\"elementor-element elementor-element-2afcc63 e-con-full e-flex e-con e-parent\" data-id=\"2afcc63\" data-element_type=\"container\" data-e-type=\"container\" data-settings=\"{&quot;background_background&quot;:&quot;classic&quot;,&quot;motion_fx_motion_fx_mouse&quot;:&quot;yes&quot;}\">\n\t\t<div class=\"elementor-element elementor-element-a6c597f e-con-full e-flex e-con e-child\" data-id=\"a6c597f\" data-element_type=\"container\" data-e-type=\"container\">\n\t\t\t\t<div class=\"elementor-element elementor-element-182f2f2 elementor-widget elementor-widget-heading\" data-id=\"182f2f2\" data-element_type=\"widget\" data-e-type=\"widget\" data-widget_type=\"heading.default\">\n\t\t\t\t\t<h2 class=\"elementor-heading-title elementor-size-default\">|<\/h2>\t\t\t\t<\/div>\n\t\t\t\t<div class=\"elementor-element elementor-element-cba2b4e elementor-widget elementor-widget-heading\" data-id=\"cba2b4e\" data-element_type=\"widget\" data-e-type=\"widget\" data-widget_type=\"heading.default\">\n\t\t\t\t\t<h2 class=\"elementor-heading-title elementor-size-default\">Cancellation Policy<\/h2>\t\t\t\t<\/div>\n\t\t\t\t<\/div>\n\t\t\t\t<div class=\"elementor-element elementor-element-9c9bc29 elementor-widget__width-initial elementor-widget-mobile__width-inherit elementor-widget elementor-widget-text-editor\" data-id=\"9c9bc29\" data-element_type=\"widget\" data-e-type=\"widget\" data-widget_type=\"text-editor.default\">\n\t\t\t\t\t\t\t\t\t<span style=\"font-weight: 400;\">Entenda nossas regras e prazos para cancelamentos e reembolsos. Saiba como proceder caso precise alterar ou cancelar a sua reserva.<\/span>\t\t\t\t\t\t\t\t<\/div>\n\t\t\t\t<\/div>\n\t\t<div class=\"elementor-element elementor-element-a860337 e-flex e-con-boxed e-con e-parent\" data-id=\"a860337\" data-element_type=\"container\" data-e-type=\"container\" data-settings=\"{&quot;background_background&quot;:&quot;classic&quot;}\">\n\t\t\t\t\t<div class=\"e-con-inner\">\n\t\t\t\t\t<\/div>\n\t\t\t\t<\/div>\n\t\t<div class=\"elementor-element elementor-element-04a6091 e-flex e-con-boxed e-con e-parent\" data-id=\"04a6091\" data-element_type=\"container\" data-e-type=\"container\" data-settings=\"{&quot;background_background&quot;:&quot;classic&quot;}\">\n\t\t\t\t\t<div class=\"e-con-inner\">\n\t\t<div class=\"elementor-element elementor-element-c2fcb7c e-con-full e-flex e-con e-child\" data-id=\"c2fcb7c\" data-element_type=\"container\" data-e-type=\"container\">\n\t\t\t\t<div class=\"elementor-element elementor-element-2af5abd elementor-widget elementor-widget-heading\" data-id=\"2af5abd\" data-element_type=\"widget\" data-e-type=\"widget\" data-widget_type=\"heading.default\">\n\t\t\t\t\t<h2 class=\"elementor-heading-title elementor-size-default\">|<\/h2>\t\t\t\t<\/div>\n\t\t\t\t<div class=\"elementor-element elementor-element-6dde5b0 elementor-widget elementor-widget-heading\" data-id=\"6dde5b0\" data-element_type=\"widget\" data-e-type=\"widget\" data-widget_type=\"heading.default\">\n\t\t\t\t\t<h2 class=\"elementor-heading-title elementor-size-default\">Cancellation Policy<\/h2>\t\t\t\t<\/div>\n\t\t\t\t<\/div>\n\t\t\t\t<div class=\"elementor-element elementor-element-50e2ca2 elementor-widget__width-initial elementor-widget-mobile__width-inherit elementor-widget elementor-widget-text-editor\" data-id=\"50e2ca2\" data-element_type=\"widget\" data-e-type=\"widget\" data-widget_type=\"text-editor.default\">\n\t\t\t\t\t\t\t\t\t<p>Caso o <strong>participante<\/strong> tenha efetuado uma reserva e posteriormente deseje cancel\u00e1-la, ficam estabelecidas as seguintes condi\u00e7\u00f5es:<\/p><ol><li><strong>Cancelamentos com menos de 3 dias (72 horas) de anteced\u00eancia:<\/strong><br \/>N\u00e3o haver\u00e1 direito a reembolso do valor pago.<\/li><li><strong>Cancelamentos com mais de 3 dias (72 horas) e menos de 7 dias de anteced\u00eancia:<\/strong><br \/>O participante ter\u00e1 direito a um <strong>reembolso parcial de 50%<\/strong> do valor pago, <strong>descontada a taxa de R$ 1,20 (hum real e vinte centavos)<\/strong> referente ao custo do envio do PIX de reembolso.<\/li><li><strong>Cancelamentos com 7 dias de anteced\u00eancia ou mais:<\/strong><br \/>O participante ter\u00e1 direito a um <strong>reembolso integral<\/strong>, <strong>descontada a taxa de R$ 1,20 (hum real e vinte centavos)<\/strong> referente ao envio do PIX de reembolso.<\/li><li><strong>Forma de devolu\u00e7\u00e3o:<\/strong><br \/>O reembolso ser\u00e1 realizado <strong>exclusivamente para a mesma conta utilizada no pagamento da reserva<\/strong>.<\/li><li><strong>N\u00e3o comparecimento:<\/strong><br \/>Em caso de <strong>n\u00e3o comparecimento na data e hor\u00e1rio agendados<\/strong>, <strong>n\u00e3o haver\u00e1 reembolso<\/strong> do valor pago.<\/li><li><strong>Como solicitar o cancelamento:<\/strong><br \/>A solicita\u00e7\u00e3o de cancelamento ou reembolso deve ser feita <strong>por meio do formul\u00e1rio de contato dispon\u00edvel no site<\/strong>.<\/li><\/ol><p>Ao efetuar a reserva, o <strong>participante<\/strong> declara estar ciente e de acordo com as condi\u00e7\u00f5es desta <strong>Cancellation Policy<\/strong>.<\/p>\t\t\t\t\t\t\t\t<\/div>\n\t\t\t\t<div class=\"elementor-element elementor-element-b535d71 elementor-widget-divider--view-line elementor-widget elementor-widget-divider\" data-id=\"b535d71\" data-element_type=\"widget\" data-e-type=\"widget\" data-widget_type=\"divider.default\">\n\t\t\t\t\t\t\t<div class=\"elementor-divider\">\n\t\t\t<span class=\"elementor-divider-separator\">\n\t\t\t\t\t\t<\/span>\n\t\t<\/div>\n\t\t\t\t\t\t<\/div>\n\t\t\t\t\t<\/div>\n\t\t\t\t<\/div>\n\t\t\t\t<\/div>","protected":false},"excerpt":{"rendered":"<p>| Pol\u00edtica de Cancelamento Entenda nossas regras e prazos para cancelamentos e reembolsos. Saiba como proceder caso precise alterar ou cancelar a sua reserva. | Pol\u00edtica de Cancelamento Caso o participante tenha efetuado uma reserva e posteriormente deseje cancel\u00e1-la, ficam estabelecidas as seguintes condi\u00e7\u00f5es: Cancelamentos com menos de 3 dias (72 horas) de anteced\u00eancia:N\u00e3o haver\u00e1 [&hellip;]<\/p>","protected":false},"author":1,"featured_media":0,"parent":0,"menu_order":0,"comment_status":"closed","ping_status":"closed","template":"elementor_header_footer","meta":{"footnotes":""},"class_list":["post-86","page","type-page","status-publish","hentry"],"_links":{"self":[{"href":"https:\/\/ojoaosanti.com\/beerbike\/en\/wp-json\/wp\/v2\/pages\/86","targetHints":{"allow":["GET"]}}],"collection":[{"href":"https:\/\/ojoaosanti.com\/beerbike\/en\/wp-json\/wp\/v2\/pages"}],"about":[{"href":"https:\/\/ojoaosanti.com\/beerbike\/en\/wp-json\/wp\/v2\/types\/page"}],"author":[{"embeddable":true,"href":"https:\/\/ojoaosanti.com\/beerbike\/en\/wp-json\/wp\/v2\/users\/1"}],"replies":[{"embeddable":true,"href":"https:\/\/ojoaosanti.com\/beerbike\/en\/wp-json\/wp\/v2\/comments?post=86"}],"version-history":[{"count":0,"href":"https:\/\/ojoaosanti.com\/beerbike\/en\/wp-json\/wp\/v2\/pages\/86\/revisions"}],"wp:attachment":[{"href":"https:\/\/ojoaosanti.com\/beerbike\/en\/wp-json\/wp\/v2\/media?parent=86"}],"curies":[{"name":"wp","href":"https:\/\/api.w.org\/{rel}","templated":true}]}}