{"id":84,"date":"2025-10-17T04:17:07","date_gmt":"2025-10-17T04:17:07","guid":{"rendered":"https:\/\/ojoaosanti.com\/beerbike\/?page_id=84"},"modified":"2025-10-22T01:14:33","modified_gmt":"2025-10-22T01:14:33","slug":"regras-do-passeio","status":"publish","type":"page","link":"https:\/\/ojoaosanti.com\/beerbike\/en\/regras-do-passeio\/","title":{"rendered":"Rules of the Walk"},"content":{"rendered":"<div data-elementor-type=\"wp-page\" data-elementor-id=\"84\" class=\"elementor elementor-84\" data-elementor-post-type=\"page\">\n\t\t\t\t<div class=\"elementor-element elementor-element-1170da4 e-con-full e-flex e-con e-parent\" data-id=\"1170da4\" data-element_type=\"container\" data-e-type=\"container\" data-settings=\"{&quot;background_background&quot;:&quot;classic&quot;,&quot;motion_fx_motion_fx_mouse&quot;:&quot;yes&quot;}\">\n\t\t<div class=\"elementor-element elementor-element-a03f484 e-con-full e-flex e-con e-child\" data-id=\"a03f484\" data-element_type=\"container\" data-e-type=\"container\">\n\t\t\t\t<div class=\"elementor-element elementor-element-3e9eb71 elementor-widget elementor-widget-heading\" data-id=\"3e9eb71\" data-element_type=\"widget\" data-e-type=\"widget\" data-widget_type=\"heading.default\">\n\t\t\t\t\t<h2 class=\"elementor-heading-title elementor-size-default\">|<\/h2>\t\t\t\t<\/div>\n\t\t\t\t<div class=\"elementor-element elementor-element-5396eb9 elementor-widget elementor-widget-heading\" data-id=\"5396eb9\" data-element_type=\"widget\" data-e-type=\"widget\" data-widget_type=\"heading.default\">\n\t\t\t\t\t<h2 class=\"elementor-heading-title elementor-size-default\">Rules of the Walk<\/h2>\t\t\t\t<\/div>\n\t\t\t\t<\/div>\n\t\t\t\t<div class=\"elementor-element elementor-element-792ed42 elementor-widget__width-initial elementor-widget-mobile__width-inherit elementor-widget elementor-widget-text-editor\" data-id=\"792ed42\" data-element_type=\"widget\" data-e-type=\"widget\" data-widget_type=\"text-editor.default\">\n\t\t\t\t\t\t\t\t\t<p>Para que a divers\u00e3o seja completa, algumas regrinhas s\u00e3o essenciais. Conhe\u00e7a nossas diretrizes para um passeio incr\u00edvel e seguro para todos.<\/p>\t\t\t\t\t\t\t\t<\/div>\n\t\t\t\t<\/div>\n\t\t<div class=\"elementor-element elementor-element-98020e5 e-flex e-con-boxed e-con e-parent\" data-id=\"98020e5\" data-element_type=\"container\" data-e-type=\"container\" data-settings=\"{&quot;background_background&quot;:&quot;classic&quot;}\">\n\t\t\t\t\t<div class=\"e-con-inner\">\n\t\t\t\t\t<\/div>\n\t\t\t\t<\/div>\n\t\t<div class=\"elementor-element elementor-element-f686747 e-flex e-con-boxed e-con e-parent\" data-id=\"f686747\" data-element_type=\"container\" data-e-type=\"container\" data-settings=\"{&quot;background_background&quot;:&quot;classic&quot;}\">\n\t\t\t\t\t<div class=\"e-con-inner\">\n\t\t<div class=\"elementor-element elementor-element-2a4d5e1 e-con-full e-flex e-con e-child\" data-id=\"2a4d5e1\" data-element_type=\"container\" data-e-type=\"container\">\n\t\t\t\t<div class=\"elementor-element elementor-element-b8b804c elementor-widget elementor-widget-heading\" data-id=\"b8b804c\" data-element_type=\"widget\" data-e-type=\"widget\" data-widget_type=\"heading.default\">\n\t\t\t\t\t<h2 class=\"elementor-heading-title elementor-size-default\">|<\/h2>\t\t\t\t<\/div>\n\t\t\t\t<div class=\"elementor-element elementor-element-c9c56eb elementor-widget elementor-widget-heading\" data-id=\"c9c56eb\" data-element_type=\"widget\" data-e-type=\"widget\" data-widget_type=\"heading.default\">\n\t\t\t\t\t<h2 class=\"elementor-heading-title elementor-size-default\">Rules of the Walk<\/h2>\t\t\t\t<\/div>\n\t\t\t\t<\/div>\n\t\t\t\t<div class=\"elementor-element elementor-element-57ddbe4 elementor-widget__width-initial elementor-widget-mobile__width-inherit elementor-widget elementor-widget-text-editor\" data-id=\"57ddbe4\" data-element_type=\"widget\" data-e-type=\"widget\" data-widget_type=\"text-editor.default\">\n\t\t\t\t\t\t\t\t\t<ol><li><strong> Venha S\u00f3brio<\/strong><\/li><\/ol><p>Voc\u00ea precisa chegar s\u00f3brio. B\u00eabado na chegada = sem carona, sem reembolso.<\/p><ol start=\"2\"><li><strong> Pedale<\/strong><\/li><\/ol><p>Nosso Pedal Beer Bike tem dez assentos para pessoas que v\u00e3o pedalar, nossa bike \u00e9 movida a propuls\u00e3o humana e trabalho de equipe. Se seus p\u00e9s n\u00e3o estiverem pedalando, n\u00e3o cumpriremos nosso desafio e passeio.<\/p><ol start=\"3\"><li><strong> Piloto<\/strong><\/li><\/ol><p>Somente nosso motorista s\u00f3brio \u00e9 quem dirige. Voc\u00ea s\u00f3 bebe, pedala, canta e acena para os moradores confusos e expectadores no trajeto.<\/p><ol start=\"4\"><li><strong> Nosso sagrado CHOPP IMIGRA\u00c7\u00c3O<\/strong><\/li><\/ol><p>Derramar chopp fora \u00e9 pass\u00edvel de pena de morte (ou pior \u2014 ficar sem beber por 15 minutos). Segure seu copo firme, vale tamb\u00e9m para as demais bebidas servidas.<\/p><ol start=\"5\"><li><strong> Estrat\u00e9gia do banheiro = Sobreviv\u00eancia<\/strong><\/li><\/ol><p>N\u00e3o h\u00e1 banheiros a bordo. Planeje-se adequadamente antes ou sofra as consequ\u00eancias desagrad\u00e1veis. Nunca use a rua. Teremos uma parada r\u00e1pida estrat\u00e9gica no trajeto para uso de banheiros p\u00fablicos, tempo m\u00e1ximo da parada 5min.<\/p><ol start=\"6\"><li><strong> Trajes de Equipes\/grupos\/Empresas<\/strong><\/li><\/ol><p>S\u00e3o muito bem vindos, ganhar\u00e3o visibilidade em nossas redes sociais. Trajes, fantasias e Camisas combinando ganham nosso respeito.<\/p><p><strong>Que roupa devo escolher?<\/strong><\/p><p>S\u00e9rio, qualquer coisa pode ser usada e voc\u00ea ficar\u00e1 bem, mas lembre-se de que voc\u00ea est\u00e1 pedalando uma bicicleta, ent\u00e3o leve isso em considera\u00e7\u00e3o ao escolher seu guarda-roupa. No entanto, recomendamos que voc\u00ea n\u00e3o use sand\u00e1lias ou chinelos pois eles podem sair facilmente enquanto pedala.<\/p><p>\u00a0<\/p><ol start=\"7\"><li><strong> Cal\u00e7ados<\/strong><\/li><\/ol><p>Orientamos para os assentos que v\u00e3o pedalar o uso de cal\u00e7ados presos aos p\u00e9s evitando assim a perda dos mesmos no trajeto\/passeio. Evite chinelos e sand\u00e1lias, t\u00eanis \u00e9 o cal\u00e7ado ideal e apropriado.<\/p><ol start=\"8\"><li><strong> N\u00e3o incomode os moradores locais e demais<\/strong><\/li><\/ol><p>Sorria, acene, seja gentil e educado. Estamos aqui para nos divertir. Mantenha a classe e se divirta.<\/p><ol start=\"9\"><li><strong> M\u00fasica e canto s\u00e3o bem-vindos<\/strong><\/li><\/ol><p>Teremos playlist apropriadas em nossos passeios. <strong>Sim, voc\u00ea pode cantar em voz alta e em coro.<\/strong><\/p><p>\u00a0<\/p><ol start=\"10\"><li><strong> Selfies e v\u00eddeos? Sempre<\/strong><\/li><\/ol><p>Documente e registre tudo, mas n\u00e3o deixe o celular cair enquanto pedala. Temos instalado equipamento individual nos assentos dos pedalantes para prender seu celular no balc\u00e3o. <u>N\u00e3o nos responsabilizamos por perda de aparelhos\/celulares e demais objetos.<\/u><\/p><ol start=\"11\"><li><strong> O que acontece no Pedal Beer Bike\u2026<\/strong><\/li><\/ol><p>\u2026provavelmente estar\u00e1 na hist\u00f3ria de algu\u00e9m. Certifique-se de que seja uma experi\u00eancia hil\u00e1ria e \u00fanica.<\/p><p><strong>12 &#8211; Regra b\u00f4nus: O piloto\/motorista \u00e9 quem comanda<\/strong><\/p><p>Sempre ou\u00e7a as instru\u00e7\u00f5es dele(a). Siga as regras.<\/p><p><strong>13 &#8211; Regra final: N\u00e3o seja essa pessoa<\/strong><\/p><p>Se alguma regra for violada \u2014 incluindo aparecer b\u00eabado \u2014 a equipe do Pedal Beer Bike tem total autoridade e autonomia para encerrar o passeio sem direito a reembolso. Ent\u00e3o seja incr\u00edvel, colabore siga todas as regras e se divirta muito.<\/p><p>\u00a0<\/p><p><strong>IMPORTANTE<\/strong><\/p><p><strong><em>Todos os participantes participam do passeio por sua conta e risco \u2013 voc\u00ea ter\u00e1 que assinar um termo de isen\u00e7\u00e3o de responsabilidade para participar.<\/em><\/strong><\/p>\t\t\t\t\t\t\t\t<\/div>\n\t\t\t\t<div class=\"elementor-element elementor-element-19f7810 elementor-widget-divider--view-line elementor-widget elementor-widget-divider\" data-id=\"19f7810\" data-element_type=\"widget\" data-e-type=\"widget\" data-widget_type=\"divider.default\">\n\t\t\t\t\t\t\t<div class=\"elementor-divider\">\n\t\t\t<span class=\"elementor-divider-separator\">\n\t\t\t\t\t\t<\/span>\n\t\t<\/div>\n\t\t\t\t\t\t<\/div>\n\t\t\t\t\t<\/div>\n\t\t\t\t<\/div>\n\t\t\t\t<\/div>","protected":false},"excerpt":{"rendered":"<p>| Regras do Passeio Para que a divers\u00e3o seja completa, algumas regrinhas s\u00e3o essenciais. Conhe\u00e7a nossas diretrizes para um passeio incr\u00edvel e seguro para todos. | Regras do Passeio Venha S\u00f3brio Voc\u00ea precisa chegar s\u00f3brio. B\u00eabado na chegada = sem carona, sem reembolso. Pedale Nosso Pedal Beer Bike tem dez assentos para pessoas que v\u00e3o [&hellip;]<\/p>","protected":false},"author":1,"featured_media":0,"parent":0,"menu_order":0,"comment_status":"closed","ping_status":"closed","template":"elementor_header_footer","meta":{"footnotes":""},"class_list":["post-84","page","type-page","status-publish","hentry"],"_links":{"self":[{"href":"https:\/\/ojoaosanti.com\/beerbike\/en\/wp-json\/wp\/v2\/pages\/84","targetHints":{"allow":["GET"]}}],"collection":[{"href":"https:\/\/ojoaosanti.com\/beerbike\/en\/wp-json\/wp\/v2\/pages"}],"about":[{"href":"https:\/\/ojoaosanti.com\/beerbike\/en\/wp-json\/wp\/v2\/types\/page"}],"author":[{"embeddable":true,"href":"https:\/\/ojoaosanti.com\/beerbike\/en\/wp-json\/wp\/v2\/users\/1"}],"replies":[{"embeddable":true,"href":"https:\/\/ojoaosanti.com\/beerbike\/en\/wp-json\/wp\/v2\/comments?post=84"}],"version-history":[{"count":0,"href":"https:\/\/ojoaosanti.com\/beerbike\/en\/wp-json\/wp\/v2\/pages\/84\/revisions"}],"wp:attachment":[{"href":"https:\/\/ojoaosanti.com\/beerbike\/en\/wp-json\/wp\/v2\/media?parent=84"}],"curies":[{"name":"wp","href":"https:\/\/api.w.org\/{rel}","templated":true}]}}