{"id":6,"date":"2025-01-14T18:55:20","date_gmt":"2025-01-14T18:55:20","guid":{"rendered":"https:\/\/ojoaosanti.com\/astrologia\/?page_id=6"},"modified":"2025-02-15T15:46:41","modified_gmt":"2025-02-15T15:46:41","slug":"sobre-nos","status":"publish","type":"page","link":"https:\/\/ojoaosanti.com\/astrologia\/en\/sobre-nos\/","title":{"rendered":"About Us"},"content":{"rendered":"<div data-elementor-type=\"wp-page\" data-elementor-id=\"6\" class=\"elementor elementor-6\" data-elementor-settings=\"{&quot;ha_cmc_init_switcher&quot;:&quot;no&quot;}\" data-elementor-post-type=\"page\">\n\t\t\t\t<div class=\"elementor-element elementor-element-6f836606 e-flex e-con-boxed wpr-particle-no wpr-jarallax-no wpr-parallax-no wpr-sticky-section-no wpr-equal-height-no e-con e-parent\" data-id=\"6f836606\" data-element_type=\"container\" data-e-type=\"container\" data-settings=\"{&quot;background_background&quot;:&quot;classic&quot;,&quot;_ha_eqh_enable&quot;:false}\">\n\t\t\t\t\t<div class=\"e-con-inner\">\n\t\t\t\t<div class=\"elementor-element elementor-element-7ac6778f elementor-widget elementor-widget-heading\" data-id=\"7ac6778f\" data-element_type=\"widget\" data-e-type=\"widget\" data-widget_type=\"heading.default\">\n\t\t\t\t<div class=\"elementor-widget-container\">\n\t\t\t\t\t<h2 class=\"elementor-heading-title elementor-size-default\">About Us<\/h2>\t\t\t\t<\/div>\n\t\t\t\t<\/div>\n\t\t\t\t<div class=\"elementor-element elementor-element-9eebd73 elementor-align-center elementor-widget elementor-widget-button\" data-id=\"9eebd73\" data-element_type=\"widget\" data-e-type=\"widget\" data-widget_type=\"button.default\">\n\t\t\t\t<div class=\"elementor-widget-container\">\n\t\t\t\t\t\t\t\t\t<div class=\"elementor-button-wrapper\">\n\t\t\t\t\t<a class=\"elementor-button elementor-size-sm\" role=\"button\">\n\t\t\t\t\t\t<span class=\"elementor-button-content-wrapper\">\n\t\t\t\t\t\t<span class=\"elementor-button-icon\">\n\t\t\t\t\t\t\t<\/span>\n\t\t\t\t\t\t\t\t\t<span class=\"elementor-button-text\">Learn more about our history, mission, and values!<\/span>\n\t\t\t\t\t<\/span>\n\t\t\t\t\t<\/a>\n\t\t\t\t<\/div>\n\t\t\t\t\t\t\t\t<\/div>\n\t\t\t\t<\/div>\n\t\t\t\t\t<\/div>\n\t\t\t\t<\/div>\n\t\t<div class=\"elementor-element elementor-element-4386971 e-flex e-con-boxed wpr-particle-no wpr-jarallax-no wpr-parallax-no wpr-sticky-section-no wpr-equal-height-no e-con e-parent\" data-id=\"4386971\" data-element_type=\"container\" data-e-type=\"container\" data-settings=\"{&quot;_ha_eqh_enable&quot;:false}\">\n\t\t\t\t\t<div class=\"e-con-inner\">\n\t\t<div class=\"elementor-element elementor-element-7f8386f e-con-full e-flex wpr-particle-no wpr-jarallax-no wpr-parallax-no wpr-sticky-section-no wpr-equal-height-no e-con e-child\" data-id=\"7f8386f\" data-element_type=\"container\" data-e-type=\"container\" data-settings=\"{&quot;_ha_eqh_enable&quot;:false}\">\n\t\t\t\t<div class=\"elementor-element elementor-element-4896f12 elementor-invisible elementor-widget elementor-widget-heading\" data-id=\"4896f12\" data-element_type=\"widget\" data-e-type=\"widget\" data-settings=\"{&quot;_animation&quot;:&quot;fadeIn&quot;}\" data-widget_type=\"heading.default\">\n\t\t\t\t<div class=\"elementor-widget-container\">\n\t\t\t\t\t<h2 class=\"elementor-heading-title elementor-size-default\">Get to know Tarot Readers Online<\/h2>\t\t\t\t<\/div>\n\t\t\t\t<\/div>\n\t\t\t\t<div class=\"elementor-element elementor-element-c12e3fc elementor-invisible elementor-widget elementor-widget-heading\" data-id=\"c12e3fc\" data-element_type=\"widget\" data-e-type=\"widget\" data-settings=\"{&quot;_animation&quot;:&quot;fadeIn&quot;}\" data-widget_type=\"heading.default\">\n\t\t\t\t<div class=\"elementor-widget-container\">\n\t\t\t\t\t<h2 class=\"elementor-heading-title elementor-size-default\">Guidance, Self-Knowledge and Spirituality<\/h2>\t\t\t\t<\/div>\n\t\t\t\t<\/div>\n\t\t\t\t<div class=\"elementor-element elementor-element-8cf7d4e elementor-invisible elementor-widget elementor-widget-text-editor\" data-id=\"8cf7d4e\" data-element_type=\"widget\" data-e-type=\"widget\" data-settings=\"{&quot;_animation&quot;:&quot;fadeIn&quot;}\" data-widget_type=\"text-editor.default\">\n\t\t\t\t<div class=\"elementor-widget-container\">\n\t\t\t\t\t\t\t\t\t<div class=\"elementor-element elementor-element-198bfc9 elementor-widget elementor-widget-text-editor\" data-id=\"198bfc9\" data-element_type=\"widget\" data-widget_type=\"text-editor.default\"><div class=\"elementor-widget-container\"><div class=\"elementor-element elementor-element-786033c elementor-widget elementor-widget-text-editor\" data-id=\"786033c\" data-element_type=\"widget\" data-widget_type=\"text-editor.default\"><div class=\"elementor-widget-container\"><p>Welcome to <b>Tarologists Online<\/b>, a space dedicated to guidance, self-knowledge, and spirituality. Here, we believe that tarot is a valuable tool for clarity and direction, and that's why we bring together only the best tarot readers in Brazil\u2014experienced, ethical professionals committed to the truth.<\/p><p>Our distinguishing feature is...<b> quality and reliability of services<\/b>Each tarot reader goes through a rigorous selection process, ensuring that only highly qualified specialists are part of our team. Furthermore, we value ethical, confidential, and humane service, where sincerity, respect, and responsibility are fundamental principles.<\/p><p>We know that each consultation is a unique moment, and our commitment is...<b> to offer a safe and welcoming environment<\/b>A place where you can ask questions and receive valuable insights on any aspect of your life \u2014 whether it's love, work, finances, or spirituality.<\/p><p>At Tar\u00f3logos Online, you have access to transparent, empathetic, and transformative service provided by professionals who truly care about your well-being and personal growth. <b>Connect with one of our experts right now. <\/b>And discover the messages the universe has for you!<\/p><\/div><\/div><\/div><\/div>\t\t\t\t\t\t\t\t<\/div>\n\t\t\t\t<\/div>\n\t\t\t\t<div class=\"elementor-element elementor-element-213d49e elementor-widget elementor-widget-image\" data-id=\"213d49e\" data-element_type=\"widget\" data-e-type=\"widget\" data-widget_type=\"image.default\">\n\t\t\t\t<div class=\"elementor-widget-container\">\n\t\t\t\t\t\t\t\t\t\t\t\t\t\t\t<img fetchpriority=\"high\" decoding=\"async\" width=\"640\" height=\"640\" src=\"https:\/\/ojoaosanti.com\/astrologia\/wp-content\/uploads\/2025\/02\/tarot.gif\" class=\"attachment-full size-full wp-image-4617\" alt=\"\" \/>\t\t\t\t\t\t\t\t\t\t\t\t\t\t\t<\/div>\n\t\t\t\t<\/div>\n\t\t\t\t<\/div>\n\t\t<div class=\"elementor-element elementor-element-62b2f08 e-con-full e-flex wpr-particle-no wpr-jarallax-no wpr-parallax-no wpr-sticky-section-no wpr-equal-height-no elementor-invisible e-con e-child\" data-id=\"62b2f08\" data-element_type=\"container\" data-e-type=\"container\" data-settings=\"{&quot;background_background&quot;:&quot;classic&quot;,&quot;shape_divider_top&quot;:&quot;opacity-tilt&quot;,&quot;animation&quot;:&quot;fadeIn&quot;,&quot;_ha_eqh_enable&quot;:false}\">\n\t\t\t\t<div class=\"elementor-shape elementor-shape-top\" aria-hidden=\"true\" data-negative=\"false\">\n\t\t\t<svg xmlns=\"http:\/\/www.w3.org\/2000\/svg\" viewbox=\"0 0 2600 131.1\" preserveaspectratio=\"none\">\n\t<path class=\"elementor-shape-fill\" d=\"M0 0L2600 0 2600 69.1 0 0z\"\/>\n\t<path class=\"elementor-shape-fill\" style=\"opacity:0.5\" d=\"M0 0L2600 0 2600 69.1 0 69.1z\"\/>\n\t<path class=\"elementor-shape-fill\" style=\"opacity:0.25\" d=\"M2600 0L0 0 0 130.1 2600 69.1z\"\/>\n<\/svg>\t\t<\/div>\n\t\t\t\t<\/div>\n\t\t\t\t\t<\/div>\n\t\t\t\t<\/div>\n\t\t<div class=\"elementor-element elementor-element-2e774ef e-flex e-con-boxed wpr-particle-no wpr-jarallax-no wpr-parallax-no wpr-sticky-section-no wpr-equal-height-no e-con e-parent\" data-id=\"2e774ef\" data-element_type=\"container\" data-e-type=\"container\" data-settings=\"{&quot;_ha_eqh_enable&quot;:false}\">\n\t\t\t\t\t<div class=\"e-con-inner\">\n\t\t\t\t<div class=\"elementor-element elementor-element-ab63e3a elementor-widget-divider--view-line elementor-widget elementor-widget-divider\" data-id=\"ab63e3a\" data-element_type=\"widget\" data-e-type=\"widget\" data-widget_type=\"divider.default\">\n\t\t\t\t<div class=\"elementor-widget-container\">\n\t\t\t\t\t\t\t<div class=\"elementor-divider\">\n\t\t\t<span class=\"elementor-divider-separator\">\n\t\t\t\t\t\t<\/span>\n\t\t<\/div>\n\t\t\t\t\t\t<\/div>\n\t\t\t\t<\/div>\n\t\t\t\t\t<\/div>\n\t\t\t\t<\/div>\n\t\t<div class=\"elementor-element elementor-element-3effaab e-flex e-con-boxed wpr-particle-no wpr-jarallax-no wpr-parallax-no wpr-sticky-section-no wpr-equal-height-no e-con e-parent\" data-id=\"3effaab\" data-element_type=\"container\" data-e-type=\"container\" data-settings=\"{&quot;_ha_eqh_enable&quot;:false}\">\n\t\t\t\t\t<div class=\"e-con-inner\">\n\t\t<div class=\"elementor-element elementor-element-cd24991 e-con-full e-flex wpr-particle-no wpr-jarallax-no wpr-parallax-no wpr-sticky-section-no wpr-equal-height-no elementor-invisible e-con e-child\" data-id=\"cd24991\" data-element_type=\"container\" data-e-type=\"container\" data-settings=\"{&quot;background_background&quot;:&quot;classic&quot;,&quot;shape_divider_top&quot;:&quot;opacity-tilt&quot;,&quot;animation&quot;:&quot;fadeIn&quot;,&quot;_ha_eqh_enable&quot;:false}\">\n\t\t\t\t<div class=\"elementor-shape elementor-shape-top\" aria-hidden=\"true\" data-negative=\"false\">\n\t\t\t<svg xmlns=\"http:\/\/www.w3.org\/2000\/svg\" viewbox=\"0 0 2600 131.1\" preserveaspectratio=\"none\">\n\t<path class=\"elementor-shape-fill\" d=\"M0 0L2600 0 2600 69.1 0 0z\"\/>\n\t<path class=\"elementor-shape-fill\" style=\"opacity:0.5\" d=\"M0 0L2600 0 2600 69.1 0 69.1z\"\/>\n\t<path class=\"elementor-shape-fill\" style=\"opacity:0.25\" d=\"M2600 0L0 0 0 130.1 2600 69.1z\"\/>\n<\/svg>\t\t<\/div>\n\t\t\t\t<\/div>\n\t\t<div class=\"elementor-element elementor-element-2101430 e-con-full e-flex wpr-particle-no wpr-jarallax-no wpr-parallax-no wpr-sticky-section-no wpr-equal-height-no e-con e-child\" data-id=\"2101430\" data-element_type=\"container\" data-e-type=\"container\" data-settings=\"{&quot;_ha_eqh_enable&quot;:false}\">\n\t\t\t\t<div class=\"elementor-element elementor-element-fd72622 elementor-invisible elementor-widget elementor-widget-heading\" data-id=\"fd72622\" data-element_type=\"widget\" data-e-type=\"widget\" data-settings=\"{&quot;_animation&quot;:&quot;fadeIn&quot;}\" data-widget_type=\"heading.default\">\n\t\t\t\t<div class=\"elementor-widget-container\">\n\t\t\t\t\t<h2 class=\"elementor-heading-title elementor-size-default\">Why Choose Online Tarot Readers?<\/h2>\t\t\t\t<\/div>\n\t\t\t\t<\/div>\n\t\t\t\t<div class=\"elementor-element elementor-element-3c9943c elementor-invisible elementor-widget elementor-widget-heading\" data-id=\"3c9943c\" data-element_type=\"widget\" data-e-type=\"widget\" data-settings=\"{&quot;_animation&quot;:&quot;fadeIn&quot;}\" data-widget_type=\"heading.default\">\n\t\t\t\t<div class=\"elementor-widget-container\">\n\t\t\t\t\t<h2 class=\"elementor-heading-title elementor-size-default\">What makes us unique?<\/h2>\t\t\t\t<\/div>\n\t\t\t\t<\/div>\n\t\t\t\t<div class=\"elementor-element elementor-element-df1db5b elementor-invisible elementor-widget elementor-widget-heading\" data-id=\"df1db5b\" data-element_type=\"widget\" data-e-type=\"widget\" data-settings=\"{&quot;_animation&quot;:&quot;fadeIn&quot;}\" data-widget_type=\"heading.default\">\n\t\t\t\t<div class=\"elementor-widget-container\">\n\t\t\t\t\t<h2 class=\"elementor-heading-title elementor-size-default\">In <b>Tarologists Online<\/b>, you have the opportunity to connect with the best tarot readers in Brazil, professionals carefully selected for their expertise, ethics, and commitment to your well-being. Our platform offers a unique experience where tarot goes beyond simple prediction, functioning as a powerful tool for self-knowledge and personal transformation. Each consultation is personalized, providing the clarity you need to face the challenges of daily life with confidence and serenity.\n<br>\n<br>\nFurthermore, our <b>100% online service<\/b> guarantees quick and secure access, allowing you to receive guidance anytime, anywhere, without leaving the comfort of your home. With transparent and humanized service, the<b> Tarologists Online<\/b> It offers objective and practical answers so you can make more assertive decisions in all areas of your life. <b>whether in love, career or spirituality<\/b>Connect with one of our experts and discover how tarot can illuminate your path to a more promising future.<\/h2>\t\t\t\t<\/div>\n\t\t\t\t<\/div>\n\t\t\t\t<div class=\"elementor-element elementor-element-39a8d53 elementor-align-left elementor-invisible elementor-widget elementor-widget-button\" data-id=\"39a8d53\" data-element_type=\"widget\" data-e-type=\"widget\" data-settings=\"{&quot;_animation&quot;:&quot;fadeIn&quot;}\" data-widget_type=\"button.default\">\n\t\t\t\t<div class=\"elementor-widget-container\">\n\t\t\t\t\t\t\t\t\t<div class=\"elementor-button-wrapper\">\n\t\t\t\t\t<a class=\"elementor-button elementor-button-link elementor-size-sm\" href=\"https:\/\/ojoaosanti.com\/astrologia\/en\/catalogo-de-tarologos\/\">\n\t\t\t\t\t\t<span class=\"elementor-button-content-wrapper\">\n\t\t\t\t\t\t\t\t\t<span class=\"elementor-button-text\">Learn More<\/span>\n\t\t\t\t\t<\/span>\n\t\t\t\t\t<\/a>\n\t\t\t\t<\/div>\n\t\t\t\t\t\t\t\t<\/div>\n\t\t\t\t<\/div>\n\t\t\t\t<\/div>\n\t\t\t\t\t<\/div>\n\t\t\t\t<\/div>\n\t\t\t\t<\/div>","protected":false},"excerpt":{"rendered":"<p>Sobre N\u00f3s Conhe\u00e7a melhor nossa hist\u00f3ria, miss\u00e3o e valores! Conhe\u00e7a a Tar\u00f3logos Online Orienta\u00e7\u00e3o, Autoconhecimento e Espiritualidade Bem-vindo ao Tar\u00f3logos Online, um espa\u00e7o dedicado \u00e0 orienta\u00e7\u00e3o, autoconhecimento e espiritualidade. Aqui, acreditamos que o tarot \u00e9 uma ferramenta valiosa para clareza e direcionamento, e \u00e9 por isso que reunimos apenas os melhores tar\u00f3logos do Brasil, profissionais experientes, \u00e9ticos e comprometidos com a verdade. Nosso diferencial est\u00e1 na qualidade e confiabilidade dos atendimentos. Cada tar\u00f3logo passa por um rigoroso processo de sele\u00e7\u00e3o, garantindo que apenas especialistas altamente qualificados fa\u00e7am parte da nossa equipe. Al\u00e9m disso, prezamos por um atendimento \u00e9tico, sigiloso e humanizado, onde a sinceridade, o respeito e a responsabilidade s\u00e3o princ\u00edpios fundamentais. Sabemos que cada consulta \u00e9 um momento \u00fanico, e nosso compromisso \u00e9 oferecer um ambiente seguro e acolhedor, onde voc\u00ea possa tirar suas d\u00favidas e receber insights valiosos sobre qualquer aspecto da sua vida \u2014 seja no amor, no trabalho, nas finan\u00e7as ou na espiritualidade. No Tar\u00f3logos Online, voc\u00ea tem acesso a um atendimento transparente, emp\u00e1tico e transformador, feito por profissionais que realmente se preocupam com o seu bem-estar e crescimento pessoal. Conecte-se agora mesmo com um de nossos especialistas e descubra as mensagens que o universo tem para voc\u00ea! Por que Escolher a Tar\u00f3logos Online? O que nos torna \u00fanicos? No Tar\u00f3logos Online, voc\u00ea tem a oportunidade de se conectar com os melhores tar\u00f3logos do Brasil, profissionais cuidadosamente selecionados pela sua expertise, \u00e9tica e compromisso com o seu bem-estar. Nossa plataforma oferece uma experi\u00eancia \u00fanica, onde o tarot vai al\u00e9m da simples previs\u00e3o, funcionando como uma poderosa ferramenta de autoconhecimento e transforma\u00e7\u00e3o pessoal. Cada consulta \u00e9 personalizada, proporcionando a clareza que voc\u00ea precisa para enfrentar os desafios do dia a dia com confian\u00e7a e serenidade. Al\u00e9m disso, nosso servi\u00e7o 100% online garante acesso r\u00e1pido e seguro, permitindo que voc\u00ea receba orienta\u00e7\u00f5es a qualquer hora e em qualquer lugar, sem sair do conforto de sua casa. Com um atendimento transparente e humanizado, o Tar\u00f3logos Online oferece respostas objetivas e pr\u00e1ticas para que voc\u00ea tome decis\u00f5es mais assertivas em todas as \u00e1reas da sua vida \u2014 seja no amor, na carreira ou na espiritualidade. Conecte-se com um de nossos especialistas e descubra como o tarot pode iluminar o seu caminho para um futuro mais promissor. Saiba Mais<\/p>","protected":false},"author":1,"featured_media":0,"parent":0,"menu_order":0,"comment_status":"closed","ping_status":"closed","template":"elementor_header_footer","meta":{"_glsr_average":0,"_glsr_ranking":0,"_glsr_reviews":0,"footnotes":""},"class_list":["post-6","page","type-page","status-publish","hentry"],"_links":{"self":[{"href":"https:\/\/ojoaosanti.com\/astrologia\/en\/wp-json\/wp\/v2\/pages\/6","targetHints":{"allow":["GET"]}}],"collection":[{"href":"https:\/\/ojoaosanti.com\/astrologia\/en\/wp-json\/wp\/v2\/pages"}],"about":[{"href":"https:\/\/ojoaosanti.com\/astrologia\/en\/wp-json\/wp\/v2\/types\/page"}],"author":[{"embeddable":true,"href":"https:\/\/ojoaosanti.com\/astrologia\/en\/wp-json\/wp\/v2\/users\/1"}],"replies":[{"embeddable":true,"href":"https:\/\/ojoaosanti.com\/astrologia\/en\/wp-json\/wp\/v2\/comments?post=6"}],"version-history":[{"count":371,"href":"https:\/\/ojoaosanti.com\/astrologia\/en\/wp-json\/wp\/v2\/pages\/6\/revisions"}],"predecessor-version":[{"id":5783,"href":"https:\/\/ojoaosanti.com\/astrologia\/en\/wp-json\/wp\/v2\/pages\/6\/revisions\/5783"}],"wp:attachment":[{"href":"https:\/\/ojoaosanti.com\/astrologia\/en\/wp-json\/wp\/v2\/media?parent=6"}],"curies":[{"name":"wp","href":"https:\/\/api.w.org\/{rel}","templated":true}]}}